{"id":976,"date":"2018-01-08T13:28:02","date_gmt":"2018-01-08T11:28:02","guid":{"rendered":"https:\/\/umapido.ee\/?page_id=976"},"modified":"2021-05-17T10:33:12","modified_gmt":"2021-05-17T07:33:12","slug":"mehed-metsast","status":"publish","type":"page","link":"https:\/\/umapido.ee\/et\/pido-2018\/mehed-metsast\/","title":{"rendered":"Mehed metsast"},"content":{"rendered":"<p><strong>UMA PIDO KUTSUB <em>MIIHI M\u00d5TSAST<\/em> PEOLE LAULMA!<\/strong><\/p>\n<p><strong>V Uma Pido toimub 2. juunil 2018 V\u00f5ru Kubijal. <\/strong>Ka seekord saavad peole laulma tulla mehed, kes praegu \u00fchegi koori t\u00f6\u00f6s ei osale, aga soovivad just Umal Pidol meeskoorilaule kaasa laulda.<\/p>\n<p><strong>Ootame viisipidajaid mehi Uma Pido laule \u00f5ppima! Koos \u00f5pitakse meeskooride laulud ja meeste osad \u00fchendkoorilauludes. <\/strong>Noodi j\u00e4rgi laulmise oskus ei ole t\u00e4htis; abiks (kuid mitte eelduseks) on igasugune varasem koorilaulukogemus. Tulla v\u00f5ivad ka segakooride ja -ansamblite mehed!<\/p>\n<p><strong>Laulma tulekuks on mitu h\u00e4\u00e4d p\u00f5hjust: <\/strong>Uma Pido laulud on v\u00e4ga ilusad; kodukandi keeles laulda on m\u00f5nus ja koos mitme tuhande inimesega laulupeolaval olla on v\u00f5imas!<\/p>\n<p><strong>LAULULAAGRID <em>M\u00d5TSAMIIHILE<\/em> 2018<\/strong><\/p>\n<p><em>M\u00f5tsamiihi<\/em> laululaagrid 2018 toimuvad \u00fcks kord kuus kuni Uma Pidoni P\u00f5lvamaal, Kanepi vallas, <strong>Varbuse Muusikam\u00f5isas<\/strong>. Meestev\u00e4ge juhatab Kalev Lindal.<\/p>\n<p><a href=\"http:\/\/varbuse.ee\"><img loading=\"lazy\" decoding=\"async\" class=\"alignnone size-full wp-image-1032\" src=\"https:\/\/umapido.ee\/wp-content\/uploads\/2018\/01\/varbuse.jpg\" alt=\"\" width=\"142\" height=\"148\" \/><\/a><\/p>\n<p>Esimene laager <strong>17. veebruaril kell 11.00<\/strong> (h\u00e4\u00e4leproov kl 10.00).<\/p>\n<p>Teine laager <strong>17. m\u00e4rtsil kell 11.00<\/strong><\/p>\n<p>Viimane laager enne koondpruuve on <strong>14. aprillil kell 10.00<\/strong><\/p>\n<p>Koondproov on <strong>19. mail kell 14.00<\/strong> Vanemuise Kontserdimaja kontsertsaalis, Vanemuise 6, Tartu.<\/p>\n<p><strong>Laululaagrisse on vajalik eelregistreerumine\u00a0siin: https:\/\/signup.ymlp.com\/xgheebwsgmgeh<\/strong><\/p>\n<p>\u00dche korra osalustasu on 5,00 eurot, ettetellimisel saab 5,00 euro eest l\u00f5unat.<\/p>\n<p><strong>Kontakt<\/strong>: Kalev Lindal, tel 5040526, i&#110;&#x66;&#x6f;&#64;&#118;&#x61;&#x72;b&#117;&#115;&#x65;&#x2e;e&#101;<\/p>\n<p><a href=\"http:\/\/varbuse.ee\/index.html#asukoht\"><strong>Juhis kohalej\u00f5udmiseks<\/strong><\/a><\/p>\n<p>Iga laulja saab osta kohapeal V Uma Pido noodivihiku 5,00 euro eest!<\/p>\n<p><em>Nurm\u00f5naised, <\/em>kes tegutsevad samal p\u00f5him\u00f5ttel nagu <em>m\u00f5tsamehed,<\/em> on tuule tiibadesse saanud ja harjutavad hoolega nii P\u00f5lvas, V\u00f5rus kui R\u00e4pinas!<\/p>\n<p>R\u00f5\u00f5mu laulust ja <em>ilosat pidotiid<\/em>!<\/p>\n<p>&nbsp;<\/p>\n<p>Merike Tigas<\/p>\n<p>Uma Pido projektijuht<\/p>\n<p>Tel 56916280, <a href=\"mail&#116;&#111;&#58;&#109;&#101;&#114;&#105;&#x6b;&#x65;&#x2e;&#x74;&#x69;&#x67;&#x61;&#x73;&#x40;wi&#46;e&#101;\">&#109;e&#114;i&#107;e&#x2e;t&#x69;g&#x61;s&#x40;w&#x69;&#46;&#x65;e<\/a><\/p>\n","protected":false},"excerpt":{"rendered":"<p>UMA PIDO KUTSUB MIIHI M\u00d5TSAST PEOLE LAULMA! V Uma Pido toimub 2. juunil 2018 V\u00f5ru Kubijal. Ka seekord saavad peole laulma tulla mehed, kes praegu \u00fchegi koori t\u00f6\u00f6s ei osale, aga soovivad just Umal Pidol meeskoorilaule kaasa laulda. Ootame viisipidajaid mehi Uma Pido laule \u00f5ppima! Koos \u00f5pitakse meeskooride laulud ja meeste osad \u00fchendkoorilauludes. Noodi j\u00e4rgi [&hellip;]<\/p>\n","protected":false},"author":3,"featured_media":0,"parent":2074,"menu_order":4,"comment_status":"closed","ping_status":"closed","template":"","meta":{"footnotes":""},"class_list":["post-976","page","type-page","status-publish","hentry"],"yoast_head":"<!-- This site is optimized with the Yoast SEO plugin v27.4 - https:\/\/yoast.com\/product\/yoast-seo-wordpress\/ -->\n<title>Mehed metsast - Uma Pido<\/title>\n<meta name=\"robots\" content=\"index, follow, max-snippet:-1, max-image-preview:large, max-video-preview:-1\" \/>\n<link rel=\"canonical\" href=\"https:\/\/umapido.ee\/et\/pido-2018\/mehed-metsast\/\" \/>\n<meta property=\"og:locale\" content=\"et_EE\" \/>\n<meta property=\"og:type\" content=\"article\" \/>\n<meta property=\"og:title\" content=\"Mehed metsast - Uma Pido\" \/>\n<meta property=\"og:description\" content=\"UMA PIDO KUTSUB MIIHI M\u00d5TSAST PEOLE LAULMA! V Uma Pido toimub 2. juunil 2018 V\u00f5ru Kubijal. Ka seekord saavad peole laulma tulla mehed, kes praegu \u00fchegi koori t\u00f6\u00f6s ei osale, aga soovivad just Umal Pidol meeskoorilaule kaasa laulda. Ootame viisipidajaid mehi Uma Pido laule \u00f5ppima! Koos \u00f5pitakse meeskooride laulud ja meeste osad \u00fchendkoorilauludes. Noodi j\u00e4rgi [&hellip;]\" \/>\n<meta property=\"og:url\" content=\"https:\/\/umapido.ee\/et\/pido-2018\/mehed-metsast\/\" \/>\n<meta property=\"og:site_name\" content=\"Uma Pido\" \/>\n<meta property=\"article:publisher\" content=\"https:\/\/www.facebook.com\/UmaPido-278039651663\/\" \/>\n<meta property=\"article:modified_time\" content=\"2021-05-17T07:33:12+00:00\" \/>\n<meta property=\"og:image\" content=\"https:\/\/umapido.ee\/wp-content\/uploads\/2018\/01\/varbuse.jpg\" \/>\n<meta name=\"twitter:card\" content=\"summary_large_image\" \/>\n<meta name=\"twitter:label1\" content=\"Est. reading time\" \/>\n\t<meta name=\"twitter:data1\" content=\"1 minut\" \/>\n<script type=\"application\/ld+json\" class=\"yoast-schema-graph\">{\"@context\":\"https:\\\/\\\/schema.org\",\"@graph\":[{\"@type\":\"WebPage\",\"@id\":\"https:\\\/\\\/umapido.ee\\\/et\\\/pido-2018\\\/mehed-metsast\\\/\",\"url\":\"https:\\\/\\\/umapido.ee\\\/et\\\/pido-2018\\\/mehed-metsast\\\/\",\"name\":\"Mehed metsast - Uma Pido\",\"isPartOf\":{\"@id\":\"https:\\\/\\\/umapido.ee\\\/#website\"},\"primaryImageOfPage\":{\"@id\":\"https:\\\/\\\/umapido.ee\\\/et\\\/pido-2018\\\/mehed-metsast\\\/#primaryimage\"},\"image\":{\"@id\":\"https:\\\/\\\/umapido.ee\\\/et\\\/pido-2018\\\/mehed-metsast\\\/#primaryimage\"},\"thumbnailUrl\":\"https:\\\/\\\/umapido.ee\\\/wp-content\\\/uploads\\\/2018\\\/01\\\/varbuse.jpg\",\"datePublished\":\"2018-01-08T11:28:02+00:00\",\"dateModified\":\"2021-05-17T07:33:12+00:00\",\"breadcrumb\":{\"@id\":\"https:\\\/\\\/umapido.ee\\\/et\\\/pido-2018\\\/mehed-metsast\\\/#breadcrumb\"},\"inLanguage\":\"et\",\"potentialAction\":[{\"@type\":\"ReadAction\",\"target\":[\"https:\\\/\\\/umapido.ee\\\/et\\\/pido-2018\\\/mehed-metsast\\\/\"]}]},{\"@type\":\"ImageObject\",\"inLanguage\":\"et\",\"@id\":\"https:\\\/\\\/umapido.ee\\\/et\\\/pido-2018\\\/mehed-metsast\\\/#primaryimage\",\"url\":\"https:\\\/\\\/umapido.ee\\\/wp-content\\\/uploads\\\/2018\\\/01\\\/varbuse.jpg\",\"contentUrl\":\"https:\\\/\\\/umapido.ee\\\/wp-content\\\/uploads\\\/2018\\\/01\\\/varbuse.jpg\"},{\"@type\":\"BreadcrumbList\",\"@id\":\"https:\\\/\\\/umapido.ee\\\/et\\\/pido-2018\\\/mehed-metsast\\\/#breadcrumb\",\"itemListElement\":[{\"@type\":\"ListItem\",\"position\":1,\"name\":\"Home\",\"item\":\"https:\\\/\\\/umapido.ee\\\/et\\\/\"},{\"@type\":\"ListItem\",\"position\":2,\"name\":\"Pido 2018\",\"item\":\"https:\\\/\\\/umapido.ee\\\/et\\\/pido-2018\\\/\"},{\"@type\":\"ListItem\",\"position\":3,\"name\":\"Mehed metsast\"}]},{\"@type\":\"WebSite\",\"@id\":\"https:\\\/\\\/umapido.ee\\\/#website\",\"url\":\"https:\\\/\\\/umapido.ee\\\/\",\"name\":\"Uma Pido\",\"description\":\"V\u00f5rokeeline laulu- ja rahvapido\",\"potentialAction\":[{\"@type\":\"SearchAction\",\"target\":{\"@type\":\"EntryPoint\",\"urlTemplate\":\"https:\\\/\\\/umapido.ee\\\/?s={search_term_string}\"},\"query-input\":{\"@type\":\"PropertyValueSpecification\",\"valueRequired\":true,\"valueName\":\"search_term_string\"}}],\"inLanguage\":\"et\"}]}<\/script>\n<!-- \/ Yoast SEO plugin. -->","yoast_head_json":{"title":"Mehed metsast - Uma Pido","robots":{"index":"index","follow":"follow","max-snippet":"max-snippet:-1","max-image-preview":"max-image-preview:large","max-video-preview":"max-video-preview:-1"},"canonical":"https:\/\/umapido.ee\/et\/pido-2018\/mehed-metsast\/","og_locale":"et_EE","og_type":"article","og_title":"Mehed metsast - Uma Pido","og_description":"UMA PIDO KUTSUB MIIHI M\u00d5TSAST PEOLE LAULMA! V Uma Pido toimub 2. juunil 2018 V\u00f5ru Kubijal. Ka seekord saavad peole laulma tulla mehed, kes praegu \u00fchegi koori t\u00f6\u00f6s ei osale, aga soovivad just Umal Pidol meeskoorilaule kaasa laulda. Ootame viisipidajaid mehi Uma Pido laule \u00f5ppima! Koos \u00f5pitakse meeskooride laulud ja meeste osad \u00fchendkoorilauludes. Noodi j\u00e4rgi [&hellip;]","og_url":"https:\/\/umapido.ee\/et\/pido-2018\/mehed-metsast\/","og_site_name":"Uma Pido","article_publisher":"https:\/\/www.facebook.com\/UmaPido-278039651663\/","article_modified_time":"2021-05-17T07:33:12+00:00","og_image":[{"url":"https:\/\/umapido.ee\/wp-content\/uploads\/2018\/01\/varbuse.jpg","type":"","width":"","height":""}],"twitter_card":"summary_large_image","twitter_misc":{"Est. reading time":"1 minut"},"schema":{"@context":"https:\/\/schema.org","@graph":[{"@type":"WebPage","@id":"https:\/\/umapido.ee\/et\/pido-2018\/mehed-metsast\/","url":"https:\/\/umapido.ee\/et\/pido-2018\/mehed-metsast\/","name":"Mehed metsast - Uma Pido","isPartOf":{"@id":"https:\/\/umapido.ee\/#website"},"primaryImageOfPage":{"@id":"https:\/\/umapido.ee\/et\/pido-2018\/mehed-metsast\/#primaryimage"},"image":{"@id":"https:\/\/umapido.ee\/et\/pido-2018\/mehed-metsast\/#primaryimage"},"thumbnailUrl":"https:\/\/umapido.ee\/wp-content\/uploads\/2018\/01\/varbuse.jpg","datePublished":"2018-01-08T11:28:02+00:00","dateModified":"2021-05-17T07:33:12+00:00","breadcrumb":{"@id":"https:\/\/umapido.ee\/et\/pido-2018\/mehed-metsast\/#breadcrumb"},"inLanguage":"et","potentialAction":[{"@type":"ReadAction","target":["https:\/\/umapido.ee\/et\/pido-2018\/mehed-metsast\/"]}]},{"@type":"ImageObject","inLanguage":"et","@id":"https:\/\/umapido.ee\/et\/pido-2018\/mehed-metsast\/#primaryimage","url":"https:\/\/umapido.ee\/wp-content\/uploads\/2018\/01\/varbuse.jpg","contentUrl":"https:\/\/umapido.ee\/wp-content\/uploads\/2018\/01\/varbuse.jpg"},{"@type":"BreadcrumbList","@id":"https:\/\/umapido.ee\/et\/pido-2018\/mehed-metsast\/#breadcrumb","itemListElement":[{"@type":"ListItem","position":1,"name":"Home","item":"https:\/\/umapido.ee\/et\/"},{"@type":"ListItem","position":2,"name":"Pido 2018","item":"https:\/\/umapido.ee\/et\/pido-2018\/"},{"@type":"ListItem","position":3,"name":"Mehed metsast"}]},{"@type":"WebSite","@id":"https:\/\/umapido.ee\/#website","url":"https:\/\/umapido.ee\/","name":"Uma Pido","description":"V\u00f5rokeeline laulu- ja rahvapido","potentialAction":[{"@type":"SearchAction","target":{"@type":"EntryPoint","urlTemplate":"https:\/\/umapido.ee\/?s={search_term_string}"},"query-input":{"@type":"PropertyValueSpecification","valueRequired":true,"valueName":"search_term_string"}}],"inLanguage":"et"}]}},"_links":{"self":[{"href":"https:\/\/umapido.ee\/et\/wp-json\/wp\/v2\/pages\/976","targetHints":{"allow":["GET"]}}],"collection":[{"href":"https:\/\/umapido.ee\/et\/wp-json\/wp\/v2\/pages"}],"about":[{"href":"https:\/\/umapido.ee\/et\/wp-json\/wp\/v2\/types\/page"}],"author":[{"embeddable":true,"href":"https:\/\/umapido.ee\/et\/wp-json\/wp\/v2\/users\/3"}],"replies":[{"embeddable":true,"href":"https:\/\/umapido.ee\/et\/wp-json\/wp\/v2\/comments?post=976"}],"version-history":[{"count":11,"href":"https:\/\/umapido.ee\/et\/wp-json\/wp\/v2\/pages\/976\/revisions"}],"predecessor-version":[{"id":2692,"href":"https:\/\/umapido.ee\/et\/wp-json\/wp\/v2\/pages\/976\/revisions\/2692"}],"up":[{"embeddable":true,"href":"https:\/\/umapido.ee\/et\/wp-json\/wp\/v2\/pages\/2074"}],"wp:attachment":[{"href":"https:\/\/umapido.ee\/et\/wp-json\/wp\/v2\/media?parent=976"}],"curies":[{"name":"wp","href":"https:\/\/api.w.org\/{rel}","templated":true}]}}