{"id":884,"date":"2017-11-06T15:55:37","date_gmt":"2017-11-06T13:55:37","guid":{"rendered":"https:\/\/umapido.ee\/?page_id=884"},"modified":"2018-11-16T11:41:11","modified_gmt":"2018-11-16T09:41:11","slug":"kaverikonkurss","status":"publish","type":"page","link":"https:\/\/umapido.ee\/et\/pido-2018\/kaverikonkurss\/","title":{"rendered":"Kaverikonkurss"},"content":{"rendered":"<p><a href=\"https:\/\/umapido.ee\/wp-content\/uploads\/2018\/02\/kaverikontsert.jpg\" data-rel=\"lightbox-image-0\" data-rl_title=\"\" data-rl_caption=\"\" title=\"\"><img loading=\"lazy\" decoding=\"async\" class=\"alignnone wp-image-1117\" src=\"https:\/\/umapido.ee\/wp-content\/uploads\/2018\/02\/kaverikontsert.jpg\" alt=\"\" width=\"666\" height=\"883\" \/><\/a><\/p>\n<p>Korraldavad: MT\u00dc K\u00f5rvipalu loometalu ja V\u00f5ro Selts VKKF<\/p>\n<p>Toetajad: AS L\u00f5una Pagarid, Clockwork O\u00dc, Eesti Kultuurkapital (P\u00f5lva ja V\u00f5ru ekspertgrupid), Helemall Maask, Kaabsoo, L\u00f5una-Eesti Talumuna O\u00dc, Paadova talu, Piletilevi, P\u00f5lva Tarbijate \u00dchistu, Rahvakultuuri Keskus (Vana-V\u00f5romaa p\u00e4rimuskultuuri programm 2018-2021), Sireli talu, S\u00fcvahavva Loodustalu, Taarap\u00f5llu talu, Tillu kohvik, Vana-V\u00f5romaa k\u00e4sit\u00fc\u00fc, V\u00f5ro Instituut, V\u00f5ru linn, V\u00f5rumaa Toidukeskus, V\u00f5ru vallavalitsus, R\u00f5uge vallavalitsus, SA R\u00e4pina Kultuurkapital.<\/p>\n<p>&nbsp;<br \/>\n<a href=\"https:\/\/umapido.ee\/wp-content\/uploads\/2018\/03\/2018_5_e.pdf\">Emakeelep\u00e4eval valiti maailma parim v\u00f5rukeelne kaver.<\/a><\/p>\n<p><a href=\"https:\/\/umapido.ee\/wp-content\/uploads\/2018\/03\/2018_4_e.pdf\">V\u00f5rus valitakse vingeim v\u00f5rukeelne kaver.<\/a><\/p>\n<p><a href=\"https:\/\/umapido.ee\/wp-content\/uploads\/2018\/01\/2017_7_e1.pdf\" target=\"_blank\" rel=\"noopener\">Algas konkurss maailma parima v\u00f5rukeelse kaveri leidmiseks.<\/a><\/p>\n<p>Vaata ka <a href=\"https:\/\/umapido.ee\/wp-content\/uploads\/2018\/01\/kaveri_statuut_e1.pdf\" target=\"_blank\" rel=\"noopener\">kaverikonkursi statuuti<\/a>.<\/p>\n","protected":false},"excerpt":{"rendered":"<p>Korraldavad: MT\u00dc K\u00f5rvipalu loometalu ja V\u00f5ro Selts VKKF Toetajad: AS L\u00f5una Pagarid, Clockwork O\u00dc, Eesti Kultuurkapital (P\u00f5lva ja V\u00f5ru ekspertgrupid), Helemall Maask, Kaabsoo, L\u00f5una-Eesti Talumuna O\u00dc, Paadova talu, Piletilevi, P\u00f5lva Tarbijate \u00dchistu, Rahvakultuuri Keskus (Vana-V\u00f5romaa p\u00e4rimuskultuuri programm 2018-2021), Sireli talu, S\u00fcvahavva Loodustalu, Taarap\u00f5llu talu, Tillu kohvik, Vana-V\u00f5romaa k\u00e4sit\u00fc\u00fc, V\u00f5ro Instituut, V\u00f5ru linn, V\u00f5rumaa Toidukeskus, V\u00f5ru [&hellip;]<\/p>\n","protected":false},"author":3,"featured_media":0,"parent":2074,"menu_order":0,"comment_status":"closed","ping_status":"closed","template":"","meta":{"footnotes":""},"class_list":["post-884","page","type-page","status-publish","hentry"],"yoast_head":"<!-- This site is optimized with the Yoast SEO plugin v27.4 - https:\/\/yoast.com\/product\/yoast-seo-wordpress\/ -->\n<title>Kaverikonkurss - Uma Pido<\/title>\n<meta name=\"robots\" content=\"index, follow, max-snippet:-1, max-image-preview:large, max-video-preview:-1\" \/>\n<link rel=\"canonical\" href=\"https:\/\/umapido.ee\/et\/pido-2018\/kaverikonkurss\/\" \/>\n<meta property=\"og:locale\" content=\"et_EE\" \/>\n<meta property=\"og:type\" content=\"article\" \/>\n<meta property=\"og:title\" content=\"Kaverikonkurss - Uma Pido\" \/>\n<meta property=\"og:description\" content=\"Korraldavad: MT\u00dc K\u00f5rvipalu loometalu ja V\u00f5ro Selts VKKF Toetajad: AS L\u00f5una Pagarid, Clockwork O\u00dc, Eesti Kultuurkapital (P\u00f5lva ja V\u00f5ru ekspertgrupid), Helemall Maask, Kaabsoo, L\u00f5una-Eesti Talumuna O\u00dc, Paadova talu, Piletilevi, P\u00f5lva Tarbijate \u00dchistu, Rahvakultuuri Keskus (Vana-V\u00f5romaa p\u00e4rimuskultuuri programm 2018-2021), Sireli talu, S\u00fcvahavva Loodustalu, Taarap\u00f5llu talu, Tillu kohvik, Vana-V\u00f5romaa k\u00e4sit\u00fc\u00fc, V\u00f5ro Instituut, V\u00f5ru linn, V\u00f5rumaa Toidukeskus, V\u00f5ru [&hellip;]\" \/>\n<meta property=\"og:url\" content=\"https:\/\/umapido.ee\/et\/pido-2018\/kaverikonkurss\/\" \/>\n<meta property=\"og:site_name\" content=\"Uma Pido\" \/>\n<meta property=\"article:publisher\" content=\"https:\/\/www.facebook.com\/UmaPido-278039651663\/\" \/>\n<meta property=\"article:modified_time\" content=\"2018-11-16T09:41:11+00:00\" \/>\n<meta property=\"og:image\" content=\"https:\/\/umapido.ee\/wp-content\/uploads\/2018\/02\/kaverikontsert.jpg\" \/>\n<meta name=\"twitter:card\" content=\"summary_large_image\" \/>\n<meta name=\"twitter:label1\" content=\"Est. reading time\" \/>\n\t<meta name=\"twitter:data1\" content=\"1 minut\" \/>\n<script type=\"application\/ld+json\" class=\"yoast-schema-graph\">{\"@context\":\"https:\\\/\\\/schema.org\",\"@graph\":[{\"@type\":\"WebPage\",\"@id\":\"https:\\\/\\\/umapido.ee\\\/et\\\/pido-2018\\\/kaverikonkurss\\\/\",\"url\":\"https:\\\/\\\/umapido.ee\\\/et\\\/pido-2018\\\/kaverikonkurss\\\/\",\"name\":\"Kaverikonkurss - Uma Pido\",\"isPartOf\":{\"@id\":\"https:\\\/\\\/umapido.ee\\\/#website\"},\"primaryImageOfPage\":{\"@id\":\"https:\\\/\\\/umapido.ee\\\/et\\\/pido-2018\\\/kaverikonkurss\\\/#primaryimage\"},\"image\":{\"@id\":\"https:\\\/\\\/umapido.ee\\\/et\\\/pido-2018\\\/kaverikonkurss\\\/#primaryimage\"},\"thumbnailUrl\":\"https:\\\/\\\/umapido.ee\\\/wp-content\\\/uploads\\\/2018\\\/02\\\/kaverikontsert.jpg\",\"datePublished\":\"2017-11-06T13:55:37+00:00\",\"dateModified\":\"2018-11-16T09:41:11+00:00\",\"breadcrumb\":{\"@id\":\"https:\\\/\\\/umapido.ee\\\/et\\\/pido-2018\\\/kaverikonkurss\\\/#breadcrumb\"},\"inLanguage\":\"et\",\"potentialAction\":[{\"@type\":\"ReadAction\",\"target\":[\"https:\\\/\\\/umapido.ee\\\/et\\\/pido-2018\\\/kaverikonkurss\\\/\"]}]},{\"@type\":\"ImageObject\",\"inLanguage\":\"et\",\"@id\":\"https:\\\/\\\/umapido.ee\\\/et\\\/pido-2018\\\/kaverikonkurss\\\/#primaryimage\",\"url\":\"https:\\\/\\\/umapido.ee\\\/wp-content\\\/uploads\\\/2018\\\/02\\\/kaverikontsert.jpg\",\"contentUrl\":\"https:\\\/\\\/umapido.ee\\\/wp-content\\\/uploads\\\/2018\\\/02\\\/kaverikontsert.jpg\"},{\"@type\":\"BreadcrumbList\",\"@id\":\"https:\\\/\\\/umapido.ee\\\/et\\\/pido-2018\\\/kaverikonkurss\\\/#breadcrumb\",\"itemListElement\":[{\"@type\":\"ListItem\",\"position\":1,\"name\":\"Home\",\"item\":\"https:\\\/\\\/umapido.ee\\\/et\\\/\"},{\"@type\":\"ListItem\",\"position\":2,\"name\":\"Pido 2018\",\"item\":\"https:\\\/\\\/umapido.ee\\\/et\\\/pido-2018\\\/\"},{\"@type\":\"ListItem\",\"position\":3,\"name\":\"Kaverikonkurss\"}]},{\"@type\":\"WebSite\",\"@id\":\"https:\\\/\\\/umapido.ee\\\/#website\",\"url\":\"https:\\\/\\\/umapido.ee\\\/\",\"name\":\"Uma Pido\",\"description\":\"V\u00f5rokeeline laulu- ja rahvapido\",\"potentialAction\":[{\"@type\":\"SearchAction\",\"target\":{\"@type\":\"EntryPoint\",\"urlTemplate\":\"https:\\\/\\\/umapido.ee\\\/?s={search_term_string}\"},\"query-input\":{\"@type\":\"PropertyValueSpecification\",\"valueRequired\":true,\"valueName\":\"search_term_string\"}}],\"inLanguage\":\"et\"}]}<\/script>\n<!-- \/ Yoast SEO plugin. -->","yoast_head_json":{"title":"Kaverikonkurss - Uma Pido","robots":{"index":"index","follow":"follow","max-snippet":"max-snippet:-1","max-image-preview":"max-image-preview:large","max-video-preview":"max-video-preview:-1"},"canonical":"https:\/\/umapido.ee\/et\/pido-2018\/kaverikonkurss\/","og_locale":"et_EE","og_type":"article","og_title":"Kaverikonkurss - Uma Pido","og_description":"Korraldavad: MT\u00dc K\u00f5rvipalu loometalu ja V\u00f5ro Selts VKKF Toetajad: AS L\u00f5una Pagarid, Clockwork O\u00dc, Eesti Kultuurkapital (P\u00f5lva ja V\u00f5ru ekspertgrupid), Helemall Maask, Kaabsoo, L\u00f5una-Eesti Talumuna O\u00dc, Paadova talu, Piletilevi, P\u00f5lva Tarbijate \u00dchistu, Rahvakultuuri Keskus (Vana-V\u00f5romaa p\u00e4rimuskultuuri programm 2018-2021), Sireli talu, S\u00fcvahavva Loodustalu, Taarap\u00f5llu talu, Tillu kohvik, Vana-V\u00f5romaa k\u00e4sit\u00fc\u00fc, V\u00f5ro Instituut, V\u00f5ru linn, V\u00f5rumaa Toidukeskus, V\u00f5ru [&hellip;]","og_url":"https:\/\/umapido.ee\/et\/pido-2018\/kaverikonkurss\/","og_site_name":"Uma Pido","article_publisher":"https:\/\/www.facebook.com\/UmaPido-278039651663\/","article_modified_time":"2018-11-16T09:41:11+00:00","og_image":[{"url":"https:\/\/umapido.ee\/wp-content\/uploads\/2018\/02\/kaverikontsert.jpg","type":"","width":"","height":""}],"twitter_card":"summary_large_image","twitter_misc":{"Est. reading time":"1 minut"},"schema":{"@context":"https:\/\/schema.org","@graph":[{"@type":"WebPage","@id":"https:\/\/umapido.ee\/et\/pido-2018\/kaverikonkurss\/","url":"https:\/\/umapido.ee\/et\/pido-2018\/kaverikonkurss\/","name":"Kaverikonkurss - Uma Pido","isPartOf":{"@id":"https:\/\/umapido.ee\/#website"},"primaryImageOfPage":{"@id":"https:\/\/umapido.ee\/et\/pido-2018\/kaverikonkurss\/#primaryimage"},"image":{"@id":"https:\/\/umapido.ee\/et\/pido-2018\/kaverikonkurss\/#primaryimage"},"thumbnailUrl":"https:\/\/umapido.ee\/wp-content\/uploads\/2018\/02\/kaverikontsert.jpg","datePublished":"2017-11-06T13:55:37+00:00","dateModified":"2018-11-16T09:41:11+00:00","breadcrumb":{"@id":"https:\/\/umapido.ee\/et\/pido-2018\/kaverikonkurss\/#breadcrumb"},"inLanguage":"et","potentialAction":[{"@type":"ReadAction","target":["https:\/\/umapido.ee\/et\/pido-2018\/kaverikonkurss\/"]}]},{"@type":"ImageObject","inLanguage":"et","@id":"https:\/\/umapido.ee\/et\/pido-2018\/kaverikonkurss\/#primaryimage","url":"https:\/\/umapido.ee\/wp-content\/uploads\/2018\/02\/kaverikontsert.jpg","contentUrl":"https:\/\/umapido.ee\/wp-content\/uploads\/2018\/02\/kaverikontsert.jpg"},{"@type":"BreadcrumbList","@id":"https:\/\/umapido.ee\/et\/pido-2018\/kaverikonkurss\/#breadcrumb","itemListElement":[{"@type":"ListItem","position":1,"name":"Home","item":"https:\/\/umapido.ee\/et\/"},{"@type":"ListItem","position":2,"name":"Pido 2018","item":"https:\/\/umapido.ee\/et\/pido-2018\/"},{"@type":"ListItem","position":3,"name":"Kaverikonkurss"}]},{"@type":"WebSite","@id":"https:\/\/umapido.ee\/#website","url":"https:\/\/umapido.ee\/","name":"Uma Pido","description":"V\u00f5rokeeline laulu- ja rahvapido","potentialAction":[{"@type":"SearchAction","target":{"@type":"EntryPoint","urlTemplate":"https:\/\/umapido.ee\/?s={search_term_string}"},"query-input":{"@type":"PropertyValueSpecification","valueRequired":true,"valueName":"search_term_string"}}],"inLanguage":"et"}]}},"_links":{"self":[{"href":"https:\/\/umapido.ee\/et\/wp-json\/wp\/v2\/pages\/884","targetHints":{"allow":["GET"]}}],"collection":[{"href":"https:\/\/umapido.ee\/et\/wp-json\/wp\/v2\/pages"}],"about":[{"href":"https:\/\/umapido.ee\/et\/wp-json\/wp\/v2\/types\/page"}],"author":[{"embeddable":true,"href":"https:\/\/umapido.ee\/et\/wp-json\/wp\/v2\/users\/3"}],"replies":[{"embeddable":true,"href":"https:\/\/umapido.ee\/et\/wp-json\/wp\/v2\/comments?post=884"}],"version-history":[{"count":13,"href":"https:\/\/umapido.ee\/et\/wp-json\/wp\/v2\/pages\/884\/revisions"}],"predecessor-version":[{"id":1167,"href":"https:\/\/umapido.ee\/et\/wp-json\/wp\/v2\/pages\/884\/revisions\/1167"}],"up":[{"embeddable":true,"href":"https:\/\/umapido.ee\/et\/wp-json\/wp\/v2\/pages\/2074"}],"wp:attachment":[{"href":"https:\/\/umapido.ee\/et\/wp-json\/wp\/v2\/media?parent=884"}],"curies":[{"name":"wp","href":"https:\/\/api.w.org\/{rel}","templated":true}]}}