{"id":832,"date":"2017-10-12T00:09:57","date_gmt":"2017-10-11T21:09:57","guid":{"rendered":"https:\/\/umapido.ee\/?page_id=832"},"modified":"2017-10-12T00:09:57","modified_gmt":"2017-10-11T21:09:57","slug":"kontakt","status":"publish","type":"page","link":"https:\/\/umapido.ee\/et\/pido-2016\/kontakt\/","title":{"rendered":"Kontakt"},"content":{"rendered":"<h3>IV Uma Pido korraldajad<\/h3>\n<p><strong>Triinu Laan<\/strong> (projektijuht) 53322153, triinu.laan (\u00e4t) wi.ee<br \/>\n<strong>Egle Vodi<\/strong> (projektijuhi abi) 5166684, egle.vodi (\u00e4t) gmail.com<br \/>\n<strong>Mari-Liisa Parder<\/strong> (kommunikatsioonijuht) 5052517, mariliisa.p (\u00e4t) gmail.com<br \/>\n<strong>Annika Ladva<\/strong> (vabatahtlike t\u00f6\u00f6 korraldaja) 5172799, annika.ladva (\u00e4t) gmail.com<br \/>\n<strong>Eve Sokk<\/strong> (Uma Pido laada korraldaja) 5147682, eve.sokk (\u00e4t) polva.ee<br \/>\n<strong>Lilian Freiberg<\/strong> (&#8220;Laulu tii pidol\u00f5&#8221; s\u00fcndmuste korraldaja) 5172646, lilian (\u00e4t) karula.com<\/p>\n<p><strong>Uma Pido blogi<\/strong> <a href=\"http:\/\/umapido.wordpress.com\" target=\"_blank\" rel=\"noopener\">http:\/\/umapido.wordpress.com<br \/>\n<\/a><strong>Uma Pido FB leht<\/strong> <a href=\"https:\/\/www.facebook.com\/UmaPido-278039651663\/\" target=\"_blank\" rel=\"noopener\">https:\/\/www.facebook.com\/UmaPido-278039651663\/<\/a><\/p>\n<p><strong>Kristo Toots<\/strong> (lavastaja) kristo.toots (\u00e4t) seltskond.eu<br \/>\n<strong>Anne Prangel<\/strong> (kunstnik) suurteetiib1 (\u00e4t) gmail.com<br \/>\n<strong>Aveli Asber<\/strong> (liikumisjuht) aveliasber (\u00e4t) gmail.com<br \/>\n<strong>Andre Laine<\/strong> (liikumisjuht) andre.tants (\u00e4t) gmail.com<\/p>\n<h3>IV Uma Pido dirigendid<\/h3>\n<p><strong>Laste-, mudilas- ja poistekoorid<br \/>\nSigne R\u00f5\u00f5mus<\/strong> 56646042, signe (\u00e4t) tamula.edu.ee<br \/>\n<strong>Kersti Juurma<\/strong> 5283246, kersti.juurma (\u00e4t) gmail.com<\/p>\n<p><strong>Naiskoorid<br \/>\nSaidi Tammeorg<\/strong> 5097391, saidi.tammeorg (\u00e4t) mail.com<br \/>\n<strong>Signe R\u00f5\u00f5mus<\/strong> 56646042, signe (\u00e4t) tamula.edu.ee<\/p>\n<p><strong>Segakoorid<br \/>\nSilja Otsar<\/strong> 5156900, siljaotsar (\u00e4t) gmail.com<br \/>\n<strong>Tiina Kadarpik<\/strong> 5213309, muusikakool (\u00e4t) verska.ee<br \/>\n<strong>Jaanus Pr\u00fckk<\/strong> 53887104, jaanus (\u00e4t) kauksi.edu.ee<\/p>\n<p><strong>Meeskoorid ja projektkoor \u201eMehe\u2019 m\u00f5tsast\u201c<br \/>\nKalev Lindal<\/strong> 5040526, kalev.lindal (\u00e4t) varbuse.ee<br \/>\n<strong>Andres M\u00e4\u00e4r<\/strong> 5284859, andres (\u00e4t) laheda.ee<\/p>\n<p><strong>\u00dchendkoorid<br \/>\nSaidi Tammeorg<\/strong> 5097391, saidi.tammeorg (\u00e4t) mail.com<br \/>\n<strong>Silja Otsar<\/strong> 5156900, siljaotsar (\u00e4t) gmail.com<br \/>\n<strong>Kalev Lindal<\/strong> 5040526, kalev.lindal (\u00e4t) varbuse.ee<\/p>\n<p><strong>Konnakoorid<br \/>\nSilja Otsar<\/strong> 5156900, siljaotsar (\u00e4t) gmail.com<br \/>\n<strong>Eda Hirson<\/strong> 5225469, eda.hirson (\u00e4t) gmail.com<\/p>\n<p><strong>Projektkoorid \u201eNaas\u00f5\u2019 nurm\u00f5lt\u201c<br \/>\nHelga Ilves<\/strong> (V\u00f5rus) 5283549, helgailves1 (\u00e4t) gmail.com<br \/>\n<strong>Saidi Tammeorg<\/strong> (P\u00f5lvas) 5097391, saidi.tammeorg (\u00e4t) mail.com<\/p>\n","protected":false},"excerpt":{"rendered":"<p>IV Uma Pido korraldajad Triinu Laan (projektijuht) 53322153, triinu.laan (\u00e4t) wi.ee Egle Vodi (projektijuhi abi) 5166684, egle.vodi (\u00e4t) gmail.com Mari-Liisa Parder (kommunikatsioonijuht) 5052517, mariliisa.p (\u00e4t) gmail.com Annika Ladva (vabatahtlike t\u00f6\u00f6 korraldaja) 5172799, annika.ladva (\u00e4t) gmail.com Eve Sokk (Uma Pido laada korraldaja) 5147682, eve.sokk (\u00e4t) polva.ee Lilian Freiberg (&#8220;Laulu tii pidol\u00f5&#8221; s\u00fcndmuste korraldaja) 5172646, lilian (\u00e4t) [&hellip;]<\/p>\n","protected":false},"author":1,"featured_media":0,"parent":767,"menu_order":0,"comment_status":"closed","ping_status":"closed","template":"","meta":{"footnotes":""},"class_list":["post-832","page","type-page","status-publish","hentry"],"yoast_head":"<!-- This site is optimized with the Yoast SEO plugin v27.4 - https:\/\/yoast.com\/product\/yoast-seo-wordpress\/ -->\n<title>Kontakt - Uma Pido<\/title>\n<meta name=\"robots\" content=\"index, follow, max-snippet:-1, max-image-preview:large, max-video-preview:-1\" \/>\n<link rel=\"canonical\" href=\"https:\/\/umapido.ee\/et\/pido-2016\/kontakt\/\" \/>\n<meta property=\"og:locale\" content=\"et_EE\" \/>\n<meta property=\"og:type\" content=\"article\" \/>\n<meta property=\"og:title\" content=\"Kontakt - Uma Pido\" \/>\n<meta property=\"og:description\" content=\"IV Uma Pido korraldajad Triinu Laan (projektijuht) 53322153, triinu.laan (\u00e4t) wi.ee Egle Vodi (projektijuhi abi) 5166684, egle.vodi (\u00e4t) gmail.com Mari-Liisa Parder (kommunikatsioonijuht) 5052517, mariliisa.p (\u00e4t) gmail.com Annika Ladva (vabatahtlike t\u00f6\u00f6 korraldaja) 5172799, annika.ladva (\u00e4t) gmail.com Eve Sokk (Uma Pido laada korraldaja) 5147682, eve.sokk (\u00e4t) polva.ee Lilian Freiberg (&#8220;Laulu tii pidol\u00f5&#8221; s\u00fcndmuste korraldaja) 5172646, lilian (\u00e4t) [&hellip;]\" \/>\n<meta property=\"og:url\" content=\"https:\/\/umapido.ee\/et\/pido-2016\/kontakt\/\" \/>\n<meta property=\"og:site_name\" content=\"Uma Pido\" \/>\n<meta property=\"article:publisher\" content=\"https:\/\/www.facebook.com\/UmaPido-278039651663\/\" \/>\n<meta name=\"twitter:card\" content=\"summary_large_image\" \/>\n<meta name=\"twitter:label1\" content=\"Est. reading time\" \/>\n\t<meta name=\"twitter:data1\" content=\"1 minut\" \/>\n<script type=\"application\/ld+json\" class=\"yoast-schema-graph\">{\"@context\":\"https:\\\/\\\/schema.org\",\"@graph\":[{\"@type\":\"WebPage\",\"@id\":\"https:\\\/\\\/umapido.ee\\\/et\\\/pido-2016\\\/kontakt\\\/\",\"url\":\"https:\\\/\\\/umapido.ee\\\/et\\\/pido-2016\\\/kontakt\\\/\",\"name\":\"Kontakt - Uma Pido\",\"isPartOf\":{\"@id\":\"https:\\\/\\\/umapido.ee\\\/#website\"},\"datePublished\":\"2017-10-11T21:09:57+00:00\",\"breadcrumb\":{\"@id\":\"https:\\\/\\\/umapido.ee\\\/et\\\/pido-2016\\\/kontakt\\\/#breadcrumb\"},\"inLanguage\":\"et\",\"potentialAction\":[{\"@type\":\"ReadAction\",\"target\":[\"https:\\\/\\\/umapido.ee\\\/et\\\/pido-2016\\\/kontakt\\\/\"]}]},{\"@type\":\"BreadcrumbList\",\"@id\":\"https:\\\/\\\/umapido.ee\\\/et\\\/pido-2016\\\/kontakt\\\/#breadcrumb\",\"itemListElement\":[{\"@type\":\"ListItem\",\"position\":1,\"name\":\"Home\",\"item\":\"https:\\\/\\\/umapido.ee\\\/et\\\/\"},{\"@type\":\"ListItem\",\"position\":2,\"name\":\"Pido 2016\",\"item\":\"https:\\\/\\\/umapido.ee\\\/et\\\/pido-2016\\\/\"},{\"@type\":\"ListItem\",\"position\":3,\"name\":\"Kontakt\"}]},{\"@type\":\"WebSite\",\"@id\":\"https:\\\/\\\/umapido.ee\\\/#website\",\"url\":\"https:\\\/\\\/umapido.ee\\\/\",\"name\":\"Uma Pido\",\"description\":\"V\u00f5rokeeline laulu- ja rahvapido\",\"potentialAction\":[{\"@type\":\"SearchAction\",\"target\":{\"@type\":\"EntryPoint\",\"urlTemplate\":\"https:\\\/\\\/umapido.ee\\\/?s={search_term_string}\"},\"query-input\":{\"@type\":\"PropertyValueSpecification\",\"valueRequired\":true,\"valueName\":\"search_term_string\"}}],\"inLanguage\":\"et\"}]}<\/script>\n<!-- \/ Yoast SEO plugin. -->","yoast_head_json":{"title":"Kontakt - Uma Pido","robots":{"index":"index","follow":"follow","max-snippet":"max-snippet:-1","max-image-preview":"max-image-preview:large","max-video-preview":"max-video-preview:-1"},"canonical":"https:\/\/umapido.ee\/et\/pido-2016\/kontakt\/","og_locale":"et_EE","og_type":"article","og_title":"Kontakt - Uma Pido","og_description":"IV Uma Pido korraldajad Triinu Laan (projektijuht) 53322153, triinu.laan (\u00e4t) wi.ee Egle Vodi (projektijuhi abi) 5166684, egle.vodi (\u00e4t) gmail.com Mari-Liisa Parder (kommunikatsioonijuht) 5052517, mariliisa.p (\u00e4t) gmail.com Annika Ladva (vabatahtlike t\u00f6\u00f6 korraldaja) 5172799, annika.ladva (\u00e4t) gmail.com Eve Sokk (Uma Pido laada korraldaja) 5147682, eve.sokk (\u00e4t) polva.ee Lilian Freiberg (&#8220;Laulu tii pidol\u00f5&#8221; s\u00fcndmuste korraldaja) 5172646, lilian (\u00e4t) [&hellip;]","og_url":"https:\/\/umapido.ee\/et\/pido-2016\/kontakt\/","og_site_name":"Uma Pido","article_publisher":"https:\/\/www.facebook.com\/UmaPido-278039651663\/","twitter_card":"summary_large_image","twitter_misc":{"Est. reading time":"1 minut"},"schema":{"@context":"https:\/\/schema.org","@graph":[{"@type":"WebPage","@id":"https:\/\/umapido.ee\/et\/pido-2016\/kontakt\/","url":"https:\/\/umapido.ee\/et\/pido-2016\/kontakt\/","name":"Kontakt - Uma Pido","isPartOf":{"@id":"https:\/\/umapido.ee\/#website"},"datePublished":"2017-10-11T21:09:57+00:00","breadcrumb":{"@id":"https:\/\/umapido.ee\/et\/pido-2016\/kontakt\/#breadcrumb"},"inLanguage":"et","potentialAction":[{"@type":"ReadAction","target":["https:\/\/umapido.ee\/et\/pido-2016\/kontakt\/"]}]},{"@type":"BreadcrumbList","@id":"https:\/\/umapido.ee\/et\/pido-2016\/kontakt\/#breadcrumb","itemListElement":[{"@type":"ListItem","position":1,"name":"Home","item":"https:\/\/umapido.ee\/et\/"},{"@type":"ListItem","position":2,"name":"Pido 2016","item":"https:\/\/umapido.ee\/et\/pido-2016\/"},{"@type":"ListItem","position":3,"name":"Kontakt"}]},{"@type":"WebSite","@id":"https:\/\/umapido.ee\/#website","url":"https:\/\/umapido.ee\/","name":"Uma Pido","description":"V\u00f5rokeeline laulu- ja rahvapido","potentialAction":[{"@type":"SearchAction","target":{"@type":"EntryPoint","urlTemplate":"https:\/\/umapido.ee\/?s={search_term_string}"},"query-input":{"@type":"PropertyValueSpecification","valueRequired":true,"valueName":"search_term_string"}}],"inLanguage":"et"}]}},"_links":{"self":[{"href":"https:\/\/umapido.ee\/et\/wp-json\/wp\/v2\/pages\/832","targetHints":{"allow":["GET"]}}],"collection":[{"href":"https:\/\/umapido.ee\/et\/wp-json\/wp\/v2\/pages"}],"about":[{"href":"https:\/\/umapido.ee\/et\/wp-json\/wp\/v2\/types\/page"}],"author":[{"embeddable":true,"href":"https:\/\/umapido.ee\/et\/wp-json\/wp\/v2\/users\/1"}],"replies":[{"embeddable":true,"href":"https:\/\/umapido.ee\/et\/wp-json\/wp\/v2\/comments?post=832"}],"version-history":[{"count":1,"href":"https:\/\/umapido.ee\/et\/wp-json\/wp\/v2\/pages\/832\/revisions"}],"predecessor-version":[{"id":833,"href":"https:\/\/umapido.ee\/et\/wp-json\/wp\/v2\/pages\/832\/revisions\/833"}],"up":[{"embeddable":true,"href":"https:\/\/umapido.ee\/et\/wp-json\/wp\/v2\/pages\/767"}],"wp:attachment":[{"href":"https:\/\/umapido.ee\/et\/wp-json\/wp\/v2\/media?parent=832"}],"curies":[{"name":"wp","href":"https:\/\/api.w.org\/{rel}","templated":true}]}}