{"id":829,"date":"2017-10-12T00:05:14","date_gmt":"2017-10-11T21:05:14","guid":{"rendered":"https:\/\/umapido.ee\/?page_id=829"},"modified":"2019-06-06T22:24:53","modified_gmt":"2019-06-06T19:24:53","slug":"korraldajad-ja-toetajad","status":"publish","type":"page","link":"https:\/\/umapido.ee\/et\/pido-2016\/korraldajad-ja-toetajad\/","title":{"rendered":"Korraldajad ja toetajad"},"content":{"rendered":"<p><strong>Korraldust veab<\/strong> <a href=\"http:\/\/www.voroselts.ee\/\" target=\"_blank\" rel=\"noopener noreferrer\">MT\u00dc V\u00f5ro Selts VKKF<\/a>.<\/p>\n<p><strong>Korraldavad:<\/strong> P\u00f5lva ja V\u00f5ru maavalitsused, V\u00f5ru instituut, P\u00f5lva vallavalitsus, P\u00f5lva muusikakool, P\u00f5lva Kultuuri- ja Huvikeskus, P\u00f5lva Avatud Noortekeskus, P\u00f5lvamaa ja V\u00f5rumaa omavalitsuste liidud ja paljud P\u00f5lva ja V\u00f5ru maakonna seltside ja asutuste inimesed.<\/p>\n<p><strong>Toetavad:<\/strong> Eesti Kultuurkapital (P\u00f5lva, V\u00f5ru ja Valga ekspertgrupid ning rahvakultuuri sihtkapital), V\u00f5ru Vallavalitsus, V\u00f5ru Instituut, Rahvakultuuri Keskuse Vana V\u00f5rumaa kultuuriprogramm, P\u00f5lvamaa Omavalitsuste Liit, V\u00f5rumaa Omavalitsuste liit, V\u00f5ru linnavalitsus , Rahandusministeerium kohaliku omaalgatuse programmi vahenditest, Kultuuriministeerium, Hasartm\u00e4ngumaksu N\u00f5ukogu, Rahvakultuuri keskuse maakondlik toetus (V\u00f5ru, P\u00f5lva), MT\u00dc Hinokad, L\u00f5una Pagarid AS, Nopri Talumeierei O\u00dc, Arke Lihat\u00f6\u00f6stus AS, V\u00e4rska Vesi AS, MT\u00dc Meedias\u00fcst, H\/G Kommunikatsioonidisaini Agentuur, Kaitseliidu P\u00f5lva malev, AS V\u00f5ru Teataja, O\u00dc Helimeri, O\u00dc Renkal.<\/p>\n<p><strong>Meediapartnerid:<\/strong> Uma Leht, Eesti P\u00e4evaleht, Maaleht, Raadio Elmar, L\u00f5unaleht. Videosalvestuse partner Tartu \u00dclikooli Viljandi Kultuuriakadeemia.<\/p>\n<p><a href=\"http:\/\/www.kulka.ee\/\" target=\"_blank\" rel=\"noopener noreferrer\"><img loading=\"lazy\" decoding=\"async\" class=\"alignnone wp-image-81 size-full\" src=\"https:\/\/umapido.ee\/wp-content\/uploads\/2017\/10\/kulka.jpg\" alt=\"Eesti Kultuurkapital\" width=\"153\" height=\"85\" \/><\/a><\/p>\n<p><a href=\"http:\/\/www.umaleht.ee\/\" target=\"_blank\" rel=\"noopener noreferrer\"><img loading=\"lazy\" decoding=\"async\" class=\"alignnone wp-image-92 size-full\" src=\"https:\/\/umapido.ee\/wp-content\/uploads\/2017\/10\/umaleht1.jpg\" alt=\"Uma Leht\" width=\"273\" height=\"113\" \/><\/a><\/p>\n<p><a href=\"http:\/\/www.wi.ee\/\" target=\"_blank\" rel=\"noopener noreferrer\"><img loading=\"lazy\" decoding=\"async\" class=\"alignnone wp-image-143 size-full\" src=\"https:\/\/umapido.ee\/wp-content\/uploads\/2017\/10\/voruinst_logo.jpg\" alt=\"\" width=\"142\" height=\"112\" \/><\/a><\/p>\n<p><a href=\"http:\/\/www.rahvakultuur.ee\/\" target=\"_blank\" rel=\"noopener noreferrer\"><img loading=\"lazy\" decoding=\"async\" class=\"alignnone wp-image-144 size-full\" src=\"https:\/\/umapido.ee\/wp-content\/uploads\/2017\/10\/rkk_logo.jpg\" alt=\"\" width=\"227\" height=\"68\" \/><\/a><\/p>\n<p><a href=\"http:\/\/voruvald.kovtp.ee\/\" target=\"_blank\" rel=\"noopener noreferrer\"><img loading=\"lazy\" decoding=\"async\" class=\"alignnone wp-image-145 size-full\" src=\"https:\/\/umapido.ee\/wp-content\/uploads\/2017\/10\/vapp.jpg\" alt=\"\" width=\"99\" height=\"113\" \/><\/a><\/p>\n<p><a href=\"http:\/\/www.polvamaa.ee\/index.php?page=2801&amp;\" target=\"_blank\" rel=\"noopener noreferrer\"><img loading=\"lazy\" decoding=\"async\" class=\"alignnone wp-image-147 size-full\" src=\"https:\/\/umapido.ee\/wp-content\/uploads\/2017\/10\/pol-logo_3.jpg\" alt=\"\" width=\"150\" height=\"95\" \/><\/a><\/p>\n<p><a href=\"http:\/\/www.voru.ee\/\" target=\"_blank\" rel=\"noopener noreferrer\"><img loading=\"lazy\" decoding=\"async\" class=\"alignnone wp-image-402 size-full\" src=\"https:\/\/umapido.ee\/wp-content\/uploads\/2017\/10\/tunnuslausega_voroliin.jpg\" alt=\"\" width=\"180\" height=\"171\" \/><\/a><\/p>\n<p><a href=\"http:\/\/www.vorumaa.ee\/\" target=\"_blank\" rel=\"noopener noreferrer\"><img loading=\"lazy\" decoding=\"async\" class=\"alignnone wp-image-146 size-full\" src=\"https:\/\/umapido.ee\/wp-content\/uploads\/2017\/10\/vollogo.jpg\" alt=\"\" width=\"250\" height=\"63\" \/><\/a><\/p>\n<p><a href=\"http:\/\/www.polva.ee\/\" target=\"_blank\" rel=\"noopener noreferrer\"><img loading=\"lazy\" decoding=\"async\" class=\"alignnone wp-image-481 size-full\" src=\"https:\/\/umapido.ee\/wp-content\/uploads\/2017\/10\/polva_vald.jpg\" alt=\"\" width=\"80\" height=\"96\" \/><\/a><\/p>\n<p><a href=\"http:\/\/www.kysk.ee\/\" target=\"_blank\" rel=\"noopener noreferrer\"><img loading=\"lazy\" decoding=\"async\" class=\"alignnone wp-image-482 size-full\" src=\"https:\/\/umapido.ee\/wp-content\/uploads\/2017\/10\/kysk_logo_16.jpg\" alt=\"\" width=\"153\" height=\"65\" \/><\/a><\/p>\n<p><a href=\"http:\/\/www.kul.ee\/\" target=\"_blank\" rel=\"noopener noreferrer\"><img loading=\"lazy\" decoding=\"async\" class=\"alignnone wp-image-483 size-full\" src=\"https:\/\/umapido.ee\/wp-content\/uploads\/2017\/10\/kultmin_logo_16.jpg\" alt=\"\" width=\"153\" height=\"63\" \/><\/a><\/p>\n<p><img loading=\"lazy\" decoding=\"async\" class=\"alignnone wp-image-484 size-full\" src=\"https:\/\/umapido.ee\/wp-content\/uploads\/2017\/10\/hmn_logo_16.jpg\" alt=\"\" width=\"153\" height=\"49\" \/><\/p>\n<p><a href=\"http:\/\/www.hinokad.eu\/\" target=\"_blank\" rel=\"noopener noreferrer\"><img loading=\"lazy\" decoding=\"async\" class=\"alignnone wp-image-91 size-full\" src=\"https:\/\/umapido.ee\/wp-content\/uploads\/2017\/10\/hinokad.jpg\" alt=\"Hinokad\" width=\"147\" height=\"113\" \/><\/a><\/p>\n<p><a href=\"http:\/\/www.lounapagarid.ee\/\" target=\"_blank\" rel=\"noopener noreferrer\"><img loading=\"lazy\" decoding=\"async\" class=\"alignnone wp-image-307 size-full\" src=\"https:\/\/umapido.ee\/wp-content\/uploads\/2017\/10\/lounapagarid.jpg\" alt=\"\" width=\"170\" height=\"136\" \/><\/a><\/p>\n<p><a href=\"http:\/\/www.nopri.ee\/\" target=\"_blank\" rel=\"noopener noreferrer\"><img loading=\"lazy\" decoding=\"async\" class=\"alignnone wp-image-303 size-full\" src=\"https:\/\/umapido.ee\/wp-content\/uploads\/2017\/10\/nopri.jpg\" alt=\"\" width=\"142\" height=\"139\" \/><\/a><\/p>\n<p><a href=\"http:\/\/www.karni.ee\/\" target=\"_blank\" rel=\"noopener noreferrer\"><img loading=\"lazy\" decoding=\"async\" class=\"alignnone wp-image-485 size-full\" src=\"https:\/\/umapido.ee\/wp-content\/uploads\/2017\/10\/karni_logo1.jpg\" alt=\"\" width=\"150\" height=\"120\" \/><\/a><\/p>\n<p><a href=\"http:\/\/www.varskavesi.ee\/\" target=\"_blank\" rel=\"noopener noreferrer\"><img loading=\"lazy\" decoding=\"async\" class=\"alignnone wp-image-486 size-full\" src=\"https:\/\/umapido.ee\/wp-content\/uploads\/2017\/10\/varska_originaal1.jpg\" alt=\"\" width=\"150\" height=\"108\" \/><\/a><\/p>\n<p><img loading=\"lazy\" decoding=\"async\" class=\"alignnone size-full wp-image-487\" src=\"https:\/\/umapido.ee\/wp-content\/uploads\/2017\/10\/ms.jpg\" alt=\"\" width=\"168\" height=\"56\" \/><\/p>\n<p><a href=\"http:\/\/epl.delfi.ee\/\" target=\"_blank\" rel=\"noopener noreferrer\"><img loading=\"lazy\" decoding=\"async\" class=\"alignnone wp-image-488 size-full\" src=\"https:\/\/umapido.ee\/wp-content\/uploads\/2017\/10\/epl16.jpg\" alt=\"\" width=\"170\" height=\"16\" \/><\/a><\/p>\n<p><a href=\"http:\/\/maaleht.delfi.ee\/\" target=\"_blank\" rel=\"noopener noreferrer\"><img loading=\"lazy\" decoding=\"async\" class=\"alignnone wp-image-94 size-full\" src=\"https:\/\/umapido.ee\/wp-content\/uploads\/2017\/10\/maaleht.jpg\" alt=\"Maaleht\" width=\"230\" height=\"57\" \/><\/a><\/p>\n<p><a href=\"http:\/\/elmar.postimees.ee\/\" target=\"_blank\" rel=\"noopener noreferrer\"><img loading=\"lazy\" decoding=\"async\" class=\"alignnone wp-image-98 size-full\" src=\"https:\/\/umapido.ee\/wp-content\/uploads\/2017\/10\/elmar.jpg\" alt=\"Elmar\" width=\"168\" height=\"85\" \/><\/a><\/p>\n<p><a href=\"http:\/\/www.lounaleht.ee\/\" target=\"_blank\" rel=\"noopener noreferrer\"><img loading=\"lazy\" decoding=\"async\" class=\"alignnone wp-image-311 size-full\" src=\"https:\/\/umapido.ee\/wp-content\/uploads\/2017\/10\/ll.jpg\" alt=\"\" width=\"283\" height=\"50\" \/><\/a><\/p>\n<p><a href=\"http:\/\/www.kommunikatsioonidisain.ee\/\" target=\"_blank\" rel=\"noopener noreferrer\"><img loading=\"lazy\" decoding=\"async\" class=\"alignnone wp-image-489 size-full\" src=\"https:\/\/umapido.ee\/wp-content\/uploads\/2017\/10\/hg_logo.jpg\" alt=\"\" width=\"289\" height=\"82\" \/><\/a><\/p>\n<p><img loading=\"lazy\" decoding=\"async\" class=\"alignnone size-full wp-image-490\" src=\"https:\/\/umapido.ee\/wp-content\/uploads\/2017\/10\/kl_polva_mal.jpg\" alt=\"\" width=\"209\" height=\"278\" \/><\/p>\n<p><a href=\"http:\/\/www.vorumaateataja.ee\/\" target=\"_blank\" rel=\"noopener noreferrer\"><img loading=\"lazy\" decoding=\"async\" class=\"alignnone wp-image-491 size-full\" src=\"https:\/\/umapido.ee\/wp-content\/uploads\/2017\/10\/vt_logo1.jpg\" alt=\"\" width=\"142\" height=\"27\" \/><\/a><\/p>\n<p><a href=\"http:\/\/www.kultuur.ut.ee\/\" target=\"_blank\" rel=\"noopener noreferrer\"><img loading=\"lazy\" decoding=\"async\" class=\"alignnone wp-image-492 size-full\" src=\"https:\/\/umapido.ee\/wp-content\/uploads\/2017\/10\/tuvka_logo.jpg\" alt=\"\" width=\"254\" height=\"86\" \/><\/a><\/p>\n<p><a href=\"http:\/\/www.helimeri.ee\/\" target=\"_blank\" rel=\"noopener noreferrer\"><img loading=\"lazy\" decoding=\"async\" class=\"alignnone wp-image-493 size-full\" src=\"https:\/\/umapido.ee\/wp-content\/uploads\/2017\/10\/helimeri.png\" alt=\"\" width=\"250\" height=\"100\" \/><\/a><\/p>\n<p><a href=\"http:\/\/www.renditelk.ee\/\" target=\"_blank\" rel=\"noopener noreferrer\"><img loading=\"lazy\" decoding=\"async\" class=\"alignnone wp-image-494 size-full\" src=\"https:\/\/umapido.ee\/wp-content\/uploads\/2017\/10\/renditelk.jpg\" alt=\"\" width=\"294\" height=\"78\" \/><\/a><\/p>\n","protected":false},"excerpt":{"rendered":"<p>Korraldust veab MT\u00dc V\u00f5ro Selts VKKF. Korraldavad: P\u00f5lva ja V\u00f5ru maavalitsused, V\u00f5ru instituut, P\u00f5lva vallavalitsus, P\u00f5lva muusikakool, P\u00f5lva Kultuuri- ja Huvikeskus, P\u00f5lva Avatud Noortekeskus, P\u00f5lvamaa ja V\u00f5rumaa omavalitsuste liidud ja paljud P\u00f5lva ja V\u00f5ru maakonna seltside ja asutuste inimesed. Toetavad: Eesti Kultuurkapital (P\u00f5lva, V\u00f5ru ja Valga ekspertgrupid ning rahvakultuuri sihtkapital), V\u00f5ru Vallavalitsus, V\u00f5ru Instituut, Rahvakultuuri [&hellip;]<\/p>\n","protected":false},"author":1,"featured_media":0,"parent":767,"menu_order":0,"comment_status":"closed","ping_status":"closed","template":"","meta":{"footnotes":""},"class_list":["post-829","page","type-page","status-publish","hentry"],"yoast_head":"<!-- This site is optimized with the Yoast SEO plugin v27.5 - https:\/\/yoast.com\/product\/yoast-seo-wordpress\/ -->\n<title>Korraldajad ja toetajad - Uma Pido<\/title>\n<meta name=\"robots\" content=\"index, follow, max-snippet:-1, max-image-preview:large, max-video-preview:-1\" \/>\n<link rel=\"canonical\" href=\"https:\/\/umapido.ee\/et\/pido-2016\/korraldajad-ja-toetajad\/\" \/>\n<meta property=\"og:locale\" content=\"et_EE\" \/>\n<meta property=\"og:type\" content=\"article\" \/>\n<meta property=\"og:title\" content=\"Korraldajad ja toetajad - Uma Pido\" \/>\n<meta property=\"og:description\" content=\"Korraldust veab MT\u00dc V\u00f5ro Selts VKKF. Korraldavad: P\u00f5lva ja V\u00f5ru maavalitsused, V\u00f5ru instituut, P\u00f5lva vallavalitsus, P\u00f5lva muusikakool, P\u00f5lva Kultuuri- ja Huvikeskus, P\u00f5lva Avatud Noortekeskus, P\u00f5lvamaa ja V\u00f5rumaa omavalitsuste liidud ja paljud P\u00f5lva ja V\u00f5ru maakonna seltside ja asutuste inimesed. Toetavad: Eesti Kultuurkapital (P\u00f5lva, V\u00f5ru ja Valga ekspertgrupid ning rahvakultuuri sihtkapital), V\u00f5ru Vallavalitsus, V\u00f5ru Instituut, Rahvakultuuri [&hellip;]\" \/>\n<meta property=\"og:url\" content=\"https:\/\/umapido.ee\/et\/pido-2016\/korraldajad-ja-toetajad\/\" \/>\n<meta property=\"og:site_name\" content=\"Uma Pido\" \/>\n<meta property=\"article:publisher\" content=\"https:\/\/www.facebook.com\/UmaPido-278039651663\/\" \/>\n<meta property=\"article:modified_time\" content=\"2019-06-06T19:24:53+00:00\" \/>\n<meta property=\"og:image\" content=\"https:\/\/umapido.ee\/wp-content\/uploads\/2017\/10\/kulka.jpg\" \/>\n<meta name=\"twitter:card\" content=\"summary_large_image\" \/>\n<meta name=\"twitter:label1\" content=\"Est. reading time\" \/>\n\t<meta name=\"twitter:data1\" content=\"1 minut\" \/>\n<script type=\"application\/ld+json\" class=\"yoast-schema-graph\">{\"@context\":\"https:\\\/\\\/schema.org\",\"@graph\":[{\"@type\":\"WebPage\",\"@id\":\"https:\\\/\\\/umapido.ee\\\/et\\\/pido-2016\\\/korraldajad-ja-toetajad\\\/\",\"url\":\"https:\\\/\\\/umapido.ee\\\/et\\\/pido-2016\\\/korraldajad-ja-toetajad\\\/\",\"name\":\"Korraldajad ja toetajad - Uma Pido\",\"isPartOf\":{\"@id\":\"https:\\\/\\\/umapido.ee\\\/#website\"},\"primaryImageOfPage\":{\"@id\":\"https:\\\/\\\/umapido.ee\\\/et\\\/pido-2016\\\/korraldajad-ja-toetajad\\\/#primaryimage\"},\"image\":{\"@id\":\"https:\\\/\\\/umapido.ee\\\/et\\\/pido-2016\\\/korraldajad-ja-toetajad\\\/#primaryimage\"},\"thumbnailUrl\":\"https:\\\/\\\/umapido.ee\\\/wp-content\\\/uploads\\\/2017\\\/10\\\/kulka.jpg\",\"datePublished\":\"2017-10-11T21:05:14+00:00\",\"dateModified\":\"2019-06-06T19:24:53+00:00\",\"breadcrumb\":{\"@id\":\"https:\\\/\\\/umapido.ee\\\/et\\\/pido-2016\\\/korraldajad-ja-toetajad\\\/#breadcrumb\"},\"inLanguage\":\"et\",\"potentialAction\":[{\"@type\":\"ReadAction\",\"target\":[\"https:\\\/\\\/umapido.ee\\\/et\\\/pido-2016\\\/korraldajad-ja-toetajad\\\/\"]}]},{\"@type\":\"ImageObject\",\"inLanguage\":\"et\",\"@id\":\"https:\\\/\\\/umapido.ee\\\/et\\\/pido-2016\\\/korraldajad-ja-toetajad\\\/#primaryimage\",\"url\":\"https:\\\/\\\/umapido.ee\\\/wp-content\\\/uploads\\\/2017\\\/10\\\/kulka.jpg\",\"contentUrl\":\"https:\\\/\\\/umapido.ee\\\/wp-content\\\/uploads\\\/2017\\\/10\\\/kulka.jpg\"},{\"@type\":\"BreadcrumbList\",\"@id\":\"https:\\\/\\\/umapido.ee\\\/et\\\/pido-2016\\\/korraldajad-ja-toetajad\\\/#breadcrumb\",\"itemListElement\":[{\"@type\":\"ListItem\",\"position\":1,\"name\":\"Home\",\"item\":\"https:\\\/\\\/umapido.ee\\\/et\\\/\"},{\"@type\":\"ListItem\",\"position\":2,\"name\":\"Pido 2016\",\"item\":\"https:\\\/\\\/umapido.ee\\\/et\\\/pido-2016\\\/\"},{\"@type\":\"ListItem\",\"position\":3,\"name\":\"Korraldajad ja toetajad\"}]},{\"@type\":\"WebSite\",\"@id\":\"https:\\\/\\\/umapido.ee\\\/#website\",\"url\":\"https:\\\/\\\/umapido.ee\\\/\",\"name\":\"Uma Pido\",\"description\":\"V\u00f5rokeeline laulu- ja rahvapido\",\"potentialAction\":[{\"@type\":\"SearchAction\",\"target\":{\"@type\":\"EntryPoint\",\"urlTemplate\":\"https:\\\/\\\/umapido.ee\\\/?s={search_term_string}\"},\"query-input\":{\"@type\":\"PropertyValueSpecification\",\"valueRequired\":true,\"valueName\":\"search_term_string\"}}],\"inLanguage\":\"et\"}]}<\/script>\n<!-- \/ Yoast SEO plugin. -->","yoast_head_json":{"title":"Korraldajad ja toetajad - Uma Pido","robots":{"index":"index","follow":"follow","max-snippet":"max-snippet:-1","max-image-preview":"max-image-preview:large","max-video-preview":"max-video-preview:-1"},"canonical":"https:\/\/umapido.ee\/et\/pido-2016\/korraldajad-ja-toetajad\/","og_locale":"et_EE","og_type":"article","og_title":"Korraldajad ja toetajad - Uma Pido","og_description":"Korraldust veab MT\u00dc V\u00f5ro Selts VKKF. Korraldavad: P\u00f5lva ja V\u00f5ru maavalitsused, V\u00f5ru instituut, P\u00f5lva vallavalitsus, P\u00f5lva muusikakool, P\u00f5lva Kultuuri- ja Huvikeskus, P\u00f5lva Avatud Noortekeskus, P\u00f5lvamaa ja V\u00f5rumaa omavalitsuste liidud ja paljud P\u00f5lva ja V\u00f5ru maakonna seltside ja asutuste inimesed. Toetavad: Eesti Kultuurkapital (P\u00f5lva, V\u00f5ru ja Valga ekspertgrupid ning rahvakultuuri sihtkapital), V\u00f5ru Vallavalitsus, V\u00f5ru Instituut, Rahvakultuuri [&hellip;]","og_url":"https:\/\/umapido.ee\/et\/pido-2016\/korraldajad-ja-toetajad\/","og_site_name":"Uma Pido","article_publisher":"https:\/\/www.facebook.com\/UmaPido-278039651663\/","article_modified_time":"2019-06-06T19:24:53+00:00","og_image":[{"url":"https:\/\/umapido.ee\/wp-content\/uploads\/2017\/10\/kulka.jpg","type":"","width":"","height":""}],"twitter_card":"summary_large_image","twitter_misc":{"Est. reading time":"1 minut"},"schema":{"@context":"https:\/\/schema.org","@graph":[{"@type":"WebPage","@id":"https:\/\/umapido.ee\/et\/pido-2016\/korraldajad-ja-toetajad\/","url":"https:\/\/umapido.ee\/et\/pido-2016\/korraldajad-ja-toetajad\/","name":"Korraldajad ja toetajad - Uma Pido","isPartOf":{"@id":"https:\/\/umapido.ee\/#website"},"primaryImageOfPage":{"@id":"https:\/\/umapido.ee\/et\/pido-2016\/korraldajad-ja-toetajad\/#primaryimage"},"image":{"@id":"https:\/\/umapido.ee\/et\/pido-2016\/korraldajad-ja-toetajad\/#primaryimage"},"thumbnailUrl":"https:\/\/umapido.ee\/wp-content\/uploads\/2017\/10\/kulka.jpg","datePublished":"2017-10-11T21:05:14+00:00","dateModified":"2019-06-06T19:24:53+00:00","breadcrumb":{"@id":"https:\/\/umapido.ee\/et\/pido-2016\/korraldajad-ja-toetajad\/#breadcrumb"},"inLanguage":"et","potentialAction":[{"@type":"ReadAction","target":["https:\/\/umapido.ee\/et\/pido-2016\/korraldajad-ja-toetajad\/"]}]},{"@type":"ImageObject","inLanguage":"et","@id":"https:\/\/umapido.ee\/et\/pido-2016\/korraldajad-ja-toetajad\/#primaryimage","url":"https:\/\/umapido.ee\/wp-content\/uploads\/2017\/10\/kulka.jpg","contentUrl":"https:\/\/umapido.ee\/wp-content\/uploads\/2017\/10\/kulka.jpg"},{"@type":"BreadcrumbList","@id":"https:\/\/umapido.ee\/et\/pido-2016\/korraldajad-ja-toetajad\/#breadcrumb","itemListElement":[{"@type":"ListItem","position":1,"name":"Home","item":"https:\/\/umapido.ee\/et\/"},{"@type":"ListItem","position":2,"name":"Pido 2016","item":"https:\/\/umapido.ee\/et\/pido-2016\/"},{"@type":"ListItem","position":3,"name":"Korraldajad ja toetajad"}]},{"@type":"WebSite","@id":"https:\/\/umapido.ee\/#website","url":"https:\/\/umapido.ee\/","name":"Uma Pido","description":"V\u00f5rokeeline laulu- ja rahvapido","potentialAction":[{"@type":"SearchAction","target":{"@type":"EntryPoint","urlTemplate":"https:\/\/umapido.ee\/?s={search_term_string}"},"query-input":{"@type":"PropertyValueSpecification","valueRequired":true,"valueName":"search_term_string"}}],"inLanguage":"et"}]}},"_links":{"self":[{"href":"https:\/\/umapido.ee\/et\/wp-json\/wp\/v2\/pages\/829","targetHints":{"allow":["GET"]}}],"collection":[{"href":"https:\/\/umapido.ee\/et\/wp-json\/wp\/v2\/pages"}],"about":[{"href":"https:\/\/umapido.ee\/et\/wp-json\/wp\/v2\/types\/page"}],"author":[{"embeddable":true,"href":"https:\/\/umapido.ee\/et\/wp-json\/wp\/v2\/users\/1"}],"replies":[{"embeddable":true,"href":"https:\/\/umapido.ee\/et\/wp-json\/wp\/v2\/comments?post=829"}],"version-history":[{"count":3,"href":"https:\/\/umapido.ee\/et\/wp-json\/wp\/v2\/pages\/829\/revisions"}],"predecessor-version":[{"id":2320,"href":"https:\/\/umapido.ee\/et\/wp-json\/wp\/v2\/pages\/829\/revisions\/2320"}],"up":[{"embeddable":true,"href":"https:\/\/umapido.ee\/et\/wp-json\/wp\/v2\/pages\/767"}],"wp:attachment":[{"href":"https:\/\/umapido.ee\/et\/wp-json\/wp\/v2\/media?parent=829"}],"curies":[{"name":"wp","href":"https:\/\/api.w.org\/{rel}","templated":true}]}}