{"id":770,"date":"2017-10-11T20:26:42","date_gmt":"2017-10-11T17:26:42","guid":{"rendered":"https:\/\/umapido.ee\/?page_id=770"},"modified":"2017-10-11T23:48:50","modified_gmt":"2017-10-11T20:48:50","slug":"uudised","status":"publish","type":"page","link":"https:\/\/umapido.ee\/et\/pido-2016\/uudised\/","title":{"rendered":"Uudised"},"content":{"rendered":"<p><a href=\"https:\/\/umapido.ee\/wp-content\/uploads\/2017\/10\/up-dvd_m1.jpg\" target=\"_blank\" rel=\"noopener\" data-rel=\"lightbox-image-0\" data-rl_title=\"\" data-rl_caption=\"\" title=\"\">IV Uma Pido DVD esitlus 1. oktoobril 2016.<\/a><\/p>\n<p><a href=\"https:\/\/umapido.ee\/wp-content\/uploads\/2017\/10\/2016_17_e.pdf\" target=\"_blank\" rel=\"noopener\">IV Uma Pido DVD: esitlus ja tellimine.<\/a><\/p>\n<p><a href=\"https:\/\/umapido.ee\/wp-content\/uploads\/2017\/10\/2016_16_e.pdf\" target=\"_blank\" rel=\"noopener\">Saab laenutada n\u00e4itust &#8220;M\u00f5tsas mi ol\u00f5mi j\u00e4\u00e4n\u00fc&#8221;.<\/a><\/p>\n<p><a href=\"https:\/\/umapido.ee\/wp-content\/uploads\/2017\/10\/2016_15_e.pdf\" target=\"_blank\" rel=\"noopener\">V\u00f5rokeste suur kokkutulek Uma Pido t\u00f5i 28. mail 2016 Intsikurmu 7000 inimest.<\/a><\/p>\n<p><a href=\"https:\/\/umapido.ee\/wp-content\/uploads\/2017\/10\/2016_14_e.pdf\" target=\"_blank\" rel=\"noopener\">T\u00e4na toimub v\u00f5rukeste suur laulupidu Uma Pido.<\/a><\/p>\n<p><a href=\"https:\/\/umapido.ee\/wp-content\/uploads\/2017\/10\/2016_13_e.pdf\" target=\"_blank\" rel=\"noopener\">Rahvalaulu teekond Umale Pidole on l\u00f5pusirgel.<\/a><\/p>\n<p><a href=\"https:\/\/umapido.ee\/wp-content\/uploads\/2017\/10\/2016_12_e.pdf\" target=\"_blank\" rel=\"noopener\">Neljas Uma Pido toob laup\u00e4eval Intsikurmu lavale 3400 esinejat.<\/a><\/p>\n<p><a href=\"https:\/\/umapido.ee\/wp-content\/uploads\/2017\/10\/2016_11_e.pdf\" target=\"_blank\" rel=\"noopener\">Taaskasutus V\u00f5romaa muudu \u2013 III Uma Pido lavastuse vesirattad vahetati IV Uma Pido s\u00fcmbolpilli ritsikpilli vastu.<\/a><\/p>\n<p><a href=\"https:\/\/umapido.ee\/wp-content\/uploads\/2017\/10\/2016_10_e.pdf\" target=\"_blank\" rel=\"noopener\">Uma Pido ootab appi noori vabatahtlikke.<\/a><\/p>\n<p>IV Uma Pido plakatid. <a href=\"https:\/\/umapido.ee\/wp-content\/uploads\/2017\/10\/2016plakata4.pdf\" target=\"_blank\" rel=\"noopener\">Esimene plakat<\/a> ja <a href=\"https:\/\/umapido.ee\/wp-content\/uploads\/2017\/10\/2016plakata2.pdf\" target=\"_blank\" rel=\"noopener\">teine plakat<\/a>.<\/p>\n<p><a href=\"https:\/\/umapido.ee\/wp-content\/uploads\/2017\/10\/2016_9_e.pdf\" target=\"_blank\" rel=\"noopener\">Vana-V\u00f5romaa kihelkonnad ja puud Umal Pidol.<\/a><\/p>\n<p><a href=\"https:\/\/umapido.ee\/wp-content\/uploads\/2017\/10\/2016_8_e.pdf\" target=\"_blank\" rel=\"noopener\">Laulu tii pidol\u00f5 &#8211; rahvalaulu\u00f5htud igal reedel aprillis ja mais.<\/a><\/p>\n<p><a href=\"https:\/\/umapido.ee\/wp-content\/uploads\/2017\/10\/ltp_kaart.jpg\" target=\"_blank\" rel=\"noopener\" data-rel=\"lightbox-image-1\" data-rl_title=\"\" data-rl_caption=\"\" title=\"\">Laulu tii pidol\u00f5 ja peo foton\u00e4ituse kohad KAARDIL.<\/a><\/p>\n<p><a href=\"https:\/\/umapido.ee\/wp-content\/uploads\/2017\/10\/2016_7_ve.pdf\" target=\"_blank\" rel=\"noopener\">Uma Pido loengusarja neljas p\u00e4ev 12. aprillil P\u00f5lvas.<\/a><\/p>\n<p><a href=\"https:\/\/umapido.ee\/wp-content\/uploads\/2017\/10\/2016_6_e.pdf\" target=\"_blank\" rel=\"noopener\">Lapsed tegid Umale Pidole kingiks ligi 2000 ritsikpilli.<\/a><\/p>\n<p><a href=\"https:\/\/umapido.ee\/wp-content\/uploads\/2017\/10\/up_loengusari_16.pdf\" target=\"_blank\" rel=\"noopener\">Loengusarja kolmas loengup\u00e4ev 16. veebruaril.<\/a><\/p>\n<p><a href=\"https:\/\/umapido.ee\/wp-content\/uploads\/2017\/10\/2016_4_e.pdf\" target=\"_blank\" rel=\"noopener\">Meestelaulup\u00e4ev Varbuse Muusikam\u00f5isas p\u00fchap\u00e4eval, 14. veebruaril.<\/a><\/p>\n<p><a href=\"https:\/\/umapido.ee\/wp-content\/uploads\/2017\/10\/2016_3_e.pdf\" target=\"_blank\" rel=\"noopener\">Teele l\u00e4ks Uma Pido tutvustav foton\u00e4itus.<\/a> N\u00e4ituse <a href=\"https:\/\/umapido.ee\/wp-content\/uploads\/2017\/10\/2016pildinaytys.pdf\" target=\"_blank\" rel=\"noopener\">pildid.<\/a><\/p>\n<p><a href=\"https:\/\/umapido.ee\/wp-content\/uploads\/2017\/10\/laada_infokiri_e.pdf\" target=\"_blank\" rel=\"noopener\">Uma Pido laada info &#8211; jaanuar.<\/a><\/p>\n<p><a href=\"https:\/\/umapido.ee\/wp-content\/uploads\/2017\/10\/2016_1_e.pdf\" target=\"_blank\" rel=\"noopener\">Neljas Uma Pido toob kevadel Intsikurmu ligi 3000 lauljat.<\/a><\/p>\n<p><a href=\"https:\/\/umapido.ee\/wp-content\/uploads\/2017\/10\/kk_e.pdf\" target=\"_blank\" rel=\"noopener\">Uma Pido kutsub konnakoore peole laulma.<\/a><\/p>\n<p><a href=\"https:\/\/umapido.ee\/wp-content\/uploads\/2017\/10\/nn_mm_e.pdf\" target=\"_blank\" rel=\"noopener\">Uma Pido kutsub naisi nurm\u00f5st ja miihi m\u00f5tsast peole laulma.<\/a><\/p>\n<p><a href=\"https:\/\/umapido.ee\/wp-content\/uploads\/2017\/10\/celiaurmasplakat.pdf\" target=\"_blank\" rel=\"noopener\">Metsast ja puudest V\u00f5rus 6. novembril: Urmas Kalla loeng ja Celia Roose kontsert.<\/a><\/p>\n<p><a href=\"https:\/\/umapido.ee\/wp-content\/uploads\/2017\/10\/up_kirjapand16_e.pdf\" target=\"_blank\" rel=\"noopener\">Algab kooride registreerumine IV Uma Pidole!<\/a><\/p>\n<p><a href=\"https:\/\/umapido.ee\/wp-content\/uploads\/2017\/10\/moostekontsert_e.pdf\" target=\"_blank\" rel=\"noopener\">Moostes oli v\u00e4gev koorikontsert.<\/a><\/p>\n<p><a href=\"https:\/\/umapido.ee\/wp-content\/uploads\/2017\/10\/loengu_apr15.pdf\" target=\"_blank\" rel=\"noopener\">Uma Pido loengusarja esimene p\u00e4ev 28. aprillil kell 13 P\u00f5lvas.<\/a><\/p>\n<p><a href=\"https:\/\/umapido.ee\/wp-content\/uploads\/2017\/10\/konkurss_tulemused_e.pdf\" target=\"_blank\" rel=\"noopener\">V\u00f5rukeelsete koorilaulude ja -seadete konkursi v\u00f5itis Alo Ritsing.<\/a><\/p>\n<p><a href=\"https:\/\/umapido.ee\/wp-content\/uploads\/2017\/10\/4uplavv_e.pdf\" target=\"_blank\" rel=\"noopener\">Neljanda Uma Pido lavastaja on Kristo Toots.<\/a><\/p>\n<p><a href=\"https:\/\/umapido.ee\/wp-content\/uploads\/2017\/10\/konkurss2014_e.pdf\" target=\"_blank\" rel=\"noopener\">V\u00f5rukeelsete koorilaulude ja \u2013seadete konkursile laekus 27 t\u00f6\u00f6d.<\/a><\/p>\n<p><a href=\"https:\/\/umapido.ee\/wp-content\/uploads\/2017\/10\/4uplav_e.pdf\" target=\"_blank\" rel=\"noopener\">Uma Pido lavastaja konkurss.<\/a><\/p>\n<p><a href=\"https:\/\/umapido.ee\/wp-content\/uploads\/2017\/10\/2014juhend_est.pdf\" target=\"_blank\" rel=\"noopener\">III v\u00f5rukeelsete koorilaulude ja -seadete konkurss.<\/a><\/p>\n<p><a href=\"https:\/\/umapido.ee\/wp-content\/uploads\/2017\/10\/u3_2014_e.pdf\" target=\"_blank\" rel=\"noopener\">Neljas Uma Pido r\u00e4\u00e4gib v\u00e4ega puudest ja metsast.<\/a><\/p>\n<p><a href=\"https:\/\/umapido.ee\/wp-content\/uploads\/2017\/10\/up4_mikita.pdf\" target=\"_blank\" rel=\"noopener\">P\u00f5lvas kuulutatakse 19. m\u00e4rtsil 2014 v\u00e4lja Uma Pido s\u00f5numitalgu tulemused ja kohtutakse Valdur Mikitaga.<\/a><\/p>\n<p><a href=\"https:\/\/umapido.ee\/wp-content\/uploads\/2017\/10\/sonumi2014.pdf\" target=\"_blank\" rel=\"noopener\">Leiame koos j\u00e4rgmise Uma Pido s\u00f5numi!<\/a><\/p>\n<p><strong>Kolmanda Uma Pido DVD on valmis!<\/strong> Kahe plaadi peal saab n\u00e4ha peoeelseid tegemisi ja peakontserti. Topelt-DVD hind on 6 eurot ja seda saab osta V\u00f5ru Instituudist, Tartu 48, V\u00f5ru.<\/p>\n","protected":false},"excerpt":{"rendered":"<p>IV Uma Pido DVD esitlus 1. oktoobril 2016. IV Uma Pido DVD: esitlus ja tellimine. Saab laenutada n\u00e4itust &#8220;M\u00f5tsas mi ol\u00f5mi j\u00e4\u00e4n\u00fc&#8221;. V\u00f5rokeste suur kokkutulek Uma Pido t\u00f5i 28. mail 2016 Intsikurmu 7000 inimest. T\u00e4na toimub v\u00f5rukeste suur laulupidu Uma Pido. Rahvalaulu teekond Umale Pidole on l\u00f5pusirgel. Neljas Uma Pido toob laup\u00e4eval Intsikurmu lavale 3400 [&hellip;]<\/p>\n","protected":false},"author":1,"featured_media":0,"parent":767,"menu_order":0,"comment_status":"closed","ping_status":"closed","template":"","meta":{"footnotes":""},"class_list":["post-770","page","type-page","status-publish","hentry"],"yoast_head":"<!-- This site is optimized with the Yoast SEO plugin v27.5 - https:\/\/yoast.com\/product\/yoast-seo-wordpress\/ -->\n<title>Uudised - Uma Pido<\/title>\n<meta name=\"robots\" content=\"index, follow, max-snippet:-1, max-image-preview:large, max-video-preview:-1\" \/>\n<link rel=\"canonical\" href=\"https:\/\/umapido.ee\/et\/pido-2016\/uudised\/\" \/>\n<meta property=\"og:locale\" content=\"et_EE\" \/>\n<meta property=\"og:type\" content=\"article\" \/>\n<meta property=\"og:title\" content=\"Uudised - Uma Pido\" \/>\n<meta property=\"og:description\" content=\"IV Uma Pido DVD esitlus 1. oktoobril 2016. IV Uma Pido DVD: esitlus ja tellimine. Saab laenutada n\u00e4itust &#8220;M\u00f5tsas mi ol\u00f5mi j\u00e4\u00e4n\u00fc&#8221;. V\u00f5rokeste suur kokkutulek Uma Pido t\u00f5i 28. mail 2016 Intsikurmu 7000 inimest. T\u00e4na toimub v\u00f5rukeste suur laulupidu Uma Pido. Rahvalaulu teekond Umale Pidole on l\u00f5pusirgel. Neljas Uma Pido toob laup\u00e4eval Intsikurmu lavale 3400 [&hellip;]\" \/>\n<meta property=\"og:url\" content=\"https:\/\/umapido.ee\/et\/pido-2016\/uudised\/\" \/>\n<meta property=\"og:site_name\" content=\"Uma Pido\" \/>\n<meta property=\"article:publisher\" content=\"https:\/\/www.facebook.com\/UmaPido-278039651663\/\" \/>\n<meta property=\"article:modified_time\" content=\"2017-10-11T20:48:50+00:00\" \/>\n<meta name=\"twitter:card\" content=\"summary_large_image\" \/>\n<meta name=\"twitter:label1\" content=\"Est. reading time\" \/>\n\t<meta name=\"twitter:data1\" content=\"2 minutit\" \/>\n<script type=\"application\/ld+json\" class=\"yoast-schema-graph\">{\"@context\":\"https:\\\/\\\/schema.org\",\"@graph\":[{\"@type\":\"WebPage\",\"@id\":\"https:\\\/\\\/umapido.ee\\\/et\\\/pido-2016\\\/uudised\\\/\",\"url\":\"https:\\\/\\\/umapido.ee\\\/et\\\/pido-2016\\\/uudised\\\/\",\"name\":\"Uudised - Uma Pido\",\"isPartOf\":{\"@id\":\"https:\\\/\\\/umapido.ee\\\/#website\"},\"datePublished\":\"2017-10-11T17:26:42+00:00\",\"dateModified\":\"2017-10-11T20:48:50+00:00\",\"breadcrumb\":{\"@id\":\"https:\\\/\\\/umapido.ee\\\/et\\\/pido-2016\\\/uudised\\\/#breadcrumb\"},\"inLanguage\":\"et\",\"potentialAction\":[{\"@type\":\"ReadAction\",\"target\":[\"https:\\\/\\\/umapido.ee\\\/et\\\/pido-2016\\\/uudised\\\/\"]}]},{\"@type\":\"BreadcrumbList\",\"@id\":\"https:\\\/\\\/umapido.ee\\\/et\\\/pido-2016\\\/uudised\\\/#breadcrumb\",\"itemListElement\":[{\"@type\":\"ListItem\",\"position\":1,\"name\":\"Home\",\"item\":\"https:\\\/\\\/umapido.ee\\\/et\\\/\"},{\"@type\":\"ListItem\",\"position\":2,\"name\":\"Pido 2016\",\"item\":\"https:\\\/\\\/umapido.ee\\\/et\\\/pido-2016\\\/\"},{\"@type\":\"ListItem\",\"position\":3,\"name\":\"Uudised\"}]},{\"@type\":\"WebSite\",\"@id\":\"https:\\\/\\\/umapido.ee\\\/#website\",\"url\":\"https:\\\/\\\/umapido.ee\\\/\",\"name\":\"Uma Pido\",\"description\":\"V\u00f5rokeeline laulu- ja rahvapido\",\"potentialAction\":[{\"@type\":\"SearchAction\",\"target\":{\"@type\":\"EntryPoint\",\"urlTemplate\":\"https:\\\/\\\/umapido.ee\\\/?s={search_term_string}\"},\"query-input\":{\"@type\":\"PropertyValueSpecification\",\"valueRequired\":true,\"valueName\":\"search_term_string\"}}],\"inLanguage\":\"et\"}]}<\/script>\n<!-- \/ Yoast SEO plugin. -->","yoast_head_json":{"title":"Uudised - Uma Pido","robots":{"index":"index","follow":"follow","max-snippet":"max-snippet:-1","max-image-preview":"max-image-preview:large","max-video-preview":"max-video-preview:-1"},"canonical":"https:\/\/umapido.ee\/et\/pido-2016\/uudised\/","og_locale":"et_EE","og_type":"article","og_title":"Uudised - Uma Pido","og_description":"IV Uma Pido DVD esitlus 1. oktoobril 2016. IV Uma Pido DVD: esitlus ja tellimine. Saab laenutada n\u00e4itust &#8220;M\u00f5tsas mi ol\u00f5mi j\u00e4\u00e4n\u00fc&#8221;. V\u00f5rokeste suur kokkutulek Uma Pido t\u00f5i 28. mail 2016 Intsikurmu 7000 inimest. T\u00e4na toimub v\u00f5rukeste suur laulupidu Uma Pido. Rahvalaulu teekond Umale Pidole on l\u00f5pusirgel. Neljas Uma Pido toob laup\u00e4eval Intsikurmu lavale 3400 [&hellip;]","og_url":"https:\/\/umapido.ee\/et\/pido-2016\/uudised\/","og_site_name":"Uma Pido","article_publisher":"https:\/\/www.facebook.com\/UmaPido-278039651663\/","article_modified_time":"2017-10-11T20:48:50+00:00","twitter_card":"summary_large_image","twitter_misc":{"Est. reading time":"2 minutit"},"schema":{"@context":"https:\/\/schema.org","@graph":[{"@type":"WebPage","@id":"https:\/\/umapido.ee\/et\/pido-2016\/uudised\/","url":"https:\/\/umapido.ee\/et\/pido-2016\/uudised\/","name":"Uudised - Uma Pido","isPartOf":{"@id":"https:\/\/umapido.ee\/#website"},"datePublished":"2017-10-11T17:26:42+00:00","dateModified":"2017-10-11T20:48:50+00:00","breadcrumb":{"@id":"https:\/\/umapido.ee\/et\/pido-2016\/uudised\/#breadcrumb"},"inLanguage":"et","potentialAction":[{"@type":"ReadAction","target":["https:\/\/umapido.ee\/et\/pido-2016\/uudised\/"]}]},{"@type":"BreadcrumbList","@id":"https:\/\/umapido.ee\/et\/pido-2016\/uudised\/#breadcrumb","itemListElement":[{"@type":"ListItem","position":1,"name":"Home","item":"https:\/\/umapido.ee\/et\/"},{"@type":"ListItem","position":2,"name":"Pido 2016","item":"https:\/\/umapido.ee\/et\/pido-2016\/"},{"@type":"ListItem","position":3,"name":"Uudised"}]},{"@type":"WebSite","@id":"https:\/\/umapido.ee\/#website","url":"https:\/\/umapido.ee\/","name":"Uma Pido","description":"V\u00f5rokeeline laulu- ja rahvapido","potentialAction":[{"@type":"SearchAction","target":{"@type":"EntryPoint","urlTemplate":"https:\/\/umapido.ee\/?s={search_term_string}"},"query-input":{"@type":"PropertyValueSpecification","valueRequired":true,"valueName":"search_term_string"}}],"inLanguage":"et"}]}},"_links":{"self":[{"href":"https:\/\/umapido.ee\/et\/wp-json\/wp\/v2\/pages\/770","targetHints":{"allow":["GET"]}}],"collection":[{"href":"https:\/\/umapido.ee\/et\/wp-json\/wp\/v2\/pages"}],"about":[{"href":"https:\/\/umapido.ee\/et\/wp-json\/wp\/v2\/types\/page"}],"author":[{"embeddable":true,"href":"https:\/\/umapido.ee\/et\/wp-json\/wp\/v2\/users\/1"}],"replies":[{"embeddable":true,"href":"https:\/\/umapido.ee\/et\/wp-json\/wp\/v2\/comments?post=770"}],"version-history":[{"count":3,"href":"https:\/\/umapido.ee\/et\/wp-json\/wp\/v2\/pages\/770\/revisions"}],"predecessor-version":[{"id":808,"href":"https:\/\/umapido.ee\/et\/wp-json\/wp\/v2\/pages\/770\/revisions\/808"}],"up":[{"embeddable":true,"href":"https:\/\/umapido.ee\/et\/wp-json\/wp\/v2\/pages\/767"}],"wp:attachment":[{"href":"https:\/\/umapido.ee\/et\/wp-json\/wp\/v2\/media?parent=770"}],"curies":[{"name":"wp","href":"https:\/\/api.w.org\/{rel}","templated":true}]}}