{"id":758,"date":"2017-10-11T20:02:41","date_gmt":"2017-10-11T17:02:41","guid":{"rendered":"https:\/\/umapido.ee\/?page_id=758"},"modified":"2017-10-11T20:02:41","modified_gmt":"2017-10-11T17:02:41","slug":"korraldustiim","status":"publish","type":"page","link":"https:\/\/umapido.ee\/et\/pido-2013\/korraldustiim\/","title":{"rendered":"Korraldustiim"},"content":{"rendered":"<h3>III Uma Pido korraldustiim<\/h3>\n<p><strong>Korraldustiim:<br \/>\nUrsula Zimmermann<\/strong>, projektijuht &#8211; 56 98 98 18, ursula(\u00e4t)wi.ee<br \/>\n<strong>Mairi Raju<\/strong>, projektijuhi abi (vabatahtlik) &#8211; 53 499 554, mairi(\u00e4t)wi.ee<br \/>\n<strong>Mari-Liisa Parder<\/strong>, kommunikatsioonijuht &#8211; 50 525 17, mariliisa.p(\u00e4t)gmail.com<br \/>\n<strong>Tarmo Tagamets<\/strong>, lavastaja &#8211; 52 121 77 tarmo.tagamets(\u00e4t)gmail.com<br \/>\n<strong>Tuuli Tubin<\/strong>, kunstnik &#8211; tuulitubin(\u00e4t)hotmail.com<\/p>\n<p><strong>Muusika:<\/strong><br \/>\n<strong>Silja Otsar<\/strong>, peadirigent ja \u00fchendkooride lauluinfo &#8211; 51 56 900, silja(\u00e4t)hilaro.ee<br \/>\n<strong>Saidi Tammeorg<\/strong>, naiskooride lauluinfo &#8211; 50 97 391, teda aitab Helga Ilves &#8211; 52 83 549<br \/>\n<strong>Andres M\u00e4\u00e4r<\/strong>, meeskooride lauluinfo &#8211; 52 84 859, teda aitab Kalev Lindal &#8211; 50 40 526<br \/>\n<strong>Erja Arop<\/strong>, segakooride lauluinfo &#8211; 52 26 383, teda aitab Ester Liblik &#8211; 52 49 569<br \/>\n<strong>Eda Hirson<\/strong>, lastekooride lauluinfo &#8211; 52 254 69, teda aitab Maire Nirk &#8211; 50 78 364<br \/>\n<strong>Maire Nirk<\/strong>, mudilaskooride lauluinfo &#8211; 50 78 364, teda aitab Eda Hirson &#8211; 52 254 69<br \/>\n<strong>Urmas Kalla<\/strong>, Uma Pido rahvalaulude info ja v\u00f5ru keele n\u00f5u &#8211; 53 60 30 12, urmas.kalla(\u00e4t)mail.ee<br \/>\n<strong>Taisto Uuslail<\/strong>, Uma Laul III korraldaja &#8211; 52 87 044, taistouuslail(\u00e4t)gmail.com<\/p>\n<p><strong>V\u00f5ru Kubija:<\/strong><br \/>\n<strong>Siiri Konksi<\/strong>, toitlustuskohtade koordineerija Kubijal &#8211; 53 09 15 95 siiri(\u00e4t)voruvald.ee<br \/>\n<strong>Peeter Laurson<\/strong>, parkla\u00fclem Kubijal &#8211; 50 58 757<br \/>\n<strong>Toomas Kaun<\/strong>, korrahoidja Kubijal &#8211; 51 17 500<br \/>\n<strong>Kadri Valner<\/strong>, DVD koordineerija ja toimetaja<br \/>\nVabatahlike t\u00f6\u00f6 koordinaatorid <strong>Elin Lihten<\/strong> &#8211; 56 204 050 ja <strong>Angelika Alstr\u00f6m<\/strong> &#8211; anksike(\u00e4t)gmail.com<\/p>\n<p><strong>Keriguplatsi laat:<\/strong><br \/>\n<strong>Haimar Sokk<\/strong>, laadalava teadustaja ja korraldaja &#8211; 50 66 870<br \/>\n<strong>Helle Kivi<\/strong>, laada korraldaja &#8211; 58 53 10 62<\/p>\n","protected":false},"excerpt":{"rendered":"<p>III Uma Pido korraldustiim Korraldustiim: Ursula Zimmermann, projektijuht &#8211; 56 98 98 18, ursula(\u00e4t)wi.ee Mairi Raju, projektijuhi abi (vabatahtlik) &#8211; 53 499 554, mairi(\u00e4t)wi.ee Mari-Liisa Parder, kommunikatsioonijuht &#8211; 50 525 17, mariliisa.p(\u00e4t)gmail.com Tarmo Tagamets, lavastaja &#8211; 52 121 77 tarmo.tagamets(\u00e4t)gmail.com Tuuli Tubin, kunstnik &#8211; tuulitubin(\u00e4t)hotmail.com Muusika: Silja Otsar, peadirigent ja \u00fchendkooride lauluinfo &#8211; 51 56 [&hellip;]<\/p>\n","protected":false},"author":1,"featured_media":0,"parent":693,"menu_order":0,"comment_status":"closed","ping_status":"closed","template":"","meta":{"footnotes":""},"class_list":["post-758","page","type-page","status-publish","hentry"],"yoast_head":"<!-- This site is optimized with the Yoast SEO plugin v27.5 - https:\/\/yoast.com\/product\/yoast-seo-wordpress\/ -->\n<title>Korraldustiim - Uma Pido<\/title>\n<meta name=\"robots\" content=\"index, follow, max-snippet:-1, max-image-preview:large, max-video-preview:-1\" \/>\n<link rel=\"canonical\" href=\"https:\/\/umapido.ee\/et\/pido-2013\/korraldustiim\/\" \/>\n<meta property=\"og:locale\" content=\"et_EE\" \/>\n<meta property=\"og:type\" content=\"article\" \/>\n<meta property=\"og:title\" content=\"Korraldustiim - Uma Pido\" \/>\n<meta property=\"og:description\" content=\"III Uma Pido korraldustiim Korraldustiim: Ursula Zimmermann, projektijuht &#8211; 56 98 98 18, ursula(\u00e4t)wi.ee Mairi Raju, projektijuhi abi (vabatahtlik) &#8211; 53 499 554, mairi(\u00e4t)wi.ee Mari-Liisa Parder, kommunikatsioonijuht &#8211; 50 525 17, mariliisa.p(\u00e4t)gmail.com Tarmo Tagamets, lavastaja &#8211; 52 121 77 tarmo.tagamets(\u00e4t)gmail.com Tuuli Tubin, kunstnik &#8211; tuulitubin(\u00e4t)hotmail.com Muusika: Silja Otsar, peadirigent ja \u00fchendkooride lauluinfo &#8211; 51 56 [&hellip;]\" \/>\n<meta property=\"og:url\" content=\"https:\/\/umapido.ee\/et\/pido-2013\/korraldustiim\/\" \/>\n<meta property=\"og:site_name\" content=\"Uma Pido\" \/>\n<meta property=\"article:publisher\" content=\"https:\/\/www.facebook.com\/UmaPido-278039651663\/\" \/>\n<meta name=\"twitter:card\" content=\"summary_large_image\" \/>\n<meta name=\"twitter:label1\" content=\"Est. reading time\" \/>\n\t<meta name=\"twitter:data1\" content=\"1 minut\" \/>\n<script type=\"application\/ld+json\" class=\"yoast-schema-graph\">{\"@context\":\"https:\\\/\\\/schema.org\",\"@graph\":[{\"@type\":\"WebPage\",\"@id\":\"https:\\\/\\\/umapido.ee\\\/et\\\/pido-2013\\\/korraldustiim\\\/\",\"url\":\"https:\\\/\\\/umapido.ee\\\/et\\\/pido-2013\\\/korraldustiim\\\/\",\"name\":\"Korraldustiim - Uma Pido\",\"isPartOf\":{\"@id\":\"https:\\\/\\\/umapido.ee\\\/#website\"},\"datePublished\":\"2017-10-11T17:02:41+00:00\",\"breadcrumb\":{\"@id\":\"https:\\\/\\\/umapido.ee\\\/et\\\/pido-2013\\\/korraldustiim\\\/#breadcrumb\"},\"inLanguage\":\"et\",\"potentialAction\":[{\"@type\":\"ReadAction\",\"target\":[\"https:\\\/\\\/umapido.ee\\\/et\\\/pido-2013\\\/korraldustiim\\\/\"]}]},{\"@type\":\"BreadcrumbList\",\"@id\":\"https:\\\/\\\/umapido.ee\\\/et\\\/pido-2013\\\/korraldustiim\\\/#breadcrumb\",\"itemListElement\":[{\"@type\":\"ListItem\",\"position\":1,\"name\":\"Home\",\"item\":\"https:\\\/\\\/umapido.ee\\\/et\\\/\"},{\"@type\":\"ListItem\",\"position\":2,\"name\":\"Pido 2013\",\"item\":\"https:\\\/\\\/umapido.ee\\\/et\\\/pido-2013\\\/\"},{\"@type\":\"ListItem\",\"position\":3,\"name\":\"Korraldustiim\"}]},{\"@type\":\"WebSite\",\"@id\":\"https:\\\/\\\/umapido.ee\\\/#website\",\"url\":\"https:\\\/\\\/umapido.ee\\\/\",\"name\":\"Uma Pido\",\"description\":\"V\u00f5rokeeline laulu- ja rahvapido\",\"potentialAction\":[{\"@type\":\"SearchAction\",\"target\":{\"@type\":\"EntryPoint\",\"urlTemplate\":\"https:\\\/\\\/umapido.ee\\\/?s={search_term_string}\"},\"query-input\":{\"@type\":\"PropertyValueSpecification\",\"valueRequired\":true,\"valueName\":\"search_term_string\"}}],\"inLanguage\":\"et\"}]}<\/script>\n<!-- \/ Yoast SEO plugin. -->","yoast_head_json":{"title":"Korraldustiim - Uma Pido","robots":{"index":"index","follow":"follow","max-snippet":"max-snippet:-1","max-image-preview":"max-image-preview:large","max-video-preview":"max-video-preview:-1"},"canonical":"https:\/\/umapido.ee\/et\/pido-2013\/korraldustiim\/","og_locale":"et_EE","og_type":"article","og_title":"Korraldustiim - Uma Pido","og_description":"III Uma Pido korraldustiim Korraldustiim: Ursula Zimmermann, projektijuht &#8211; 56 98 98 18, ursula(\u00e4t)wi.ee Mairi Raju, projektijuhi abi (vabatahtlik) &#8211; 53 499 554, mairi(\u00e4t)wi.ee Mari-Liisa Parder, kommunikatsioonijuht &#8211; 50 525 17, mariliisa.p(\u00e4t)gmail.com Tarmo Tagamets, lavastaja &#8211; 52 121 77 tarmo.tagamets(\u00e4t)gmail.com Tuuli Tubin, kunstnik &#8211; tuulitubin(\u00e4t)hotmail.com Muusika: Silja Otsar, peadirigent ja \u00fchendkooride lauluinfo &#8211; 51 56 [&hellip;]","og_url":"https:\/\/umapido.ee\/et\/pido-2013\/korraldustiim\/","og_site_name":"Uma Pido","article_publisher":"https:\/\/www.facebook.com\/UmaPido-278039651663\/","twitter_card":"summary_large_image","twitter_misc":{"Est. reading time":"1 minut"},"schema":{"@context":"https:\/\/schema.org","@graph":[{"@type":"WebPage","@id":"https:\/\/umapido.ee\/et\/pido-2013\/korraldustiim\/","url":"https:\/\/umapido.ee\/et\/pido-2013\/korraldustiim\/","name":"Korraldustiim - Uma Pido","isPartOf":{"@id":"https:\/\/umapido.ee\/#website"},"datePublished":"2017-10-11T17:02:41+00:00","breadcrumb":{"@id":"https:\/\/umapido.ee\/et\/pido-2013\/korraldustiim\/#breadcrumb"},"inLanguage":"et","potentialAction":[{"@type":"ReadAction","target":["https:\/\/umapido.ee\/et\/pido-2013\/korraldustiim\/"]}]},{"@type":"BreadcrumbList","@id":"https:\/\/umapido.ee\/et\/pido-2013\/korraldustiim\/#breadcrumb","itemListElement":[{"@type":"ListItem","position":1,"name":"Home","item":"https:\/\/umapido.ee\/et\/"},{"@type":"ListItem","position":2,"name":"Pido 2013","item":"https:\/\/umapido.ee\/et\/pido-2013\/"},{"@type":"ListItem","position":3,"name":"Korraldustiim"}]},{"@type":"WebSite","@id":"https:\/\/umapido.ee\/#website","url":"https:\/\/umapido.ee\/","name":"Uma Pido","description":"V\u00f5rokeeline laulu- ja rahvapido","potentialAction":[{"@type":"SearchAction","target":{"@type":"EntryPoint","urlTemplate":"https:\/\/umapido.ee\/?s={search_term_string}"},"query-input":{"@type":"PropertyValueSpecification","valueRequired":true,"valueName":"search_term_string"}}],"inLanguage":"et"}]}},"_links":{"self":[{"href":"https:\/\/umapido.ee\/et\/wp-json\/wp\/v2\/pages\/758","targetHints":{"allow":["GET"]}}],"collection":[{"href":"https:\/\/umapido.ee\/et\/wp-json\/wp\/v2\/pages"}],"about":[{"href":"https:\/\/umapido.ee\/et\/wp-json\/wp\/v2\/types\/page"}],"author":[{"embeddable":true,"href":"https:\/\/umapido.ee\/et\/wp-json\/wp\/v2\/users\/1"}],"replies":[{"embeddable":true,"href":"https:\/\/umapido.ee\/et\/wp-json\/wp\/v2\/comments?post=758"}],"version-history":[{"count":1,"href":"https:\/\/umapido.ee\/et\/wp-json\/wp\/v2\/pages\/758\/revisions"}],"predecessor-version":[{"id":759,"href":"https:\/\/umapido.ee\/et\/wp-json\/wp\/v2\/pages\/758\/revisions\/759"}],"up":[{"embeddable":true,"href":"https:\/\/umapido.ee\/et\/wp-json\/wp\/v2\/pages\/693"}],"wp:attachment":[{"href":"https:\/\/umapido.ee\/et\/wp-json\/wp\/v2\/media?parent=758"}],"curies":[{"name":"wp","href":"https:\/\/api.w.org\/{rel}","templated":true}]}}