{"id":755,"date":"2017-10-11T19:59:26","date_gmt":"2017-10-11T16:59:26","guid":{"rendered":"https:\/\/umapido.ee\/?page_id=755"},"modified":"2024-10-31T16:59:53","modified_gmt":"2024-10-31T14:59:53","slug":"korraldajad-ja-toetajad","status":"publish","type":"page","link":"https:\/\/umapido.ee\/et\/pido-2013\/korraldajad-ja-toetajad\/","title":{"rendered":"Korraldajad ja toetajad"},"content":{"rendered":"<p><strong>Korraldajad:<\/strong> <a href=\"http:\/\/www.voroselts.ee\/\" target=\"_blank\" rel=\"noopener noreferrer\">MT\u00dc V\u00f5ro Selts VKKF<\/a>, V\u00f5ru Linnavalitsus, V\u00f5ru Vallavalitsus, P\u00f5lva ja V\u00f5ru maavalitsused ja V\u00f5ru instituut.<\/p>\n<p><strong>Toetajad:<\/strong> Eesti Kultuurkapital (rahvakultuuri sihtkapital, V\u00f5ru, Tartu ja P\u00f5lva maakondade ekspertgrupid), V\u00f5ru Vallavalitsus, V\u00f5ru linn, V\u00f5ru Instituut, Rahvakultuuri Keskuse Vana V\u00f5romaa kultuuriprogramm, Kohaliku omaalgatuse programm, V\u00f5rumaa Omavalitsuste Liit, P\u00f5lvamaa Omavalitsuste Liit, MT\u00dc V\u00f5rumaa Partnerluskogu LEADER-programmist, MT\u00dc Piiriveere Liider LEADER-programmist, Loovagentuur Maailm, V\u00f5ru Empak AS, MT\u00dc Hinokad, Hiirepadi O\u00dc, Nopri Talumeierei, Taarap\u00f5llu talu, AS V\u00e4rska Vesi, Elisa Eesti AS, AS ARKE Lihat\u00f6\u00f6stus.<\/p>\n<p><strong>Meediapartnerid:<\/strong> Uma Leht, L\u00f5unaleht, Maaleht, Eesti Ekspress, V\u00f5rumaa Teataja, Raadio Elmar, Raadio Kuku.<\/p>\n<p><a href=\"http:\/\/www.eas.ee\/\" target=\"_blank\" rel=\"noopener noreferrer\"><img loading=\"lazy\" decoding=\"async\" class=\"alignnone wp-image-399 size-full\" src=\"https:\/\/umapido.ee\/wp-content\/uploads\/2017\/10\/eas_logo.jpg\" alt=\"EAS logo\" width=\"170\" height=\"85\" \/><\/a><\/p>\n<p><a href=\"http:\/\/www.kysk.ee\/\" target=\"_blank\" rel=\"noopener noreferrer\"><img loading=\"lazy\" decoding=\"async\" class=\"alignnone wp-image-400 size-full\" src=\"https:\/\/umapido.ee\/wp-content\/uploads\/2017\/10\/kysk_logo.jpg\" alt=\"K\u00dcSK logo\" width=\"284\" height=\"81\" \/><\/a><\/p>\n<p><a href=\"http:\/\/www.kulka.ee\/\" target=\"_blank\" rel=\"noopener noreferrer\"><img loading=\"lazy\" decoding=\"async\" class=\"alignnone wp-image-81 size-full\" src=\"https:\/\/umapido.ee\/wp-content\/uploads\/2017\/10\/kulka.jpg\" alt=\"Eesti Kultuurkapital\" width=\"153\" height=\"85\" \/><\/a><\/p>\n<p><a href=\"http:\/\/www.maailmad.ee\/\" target=\"_blank\" rel=\"noopener noreferrer\"><img loading=\"lazy\" decoding=\"async\" class=\"alignnone wp-image-82 size-full\" src=\"https:\/\/umapido.ee\/wp-content\/uploads\/2017\/10\/maailm.jpg\" alt=\"maailm\" width=\"120\" height=\"80\" \/><\/a><\/p>\n<p><a href=\"http:\/\/www.umaleht.ee\/\" target=\"_blank\" rel=\"noopener noreferrer\"><img loading=\"lazy\" decoding=\"async\" class=\"alignnone wp-image-92 size-full\" src=\"https:\/\/umapido.ee\/wp-content\/uploads\/2017\/10\/umaleht1.jpg\" alt=\"Uma Leht\" width=\"273\" height=\"113\" \/><\/a><\/p>\n<p><a href=\"http:\/\/www.wi.ee\/\" target=\"_blank\" rel=\"noopener noreferrer\"><img loading=\"lazy\" decoding=\"async\" class=\"alignnone wp-image-143 size-full\" src=\"https:\/\/umapido.ee\/wp-content\/uploads\/2017\/10\/voruinst_logo.jpg\" alt=\"\" width=\"142\" height=\"112\" \/><\/a><\/p>\n<p><a href=\"http:\/\/www.rahvakultuur.ee\/\" target=\"_blank\" rel=\"noopener noreferrer\"><img loading=\"lazy\" decoding=\"async\" class=\"alignnone wp-image-144 size-full\" src=\"https:\/\/umapido.ee\/wp-content\/uploads\/2017\/10\/rkk_logo.jpg\" alt=\"\" width=\"227\" height=\"68\" \/><\/a><\/p>\n<p><a href=\"http:\/\/voruvald.kovtp.ee\/\" target=\"_blank\" rel=\"noopener noreferrer\"><img loading=\"lazy\" decoding=\"async\" class=\"alignnone wp-image-145 size-full\" src=\"https:\/\/umapido.ee\/wp-content\/uploads\/2017\/10\/vapp.jpg\" alt=\"\" width=\"99\" height=\"113\" \/><\/a><\/p>\n<p><a href=\"http:\/\/www.voruleader.ee\/\" target=\"_blank\" rel=\"noopener noreferrer\"><img loading=\"lazy\" decoding=\"async\" class=\"alignnone wp-image-300 size-full\" src=\"https:\/\/umapido.ee\/wp-content\/uploads\/2017\/10\/vpart.jpg\" alt=\"\" width=\"382\" height=\"79\" \/><\/a><\/p>\n<p><a href=\"http:\/\/www.piiriveere.ee\/\" target=\"_blank\" rel=\"noopener noreferrer\"><img loading=\"lazy\" decoding=\"async\" class=\"alignnone wp-image-297 size-full\" src=\"https:\/\/umapido.ee\/wp-content\/uploads\/2017\/10\/piiriveere_logo.jpg\" alt=\"\" width=\"198\" height=\"111\" \/><\/a><\/p>\n<p><img loading=\"lazy\" decoding=\"async\" class=\"alignnone wp-image-299 size-full\" src=\"https:\/\/umapido.ee\/wp-content\/uploads\/2017\/10\/liidri.jpg\" alt=\"\" width=\"142\" height=\"201\" \/><\/p>\n<p><a href=\"http:\/\/www.agri.ee\/\" target=\"_blank\" rel=\"noopener noreferrer\"><img loading=\"lazy\" decoding=\"async\" class=\"alignnone wp-image-298 size-full\" src=\"https:\/\/umapido.ee\/wp-content\/uploads\/2017\/10\/el_leader.jpg\" alt=\"\" width=\"142\" height=\"142\" \/><\/a><\/p>\n<p><a href=\"http:\/\/www.polvamaa.ee\/index.php?page=2801&amp;\" target=\"_blank\" rel=\"noopener noreferrer\"><img loading=\"lazy\" decoding=\"async\" class=\"alignnone wp-image-147 size-full\" src=\"https:\/\/umapido.ee\/wp-content\/uploads\/2017\/10\/pol-logo_3.jpg\" alt=\"\" width=\"150\" height=\"95\" \/><\/a><\/p>\n<p><img loading=\"lazy\" decoding=\"async\" class=\"alignnone wp-image-401 size-full\" src=\"https:\/\/umapido.ee\/wp-content\/uploads\/2017\/10\/polva_mv.jpg\" alt=\"\" width=\"68\" height=\"87\" \/><\/p>\n<p><a href=\"http:\/\/www.voru.ee\/\" target=\"_blank\" rel=\"noopener noreferrer\"><img loading=\"lazy\" decoding=\"async\" class=\"alignnone wp-image-402 size-full\" src=\"https:\/\/umapido.ee\/wp-content\/uploads\/2017\/10\/tunnuslausega_voroliin.jpg\" alt=\"\" width=\"180\" height=\"171\" \/><\/a><\/p>\n<p><img loading=\"lazy\" decoding=\"async\" class=\"alignnone wp-image-403 size-full\" src=\"https:\/\/umapido.ee\/wp-content\/uploads\/2017\/10\/voru_mvlogo.jpg\" alt=\"\" width=\"77\" height=\"89\" \/><\/p>\n<p><a href=\"http:\/\/vorumaa.ee\/\" target=\"_blank\" rel=\"noopener noreferrer\"><img loading=\"lazy\" decoding=\"async\" class=\"alignnone wp-image-146 size-full\" src=\"https:\/\/umapido.ee\/wp-content\/uploads\/2017\/10\/vollogo.jpg\" alt=\"\" width=\"250\" height=\"63\" \/><\/a><\/p>\n<p><a href=\"http:\/\/www.empak.ee\/\" target=\"_blank\" rel=\"noopener noreferrer\"><img loading=\"lazy\" decoding=\"async\" class=\"alignnone wp-image-404 size-full\" src=\"https:\/\/umapido.ee\/wp-content\/uploads\/2017\/10\/empak.jpg\" alt=\"\" width=\"250\" height=\"140\" \/><\/a><\/p>\n<p><a href=\"http:\/\/www.hiirepadi.ee\/\" target=\"_blank\" rel=\"noopener noreferrer\"><img loading=\"lazy\" decoding=\"async\" class=\"alignnone wp-image-405 size-full\" src=\"https:\/\/umapido.ee\/wp-content\/uploads\/2017\/10\/hiirepadi.jpg\" alt=\"\" width=\"200\" height=\"138\" \/><\/a><\/p>\n<p><a href=\"http:\/\/www.elisa.ee\/\" target=\"_blank\" rel=\"noopener noreferrer\"><img loading=\"lazy\" decoding=\"async\" class=\"alignnone wp-image-406 size-full\" src=\"https:\/\/umapido.ee\/wp-content\/uploads\/2017\/10\/elisa.jpg\" alt=\"\" width=\"176\" height=\"125\" \/><\/a><\/p>\n<p><a href=\"http:\/\/www.karni.ee\/\" target=\"_blank\" rel=\"noopener noreferrer\"><img loading=\"lazy\" decoding=\"async\" class=\"alignnone wp-image-306 size-full\" src=\"https:\/\/umapido.ee\/wp-content\/uploads\/2017\/10\/karni.jpg\" alt=\"\" width=\"283\" height=\"250\" \/><\/a><\/p>\n<p><a href=\"http:\/\/www.nopri.ee\/\" target=\"_blank\" rel=\"noopener noreferrer\"><img loading=\"lazy\" decoding=\"async\" class=\"alignnone wp-image-303 size-full\" src=\"https:\/\/umapido.ee\/wp-content\/uploads\/2017\/10\/nopri.jpg\" alt=\"\" width=\"142\" height=\"139\" \/><\/a><\/p>\n<p><a href=\"http:\/\/www.taarapollu.ee\/\" target=\"_blank\" rel=\"noopener noreferrer\"><img loading=\"lazy\" decoding=\"async\" class=\"alignnone wp-image-407 size-full\" src=\"https:\/\/umapido.ee\/wp-content\/uploads\/2017\/10\/taarapollu.jpg\" alt=\"\" width=\"190\" height=\"121\" \/><\/a><\/p>\n<p><a href=\"https:\/\/varskaoriginaal.ee\/\" target=\"_blank\" rel=\"noopener noreferrer\"><img loading=\"lazy\" decoding=\"async\" class=\"alignnone wp-image-408 size-full\" src=\"https:\/\/umapido.ee\/wp-content\/uploads\/2017\/10\/varskavesi.jpg\" alt=\"\" width=\"166\" height=\"121\" \/><\/a><\/p>\n<p><a href=\"http:\/\/www.hinokad.eu\/\" target=\"_blank\" rel=\"noopener noreferrer\"><img loading=\"lazy\" decoding=\"async\" class=\"alignnone wp-image-91 size-full\" src=\"https:\/\/umapido.ee\/wp-content\/uploads\/2017\/10\/hinokad.jpg\" alt=\"Hinokad\" width=\"147\" height=\"113\" \/><\/a><\/p>\n<p><a href=\"http:\/\/www.elmar.ee\/\" target=\"_blank\" rel=\"noopener noreferrer\"><img loading=\"lazy\" decoding=\"async\" class=\"alignnone wp-image-98 size-full\" src=\"https:\/\/umapido.ee\/wp-content\/uploads\/2017\/10\/elmar.jpg\" alt=\"Elmar\" width=\"168\" height=\"85\" \/><\/a><\/p>\n<p><a href=\"http:\/\/www.maaleht.ee\/\" target=\"_blank\" rel=\"noopener noreferrer\"><img loading=\"lazy\" decoding=\"async\" class=\"alignnone wp-image-94 size-full\" src=\"https:\/\/umapido.ee\/wp-content\/uploads\/2017\/10\/maaleht.jpg\" alt=\"Maaleht\" width=\"230\" height=\"57\" \/><\/a><\/p>\n<p><a href=\"http:\/\/www.ekspress.ee\/\" target=\"_blank\" rel=\"noopener noreferrer\"><img loading=\"lazy\" decoding=\"async\" class=\"alignnone wp-image-310 size-full\" src=\"https:\/\/umapido.ee\/wp-content\/uploads\/2017\/10\/eesti_ekspress.jpg\" alt=\"\" width=\"283\" height=\"56\" \/><\/a><\/p>\n<p><a href=\"http:\/\/www.lounaleht.ee\/\" target=\"_blank\" rel=\"noopener noreferrer\"><img loading=\"lazy\" decoding=\"async\" class=\"alignnone wp-image-311 size-full\" src=\"https:\/\/umapido.ee\/wp-content\/uploads\/2017\/10\/ll.jpg\" alt=\"\" width=\"283\" height=\"50\" \/><\/a><\/p>\n","protected":false},"excerpt":{"rendered":"<p>Korraldajad: MT\u00dc V\u00f5ro Selts VKKF, V\u00f5ru Linnavalitsus, V\u00f5ru Vallavalitsus, P\u00f5lva ja V\u00f5ru maavalitsused ja V\u00f5ru instituut. Toetajad: Eesti Kultuurkapital (rahvakultuuri sihtkapital, V\u00f5ru, Tartu ja P\u00f5lva maakondade ekspertgrupid), V\u00f5ru Vallavalitsus, V\u00f5ru linn, V\u00f5ru Instituut, Rahvakultuuri Keskuse Vana V\u00f5romaa kultuuriprogramm, Kohaliku omaalgatuse programm, V\u00f5rumaa Omavalitsuste Liit, P\u00f5lvamaa Omavalitsuste Liit, MT\u00dc V\u00f5rumaa Partnerluskogu LEADER-programmist, MT\u00dc Piiriveere Liider LEADER-programmist, [&hellip;]<\/p>\n","protected":false},"author":1,"featured_media":0,"parent":693,"menu_order":0,"comment_status":"closed","ping_status":"closed","template":"","meta":{"footnotes":""},"class_list":["post-755","page","type-page","status-publish","hentry"],"yoast_head":"<!-- This site is optimized with the Yoast SEO plugin v27.4 - https:\/\/yoast.com\/product\/yoast-seo-wordpress\/ -->\n<title>Korraldajad ja toetajad - Uma Pido<\/title>\n<meta name=\"robots\" content=\"index, follow, max-snippet:-1, max-image-preview:large, max-video-preview:-1\" \/>\n<link rel=\"canonical\" href=\"https:\/\/umapido.ee\/arhiiv-2013-sp-985340999\/korraldaja-ja-tugoja\/\" \/>\n<meta property=\"og:locale\" content=\"et_EE\" \/>\n<meta property=\"og:type\" content=\"article\" \/>\n<meta property=\"og:title\" content=\"Korraldajad ja toetajad - Uma Pido\" \/>\n<meta property=\"og:description\" content=\"Korraldajad: MT\u00dc V\u00f5ro Selts VKKF, V\u00f5ru Linnavalitsus, V\u00f5ru Vallavalitsus, P\u00f5lva ja V\u00f5ru maavalitsused ja V\u00f5ru instituut. Toetajad: Eesti Kultuurkapital (rahvakultuuri sihtkapital, V\u00f5ru, Tartu ja P\u00f5lva maakondade ekspertgrupid), V\u00f5ru Vallavalitsus, V\u00f5ru linn, V\u00f5ru Instituut, Rahvakultuuri Keskuse Vana V\u00f5romaa kultuuriprogramm, Kohaliku omaalgatuse programm, V\u00f5rumaa Omavalitsuste Liit, P\u00f5lvamaa Omavalitsuste Liit, MT\u00dc V\u00f5rumaa Partnerluskogu LEADER-programmist, MT\u00dc Piiriveere Liider LEADER-programmist, [&hellip;]\" \/>\n<meta property=\"og:url\" content=\"https:\/\/umapido.ee\/arhiiv-2013-sp-985340999\/korraldaja-ja-tugoja\/\" \/>\n<meta property=\"og:site_name\" content=\"Uma Pido\" \/>\n<meta property=\"article:publisher\" content=\"https:\/\/www.facebook.com\/UmaPido-278039651663\/\" \/>\n<meta property=\"article:modified_time\" content=\"2024-10-31T14:59:53+00:00\" \/>\n<meta property=\"og:image\" content=\"https:\/\/umapido.ee\/wp-content\/uploads\/2017\/10\/eas_logo.jpg\" \/>\n\t<meta property=\"og:image:width\" content=\"170\" \/>\n\t<meta property=\"og:image:height\" content=\"85\" \/>\n\t<meta property=\"og:image:type\" content=\"image\/jpeg\" \/>\n<meta name=\"twitter:card\" content=\"summary_large_image\" \/>\n<meta name=\"twitter:label1\" content=\"Est. reading time\" \/>\n\t<meta name=\"twitter:data1\" content=\"1 minut\" \/>\n<script type=\"application\/ld+json\" class=\"yoast-schema-graph\">{\"@context\":\"https:\\\/\\\/schema.org\",\"@graph\":[{\"@type\":\"WebPage\",\"@id\":\"https:\\\/\\\/umapido.ee\\\/arhiiv-2013-sp-985340999\\\/korraldaja-ja-tugoja\\\/\",\"url\":\"https:\\\/\\\/umapido.ee\\\/arhiiv-2013-sp-985340999\\\/korraldaja-ja-tugoja\\\/\",\"name\":\"Korraldajad ja toetajad - Uma Pido\",\"isPartOf\":{\"@id\":\"https:\\\/\\\/umapido.ee\\\/#website\"},\"primaryImageOfPage\":{\"@id\":\"https:\\\/\\\/umapido.ee\\\/arhiiv-2013-sp-985340999\\\/korraldaja-ja-tugoja\\\/#primaryimage\"},\"image\":{\"@id\":\"https:\\\/\\\/umapido.ee\\\/arhiiv-2013-sp-985340999\\\/korraldaja-ja-tugoja\\\/#primaryimage\"},\"thumbnailUrl\":\"https:\\\/\\\/umapido.ee\\\/wp-content\\\/uploads\\\/2017\\\/10\\\/eas_logo.jpg\",\"datePublished\":\"2017-10-11T16:59:26+00:00\",\"dateModified\":\"2024-10-31T14:59:53+00:00\",\"breadcrumb\":{\"@id\":\"https:\\\/\\\/umapido.ee\\\/arhiiv-2013-sp-985340999\\\/korraldaja-ja-tugoja\\\/#breadcrumb\"},\"inLanguage\":\"et\",\"potentialAction\":[{\"@type\":\"ReadAction\",\"target\":[\"https:\\\/\\\/umapido.ee\\\/arhiiv-2013-sp-985340999\\\/korraldaja-ja-tugoja\\\/\"]}]},{\"@type\":\"ImageObject\",\"inLanguage\":\"et\",\"@id\":\"https:\\\/\\\/umapido.ee\\\/arhiiv-2013-sp-985340999\\\/korraldaja-ja-tugoja\\\/#primaryimage\",\"url\":\"https:\\\/\\\/umapido.ee\\\/wp-content\\\/uploads\\\/2017\\\/10\\\/eas_logo.jpg\",\"contentUrl\":\"https:\\\/\\\/umapido.ee\\\/wp-content\\\/uploads\\\/2017\\\/10\\\/eas_logo.jpg\"},{\"@type\":\"BreadcrumbList\",\"@id\":\"https:\\\/\\\/umapido.ee\\\/arhiiv-2013-sp-985340999\\\/korraldaja-ja-tugoja\\\/#breadcrumb\",\"itemListElement\":[{\"@type\":\"ListItem\",\"position\":1,\"name\":\"Home\",\"item\":\"https:\\\/\\\/umapido.ee\\\/et\\\/\"},{\"@type\":\"ListItem\",\"position\":2,\"name\":\"Pido 2013\",\"item\":\"https:\\\/\\\/umapido.ee\\\/et\\\/pido-2013\\\/\"},{\"@type\":\"ListItem\",\"position\":3,\"name\":\"Korraldajad ja toetajad\"}]},{\"@type\":\"WebSite\",\"@id\":\"https:\\\/\\\/umapido.ee\\\/#website\",\"url\":\"https:\\\/\\\/umapido.ee\\\/\",\"name\":\"Uma Pido\",\"description\":\"V\u00f5rokeeline laulu- ja rahvapido\",\"potentialAction\":[{\"@type\":\"SearchAction\",\"target\":{\"@type\":\"EntryPoint\",\"urlTemplate\":\"https:\\\/\\\/umapido.ee\\\/?s={search_term_string}\"},\"query-input\":{\"@type\":\"PropertyValueSpecification\",\"valueRequired\":true,\"valueName\":\"search_term_string\"}}],\"inLanguage\":\"et\"}]}<\/script>\n<!-- \/ Yoast SEO plugin. -->","yoast_head_json":{"title":"Korraldajad ja toetajad - Uma Pido","robots":{"index":"index","follow":"follow","max-snippet":"max-snippet:-1","max-image-preview":"max-image-preview:large","max-video-preview":"max-video-preview:-1"},"canonical":"https:\/\/umapido.ee\/arhiiv-2013-sp-985340999\/korraldaja-ja-tugoja\/","og_locale":"et_EE","og_type":"article","og_title":"Korraldajad ja toetajad - Uma Pido","og_description":"Korraldajad: MT\u00dc V\u00f5ro Selts VKKF, V\u00f5ru Linnavalitsus, V\u00f5ru Vallavalitsus, P\u00f5lva ja V\u00f5ru maavalitsused ja V\u00f5ru instituut. Toetajad: Eesti Kultuurkapital (rahvakultuuri sihtkapital, V\u00f5ru, Tartu ja P\u00f5lva maakondade ekspertgrupid), V\u00f5ru Vallavalitsus, V\u00f5ru linn, V\u00f5ru Instituut, Rahvakultuuri Keskuse Vana V\u00f5romaa kultuuriprogramm, Kohaliku omaalgatuse programm, V\u00f5rumaa Omavalitsuste Liit, P\u00f5lvamaa Omavalitsuste Liit, MT\u00dc V\u00f5rumaa Partnerluskogu LEADER-programmist, MT\u00dc Piiriveere Liider LEADER-programmist, [&hellip;]","og_url":"https:\/\/umapido.ee\/arhiiv-2013-sp-985340999\/korraldaja-ja-tugoja\/","og_site_name":"Uma Pido","article_publisher":"https:\/\/www.facebook.com\/UmaPido-278039651663\/","article_modified_time":"2024-10-31T14:59:53+00:00","og_image":[{"width":170,"height":85,"url":"https:\/\/umapido.ee\/wp-content\/uploads\/2017\/10\/eas_logo.jpg","type":"image\/jpeg"}],"twitter_card":"summary_large_image","twitter_misc":{"Est. reading time":"1 minut"},"schema":{"@context":"https:\/\/schema.org","@graph":[{"@type":"WebPage","@id":"https:\/\/umapido.ee\/arhiiv-2013-sp-985340999\/korraldaja-ja-tugoja\/","url":"https:\/\/umapido.ee\/arhiiv-2013-sp-985340999\/korraldaja-ja-tugoja\/","name":"Korraldajad ja toetajad - Uma Pido","isPartOf":{"@id":"https:\/\/umapido.ee\/#website"},"primaryImageOfPage":{"@id":"https:\/\/umapido.ee\/arhiiv-2013-sp-985340999\/korraldaja-ja-tugoja\/#primaryimage"},"image":{"@id":"https:\/\/umapido.ee\/arhiiv-2013-sp-985340999\/korraldaja-ja-tugoja\/#primaryimage"},"thumbnailUrl":"https:\/\/umapido.ee\/wp-content\/uploads\/2017\/10\/eas_logo.jpg","datePublished":"2017-10-11T16:59:26+00:00","dateModified":"2024-10-31T14:59:53+00:00","breadcrumb":{"@id":"https:\/\/umapido.ee\/arhiiv-2013-sp-985340999\/korraldaja-ja-tugoja\/#breadcrumb"},"inLanguage":"et","potentialAction":[{"@type":"ReadAction","target":["https:\/\/umapido.ee\/arhiiv-2013-sp-985340999\/korraldaja-ja-tugoja\/"]}]},{"@type":"ImageObject","inLanguage":"et","@id":"https:\/\/umapido.ee\/arhiiv-2013-sp-985340999\/korraldaja-ja-tugoja\/#primaryimage","url":"https:\/\/umapido.ee\/wp-content\/uploads\/2017\/10\/eas_logo.jpg","contentUrl":"https:\/\/umapido.ee\/wp-content\/uploads\/2017\/10\/eas_logo.jpg"},{"@type":"BreadcrumbList","@id":"https:\/\/umapido.ee\/arhiiv-2013-sp-985340999\/korraldaja-ja-tugoja\/#breadcrumb","itemListElement":[{"@type":"ListItem","position":1,"name":"Home","item":"https:\/\/umapido.ee\/et\/"},{"@type":"ListItem","position":2,"name":"Pido 2013","item":"https:\/\/umapido.ee\/et\/pido-2013\/"},{"@type":"ListItem","position":3,"name":"Korraldajad ja toetajad"}]},{"@type":"WebSite","@id":"https:\/\/umapido.ee\/#website","url":"https:\/\/umapido.ee\/","name":"Uma Pido","description":"V\u00f5rokeeline laulu- ja rahvapido","potentialAction":[{"@type":"SearchAction","target":{"@type":"EntryPoint","urlTemplate":"https:\/\/umapido.ee\/?s={search_term_string}"},"query-input":{"@type":"PropertyValueSpecification","valueRequired":true,"valueName":"search_term_string"}}],"inLanguage":"et"}]}},"_links":{"self":[{"href":"https:\/\/umapido.ee\/et\/wp-json\/wp\/v2\/pages\/755","targetHints":{"allow":["GET"]}}],"collection":[{"href":"https:\/\/umapido.ee\/et\/wp-json\/wp\/v2\/pages"}],"about":[{"href":"https:\/\/umapido.ee\/et\/wp-json\/wp\/v2\/types\/page"}],"author":[{"embeddable":true,"href":"https:\/\/umapido.ee\/et\/wp-json\/wp\/v2\/users\/1"}],"replies":[{"embeddable":true,"href":"https:\/\/umapido.ee\/et\/wp-json\/wp\/v2\/comments?post=755"}],"version-history":[{"count":8,"href":"https:\/\/umapido.ee\/et\/wp-json\/wp\/v2\/pages\/755\/revisions"}],"predecessor-version":[{"id":3655,"href":"https:\/\/umapido.ee\/et\/wp-json\/wp\/v2\/pages\/755\/revisions\/3655"}],"up":[{"embeddable":true,"href":"https:\/\/umapido.ee\/et\/wp-json\/wp\/v2\/pages\/693"}],"wp:attachment":[{"href":"https:\/\/umapido.ee\/et\/wp-json\/wp\/v2\/media?parent=755"}],"curies":[{"name":"wp","href":"https:\/\/api.w.org\/{rel}","templated":true}]}}