{"id":735,"date":"2017-10-11T19:57:06","date_gmt":"2017-10-11T16:57:06","guid":{"rendered":"https:\/\/umapido.ee\/?page_id=735"},"modified":"2017-10-11T19:57:06","modified_gmt":"2017-10-11T16:57:06","slug":"esinejate-info","status":"publish","type":"page","link":"https:\/\/umapido.ee\/et\/pido-2013\/esinejate-info\/","title":{"rendered":"Esinejate info"},"content":{"rendered":"<p><a href=\"https:\/\/umapido.ee\/wp-content\/uploads\/2017\/10\/dvd_saa_ev.pdf\" target=\"_blank\" rel=\"noopener\">Kolmanda Uma Pido DVD hakkab valmis saama!<\/a><\/p>\n<p><a href=\"https:\/\/umapido.ee\/wp-content\/uploads\/2017\/10\/epk_e.pdf\" target=\"_blank\" rel=\"noopener\">T\u00e4htis info enne pidu.<\/a><\/p>\n<p><a href=\"https:\/\/umapido.ee\/wp-content\/uploads\/2017\/10\/2013_liikumine.pdf\" target=\"_blank\" rel=\"noopener\">1. juunil laval liikumise skeem.<\/a><\/p>\n<p><a href=\"https:\/\/umapido.ee\/wp-content\/uploads\/2017\/10\/pidoteedus_ik_e.pdf\" target=\"_blank\" rel=\"noopener\">Peoinfot enne koondproove<\/a><\/p>\n<p>Pikse palv\u00f5\u2019: <a href=\"https:\/\/umapido.ee\/wp-content\/uploads\/2017\/10\/pp_e.pdf\" target=\"_blank\" rel=\"noopener\">tutvustus<\/a>. Pikse palv\u00f5\u2019 <a href=\"https:\/\/umapido.ee\/wp-content\/uploads\/2017\/10\/pp_nuut.pdf\" target=\"_blank\" rel=\"noopener\">noot<\/a>.<\/p>\n<p>Tellida saab III Uma Pido \u00f5nnekiviga s\u00e4rki. <a href=\"https:\/\/umapido.ee\/wp-content\/uploads\/2017\/10\/sark_ek.pdf\" target=\"_blank\" rel=\"noopener\">T\u00e4psem info<\/a>. S\u00e4rgi <a href=\"https:\/\/umapido.ee\/wp-content\/uploads\/2017\/10\/up_hamme_tellimisleht.xls\" target=\"_blank\" rel=\"noopener\">tellimisleht<\/a>.<\/p>\n<p><a href=\"https:\/\/umapido.ee\/wp-content\/uploads\/2017\/10\/2013_dirig_e.pdf\" target=\"_blank\" rel=\"noopener\">Dirigentide juhtn\u00f6\u00f6re laulude juurde<\/a><\/p>\n<p><a href=\"https:\/\/umapido.ee\/wp-content\/uploads\/2017\/10\/laulud_internetis.pdf\" target=\"_blank\" rel=\"noopener\">III Uma Pido laulun\u00e4idised \u00f5ppimiseks<\/a><\/p>\n<p><a href=\"https:\/\/umapido.ee\/wp-content\/uploads\/2017\/10\/koondproovid_ajakava.pdf\" target=\"_blank\" rel=\"noopener\">III Uma Pido koondproovid mais 2013<\/a><\/p>\n<p><a href=\"https:\/\/umapido.ee\/wp-content\/uploads\/2017\/10\/prooviajad_projektikoorid.pdf\" target=\"_blank\" rel=\"noopener\">Kooriproovid: Naas\u00f5&#8217; nurm\u00f5st ja Mehe&#8217; m\u00f5tsast<\/a><\/p>\n<p><a href=\"https:\/\/umapido.ee\/wp-content\/uploads\/2017\/10\/rahvalaulet6lke_3umapido.pdf\" target=\"_blank\" rel=\"noopener\">Rahvalaulude s\u00f5nad v\u00f5ru keeles ja nende seletavad t\u00f5lked eesti keelde<\/a><\/p>\n<p><a href=\"https:\/\/umapido.ee\/wp-content\/uploads\/2017\/10\/koorilaulut6lked_3umapido.pdf\" target=\"_blank\" rel=\"noopener\">Koorilaulude s\u00f5nad v\u00f5ru keeles ja nende seletavad t\u00f5lked eesti keelde<\/a><\/p>\n<p><a href=\"https:\/\/umapido.ee\/wp-content\/uploads\/2017\/10\/laulejarjekord.pdf\" target=\"_blank\" rel=\"noopener\">Laulude j\u00e4rjekord III Uma Pidol<\/a><\/p>\n<p><a href=\"https:\/\/umapido.ee\/wp-content\/uploads\/2017\/10\/2013_kunnakoorikirjapandmisleht.xls\" target=\"_blank\" rel=\"noopener\">Konnakooride registreerumisleht<\/a><\/p>\n<p><a href=\"https:\/\/umapido.ee\/wp-content\/uploads\/2017\/10\/2013_kirjapandmisleht.xls\" target=\"_blank\" rel=\"noopener\">Kooride registreerumisleht<\/a><\/p>\n","protected":false},"excerpt":{"rendered":"<p>Kolmanda Uma Pido DVD hakkab valmis saama! T\u00e4htis info enne pidu. 1. juunil laval liikumise skeem. Peoinfot enne koondproove Pikse palv\u00f5\u2019: tutvustus. Pikse palv\u00f5\u2019 noot. Tellida saab III Uma Pido \u00f5nnekiviga s\u00e4rki. T\u00e4psem info. S\u00e4rgi tellimisleht. Dirigentide juhtn\u00f6\u00f6re laulude juurde III Uma Pido laulun\u00e4idised \u00f5ppimiseks III Uma Pido koondproovid mais 2013 Kooriproovid: Naas\u00f5&#8217; nurm\u00f5st ja [&hellip;]<\/p>\n","protected":false},"author":1,"featured_media":0,"parent":693,"menu_order":0,"comment_status":"closed","ping_status":"closed","template":"","meta":{"footnotes":""},"class_list":["post-735","page","type-page","status-publish","hentry"],"yoast_head":"<!-- This site is optimized with the Yoast SEO plugin v27.5 - https:\/\/yoast.com\/product\/yoast-seo-wordpress\/ -->\n<title>Esinejate info - Uma Pido<\/title>\n<meta name=\"robots\" content=\"index, follow, max-snippet:-1, max-image-preview:large, max-video-preview:-1\" \/>\n<link rel=\"canonical\" href=\"https:\/\/umapido.ee\/et\/pido-2013\/esinejate-info\/\" \/>\n<meta property=\"og:locale\" content=\"et_EE\" \/>\n<meta property=\"og:type\" content=\"article\" \/>\n<meta property=\"og:title\" content=\"Esinejate info - Uma Pido\" \/>\n<meta property=\"og:description\" content=\"Kolmanda Uma Pido DVD hakkab valmis saama! T\u00e4htis info enne pidu. 1. juunil laval liikumise skeem. Peoinfot enne koondproove Pikse palv\u00f5\u2019: tutvustus. Pikse palv\u00f5\u2019 noot. Tellida saab III Uma Pido \u00f5nnekiviga s\u00e4rki. T\u00e4psem info. S\u00e4rgi tellimisleht. Dirigentide juhtn\u00f6\u00f6re laulude juurde III Uma Pido laulun\u00e4idised \u00f5ppimiseks III Uma Pido koondproovid mais 2013 Kooriproovid: Naas\u00f5&#8217; nurm\u00f5st ja [&hellip;]\" \/>\n<meta property=\"og:url\" content=\"https:\/\/umapido.ee\/et\/pido-2013\/esinejate-info\/\" \/>\n<meta property=\"og:site_name\" content=\"Uma Pido\" \/>\n<meta property=\"article:publisher\" content=\"https:\/\/www.facebook.com\/UmaPido-278039651663\/\" \/>\n<meta name=\"twitter:card\" content=\"summary_large_image\" \/>\n<meta name=\"twitter:label1\" content=\"Est. reading time\" \/>\n\t<meta name=\"twitter:data1\" content=\"1 minut\" \/>\n<script type=\"application\/ld+json\" class=\"yoast-schema-graph\">{\"@context\":\"https:\\\/\\\/schema.org\",\"@graph\":[{\"@type\":\"WebPage\",\"@id\":\"https:\\\/\\\/umapido.ee\\\/et\\\/pido-2013\\\/esinejate-info\\\/\",\"url\":\"https:\\\/\\\/umapido.ee\\\/et\\\/pido-2013\\\/esinejate-info\\\/\",\"name\":\"Esinejate info - Uma Pido\",\"isPartOf\":{\"@id\":\"https:\\\/\\\/umapido.ee\\\/#website\"},\"datePublished\":\"2017-10-11T16:57:06+00:00\",\"breadcrumb\":{\"@id\":\"https:\\\/\\\/umapido.ee\\\/et\\\/pido-2013\\\/esinejate-info\\\/#breadcrumb\"},\"inLanguage\":\"et\",\"potentialAction\":[{\"@type\":\"ReadAction\",\"target\":[\"https:\\\/\\\/umapido.ee\\\/et\\\/pido-2013\\\/esinejate-info\\\/\"]}]},{\"@type\":\"BreadcrumbList\",\"@id\":\"https:\\\/\\\/umapido.ee\\\/et\\\/pido-2013\\\/esinejate-info\\\/#breadcrumb\",\"itemListElement\":[{\"@type\":\"ListItem\",\"position\":1,\"name\":\"Home\",\"item\":\"https:\\\/\\\/umapido.ee\\\/et\\\/\"},{\"@type\":\"ListItem\",\"position\":2,\"name\":\"Pido 2013\",\"item\":\"https:\\\/\\\/umapido.ee\\\/et\\\/pido-2013\\\/\"},{\"@type\":\"ListItem\",\"position\":3,\"name\":\"Esinejate info\"}]},{\"@type\":\"WebSite\",\"@id\":\"https:\\\/\\\/umapido.ee\\\/#website\",\"url\":\"https:\\\/\\\/umapido.ee\\\/\",\"name\":\"Uma Pido\",\"description\":\"V\u00f5rokeeline laulu- ja rahvapido\",\"potentialAction\":[{\"@type\":\"SearchAction\",\"target\":{\"@type\":\"EntryPoint\",\"urlTemplate\":\"https:\\\/\\\/umapido.ee\\\/?s={search_term_string}\"},\"query-input\":{\"@type\":\"PropertyValueSpecification\",\"valueRequired\":true,\"valueName\":\"search_term_string\"}}],\"inLanguage\":\"et\"}]}<\/script>\n<!-- \/ Yoast SEO plugin. -->","yoast_head_json":{"title":"Esinejate info - Uma Pido","robots":{"index":"index","follow":"follow","max-snippet":"max-snippet:-1","max-image-preview":"max-image-preview:large","max-video-preview":"max-video-preview:-1"},"canonical":"https:\/\/umapido.ee\/et\/pido-2013\/esinejate-info\/","og_locale":"et_EE","og_type":"article","og_title":"Esinejate info - Uma Pido","og_description":"Kolmanda Uma Pido DVD hakkab valmis saama! T\u00e4htis info enne pidu. 1. juunil laval liikumise skeem. Peoinfot enne koondproove Pikse palv\u00f5\u2019: tutvustus. Pikse palv\u00f5\u2019 noot. Tellida saab III Uma Pido \u00f5nnekiviga s\u00e4rki. T\u00e4psem info. S\u00e4rgi tellimisleht. Dirigentide juhtn\u00f6\u00f6re laulude juurde III Uma Pido laulun\u00e4idised \u00f5ppimiseks III Uma Pido koondproovid mais 2013 Kooriproovid: Naas\u00f5&#8217; nurm\u00f5st ja [&hellip;]","og_url":"https:\/\/umapido.ee\/et\/pido-2013\/esinejate-info\/","og_site_name":"Uma Pido","article_publisher":"https:\/\/www.facebook.com\/UmaPido-278039651663\/","twitter_card":"summary_large_image","twitter_misc":{"Est. reading time":"1 minut"},"schema":{"@context":"https:\/\/schema.org","@graph":[{"@type":"WebPage","@id":"https:\/\/umapido.ee\/et\/pido-2013\/esinejate-info\/","url":"https:\/\/umapido.ee\/et\/pido-2013\/esinejate-info\/","name":"Esinejate info - Uma Pido","isPartOf":{"@id":"https:\/\/umapido.ee\/#website"},"datePublished":"2017-10-11T16:57:06+00:00","breadcrumb":{"@id":"https:\/\/umapido.ee\/et\/pido-2013\/esinejate-info\/#breadcrumb"},"inLanguage":"et","potentialAction":[{"@type":"ReadAction","target":["https:\/\/umapido.ee\/et\/pido-2013\/esinejate-info\/"]}]},{"@type":"BreadcrumbList","@id":"https:\/\/umapido.ee\/et\/pido-2013\/esinejate-info\/#breadcrumb","itemListElement":[{"@type":"ListItem","position":1,"name":"Home","item":"https:\/\/umapido.ee\/et\/"},{"@type":"ListItem","position":2,"name":"Pido 2013","item":"https:\/\/umapido.ee\/et\/pido-2013\/"},{"@type":"ListItem","position":3,"name":"Esinejate info"}]},{"@type":"WebSite","@id":"https:\/\/umapido.ee\/#website","url":"https:\/\/umapido.ee\/","name":"Uma Pido","description":"V\u00f5rokeeline laulu- ja rahvapido","potentialAction":[{"@type":"SearchAction","target":{"@type":"EntryPoint","urlTemplate":"https:\/\/umapido.ee\/?s={search_term_string}"},"query-input":{"@type":"PropertyValueSpecification","valueRequired":true,"valueName":"search_term_string"}}],"inLanguage":"et"}]}},"_links":{"self":[{"href":"https:\/\/umapido.ee\/et\/wp-json\/wp\/v2\/pages\/735","targetHints":{"allow":["GET"]}}],"collection":[{"href":"https:\/\/umapido.ee\/et\/wp-json\/wp\/v2\/pages"}],"about":[{"href":"https:\/\/umapido.ee\/et\/wp-json\/wp\/v2\/types\/page"}],"author":[{"embeddable":true,"href":"https:\/\/umapido.ee\/et\/wp-json\/wp\/v2\/users\/1"}],"replies":[{"embeddable":true,"href":"https:\/\/umapido.ee\/et\/wp-json\/wp\/v2\/comments?post=735"}],"version-history":[{"count":1,"href":"https:\/\/umapido.ee\/et\/wp-json\/wp\/v2\/pages\/735\/revisions"}],"predecessor-version":[{"id":753,"href":"https:\/\/umapido.ee\/et\/wp-json\/wp\/v2\/pages\/735\/revisions\/753"}],"up":[{"embeddable":true,"href":"https:\/\/umapido.ee\/et\/wp-json\/wp\/v2\/pages\/693"}],"wp:attachment":[{"href":"https:\/\/umapido.ee\/et\/wp-json\/wp\/v2\/media?parent=735"}],"curies":[{"name":"wp","href":"https:\/\/api.w.org\/{rel}","templated":true}]}}