{"id":730,"date":"2017-10-11T19:44:51","date_gmt":"2017-10-11T16:44:51","guid":{"rendered":"https:\/\/umapido.ee\/?page_id=730"},"modified":"2021-05-17T10:33:05","modified_gmt":"2021-05-17T07:33:05","slug":"contra-lipujooks","status":"publish","type":"page","link":"https:\/\/umapido.ee\/et\/pido-2013\/contra-lipujooks\/","title":{"rendered":"Contra lipujooks"},"content":{"rendered":"<p><a href=\"https:\/\/umapido.ee\/wp-content\/uploads\/2017\/10\/u_03_13_e.pdf\" target=\"_blank\" rel=\"noopener\">V\u00f5rukeste lipp jookseb Contraga l\u00e4bi Vana V\u00f5romaa!<\/a><\/p>\n<p><a href=\"https:\/\/umapido.ee\/wp-content\/uploads\/2017\/10\/contra_marsruut.pdf\" target=\"_blank\" rel=\"noopener\">Kilomeetriarvestusega marsruut.<\/a><\/p>\n<p><a href=\"https:\/\/umapido.ee\/wp-content\/uploads\/2017\/10\/contra_aokava.pdf\" target=\"_blank\" rel=\"noopener\">Orienteeruv ajakava.<\/a><\/p>\n<p>Veel saab jooksust lugeda <a href=\"http:\/\/konnulacontra.wordpress.com\/\" target=\"_blank\" rel=\"noopener\">Contra blogist<\/a>.<\/p>\n<p>Lipujooksu <a href=\"http:\/\/lipujooks.tracklog.us\/\" target=\"_blank\" rel=\"noopener\">koduleht<\/a>. Siit saab vaadata, kus Contra parajasti on ja kust ta juba l\u00e4bi on jooksnud.<\/p>\n<p>Lipujooksu pildigalerii. Siia laeb Toomas Kalve jooksu ajal uusi pilte \u00fcles.<\/p>\n","protected":false},"excerpt":{"rendered":"<p>V\u00f5rukeste lipp jookseb Contraga l\u00e4bi Vana V\u00f5romaa! Kilomeetriarvestusega marsruut. Orienteeruv ajakava. Veel saab jooksust lugeda Contra blogist. Lipujooksu koduleht. Siit saab vaadata, kus Contra parajasti on ja kust ta juba l\u00e4bi on jooksnud. Lipujooksu pildigalerii. Siia laeb Toomas Kalve jooksu ajal uusi pilte \u00fcles.<\/p>\n","protected":false},"author":1,"featured_media":0,"parent":693,"menu_order":0,"comment_status":"closed","ping_status":"closed","template":"","meta":{"footnotes":""},"class_list":["post-730","page","type-page","status-publish","hentry"],"yoast_head":"<!-- This site is optimized with the Yoast SEO plugin v27.4 - https:\/\/yoast.com\/product\/yoast-seo-wordpress\/ -->\n<title>Contra lipujooks - Uma Pido<\/title>\n<meta name=\"robots\" content=\"index, follow, max-snippet:-1, max-image-preview:large, max-video-preview:-1\" \/>\n<link rel=\"canonical\" href=\"https:\/\/umapido.ee\/et\/pido-2013\/contra-lipujooks\/\" \/>\n<meta property=\"og:locale\" content=\"et_EE\" \/>\n<meta property=\"og:type\" content=\"article\" \/>\n<meta property=\"og:title\" content=\"Contra lipujooks - Uma Pido\" \/>\n<meta property=\"og:description\" content=\"V\u00f5rukeste lipp jookseb Contraga l\u00e4bi Vana V\u00f5romaa! Kilomeetriarvestusega marsruut. Orienteeruv ajakava. Veel saab jooksust lugeda Contra blogist. Lipujooksu koduleht. Siit saab vaadata, kus Contra parajasti on ja kust ta juba l\u00e4bi on jooksnud. Lipujooksu pildigalerii. Siia laeb Toomas Kalve jooksu ajal uusi pilte \u00fcles.\" \/>\n<meta property=\"og:url\" content=\"https:\/\/umapido.ee\/et\/pido-2013\/contra-lipujooks\/\" \/>\n<meta property=\"og:site_name\" content=\"Uma Pido\" \/>\n<meta property=\"article:publisher\" content=\"https:\/\/www.facebook.com\/UmaPido-278039651663\/\" \/>\n<meta property=\"article:modified_time\" content=\"2021-05-17T07:33:05+00:00\" \/>\n<meta name=\"twitter:card\" content=\"summary_large_image\" \/>\n<script type=\"application\/ld+json\" class=\"yoast-schema-graph\">{\"@context\":\"https:\\\/\\\/schema.org\",\"@graph\":[{\"@type\":\"WebPage\",\"@id\":\"https:\\\/\\\/umapido.ee\\\/et\\\/pido-2013\\\/contra-lipujooks\\\/\",\"url\":\"https:\\\/\\\/umapido.ee\\\/et\\\/pido-2013\\\/contra-lipujooks\\\/\",\"name\":\"Contra lipujooks - Uma Pido\",\"isPartOf\":{\"@id\":\"https:\\\/\\\/umapido.ee\\\/#website\"},\"datePublished\":\"2017-10-11T16:44:51+00:00\",\"dateModified\":\"2021-05-17T07:33:05+00:00\",\"breadcrumb\":{\"@id\":\"https:\\\/\\\/umapido.ee\\\/et\\\/pido-2013\\\/contra-lipujooks\\\/#breadcrumb\"},\"inLanguage\":\"et\",\"potentialAction\":[{\"@type\":\"ReadAction\",\"target\":[\"https:\\\/\\\/umapido.ee\\\/et\\\/pido-2013\\\/contra-lipujooks\\\/\"]}]},{\"@type\":\"BreadcrumbList\",\"@id\":\"https:\\\/\\\/umapido.ee\\\/et\\\/pido-2013\\\/contra-lipujooks\\\/#breadcrumb\",\"itemListElement\":[{\"@type\":\"ListItem\",\"position\":1,\"name\":\"Home\",\"item\":\"https:\\\/\\\/umapido.ee\\\/et\\\/\"},{\"@type\":\"ListItem\",\"position\":2,\"name\":\"Pido 2013\",\"item\":\"https:\\\/\\\/umapido.ee\\\/et\\\/pido-2013\\\/\"},{\"@type\":\"ListItem\",\"position\":3,\"name\":\"Contra lipujooks\"}]},{\"@type\":\"WebSite\",\"@id\":\"https:\\\/\\\/umapido.ee\\\/#website\",\"url\":\"https:\\\/\\\/umapido.ee\\\/\",\"name\":\"Uma Pido\",\"description\":\"V\u00f5rokeeline laulu- ja rahvapido\",\"potentialAction\":[{\"@type\":\"SearchAction\",\"target\":{\"@type\":\"EntryPoint\",\"urlTemplate\":\"https:\\\/\\\/umapido.ee\\\/?s={search_term_string}\"},\"query-input\":{\"@type\":\"PropertyValueSpecification\",\"valueRequired\":true,\"valueName\":\"search_term_string\"}}],\"inLanguage\":\"et\"}]}<\/script>\n<!-- \/ Yoast SEO plugin. -->","yoast_head_json":{"title":"Contra lipujooks - Uma Pido","robots":{"index":"index","follow":"follow","max-snippet":"max-snippet:-1","max-image-preview":"max-image-preview:large","max-video-preview":"max-video-preview:-1"},"canonical":"https:\/\/umapido.ee\/et\/pido-2013\/contra-lipujooks\/","og_locale":"et_EE","og_type":"article","og_title":"Contra lipujooks - Uma Pido","og_description":"V\u00f5rukeste lipp jookseb Contraga l\u00e4bi Vana V\u00f5romaa! Kilomeetriarvestusega marsruut. Orienteeruv ajakava. Veel saab jooksust lugeda Contra blogist. Lipujooksu koduleht. Siit saab vaadata, kus Contra parajasti on ja kust ta juba l\u00e4bi on jooksnud. Lipujooksu pildigalerii. Siia laeb Toomas Kalve jooksu ajal uusi pilte \u00fcles.","og_url":"https:\/\/umapido.ee\/et\/pido-2013\/contra-lipujooks\/","og_site_name":"Uma Pido","article_publisher":"https:\/\/www.facebook.com\/UmaPido-278039651663\/","article_modified_time":"2021-05-17T07:33:05+00:00","twitter_card":"summary_large_image","schema":{"@context":"https:\/\/schema.org","@graph":[{"@type":"WebPage","@id":"https:\/\/umapido.ee\/et\/pido-2013\/contra-lipujooks\/","url":"https:\/\/umapido.ee\/et\/pido-2013\/contra-lipujooks\/","name":"Contra lipujooks - Uma Pido","isPartOf":{"@id":"https:\/\/umapido.ee\/#website"},"datePublished":"2017-10-11T16:44:51+00:00","dateModified":"2021-05-17T07:33:05+00:00","breadcrumb":{"@id":"https:\/\/umapido.ee\/et\/pido-2013\/contra-lipujooks\/#breadcrumb"},"inLanguage":"et","potentialAction":[{"@type":"ReadAction","target":["https:\/\/umapido.ee\/et\/pido-2013\/contra-lipujooks\/"]}]},{"@type":"BreadcrumbList","@id":"https:\/\/umapido.ee\/et\/pido-2013\/contra-lipujooks\/#breadcrumb","itemListElement":[{"@type":"ListItem","position":1,"name":"Home","item":"https:\/\/umapido.ee\/et\/"},{"@type":"ListItem","position":2,"name":"Pido 2013","item":"https:\/\/umapido.ee\/et\/pido-2013\/"},{"@type":"ListItem","position":3,"name":"Contra lipujooks"}]},{"@type":"WebSite","@id":"https:\/\/umapido.ee\/#website","url":"https:\/\/umapido.ee\/","name":"Uma Pido","description":"V\u00f5rokeeline laulu- ja rahvapido","potentialAction":[{"@type":"SearchAction","target":{"@type":"EntryPoint","urlTemplate":"https:\/\/umapido.ee\/?s={search_term_string}"},"query-input":{"@type":"PropertyValueSpecification","valueRequired":true,"valueName":"search_term_string"}}],"inLanguage":"et"}]}},"_links":{"self":[{"href":"https:\/\/umapido.ee\/et\/wp-json\/wp\/v2\/pages\/730","targetHints":{"allow":["GET"]}}],"collection":[{"href":"https:\/\/umapido.ee\/et\/wp-json\/wp\/v2\/pages"}],"about":[{"href":"https:\/\/umapido.ee\/et\/wp-json\/wp\/v2\/types\/page"}],"author":[{"embeddable":true,"href":"https:\/\/umapido.ee\/et\/wp-json\/wp\/v2\/users\/1"}],"replies":[{"embeddable":true,"href":"https:\/\/umapido.ee\/et\/wp-json\/wp\/v2\/comments?post=730"}],"version-history":[{"count":2,"href":"https:\/\/umapido.ee\/et\/wp-json\/wp\/v2\/pages\/730\/revisions"}],"predecessor-version":[{"id":2690,"href":"https:\/\/umapido.ee\/et\/wp-json\/wp\/v2\/pages\/730\/revisions\/2690"}],"up":[{"embeddable":true,"href":"https:\/\/umapido.ee\/et\/wp-json\/wp\/v2\/pages\/693"}],"wp:attachment":[{"href":"https:\/\/umapido.ee\/et\/wp-json\/wp\/v2\/media?parent=730"}],"curies":[{"name":"wp","href":"https:\/\/api.w.org\/{rel}","templated":true}]}}