{"id":693,"date":"2017-10-11T15:26:13","date_gmt":"2017-10-11T12:26:13","guid":{"rendered":"https:\/\/umapido.ee\/?page_id=693"},"modified":"2017-10-11T15:26:13","modified_gmt":"2017-10-11T12:26:13","slug":"pido-2013","status":"publish","type":"page","link":"https:\/\/umapido.ee\/et\/pido-2013\/","title":{"rendered":"Pido 2013"},"content":{"rendered":"<h3>H\u00e4\u00e4d Uma Pido s\u00f5brad!<\/h3>\n<p>III v\u00f5rukeelne laulu- ja rahvapidu Uma Pido peeti 1. juunil 2013 V\u00f5rus Kubija laululaval.<\/p>\n<p>Peol laulsid paljud Vana-V\u00f5rumaa nais-, mees- ja segakoorid, laululapsed ja -mudilased ning laulurahvas kaugemaltki. Repertuaaris oli juba varasemat v\u00f5rukeste lauluvaramut, aga ka t\u00e4iesti uusi, spetsiaalselt selleks peoks s\u00fcndinud laule. Kuna lavastuslikus kontseptsioonis p\u00f5imis peo \u00fcheks V\u00f5handu p\u00fcha j\u00f5gi, siis oli repertuaaris varasemast rohkem palveid ja palumisi.<\/p>\n<p>V\u00e4ike m\u00f5tisklus meie lavastajalt Tarmo Tagametsalt: \u201eOleme oma paljum\u00f5ttelisuses justkui t\u00fchjaks jooksnud j\u00f5gi, kus niipea ei t\u00e4rka uus elu. Siin aga v\u00f5iksime peatuda, ronida v\u00e4lja kanuudest ja j\u00e4\u00e4da suviti madalasse vette k\u00fckitama. Leida iga\u00fcks sealt endale \u00fcks v\u00e4ega kivi ning sellele istet v\u00f5tta. M\u00f5elda, kas mul on kiiret? On minu l\u00e4hedastel ja rahval kiiret? \u00c4kki on parem olla kivi, seesama, mille peal istud, ja hoida kinni kohast, kuhu kuulud. Olgugi, et istudes saab perse tihti m\u00e4rjaks ja teistel tuleb naer peale ja siis ka endal. Siis on naljakas. Nii tasubki elada-m\u00f5elda, naerda ja elada. Selles on v\u00f5ru v\u00e4ge.\u201c<\/p>\n<p>Uma Pido toimkond t\u00e4nab k\u00f5iki lauljaid, kuulajaid ja aitajaid. Kohtume j\u00e4rgmisel Uma Pidol, 2016. Aasta suve hakul P\u00f5lvas!<\/p>\n<p>Ursula Zimmermann<br \/>\nIII Uma Pido peakorraldaja<br \/>\nTel: 56 98 98 18<br \/>\nE-mail: &#117;&#x72;&#115;&#x75;l&#x61;&#64;&#119;&#x69;&#46;&#x65;e<\/p>\n<p>VAATA KA UMA PIDO BLOGI: <a href=\"http:\/\/umapido.wordpress.com\" target=\"_blank\" rel=\"noopener\">http:\/\/umapido.wordpress.com<\/a><\/p>\n","protected":false},"excerpt":{"rendered":"<p>H\u00e4\u00e4d Uma Pido s\u00f5brad! III v\u00f5rukeelne laulu- ja rahvapidu Uma Pido peeti 1. juunil 2013 V\u00f5rus Kubija laululaval. Peol laulsid paljud Vana-V\u00f5rumaa nais-, mees- ja segakoorid, laululapsed ja -mudilased ning laulurahvas kaugemaltki. Repertuaaris oli juba varasemat v\u00f5rukeste lauluvaramut, aga ka t\u00e4iesti uusi, spetsiaalselt selleks peoks s\u00fcndinud laule. Kuna lavastuslikus kontseptsioonis p\u00f5imis peo \u00fcheks V\u00f5handu p\u00fcha [&hellip;]<\/p>\n","protected":false},"author":1,"featured_media":0,"parent":0,"menu_order":0,"comment_status":"closed","ping_status":"closed","template":"","meta":{"footnotes":""},"class_list":["post-693","page","type-page","status-publish","hentry"],"yoast_head":"<!-- This site is optimized with the Yoast SEO plugin v27.4 - https:\/\/yoast.com\/product\/yoast-seo-wordpress\/ -->\n<title>Pido 2013 - Uma Pido<\/title>\n<meta name=\"robots\" content=\"index, follow, max-snippet:-1, max-image-preview:large, max-video-preview:-1\" \/>\n<link rel=\"canonical\" href=\"https:\/\/umapido.ee\/et\/pido-2013\/\" \/>\n<meta property=\"og:locale\" content=\"et_EE\" \/>\n<meta property=\"og:type\" content=\"article\" \/>\n<meta property=\"og:title\" content=\"Pido 2013 - Uma Pido\" \/>\n<meta property=\"og:description\" content=\"H\u00e4\u00e4d Uma Pido s\u00f5brad! III v\u00f5rukeelne laulu- ja rahvapidu Uma Pido peeti 1. juunil 2013 V\u00f5rus Kubija laululaval. Peol laulsid paljud Vana-V\u00f5rumaa nais-, mees- ja segakoorid, laululapsed ja -mudilased ning laulurahvas kaugemaltki. Repertuaaris oli juba varasemat v\u00f5rukeste lauluvaramut, aga ka t\u00e4iesti uusi, spetsiaalselt selleks peoks s\u00fcndinud laule. Kuna lavastuslikus kontseptsioonis p\u00f5imis peo \u00fcheks V\u00f5handu p\u00fcha [&hellip;]\" \/>\n<meta property=\"og:url\" content=\"https:\/\/umapido.ee\/et\/pido-2013\/\" \/>\n<meta property=\"og:site_name\" content=\"Uma Pido\" \/>\n<meta property=\"article:publisher\" content=\"https:\/\/www.facebook.com\/UmaPido-278039651663\/\" \/>\n<meta name=\"twitter:card\" content=\"summary_large_image\" \/>\n<meta name=\"twitter:label1\" content=\"Est. reading time\" \/>\n\t<meta name=\"twitter:data1\" content=\"1 minut\" \/>\n<script type=\"application\/ld+json\" class=\"yoast-schema-graph\">{\"@context\":\"https:\\\/\\\/schema.org\",\"@graph\":[{\"@type\":\"WebPage\",\"@id\":\"https:\\\/\\\/umapido.ee\\\/et\\\/pido-2013\\\/\",\"url\":\"https:\\\/\\\/umapido.ee\\\/et\\\/pido-2013\\\/\",\"name\":\"Pido 2013 - Uma Pido\",\"isPartOf\":{\"@id\":\"https:\\\/\\\/umapido.ee\\\/#website\"},\"datePublished\":\"2017-10-11T12:26:13+00:00\",\"breadcrumb\":{\"@id\":\"https:\\\/\\\/umapido.ee\\\/et\\\/pido-2013\\\/#breadcrumb\"},\"inLanguage\":\"et\",\"potentialAction\":[{\"@type\":\"ReadAction\",\"target\":[\"https:\\\/\\\/umapido.ee\\\/et\\\/pido-2013\\\/\"]}]},{\"@type\":\"BreadcrumbList\",\"@id\":\"https:\\\/\\\/umapido.ee\\\/et\\\/pido-2013\\\/#breadcrumb\",\"itemListElement\":[{\"@type\":\"ListItem\",\"position\":1,\"name\":\"Home\",\"item\":\"https:\\\/\\\/umapido.ee\\\/et\\\/\"},{\"@type\":\"ListItem\",\"position\":2,\"name\":\"Pido 2013\"}]},{\"@type\":\"WebSite\",\"@id\":\"https:\\\/\\\/umapido.ee\\\/#website\",\"url\":\"https:\\\/\\\/umapido.ee\\\/\",\"name\":\"Uma Pido\",\"description\":\"V\u00f5rokeeline laulu- ja rahvapido\",\"potentialAction\":[{\"@type\":\"SearchAction\",\"target\":{\"@type\":\"EntryPoint\",\"urlTemplate\":\"https:\\\/\\\/umapido.ee\\\/?s={search_term_string}\"},\"query-input\":{\"@type\":\"PropertyValueSpecification\",\"valueRequired\":true,\"valueName\":\"search_term_string\"}}],\"inLanguage\":\"et\"}]}<\/script>\n<!-- \/ Yoast SEO plugin. -->","yoast_head_json":{"title":"Pido 2013 - Uma Pido","robots":{"index":"index","follow":"follow","max-snippet":"max-snippet:-1","max-image-preview":"max-image-preview:large","max-video-preview":"max-video-preview:-1"},"canonical":"https:\/\/umapido.ee\/et\/pido-2013\/","og_locale":"et_EE","og_type":"article","og_title":"Pido 2013 - Uma Pido","og_description":"H\u00e4\u00e4d Uma Pido s\u00f5brad! III v\u00f5rukeelne laulu- ja rahvapidu Uma Pido peeti 1. juunil 2013 V\u00f5rus Kubija laululaval. Peol laulsid paljud Vana-V\u00f5rumaa nais-, mees- ja segakoorid, laululapsed ja -mudilased ning laulurahvas kaugemaltki. Repertuaaris oli juba varasemat v\u00f5rukeste lauluvaramut, aga ka t\u00e4iesti uusi, spetsiaalselt selleks peoks s\u00fcndinud laule. Kuna lavastuslikus kontseptsioonis p\u00f5imis peo \u00fcheks V\u00f5handu p\u00fcha [&hellip;]","og_url":"https:\/\/umapido.ee\/et\/pido-2013\/","og_site_name":"Uma Pido","article_publisher":"https:\/\/www.facebook.com\/UmaPido-278039651663\/","twitter_card":"summary_large_image","twitter_misc":{"Est. reading time":"1 minut"},"schema":{"@context":"https:\/\/schema.org","@graph":[{"@type":"WebPage","@id":"https:\/\/umapido.ee\/et\/pido-2013\/","url":"https:\/\/umapido.ee\/et\/pido-2013\/","name":"Pido 2013 - Uma Pido","isPartOf":{"@id":"https:\/\/umapido.ee\/#website"},"datePublished":"2017-10-11T12:26:13+00:00","breadcrumb":{"@id":"https:\/\/umapido.ee\/et\/pido-2013\/#breadcrumb"},"inLanguage":"et","potentialAction":[{"@type":"ReadAction","target":["https:\/\/umapido.ee\/et\/pido-2013\/"]}]},{"@type":"BreadcrumbList","@id":"https:\/\/umapido.ee\/et\/pido-2013\/#breadcrumb","itemListElement":[{"@type":"ListItem","position":1,"name":"Home","item":"https:\/\/umapido.ee\/et\/"},{"@type":"ListItem","position":2,"name":"Pido 2013"}]},{"@type":"WebSite","@id":"https:\/\/umapido.ee\/#website","url":"https:\/\/umapido.ee\/","name":"Uma Pido","description":"V\u00f5rokeeline laulu- ja rahvapido","potentialAction":[{"@type":"SearchAction","target":{"@type":"EntryPoint","urlTemplate":"https:\/\/umapido.ee\/?s={search_term_string}"},"query-input":{"@type":"PropertyValueSpecification","valueRequired":true,"valueName":"search_term_string"}}],"inLanguage":"et"}]}},"_links":{"self":[{"href":"https:\/\/umapido.ee\/et\/wp-json\/wp\/v2\/pages\/693","targetHints":{"allow":["GET"]}}],"collection":[{"href":"https:\/\/umapido.ee\/et\/wp-json\/wp\/v2\/pages"}],"about":[{"href":"https:\/\/umapido.ee\/et\/wp-json\/wp\/v2\/types\/page"}],"author":[{"embeddable":true,"href":"https:\/\/umapido.ee\/et\/wp-json\/wp\/v2\/users\/1"}],"replies":[{"embeddable":true,"href":"https:\/\/umapido.ee\/et\/wp-json\/wp\/v2\/comments?post=693"}],"version-history":[{"count":1,"href":"https:\/\/umapido.ee\/et\/wp-json\/wp\/v2\/pages\/693\/revisions"}],"predecessor-version":[{"id":694,"href":"https:\/\/umapido.ee\/et\/wp-json\/wp\/v2\/pages\/693\/revisions\/694"}],"wp:attachment":[{"href":"https:\/\/umapido.ee\/et\/wp-json\/wp\/v2\/media?parent=693"}],"curies":[{"name":"wp","href":"https:\/\/api.w.org\/{rel}","templated":true}]}}