{"id":683,"date":"2017-10-11T15:15:10","date_gmt":"2017-10-11T12:15:10","guid":{"rendered":"https:\/\/umapido.ee\/?page_id=683"},"modified":"2024-10-31T17:00:33","modified_gmt":"2024-10-31T15:00:33","slug":"korraldajad-ja-toetajad","status":"publish","type":"page","link":"https:\/\/umapido.ee\/et\/pido-2010\/korraldajad-ja-toetajad\/","title":{"rendered":"Korraldajad ja toetajad"},"content":{"rendered":"<p><strong>Korraldajad<\/strong> MT\u00dc V\u00f5ro Selts VKKF, P\u00f5lva Linnavalitsus, P\u00f5lva ja V\u00f5ru maavalitsused ja V\u00f5ru instituut.<\/p>\n<p><strong>Toetajad<\/strong> Eesti Kultuurkapital (rahvakultuuri sihtkapital, V\u00f5ru- ja P\u00f5lvamaa ekspertgrupid), V\u00f5ru Vallavalitsus, S\u00f5merpalu Vallavalitsus, Taheva Vallavalitsus, R\u00f5uge Vallavalitsus, R\u00e4pina Vallavalitsus, V\u00f5ru Linnavalitsus, V\u00f5ru Instituut, V\u00f5ru Maavalitsus, P\u00f5lva Maavalitsus, P\u00f5lvamaa Omavalitsuste Liit, Kultuuriministeeriumi programm \u201eVana V\u00f5rumaa kultuuriprogramm\u201c, Piiriveere Liider, V\u00f5rumaa Partnerluskogu, Rahvakultuuri Arendus- ja Koolituskeskus, Loovagentuur Maailm, Nopri Talumeierei, Arke Lihat\u00f6\u00f6stus, Eesti Maanteemuuseum, MT\u00dc Piusamaa, Hotell Pesa, Mesikam\u00e4e Puhkemaja, Taevaskoja Salamaa, Savi Turismitalu, Pokumaa.<\/p>\n<p><strong>Meediapartnerid:<\/strong> Uma Leht, Raadio Marta, L\u00f5unaLeht, V\u00f5rumaa Teataja, Eesti Ekspress, Maaleht.<\/p>\n<p><a href=\"http:\/\/www.kul.ee\/\" target=\"_blank\" rel=\"noopener\"><img loading=\"lazy\" decoding=\"async\" class=\"alignnone wp-image-296 size-full\" src=\"https:\/\/umapido.ee\/wp-content\/uploads\/2017\/10\/kultmin1.jpg\" alt=\"\" width=\"283\" height=\"72\" \/><\/a><\/p>\n<p><a href=\"http:\/\/www.kulka.ee\/\" target=\"_blank\" rel=\"noopener\"><img loading=\"lazy\" decoding=\"async\" class=\"alignnone wp-image-81 size-thumbnail\" src=\"https:\/\/umapido.ee\/wp-content\/uploads\/2017\/10\/kulka-150x85.jpg\" alt=\"Eesti Kultuurkapital\" width=\"150\" height=\"85\" \/><\/a><\/p>\n<p><img loading=\"lazy\" decoding=\"async\" class=\"alignnone size-full wp-image-82\" src=\"https:\/\/umapido.ee\/wp-content\/uploads\/2017\/10\/maailm.jpg\" alt=\"maailm\" width=\"120\" height=\"80\" \/><\/p>\n<p><a href=\"http:\/\/www.piiriveere.ee\/\" target=\"_blank\" rel=\"noopener\"><img loading=\"lazy\" decoding=\"async\" class=\"alignnone wp-image-297 size-full\" src=\"https:\/\/umapido.ee\/wp-content\/uploads\/2017\/10\/piiriveere_logo.jpg\" alt=\"\" width=\"198\" height=\"111\" \/><\/a><\/p>\n<p><img loading=\"lazy\" decoding=\"async\" class=\"alignnone size-full wp-image-298\" src=\"https:\/\/umapido.ee\/wp-content\/uploads\/2017\/10\/el_leader.jpg\" alt=\"\" width=\"142\" height=\"142\" \/><\/p>\n<p><a href=\"http:\/\/www.voruleader.ee\/\" target=\"_blank\" rel=\"noopener\"><img loading=\"lazy\" decoding=\"async\" class=\"alignnone wp-image-299 size-full\" src=\"https:\/\/umapido.ee\/wp-content\/uploads\/2017\/10\/liidri.jpg\" alt=\"\" width=\"142\" height=\"201\" \/><\/a><\/p>\n<p><a href=\"http:\/\/www.voruleader.ee\/\" target=\"_blank\" rel=\"noopener\"><img loading=\"lazy\" decoding=\"async\" class=\"alignnone wp-image-300 size-full\" src=\"https:\/\/umapido.ee\/wp-content\/uploads\/2017\/10\/vpart.jpg\" alt=\"\" width=\"382\" height=\"79\" \/><\/a><\/p>\n<p><a href=\"http:\/\/www.polvamaa.ee\/index.php?page=2874&amp;\" target=\"_blank\" rel=\"noopener\"><img loading=\"lazy\" decoding=\"async\" class=\"alignnone wp-image-301 size-full\" src=\"https:\/\/umapido.ee\/wp-content\/uploads\/2017\/10\/polvamaa_infopunkt.jpg\" alt=\"\" width=\"227\" height=\"148\" \/><\/a><\/p>\n<p><a href=\"http:\/\/www.umaleht.ee\/\" target=\"_blank\" rel=\"noopener\"><img loading=\"lazy\" decoding=\"async\" class=\"alignnone wp-image-92 size-thumbnail\" src=\"https:\/\/umapido.ee\/wp-content\/uploads\/2017\/10\/umaleht1-150x113.jpg\" alt=\"Uma Leht\" width=\"150\" height=\"113\" \/><\/a><\/p>\n<p><img loading=\"lazy\" decoding=\"async\" class=\"alignnone size-full wp-image-302\" src=\"https:\/\/umapido.ee\/wp-content\/uploads\/2017\/10\/vanemuine.jpg\" alt=\"\" width=\"197\" height=\"123\" \/><\/p>\n<p><a href=\"http:\/\/www.nopri.ee\/\" target=\"_blank\" rel=\"noopener\"><img loading=\"lazy\" decoding=\"async\" class=\"alignnone wp-image-303 size-full\" src=\"https:\/\/umapido.ee\/wp-content\/uploads\/2017\/10\/nopri.jpg\" alt=\"\" width=\"142\" height=\"139\" \/><\/a><\/p>\n<p><img loading=\"lazy\" decoding=\"async\" class=\"alignnone wp-image-96 size-full\" src=\"https:\/\/umapido.ee\/wp-content\/uploads\/2017\/10\/martafm.jpg\" alt=\"Martafm\" width=\"100\" height=\"58\" \/><\/p>\n<p><a href=\"https:\/\/moostefolk.ee\/\" target=\"_blank\" rel=\"noopener\"><img loading=\"lazy\" decoding=\"async\" class=\"alignnone wp-image-304 size-full\" src=\"https:\/\/umapido.ee\/wp-content\/uploads\/2017\/10\/moisekats.jpg\" alt=\"\" width=\"142\" height=\"100\" \/><\/a><\/p>\n<p><a href=\"http:\/\/www.hurmiorg.ee\/\" target=\"_blank\" rel=\"noopener\"><img loading=\"lazy\" decoding=\"async\" class=\"alignnone wp-image-305 size-full\" src=\"https:\/\/umapido.ee\/wp-content\/uploads\/2017\/10\/savi_talu.jpg\" alt=\"\" width=\"189\" height=\"156\" \/><\/a><\/p>\n<p><a href=\"http:\/\/www.karni.ee\/\" target=\"_blank\" rel=\"noopener\"><img loading=\"lazy\" decoding=\"async\" class=\"alignnone wp-image-306\" src=\"https:\/\/umapido.ee\/wp-content\/uploads\/2017\/10\/karni.jpg\" alt=\"\" width=\"200\" height=\"177\" \/><\/a><\/p>\n<p><a href=\"http:\/\/www.lounapagarid.ee\/\" target=\"_blank\" rel=\"noopener\"><img loading=\"lazy\" decoding=\"async\" class=\"alignnone wp-image-307 size-full\" src=\"https:\/\/umapido.ee\/wp-content\/uploads\/2017\/10\/lounapagarid.jpg\" alt=\"\" width=\"170\" height=\"136\" \/><\/a><\/p>\n<p><a href=\"http:\/\/muuseum.mnt.ee\/\" target=\"_blank\" rel=\"noopener\"><img loading=\"lazy\" decoding=\"async\" class=\"alignnone wp-image-308 size-full\" src=\"https:\/\/umapido.ee\/wp-content\/uploads\/2017\/10\/maanteemuuseum.jpg\" alt=\"\" width=\"129\" height=\"71\" \/><\/a><\/p>\n<p><a href=\"http:\/\/www.pokumaa.ee\/\" target=\"_blank\" rel=\"noopener\"><img loading=\"lazy\" decoding=\"async\" class=\"alignnone wp-image-309 size-full\" src=\"https:\/\/umapido.ee\/wp-content\/uploads\/2017\/10\/pokumaa.jpg\" alt=\"\" width=\"142\" height=\"154\" \/><\/a><\/p>\n<p><a href=\"http:\/\/www.ekspress.ee\/\" target=\"_blank\" rel=\"noopener\"><img loading=\"lazy\" decoding=\"async\" class=\"alignnone wp-image-310 size-full\" src=\"https:\/\/umapido.ee\/wp-content\/uploads\/2017\/10\/eesti_ekspress.jpg\" alt=\"\" width=\"283\" height=\"56\" \/><\/a><\/p>\n<p><a href=\"http:\/\/www.maaleht.ee\/\"><img loading=\"lazy\" decoding=\"async\" class=\"alignnone wp-image-94 size-full\" src=\"https:\/\/umapido.ee\/wp-content\/uploads\/2017\/10\/maaleht.jpg\" alt=\"Maaleht\" width=\"230\" height=\"57\" \/><\/a><\/p>\n<p><a href=\"http:\/\/www.lounaleht.ee\/\" target=\"_blank\" rel=\"noopener\"><img loading=\"lazy\" decoding=\"async\" class=\"alignnone wp-image-311 size-full\" src=\"https:\/\/umapido.ee\/wp-content\/uploads\/2017\/10\/ll.jpg\" alt=\"\" width=\"283\" height=\"50\" \/><\/a><\/p>\n<p><img loading=\"lazy\" decoding=\"async\" class=\"alignnone size-full wp-image-312\" src=\"https:\/\/umapido.ee\/wp-content\/uploads\/2017\/10\/tiganik.jpg\" alt=\"\" width=\"142\" height=\"93\" \/><\/p>\n","protected":false},"excerpt":{"rendered":"<p>Korraldajad MT\u00dc V\u00f5ro Selts VKKF, P\u00f5lva Linnavalitsus, P\u00f5lva ja V\u00f5ru maavalitsused ja V\u00f5ru instituut. Toetajad Eesti Kultuurkapital (rahvakultuuri sihtkapital, V\u00f5ru- ja P\u00f5lvamaa ekspertgrupid), V\u00f5ru Vallavalitsus, S\u00f5merpalu Vallavalitsus, Taheva Vallavalitsus, R\u00f5uge Vallavalitsus, R\u00e4pina Vallavalitsus, V\u00f5ru Linnavalitsus, V\u00f5ru Instituut, V\u00f5ru Maavalitsus, P\u00f5lva Maavalitsus, P\u00f5lvamaa Omavalitsuste Liit, Kultuuriministeeriumi programm \u201eVana V\u00f5rumaa kultuuriprogramm\u201c, Piiriveere Liider, V\u00f5rumaa Partnerluskogu, Rahvakultuuri Arendus- [&hellip;]<\/p>\n","protected":false},"author":1,"featured_media":0,"parent":604,"menu_order":0,"comment_status":"closed","ping_status":"closed","template":"","meta":{"footnotes":""},"class_list":["post-683","page","type-page","status-publish","hentry"],"yoast_head":"<!-- This site is optimized with the Yoast SEO plugin v27.5 - https:\/\/yoast.com\/product\/yoast-seo-wordpress\/ -->\n<title>Korraldajad ja toetajad - Uma Pido<\/title>\n<meta name=\"robots\" content=\"index, follow, max-snippet:-1, max-image-preview:large, max-video-preview:-1\" \/>\n<link rel=\"canonical\" href=\"https:\/\/umapido.ee\/arhiiv-2010\/korraldaja-ja-tugoja\/\" \/>\n<meta property=\"og:locale\" content=\"et_EE\" \/>\n<meta property=\"og:type\" content=\"article\" \/>\n<meta property=\"og:title\" content=\"Korraldajad ja toetajad - Uma Pido\" \/>\n<meta property=\"og:description\" content=\"Korraldajad MT\u00dc V\u00f5ro Selts VKKF, P\u00f5lva Linnavalitsus, P\u00f5lva ja V\u00f5ru maavalitsused ja V\u00f5ru instituut. Toetajad Eesti Kultuurkapital (rahvakultuuri sihtkapital, V\u00f5ru- ja P\u00f5lvamaa ekspertgrupid), V\u00f5ru Vallavalitsus, S\u00f5merpalu Vallavalitsus, Taheva Vallavalitsus, R\u00f5uge Vallavalitsus, R\u00e4pina Vallavalitsus, V\u00f5ru Linnavalitsus, V\u00f5ru Instituut, V\u00f5ru Maavalitsus, P\u00f5lva Maavalitsus, P\u00f5lvamaa Omavalitsuste Liit, Kultuuriministeeriumi programm \u201eVana V\u00f5rumaa kultuuriprogramm\u201c, Piiriveere Liider, V\u00f5rumaa Partnerluskogu, Rahvakultuuri Arendus- [&hellip;]\" \/>\n<meta property=\"og:url\" content=\"https:\/\/umapido.ee\/arhiiv-2010\/korraldaja-ja-tugoja\/\" \/>\n<meta property=\"og:site_name\" content=\"Uma Pido\" \/>\n<meta property=\"article:publisher\" content=\"https:\/\/www.facebook.com\/UmaPido-278039651663\/\" \/>\n<meta property=\"article:modified_time\" content=\"2024-10-31T15:00:33+00:00\" \/>\n<meta property=\"og:image\" content=\"https:\/\/umapido.ee\/wp-content\/uploads\/2017\/10\/kultmin1.jpg\" \/>\n\t<meta property=\"og:image:width\" content=\"283\" \/>\n\t<meta property=\"og:image:height\" content=\"72\" \/>\n\t<meta property=\"og:image:type\" content=\"image\/jpeg\" \/>\n<meta name=\"twitter:card\" content=\"summary_large_image\" \/>\n<meta name=\"twitter:label1\" content=\"Est. reading time\" \/>\n\t<meta name=\"twitter:data1\" content=\"1 minut\" \/>\n<script type=\"application\/ld+json\" class=\"yoast-schema-graph\">{\"@context\":\"https:\\\/\\\/schema.org\",\"@graph\":[{\"@type\":\"WebPage\",\"@id\":\"https:\\\/\\\/umapido.ee\\\/arhiiv-2010\\\/korraldaja-ja-tugoja\\\/\",\"url\":\"https:\\\/\\\/umapido.ee\\\/arhiiv-2010\\\/korraldaja-ja-tugoja\\\/\",\"name\":\"Korraldajad ja toetajad - Uma Pido\",\"isPartOf\":{\"@id\":\"https:\\\/\\\/umapido.ee\\\/#website\"},\"primaryImageOfPage\":{\"@id\":\"https:\\\/\\\/umapido.ee\\\/arhiiv-2010\\\/korraldaja-ja-tugoja\\\/#primaryimage\"},\"image\":{\"@id\":\"https:\\\/\\\/umapido.ee\\\/arhiiv-2010\\\/korraldaja-ja-tugoja\\\/#primaryimage\"},\"thumbnailUrl\":\"https:\\\/\\\/umapido.ee\\\/wp-content\\\/uploads\\\/2017\\\/10\\\/kultmin1.jpg\",\"datePublished\":\"2017-10-11T12:15:10+00:00\",\"dateModified\":\"2024-10-31T15:00:33+00:00\",\"breadcrumb\":{\"@id\":\"https:\\\/\\\/umapido.ee\\\/arhiiv-2010\\\/korraldaja-ja-tugoja\\\/#breadcrumb\"},\"inLanguage\":\"et\",\"potentialAction\":[{\"@type\":\"ReadAction\",\"target\":[\"https:\\\/\\\/umapido.ee\\\/arhiiv-2010\\\/korraldaja-ja-tugoja\\\/\"]}]},{\"@type\":\"ImageObject\",\"inLanguage\":\"et\",\"@id\":\"https:\\\/\\\/umapido.ee\\\/arhiiv-2010\\\/korraldaja-ja-tugoja\\\/#primaryimage\",\"url\":\"https:\\\/\\\/umapido.ee\\\/wp-content\\\/uploads\\\/2017\\\/10\\\/kultmin1.jpg\",\"contentUrl\":\"https:\\\/\\\/umapido.ee\\\/wp-content\\\/uploads\\\/2017\\\/10\\\/kultmin1.jpg\"},{\"@type\":\"BreadcrumbList\",\"@id\":\"https:\\\/\\\/umapido.ee\\\/arhiiv-2010\\\/korraldaja-ja-tugoja\\\/#breadcrumb\",\"itemListElement\":[{\"@type\":\"ListItem\",\"position\":1,\"name\":\"Home\",\"item\":\"https:\\\/\\\/umapido.ee\\\/et\\\/\"},{\"@type\":\"ListItem\",\"position\":2,\"name\":\"Pido 2010\",\"item\":\"https:\\\/\\\/umapido.ee\\\/et\\\/pido-2010\\\/\"},{\"@type\":\"ListItem\",\"position\":3,\"name\":\"Korraldajad ja toetajad\"}]},{\"@type\":\"WebSite\",\"@id\":\"https:\\\/\\\/umapido.ee\\\/#website\",\"url\":\"https:\\\/\\\/umapido.ee\\\/\",\"name\":\"Uma Pido\",\"description\":\"V\u00f5rokeeline laulu- ja rahvapido\",\"potentialAction\":[{\"@type\":\"SearchAction\",\"target\":{\"@type\":\"EntryPoint\",\"urlTemplate\":\"https:\\\/\\\/umapido.ee\\\/?s={search_term_string}\"},\"query-input\":{\"@type\":\"PropertyValueSpecification\",\"valueRequired\":true,\"valueName\":\"search_term_string\"}}],\"inLanguage\":\"et\"}]}<\/script>\n<!-- \/ Yoast SEO plugin. -->","yoast_head_json":{"title":"Korraldajad ja toetajad - Uma Pido","robots":{"index":"index","follow":"follow","max-snippet":"max-snippet:-1","max-image-preview":"max-image-preview:large","max-video-preview":"max-video-preview:-1"},"canonical":"https:\/\/umapido.ee\/arhiiv-2010\/korraldaja-ja-tugoja\/","og_locale":"et_EE","og_type":"article","og_title":"Korraldajad ja toetajad - Uma Pido","og_description":"Korraldajad MT\u00dc V\u00f5ro Selts VKKF, P\u00f5lva Linnavalitsus, P\u00f5lva ja V\u00f5ru maavalitsused ja V\u00f5ru instituut. Toetajad Eesti Kultuurkapital (rahvakultuuri sihtkapital, V\u00f5ru- ja P\u00f5lvamaa ekspertgrupid), V\u00f5ru Vallavalitsus, S\u00f5merpalu Vallavalitsus, Taheva Vallavalitsus, R\u00f5uge Vallavalitsus, R\u00e4pina Vallavalitsus, V\u00f5ru Linnavalitsus, V\u00f5ru Instituut, V\u00f5ru Maavalitsus, P\u00f5lva Maavalitsus, P\u00f5lvamaa Omavalitsuste Liit, Kultuuriministeeriumi programm \u201eVana V\u00f5rumaa kultuuriprogramm\u201c, Piiriveere Liider, V\u00f5rumaa Partnerluskogu, Rahvakultuuri Arendus- [&hellip;]","og_url":"https:\/\/umapido.ee\/arhiiv-2010\/korraldaja-ja-tugoja\/","og_site_name":"Uma Pido","article_publisher":"https:\/\/www.facebook.com\/UmaPido-278039651663\/","article_modified_time":"2024-10-31T15:00:33+00:00","og_image":[{"width":283,"height":72,"url":"https:\/\/umapido.ee\/wp-content\/uploads\/2017\/10\/kultmin1.jpg","type":"image\/jpeg"}],"twitter_card":"summary_large_image","twitter_misc":{"Est. reading time":"1 minut"},"schema":{"@context":"https:\/\/schema.org","@graph":[{"@type":"WebPage","@id":"https:\/\/umapido.ee\/arhiiv-2010\/korraldaja-ja-tugoja\/","url":"https:\/\/umapido.ee\/arhiiv-2010\/korraldaja-ja-tugoja\/","name":"Korraldajad ja toetajad - Uma Pido","isPartOf":{"@id":"https:\/\/umapido.ee\/#website"},"primaryImageOfPage":{"@id":"https:\/\/umapido.ee\/arhiiv-2010\/korraldaja-ja-tugoja\/#primaryimage"},"image":{"@id":"https:\/\/umapido.ee\/arhiiv-2010\/korraldaja-ja-tugoja\/#primaryimage"},"thumbnailUrl":"https:\/\/umapido.ee\/wp-content\/uploads\/2017\/10\/kultmin1.jpg","datePublished":"2017-10-11T12:15:10+00:00","dateModified":"2024-10-31T15:00:33+00:00","breadcrumb":{"@id":"https:\/\/umapido.ee\/arhiiv-2010\/korraldaja-ja-tugoja\/#breadcrumb"},"inLanguage":"et","potentialAction":[{"@type":"ReadAction","target":["https:\/\/umapido.ee\/arhiiv-2010\/korraldaja-ja-tugoja\/"]}]},{"@type":"ImageObject","inLanguage":"et","@id":"https:\/\/umapido.ee\/arhiiv-2010\/korraldaja-ja-tugoja\/#primaryimage","url":"https:\/\/umapido.ee\/wp-content\/uploads\/2017\/10\/kultmin1.jpg","contentUrl":"https:\/\/umapido.ee\/wp-content\/uploads\/2017\/10\/kultmin1.jpg"},{"@type":"BreadcrumbList","@id":"https:\/\/umapido.ee\/arhiiv-2010\/korraldaja-ja-tugoja\/#breadcrumb","itemListElement":[{"@type":"ListItem","position":1,"name":"Home","item":"https:\/\/umapido.ee\/et\/"},{"@type":"ListItem","position":2,"name":"Pido 2010","item":"https:\/\/umapido.ee\/et\/pido-2010\/"},{"@type":"ListItem","position":3,"name":"Korraldajad ja toetajad"}]},{"@type":"WebSite","@id":"https:\/\/umapido.ee\/#website","url":"https:\/\/umapido.ee\/","name":"Uma Pido","description":"V\u00f5rokeeline laulu- ja rahvapido","potentialAction":[{"@type":"SearchAction","target":{"@type":"EntryPoint","urlTemplate":"https:\/\/umapido.ee\/?s={search_term_string}"},"query-input":{"@type":"PropertyValueSpecification","valueRequired":true,"valueName":"search_term_string"}}],"inLanguage":"et"}]}},"_links":{"self":[{"href":"https:\/\/umapido.ee\/et\/wp-json\/wp\/v2\/pages\/683","targetHints":{"allow":["GET"]}}],"collection":[{"href":"https:\/\/umapido.ee\/et\/wp-json\/wp\/v2\/pages"}],"about":[{"href":"https:\/\/umapido.ee\/et\/wp-json\/wp\/v2\/types\/page"}],"author":[{"embeddable":true,"href":"https:\/\/umapido.ee\/et\/wp-json\/wp\/v2\/users\/1"}],"replies":[{"embeddable":true,"href":"https:\/\/umapido.ee\/et\/wp-json\/wp\/v2\/comments?post=683"}],"version-history":[{"count":3,"href":"https:\/\/umapido.ee\/et\/wp-json\/wp\/v2\/pages\/683\/revisions"}],"predecessor-version":[{"id":3657,"href":"https:\/\/umapido.ee\/et\/wp-json\/wp\/v2\/pages\/683\/revisions\/3657"}],"up":[{"embeddable":true,"href":"https:\/\/umapido.ee\/et\/wp-json\/wp\/v2\/pages\/604"}],"wp:attachment":[{"href":"https:\/\/umapido.ee\/et\/wp-json\/wp\/v2\/media?parent=683"}],"curies":[{"name":"wp","href":"https:\/\/api.w.org\/{rel}","templated":true}]}}