{"id":659,"date":"2017-10-11T14:55:28","date_gmt":"2017-10-11T11:55:28","guid":{"rendered":"https:\/\/umapido.ee\/?page_id=659"},"modified":"2017-10-11T14:55:28","modified_gmt":"2017-10-11T11:55:28","slug":"esinejate-info","status":"publish","type":"page","link":"https:\/\/umapido.ee\/et\/pido-2010\/esinejate-info\/","title":{"rendered":"Esinejate info"},"content":{"rendered":"<p><a href=\"https:\/\/umapido.ee\/wp-content\/uploads\/2017\/10\/massulda_dvd_teedys.pdf\" target=\"_blank\" rel=\"noopener\">II Uma Pido DVD jagamise-m\u00fc\u00fcmise info<\/a><\/p>\n<p><a href=\"https:\/\/umapido.ee\/wp-content\/uploads\/2017\/10\/kutse_saatmises.pdf\" target=\"_blank\" rel=\"noopener\">24. septembril tuleb II Uma Pido DVD esitluspidu R\u00e4pinas!<\/a><\/p>\n<p><a href=\"https:\/\/umapido.ee\/wp-content\/uploads\/2017\/10\/e_33.pdf\" target=\"_blank\" rel=\"noopener\">V\u00f5ru Instituudist saab Uma Pido s\u00e4rke, plakateid, kavavihikuid.<\/a> Vaata, millised plakatid v\u00e4lja n\u00e4evad: <a href=\"https:\/\/umapido.ee\/wp-content\/uploads\/2017\/10\/a4_2010.pdf\" target=\"_blank\" rel=\"noopener\">A4 plakat<\/a>, <a href=\"https:\/\/umapido.ee\/wp-content\/uploads\/2017\/10\/a2_2010.pdf\" target=\"_blank\" rel=\"noopener\">A2 plakat<\/a>, <a href=\"https:\/\/umapido.ee\/wp-content\/uploads\/2017\/10\/bussipeatuse_plakat.pdf\" target=\"_blank\" rel=\"noopener\">bussipeatuse plakat<\/a>.<\/p>\n<p><a href=\"https:\/\/umapido.ee\/wp-content\/uploads\/2017\/10\/teno_tegejile_est.pdf\" target=\"_blank\" rel=\"noopener\">T\u00e4nus\u00f5nad tegijatele!<\/a><\/p>\n<p><a href=\"https:\/\/umapido.ee\/wp-content\/uploads\/2017\/10\/istmine_astmine.pdf\" target=\"_blank\" rel=\"noopener\">Kooride istumine-astumine peokontserdi ajal<\/a><\/p>\n<p><a href=\"https:\/\/umapido.ee\/wp-content\/uploads\/2017\/10\/rongikayk.pdf\" target=\"_blank\" rel=\"noopener\">Rongk\u00e4igu alguse plaan<\/a><\/p>\n<p><a href=\"https:\/\/umapido.ee\/wp-content\/uploads\/2017\/10\/imm_liikumine.pdf\" target=\"_blank\" rel=\"noopener\">Ists\u00f5 ma maailma veerekese&#8230; lauljate liikumine<\/a><\/p>\n<p><a href=\"https:\/\/umapido.ee\/wp-content\/uploads\/2017\/10\/peo_infot_3.pdf\" target=\"_blank\" rel=\"noopener\">Peop\u00e4eva info kooridele<\/a><\/p>\n<p><a href=\"https:\/\/umapido.ee\/wp-content\/uploads\/2017\/10\/hammekiri.pdf\" target=\"_blank\" rel=\"noopener\">Uma Pido ham\u00f5 tellimise info<\/a><\/p>\n<p><a href=\"https:\/\/umapido.ee\/wp-content\/uploads\/2017\/10\/tellimisleht_hame.xls\" target=\"_blank\" rel=\"noopener\">Ham\u00f5 tellimisleht<\/a> (NB! Palume terve koori tellimised esitada \u00dcHE tellimislehe peal!)<\/p>\n<p><a href=\"https:\/\/umapido.ee\/wp-content\/uploads\/2017\/10\/abiks_konnakooridelex.pdf\" target=\"_blank\" rel=\"noopener\">Abiks konnakoorile<\/a><\/p>\n<p><a href=\"https:\/\/umapido.ee\/wp-content\/uploads\/2017\/10\/koondproovide_inf.pdf\" target=\"_blank\" rel=\"noopener\">Koondproovide info<\/a><\/p>\n<p><a href=\"https:\/\/umapido.ee\/wp-content\/uploads\/2017\/10\/peo_infot_2.pdf\" target=\"_blank\" rel=\"noopener\">Kutse Mooste folgile ja muud peo infot<\/a><\/p>\n<p><a href=\"https:\/\/umapido.ee\/wp-content\/uploads\/2017\/10\/pido_kava.pdf\" target=\"_blank\" rel=\"noopener\">Uma Pido kava<\/a><\/p>\n<p><a href=\"https:\/\/umapido.ee\/wp-content\/uploads\/2017\/10\/abiks_koorijuhile.pdf\" target=\"_blank\" rel=\"noopener\">Abiks koorijuhile laulude \u00f5petamisel<\/a><\/p>\n<p><a href=\"https:\/\/umapido.ee\/wp-content\/uploads\/2017\/10\/peo_infot_1.pdf\" target=\"_blank\" rel=\"noopener\">Peo info esinejatele<\/a><\/p>\n<p><a href=\"https:\/\/umapido.ee\/wp-content\/uploads\/2017\/10\/konnakoor.xls\" target=\"_blank\" rel=\"noopener\">&#8220;Konnakoori&#8221; registreerimise leht<\/a><\/p>\n<p><a href=\"https:\/\/umapido.ee\/wp-content\/uploads\/2017\/10\/indsikurmu_koorid.pdf\" target=\"_blank\" rel=\"noopener\">Peole registreerunud koorid<\/a><\/p>\n<p><a href=\"https:\/\/umapido.ee\/wp-content\/uploads\/2017\/10\/2010_kirjapandmisleht.xls\" target=\"_blank\" rel=\"noopener\">Peole registreerumise leht<\/a><\/p>\n","protected":false},"excerpt":{"rendered":"<p>II Uma Pido DVD jagamise-m\u00fc\u00fcmise info 24. septembril tuleb II Uma Pido DVD esitluspidu R\u00e4pinas! V\u00f5ru Instituudist saab Uma Pido s\u00e4rke, plakateid, kavavihikuid. Vaata, millised plakatid v\u00e4lja n\u00e4evad: A4 plakat, A2 plakat, bussipeatuse plakat. T\u00e4nus\u00f5nad tegijatele! Kooride istumine-astumine peokontserdi ajal Rongk\u00e4igu alguse plaan Ists\u00f5 ma maailma veerekese&#8230; lauljate liikumine Peop\u00e4eva info kooridele Uma Pido ham\u00f5 [&hellip;]<\/p>\n","protected":false},"author":1,"featured_media":0,"parent":604,"menu_order":0,"comment_status":"closed","ping_status":"closed","template":"","meta":{"footnotes":""},"class_list":["post-659","page","type-page","status-publish","hentry"],"yoast_head":"<!-- This site is optimized with the Yoast SEO plugin v27.4 - https:\/\/yoast.com\/product\/yoast-seo-wordpress\/ -->\n<title>Esinejate info - Uma Pido<\/title>\n<meta name=\"robots\" content=\"index, follow, max-snippet:-1, max-image-preview:large, max-video-preview:-1\" \/>\n<link rel=\"canonical\" href=\"https:\/\/umapido.ee\/et\/pido-2010\/esinejate-info\/\" \/>\n<meta property=\"og:locale\" content=\"et_EE\" \/>\n<meta property=\"og:type\" content=\"article\" \/>\n<meta property=\"og:title\" content=\"Esinejate info - Uma Pido\" \/>\n<meta property=\"og:description\" content=\"II Uma Pido DVD jagamise-m\u00fc\u00fcmise info 24. septembril tuleb II Uma Pido DVD esitluspidu R\u00e4pinas! V\u00f5ru Instituudist saab Uma Pido s\u00e4rke, plakateid, kavavihikuid. Vaata, millised plakatid v\u00e4lja n\u00e4evad: A4 plakat, A2 plakat, bussipeatuse plakat. T\u00e4nus\u00f5nad tegijatele! Kooride istumine-astumine peokontserdi ajal Rongk\u00e4igu alguse plaan Ists\u00f5 ma maailma veerekese&#8230; lauljate liikumine Peop\u00e4eva info kooridele Uma Pido ham\u00f5 [&hellip;]\" \/>\n<meta property=\"og:url\" content=\"https:\/\/umapido.ee\/et\/pido-2010\/esinejate-info\/\" \/>\n<meta property=\"og:site_name\" content=\"Uma Pido\" \/>\n<meta property=\"article:publisher\" content=\"https:\/\/www.facebook.com\/UmaPido-278039651663\/\" \/>\n<meta name=\"twitter:card\" content=\"summary_large_image\" \/>\n<meta name=\"twitter:label1\" content=\"Est. reading time\" \/>\n\t<meta name=\"twitter:data1\" content=\"1 minut\" \/>\n<script type=\"application\/ld+json\" class=\"yoast-schema-graph\">{\"@context\":\"https:\\\/\\\/schema.org\",\"@graph\":[{\"@type\":\"WebPage\",\"@id\":\"https:\\\/\\\/umapido.ee\\\/et\\\/pido-2010\\\/esinejate-info\\\/\",\"url\":\"https:\\\/\\\/umapido.ee\\\/et\\\/pido-2010\\\/esinejate-info\\\/\",\"name\":\"Esinejate info - Uma Pido\",\"isPartOf\":{\"@id\":\"https:\\\/\\\/umapido.ee\\\/#website\"},\"datePublished\":\"2017-10-11T11:55:28+00:00\",\"breadcrumb\":{\"@id\":\"https:\\\/\\\/umapido.ee\\\/et\\\/pido-2010\\\/esinejate-info\\\/#breadcrumb\"},\"inLanguage\":\"et\",\"potentialAction\":[{\"@type\":\"ReadAction\",\"target\":[\"https:\\\/\\\/umapido.ee\\\/et\\\/pido-2010\\\/esinejate-info\\\/\"]}]},{\"@type\":\"BreadcrumbList\",\"@id\":\"https:\\\/\\\/umapido.ee\\\/et\\\/pido-2010\\\/esinejate-info\\\/#breadcrumb\",\"itemListElement\":[{\"@type\":\"ListItem\",\"position\":1,\"name\":\"Home\",\"item\":\"https:\\\/\\\/umapido.ee\\\/et\\\/\"},{\"@type\":\"ListItem\",\"position\":2,\"name\":\"Pido 2010\",\"item\":\"https:\\\/\\\/umapido.ee\\\/et\\\/pido-2010\\\/\"},{\"@type\":\"ListItem\",\"position\":3,\"name\":\"Esinejate info\"}]},{\"@type\":\"WebSite\",\"@id\":\"https:\\\/\\\/umapido.ee\\\/#website\",\"url\":\"https:\\\/\\\/umapido.ee\\\/\",\"name\":\"Uma Pido\",\"description\":\"V\u00f5rokeeline laulu- ja rahvapido\",\"potentialAction\":[{\"@type\":\"SearchAction\",\"target\":{\"@type\":\"EntryPoint\",\"urlTemplate\":\"https:\\\/\\\/umapido.ee\\\/?s={search_term_string}\"},\"query-input\":{\"@type\":\"PropertyValueSpecification\",\"valueRequired\":true,\"valueName\":\"search_term_string\"}}],\"inLanguage\":\"et\"}]}<\/script>\n<!-- \/ Yoast SEO plugin. -->","yoast_head_json":{"title":"Esinejate info - Uma Pido","robots":{"index":"index","follow":"follow","max-snippet":"max-snippet:-1","max-image-preview":"max-image-preview:large","max-video-preview":"max-video-preview:-1"},"canonical":"https:\/\/umapido.ee\/et\/pido-2010\/esinejate-info\/","og_locale":"et_EE","og_type":"article","og_title":"Esinejate info - Uma Pido","og_description":"II Uma Pido DVD jagamise-m\u00fc\u00fcmise info 24. septembril tuleb II Uma Pido DVD esitluspidu R\u00e4pinas! V\u00f5ru Instituudist saab Uma Pido s\u00e4rke, plakateid, kavavihikuid. Vaata, millised plakatid v\u00e4lja n\u00e4evad: A4 plakat, A2 plakat, bussipeatuse plakat. T\u00e4nus\u00f5nad tegijatele! Kooride istumine-astumine peokontserdi ajal Rongk\u00e4igu alguse plaan Ists\u00f5 ma maailma veerekese&#8230; lauljate liikumine Peop\u00e4eva info kooridele Uma Pido ham\u00f5 [&hellip;]","og_url":"https:\/\/umapido.ee\/et\/pido-2010\/esinejate-info\/","og_site_name":"Uma Pido","article_publisher":"https:\/\/www.facebook.com\/UmaPido-278039651663\/","twitter_card":"summary_large_image","twitter_misc":{"Est. reading time":"1 minut"},"schema":{"@context":"https:\/\/schema.org","@graph":[{"@type":"WebPage","@id":"https:\/\/umapido.ee\/et\/pido-2010\/esinejate-info\/","url":"https:\/\/umapido.ee\/et\/pido-2010\/esinejate-info\/","name":"Esinejate info - Uma Pido","isPartOf":{"@id":"https:\/\/umapido.ee\/#website"},"datePublished":"2017-10-11T11:55:28+00:00","breadcrumb":{"@id":"https:\/\/umapido.ee\/et\/pido-2010\/esinejate-info\/#breadcrumb"},"inLanguage":"et","potentialAction":[{"@type":"ReadAction","target":["https:\/\/umapido.ee\/et\/pido-2010\/esinejate-info\/"]}]},{"@type":"BreadcrumbList","@id":"https:\/\/umapido.ee\/et\/pido-2010\/esinejate-info\/#breadcrumb","itemListElement":[{"@type":"ListItem","position":1,"name":"Home","item":"https:\/\/umapido.ee\/et\/"},{"@type":"ListItem","position":2,"name":"Pido 2010","item":"https:\/\/umapido.ee\/et\/pido-2010\/"},{"@type":"ListItem","position":3,"name":"Esinejate info"}]},{"@type":"WebSite","@id":"https:\/\/umapido.ee\/#website","url":"https:\/\/umapido.ee\/","name":"Uma Pido","description":"V\u00f5rokeeline laulu- ja rahvapido","potentialAction":[{"@type":"SearchAction","target":{"@type":"EntryPoint","urlTemplate":"https:\/\/umapido.ee\/?s={search_term_string}"},"query-input":{"@type":"PropertyValueSpecification","valueRequired":true,"valueName":"search_term_string"}}],"inLanguage":"et"}]}},"_links":{"self":[{"href":"https:\/\/umapido.ee\/et\/wp-json\/wp\/v2\/pages\/659","targetHints":{"allow":["GET"]}}],"collection":[{"href":"https:\/\/umapido.ee\/et\/wp-json\/wp\/v2\/pages"}],"about":[{"href":"https:\/\/umapido.ee\/et\/wp-json\/wp\/v2\/types\/page"}],"author":[{"embeddable":true,"href":"https:\/\/umapido.ee\/et\/wp-json\/wp\/v2\/users\/1"}],"replies":[{"embeddable":true,"href":"https:\/\/umapido.ee\/et\/wp-json\/wp\/v2\/comments?post=659"}],"version-history":[{"count":1,"href":"https:\/\/umapido.ee\/et\/wp-json\/wp\/v2\/pages\/659\/revisions"}],"predecessor-version":[{"id":677,"href":"https:\/\/umapido.ee\/et\/wp-json\/wp\/v2\/pages\/659\/revisions\/677"}],"up":[{"embeddable":true,"href":"https:\/\/umapido.ee\/et\/wp-json\/wp\/v2\/pages\/604"}],"wp:attachment":[{"href":"https:\/\/umapido.ee\/et\/wp-json\/wp\/v2\/media?parent=659"}],"curies":[{"name":"wp","href":"https:\/\/api.w.org\/{rel}","templated":true}]}}