{"id":657,"date":"2017-10-11T14:40:02","date_gmt":"2017-10-11T11:40:02","guid":{"rendered":"https:\/\/umapido.ee\/?page_id=657"},"modified":"2017-10-11T15:18:36","modified_gmt":"2017-10-11T12:18:36","slug":"kontakt","status":"publish","type":"page","link":"https:\/\/umapido.ee\/et\/pido-2010\/kontakt\/","title":{"rendered":"Kontakt"},"content":{"rendered":"<h3>Teise Uma Pido korraldasid<\/h3>\n<p><strong>Triinu Ojar<\/strong> (projektijuht) 78 28 752, 533 22 153, triinu.ojar(\u00e4t)wi.werro.ee<br \/>\n<strong>Janika Usin<\/strong> (p\u00e4evaprogramm, laada ja peo majandusasjad) 79 99 479, 529 4334, janika.usin(\u00e4t)polvalv.ee<br \/>\n<strong>Peeter Aas<\/strong> (korraldaja) 79 98 950, peeter(\u00e4t)polvamaa.ee<br \/>\n<strong>Helje P\u00f5vvat<\/strong> (korraldaja ja liikumisjuht) 79 98 951, helje(\u00e4t)polvamaa.ee<br \/>\n<strong>Ursula Zimmermann<\/strong> (korraldaja) 56 989 818, ursula(\u00e4t)cee-partner.ee<br \/>\n<strong>Annika Ladva<\/strong> (vabatahtlike t\u00f6\u00f6 korraldaja) 5172799, annika.ladva(\u00e4t)gmail.com<\/p>\n<p><strong>Raivo Trass<\/strong> (lavastaja) raivo.trass(\u00e4t)mail.ee<br \/>\n<strong>Toomas H\u00f5rak<\/strong> (kunstnik)<br \/>\n<strong>Maido Saar<\/strong> (liikumisjuht)<br \/>\n<strong>Aveli Asber<\/strong> (liikumisjuht)<\/p>\n<p><strong>Piret Rips<\/strong> (muusikaline n\u00f5uandja)<br \/>\n<strong>Ester Ratassepp<\/strong> (segakooride \u00fcldjuht) muusikakool(\u00e4t)polvalv.ee, 524 9569<br \/>\n<strong>Saidi Tammeorg<\/strong> (naiskooride \u00fcldjuht ja projektkoori &#8220;Naas\u00f5&#8217; nurm\u00f5lt&#8221; korraldaja P\u00f5lvas) sansibar(\u00e4t)hot.ee, 509 7391<br \/>\n<strong>Andres M\u00e4\u00e4r<\/strong> (meeskooride \u00fcldjuht ja projektkoori &#8220;Mehe&#8217; m\u00f5tsast&#8221; korraldaja) andres.maar(\u00e4t)mail.ee, 528 4859<br \/>\n<strong>Jaanus Pr\u00fckk<\/strong> (lastekooride \u00fcldjuht) jaanus(\u00e4t)kauksi.edu.ee, 5388 7104<br \/>\n<strong>Kalev Lindal<\/strong> (\u00fchendkooride \u00fcldjuht) kalev.lindal(\u00e4t)varbuse.ee, 504 0526<br \/>\n<strong>Helga Ilves<\/strong> (projektkoori &#8220;Naas\u00f5&#8217; nurm\u00f5lt&#8221; korraldaja V\u00f5rus) helga(\u00e4t)vip.edu.ee, 528 3549<br \/>\n<strong>Silja Otsar<\/strong> (konnakooride \u00fcldjuht) siljaotsar(\u00e4t)hot.ee, 5156900<\/p>\n<p><strong>Kommunikatsiooni- ja suhtekorraldust\u00f6\u00f6:<br \/>\nMari-Liisa Parder<\/strong> 505 2517, mariliisa.p(\u00e4t)gmail.com<br \/>\n<strong>Kadri Valner<\/strong> (kadri.valner(\u00e4t)mail.ee)<br \/>\n<strong>Erkki Peetsalu<\/strong> (erkki(\u00e4t)maailmad.ee)<br \/>\n<strong>Jan Rahman<\/strong> (tsiakapstas(\u00e4t)gmail.com)<\/p>\n<p><strong>Uma Pido blogi:<\/strong> <a href=\"http:\/\/umapido.wordpress.com\" target=\"_blank\" rel=\"noopener\">http:\/\/umapido.wordpress.com<\/a><\/p>\n","protected":false},"excerpt":{"rendered":"<p>Teise Uma Pido korraldasid Triinu Ojar (projektijuht) 78 28 752, 533 22 153, triinu.ojar(\u00e4t)wi.werro.ee Janika Usin (p\u00e4evaprogramm, laada ja peo majandusasjad) 79 99 479, 529 4334, janika.usin(\u00e4t)polvalv.ee Peeter Aas (korraldaja) 79 98 950, peeter(\u00e4t)polvamaa.ee Helje P\u00f5vvat (korraldaja ja liikumisjuht) 79 98 951, helje(\u00e4t)polvamaa.ee Ursula Zimmermann (korraldaja) 56 989 818, ursula(\u00e4t)cee-partner.ee Annika Ladva (vabatahtlike t\u00f6\u00f6 korraldaja) [&hellip;]<\/p>\n","protected":false},"author":1,"featured_media":0,"parent":604,"menu_order":0,"comment_status":"closed","ping_status":"closed","template":"","meta":{"footnotes":""},"class_list":["post-657","page","type-page","status-publish","hentry"],"yoast_head":"<!-- This site is optimized with the Yoast SEO plugin v27.4 - https:\/\/yoast.com\/product\/yoast-seo-wordpress\/ -->\n<title>Kontakt - Uma Pido<\/title>\n<meta name=\"robots\" content=\"index, follow, max-snippet:-1, max-image-preview:large, max-video-preview:-1\" \/>\n<link rel=\"canonical\" href=\"https:\/\/umapido.ee\/et\/pido-2010\/kontakt\/\" \/>\n<meta property=\"og:locale\" content=\"et_EE\" \/>\n<meta property=\"og:type\" content=\"article\" \/>\n<meta property=\"og:title\" content=\"Kontakt - Uma Pido\" \/>\n<meta property=\"og:description\" content=\"Teise Uma Pido korraldasid Triinu Ojar (projektijuht) 78 28 752, 533 22 153, triinu.ojar(\u00e4t)wi.werro.ee Janika Usin (p\u00e4evaprogramm, laada ja peo majandusasjad) 79 99 479, 529 4334, janika.usin(\u00e4t)polvalv.ee Peeter Aas (korraldaja) 79 98 950, peeter(\u00e4t)polvamaa.ee Helje P\u00f5vvat (korraldaja ja liikumisjuht) 79 98 951, helje(\u00e4t)polvamaa.ee Ursula Zimmermann (korraldaja) 56 989 818, ursula(\u00e4t)cee-partner.ee Annika Ladva (vabatahtlike t\u00f6\u00f6 korraldaja) [&hellip;]\" \/>\n<meta property=\"og:url\" content=\"https:\/\/umapido.ee\/et\/pido-2010\/kontakt\/\" \/>\n<meta property=\"og:site_name\" content=\"Uma Pido\" \/>\n<meta property=\"article:publisher\" content=\"https:\/\/www.facebook.com\/UmaPido-278039651663\/\" \/>\n<meta property=\"article:modified_time\" content=\"2017-10-11T12:18:36+00:00\" \/>\n<meta name=\"twitter:card\" content=\"summary_large_image\" \/>\n<meta name=\"twitter:label1\" content=\"Est. reading time\" \/>\n\t<meta name=\"twitter:data1\" content=\"1 minut\" \/>\n<script type=\"application\/ld+json\" class=\"yoast-schema-graph\">{\"@context\":\"https:\\\/\\\/schema.org\",\"@graph\":[{\"@type\":\"WebPage\",\"@id\":\"https:\\\/\\\/umapido.ee\\\/et\\\/pido-2010\\\/kontakt\\\/\",\"url\":\"https:\\\/\\\/umapido.ee\\\/et\\\/pido-2010\\\/kontakt\\\/\",\"name\":\"Kontakt - Uma Pido\",\"isPartOf\":{\"@id\":\"https:\\\/\\\/umapido.ee\\\/#website\"},\"datePublished\":\"2017-10-11T11:40:02+00:00\",\"dateModified\":\"2017-10-11T12:18:36+00:00\",\"breadcrumb\":{\"@id\":\"https:\\\/\\\/umapido.ee\\\/et\\\/pido-2010\\\/kontakt\\\/#breadcrumb\"},\"inLanguage\":\"et\",\"potentialAction\":[{\"@type\":\"ReadAction\",\"target\":[\"https:\\\/\\\/umapido.ee\\\/et\\\/pido-2010\\\/kontakt\\\/\"]}]},{\"@type\":\"BreadcrumbList\",\"@id\":\"https:\\\/\\\/umapido.ee\\\/et\\\/pido-2010\\\/kontakt\\\/#breadcrumb\",\"itemListElement\":[{\"@type\":\"ListItem\",\"position\":1,\"name\":\"Home\",\"item\":\"https:\\\/\\\/umapido.ee\\\/et\\\/\"},{\"@type\":\"ListItem\",\"position\":2,\"name\":\"Pido 2010\",\"item\":\"https:\\\/\\\/umapido.ee\\\/et\\\/pido-2010\\\/\"},{\"@type\":\"ListItem\",\"position\":3,\"name\":\"Kontakt\"}]},{\"@type\":\"WebSite\",\"@id\":\"https:\\\/\\\/umapido.ee\\\/#website\",\"url\":\"https:\\\/\\\/umapido.ee\\\/\",\"name\":\"Uma Pido\",\"description\":\"V\u00f5rokeeline laulu- ja rahvapido\",\"potentialAction\":[{\"@type\":\"SearchAction\",\"target\":{\"@type\":\"EntryPoint\",\"urlTemplate\":\"https:\\\/\\\/umapido.ee\\\/?s={search_term_string}\"},\"query-input\":{\"@type\":\"PropertyValueSpecification\",\"valueRequired\":true,\"valueName\":\"search_term_string\"}}],\"inLanguage\":\"et\"}]}<\/script>\n<!-- \/ Yoast SEO plugin. -->","yoast_head_json":{"title":"Kontakt - Uma Pido","robots":{"index":"index","follow":"follow","max-snippet":"max-snippet:-1","max-image-preview":"max-image-preview:large","max-video-preview":"max-video-preview:-1"},"canonical":"https:\/\/umapido.ee\/et\/pido-2010\/kontakt\/","og_locale":"et_EE","og_type":"article","og_title":"Kontakt - Uma Pido","og_description":"Teise Uma Pido korraldasid Triinu Ojar (projektijuht) 78 28 752, 533 22 153, triinu.ojar(\u00e4t)wi.werro.ee Janika Usin (p\u00e4evaprogramm, laada ja peo majandusasjad) 79 99 479, 529 4334, janika.usin(\u00e4t)polvalv.ee Peeter Aas (korraldaja) 79 98 950, peeter(\u00e4t)polvamaa.ee Helje P\u00f5vvat (korraldaja ja liikumisjuht) 79 98 951, helje(\u00e4t)polvamaa.ee Ursula Zimmermann (korraldaja) 56 989 818, ursula(\u00e4t)cee-partner.ee Annika Ladva (vabatahtlike t\u00f6\u00f6 korraldaja) [&hellip;]","og_url":"https:\/\/umapido.ee\/et\/pido-2010\/kontakt\/","og_site_name":"Uma Pido","article_publisher":"https:\/\/www.facebook.com\/UmaPido-278039651663\/","article_modified_time":"2017-10-11T12:18:36+00:00","twitter_card":"summary_large_image","twitter_misc":{"Est. reading time":"1 minut"},"schema":{"@context":"https:\/\/schema.org","@graph":[{"@type":"WebPage","@id":"https:\/\/umapido.ee\/et\/pido-2010\/kontakt\/","url":"https:\/\/umapido.ee\/et\/pido-2010\/kontakt\/","name":"Kontakt - Uma Pido","isPartOf":{"@id":"https:\/\/umapido.ee\/#website"},"datePublished":"2017-10-11T11:40:02+00:00","dateModified":"2017-10-11T12:18:36+00:00","breadcrumb":{"@id":"https:\/\/umapido.ee\/et\/pido-2010\/kontakt\/#breadcrumb"},"inLanguage":"et","potentialAction":[{"@type":"ReadAction","target":["https:\/\/umapido.ee\/et\/pido-2010\/kontakt\/"]}]},{"@type":"BreadcrumbList","@id":"https:\/\/umapido.ee\/et\/pido-2010\/kontakt\/#breadcrumb","itemListElement":[{"@type":"ListItem","position":1,"name":"Home","item":"https:\/\/umapido.ee\/et\/"},{"@type":"ListItem","position":2,"name":"Pido 2010","item":"https:\/\/umapido.ee\/et\/pido-2010\/"},{"@type":"ListItem","position":3,"name":"Kontakt"}]},{"@type":"WebSite","@id":"https:\/\/umapido.ee\/#website","url":"https:\/\/umapido.ee\/","name":"Uma Pido","description":"V\u00f5rokeeline laulu- ja rahvapido","potentialAction":[{"@type":"SearchAction","target":{"@type":"EntryPoint","urlTemplate":"https:\/\/umapido.ee\/?s={search_term_string}"},"query-input":{"@type":"PropertyValueSpecification","valueRequired":true,"valueName":"search_term_string"}}],"inLanguage":"et"}]}},"_links":{"self":[{"href":"https:\/\/umapido.ee\/et\/wp-json\/wp\/v2\/pages\/657","targetHints":{"allow":["GET"]}}],"collection":[{"href":"https:\/\/umapido.ee\/et\/wp-json\/wp\/v2\/pages"}],"about":[{"href":"https:\/\/umapido.ee\/et\/wp-json\/wp\/v2\/types\/page"}],"author":[{"embeddable":true,"href":"https:\/\/umapido.ee\/et\/wp-json\/wp\/v2\/users\/1"}],"replies":[{"embeddable":true,"href":"https:\/\/umapido.ee\/et\/wp-json\/wp\/v2\/comments?post=657"}],"version-history":[{"count":3,"href":"https:\/\/umapido.ee\/et\/wp-json\/wp\/v2\/pages\/657\/revisions"}],"predecessor-version":[{"id":687,"href":"https:\/\/umapido.ee\/et\/wp-json\/wp\/v2\/pages\/657\/revisions\/687"}],"up":[{"embeddable":true,"href":"https:\/\/umapido.ee\/et\/wp-json\/wp\/v2\/pages\/604"}],"wp:attachment":[{"href":"https:\/\/umapido.ee\/et\/wp-json\/wp\/v2\/media?parent=657"}],"curies":[{"name":"wp","href":"https:\/\/api.w.org\/{rel}","templated":true}]}}