{"id":650,"date":"2017-10-11T14:36:56","date_gmt":"2017-10-11T11:36:56","guid":{"rendered":"https:\/\/umapido.ee\/?page_id=650"},"modified":"2018-04-18T15:39:52","modified_gmt":"2018-04-18T12:39:52","slug":"paevakava","status":"publish","type":"page","link":"https:\/\/umapido.ee\/et\/pido-2010\/paevakava\/","title":{"rendered":"P\u00e4evakava"},"content":{"rendered":"<h3>UMA PIDO KAVA<\/h3>\n<p><strong>Reede, 28. mai 2010<\/strong><br \/>\n<strong>PIDO NAKATUSP\u00c4IV<\/strong><br \/>\n<strong>Konts\u00f5rdi&#8217; P\u00f5lva Maarja kerikun<\/strong><\/p>\n<p>18.00 Laulavad E Stuudio t\u00fctarlastekoor (P\u00f5lva), Mitte-Riinimanda segakoor (Rapla) ja segakoor Hilaro (V\u00f5ru).<br \/>\n23.00 Laulavad n\u00e4itlejad Anne Maasik ja Heiki-Rein Veromann.<br \/>\n<strong>Mootorilda nel\u00e4 ts\u00f5\u00f5riga s\u00f5iduriistu m\u00e4est alla kupatamin\u00f5<br \/>\n<\/strong>20.00 Iga-aastane P\u00f5lva linna p\u00e4evade s\u00fcndmus: kesklinnas s\u00f5idavad suurest m\u00e4est alla igasugused p\u00f5nevad s\u00f5iduriistad.<br \/>\n<strong>Umakeeline popkonts\u00f5rt liinalava p\u00e4\u00e4l P\u00f5lva Kaubamaja takan<br \/>\n<\/strong>21.00 Ansamblid L\u00f5k\u00f5riq ja Ummamuudu.<br \/>\n<strong>Pidotul\u00f5 hoitmin\u00f5 Taivaskuan<br \/>\n<\/strong>Siis kui p\u00e4ike metsa taha l\u00e4heb, v\u00f5etakse Taevaskojas \u00fcles pidutuli. Tuld hoitakse Taevaskojas rahvalaulu, -juttude ja -muusika sees kuni pidurongk\u00e4iku minekuni.<br \/>\nOmavahel \u00f6eldes on see &#8220;siis kui p\u00e4ike metsa taha l\u00e4heb&#8221; kella 8 paiku \u00f5htul. Minna v\u00f5ib aga igal ajal, ka \u00f6\u00f6sel. Tegelikult ootavadki korraldajad, et rahvas v\u00f5imalikult \u00fchtlaselt terve \u00f6\u00f6p\u00e4eva peale \u00e4ra jaotuks ja lauljaid-tulehoidjaid j\u00e4tkuks. Hoiatuseks veel, et s\u00e4\u00e4ski ja muid sitikaid on seal k\u00f5vasti, seega pange selga sellised riided, mis neid v\u00e4ga ligi ei lase.<\/p>\n<p><strong>Laup\u00e4ev, 29. mai 2010<\/strong><br \/>\n<strong>PIDOP\u00c4IV<br \/>\nUma Pido laat P\u00f5lva liina staadioni p\u00e4\u00e4l<br \/>\n<\/strong>Laat on avatud 8.00-15.00 ja laadap\u00e4eva juhib Contra.<br \/>\n\u00dclesastja&#8217; laadulava p\u00e4\u00e4l 9.00-14.30.<br \/>\nEsinemiste kellaajad v\u00f5ivad muutuda!<br \/>\n9.00 Laada kultuuriprogrammiga alustab P\u00f5lva Linna Puhkpilliorkester, mis l\u00e4heb laadalt linna \u00e4ratusm\u00e4ngule.<br \/>\n9.30 L\u00f5\u00f5tsaklubi<br \/>\n10.00 Pori L\u00f5\u00f5tsaklubi (Porin Pelimannit)<br \/>\n10.30 Eesti-Vene Kultuuride \u00dching<br \/>\n11.00 Tantsivad&#8217; tantsur\u00fchma V\u00e4rten naised<br \/>\n11.30 Trallikud. Rahvamuuskat\u00f6\u00f6tluste festivali &#8220;Moisekatsi Elohel\u00fc&#8221; publiku lemmik ja V\u00f5ru Folkloorifestivali ja Viljandi P\u00e4rimusmuusika Festivali preemiate v\u00f5itja.<br \/>\n12.00 P\u00f5lva Seto Selts<br \/>\n12.30 Helmine leelokuur laulab eluringist<br \/>\n13.00 Segakoor SoLeMiJo. Ilusad kaduvad keeled Veljo Tormise muusikas: valitud lood Tormise pulmalaulude ja Ingerimaa \u00f5htute ts\u00fcklist.<br \/>\n13.30 Hel\u00fchand<br \/>\n14.00 Tsibih\u00e4rbl\u00e4se&#8217;<br \/>\n<strong>T\u00fc\u00fctar\u00f5&#8217; laadu p\u00e4\u00e4l<br \/>\n<\/strong>11.00-15.00 L\u00f5\u00f5tsaehituse t\u00f6\u00f6tuba. Veab Heino Tartes.<br \/>\n11.00-15.00 K\u00f5lapillide t\u00f6\u00f6tuba. Veab T\u00f5nu Lumi.<br \/>\n11.00-15.00 Savit\u00f6\u00f6tuba. Veab R\u00e4pina Rahvakool.<br \/>\n<strong>T\u00fc\u00fctar\u00f5 P\u00f5lva liinan<br \/>\n<\/strong>11.00-15.00 Rahvalaulut\u00f6\u00f6tuba P\u00f5lva Muusikakooli juures, vihmaga muusikakooli saalis. Veavad Vaikuse Koosolek ja \u00dctsiots\u00f5, kaasa laulda saavad k\u00f5ik!<br \/>\n<strong>\u00dclesastja&#8217; liinalava p\u00e4\u00e4l P\u00f5lva Kaubamaja takan 10.00-15.30.<br \/>\n<\/strong>Esinemiste kellaajad v\u00f5ivad muutuda!<br \/>\n10.00 P\u00f5lva Linna Puhkpilliorkester j\u00f5uab \u00e4ratusm\u00e4ngult linnalavale. P\u00f5lva linnapea tervitus ja piduhommiku kohvijoomine.<br \/>\n10.30 Tarbatu laulukoor. Rahvalaulud kosjask\u00e4imisest, pulmadest ja elust peale seda&#8230;<br \/>\n11.00 K\u00e4okirjas.<br \/>\n11.30 P\u00f5lva Mandoliinide Orkester.<br \/>\n12.00 Greip. Rahvamuusikat\u00f6\u00f6tluste festivali &#8220;Moisekatsi Elohel\u00fc&#8221; P\u00f5lva linna eriauhinna v\u00f5itja.<br \/>\n12.30 Trallikud.<br \/>\n13.00 Kanepi Segakoor. Uma&#8217; Laulu&#8217; Kanepin. V\u00f5rukeelne kontsertversioon A. Weizenbergi (1837-1921) n\u00e4item\u00e4ngust &#8220;Sooharimine ja s\u00fcdameharidus&#8221;.<br \/>\n13.30 Aapo Ilves ja Enno S\u00e4inast. Uma Laulu konkursi v\u00f5itjad.<br \/>\n14.00 V\u00f5ru Muusikakooli p\u00e4rimusmuusika \u00f5pilased.<br \/>\n14.30 Pori l\u00f5\u00f5tsaklubi (Porin Pelimannit).<br \/>\n15.00 Tuulepuu. Rahvamuusikat\u00f6\u00f6tluste festivali &#8220;Moisekatsi Elohel\u00fc&#8221; Uma Pido eriauhinna v\u00f5itja.<br \/>\n<strong>18.00 Pidorongik\u00e4\u00fck P\u00f5lva j\u00e4rve veerest Indsikurmu<\/strong><br \/>\n<strong>19.00 Uma Pido p\u00e4\u00e4konts\u00f5rt Indsikurmun<\/strong><br \/>\nKaasa l\u00f6\u00f6vad etno-rokk-punt Folkr\u00e4\u00fcss ja \u00fcle 3300 laulja ja tantsija.<br \/>\nPidu j\u00e4tkub simmaniga, kus m\u00e4ngib Heino Tartes ja S\u00f5brad.<br \/>\nKontserdi pilet maksab Piletilevist ostes 50\/25, kohapeal Intsikurmus 75\/40.<br \/>\nK\u00f5ik teised s\u00fcndmused, mille juures ei ole pileti hinda, on tasuta!<\/p>\n<p><strong>PIDOTEED\u00dcST<\/strong><\/p>\n<ul>\n<li>Ilmavanaga on s\u00f5lmitud leping hea ilma osas, a unustati kokku leppida hea ilma m\u00f5istes, seep\u00e4rast v\u00f5tku iga piduline kaasa ka midagi k\u00f5va vihma, p\u00e4ikese ja tuule kaitseks! Ka s\u00e4\u00e4ski t\u00fckib praegu palju olema, nii et nende vastu tasub end valmistada!<\/li>\n<li>Peol l\u00e4heb vaja kannatlikkust ja r\u00f5\u00f5msat meelt \u2013 peop\u00e4eval on P\u00f5lvas palju rahvast, aega v\u00f5ib v\u00f5tta nii auto parkimine kui \u00fchest kohast teise j\u00f5udmine.<\/li>\n<li>Peakontserdi piletid on hea Piletilevist osta, siis ei pea kohapeal j\u00e4rjekorras seisma!<\/li>\n<li>Peakontserdile on hea tulla varem, siis on lihtsam leida nii parkimis- kui istumiskohti!<\/li>\n<\/ul>\n<p>SIIN ON UMA PIDO JA P\u00d5LVA LINNA P\u00c4RIMUSAASTA S\u00dcNDMUSED.<\/p>\n","protected":false},"excerpt":{"rendered":"<p>UMA PIDO KAVA Reede, 28. mai 2010 PIDO NAKATUSP\u00c4IV Konts\u00f5rdi&#8217; P\u00f5lva Maarja kerikun 18.00 Laulavad E Stuudio t\u00fctarlastekoor (P\u00f5lva), Mitte-Riinimanda segakoor (Rapla) ja segakoor Hilaro (V\u00f5ru). 23.00 Laulavad n\u00e4itlejad Anne Maasik ja Heiki-Rein Veromann. Mootorilda nel\u00e4 ts\u00f5\u00f5riga s\u00f5iduriistu m\u00e4est alla kupatamin\u00f5 20.00 Iga-aastane P\u00f5lva linna p\u00e4evade s\u00fcndmus: kesklinnas s\u00f5idavad suurest m\u00e4est alla igasugused p\u00f5nevad s\u00f5iduriistad. [&hellip;]<\/p>\n","protected":false},"author":1,"featured_media":0,"parent":604,"menu_order":0,"comment_status":"closed","ping_status":"closed","template":"","meta":{"footnotes":""},"class_list":["post-650","page","type-page","status-publish","hentry"],"yoast_head":"<!-- This site is optimized with the Yoast SEO plugin v27.4 - https:\/\/yoast.com\/product\/yoast-seo-wordpress\/ -->\n<title>P\u00e4evakava - Uma Pido<\/title>\n<meta name=\"robots\" content=\"index, follow, max-snippet:-1, max-image-preview:large, max-video-preview:-1\" \/>\n<link rel=\"canonical\" href=\"https:\/\/umapido.ee\/et\/pido-2010\/paevakava\/\" \/>\n<meta property=\"og:locale\" content=\"et_EE\" \/>\n<meta property=\"og:type\" content=\"article\" \/>\n<meta property=\"og:title\" content=\"P\u00e4evakava - Uma Pido\" \/>\n<meta property=\"og:description\" content=\"UMA PIDO KAVA Reede, 28. mai 2010 PIDO NAKATUSP\u00c4IV Konts\u00f5rdi&#8217; P\u00f5lva Maarja kerikun 18.00 Laulavad E Stuudio t\u00fctarlastekoor (P\u00f5lva), Mitte-Riinimanda segakoor (Rapla) ja segakoor Hilaro (V\u00f5ru). 23.00 Laulavad n\u00e4itlejad Anne Maasik ja Heiki-Rein Veromann. Mootorilda nel\u00e4 ts\u00f5\u00f5riga s\u00f5iduriistu m\u00e4est alla kupatamin\u00f5 20.00 Iga-aastane P\u00f5lva linna p\u00e4evade s\u00fcndmus: kesklinnas s\u00f5idavad suurest m\u00e4est alla igasugused p\u00f5nevad s\u00f5iduriistad. [&hellip;]\" \/>\n<meta property=\"og:url\" content=\"https:\/\/umapido.ee\/et\/pido-2010\/paevakava\/\" \/>\n<meta property=\"og:site_name\" content=\"Uma Pido\" \/>\n<meta property=\"article:publisher\" content=\"https:\/\/www.facebook.com\/UmaPido-278039651663\/\" \/>\n<meta property=\"article:modified_time\" content=\"2018-04-18T12:39:52+00:00\" \/>\n<meta name=\"twitter:card\" content=\"summary_large_image\" \/>\n<meta name=\"twitter:label1\" content=\"Est. reading time\" \/>\n\t<meta name=\"twitter:data1\" content=\"3 minutit\" \/>\n<script type=\"application\/ld+json\" class=\"yoast-schema-graph\">{\"@context\":\"https:\\\/\\\/schema.org\",\"@graph\":[{\"@type\":\"WebPage\",\"@id\":\"https:\\\/\\\/umapido.ee\\\/et\\\/pido-2010\\\/paevakava\\\/\",\"url\":\"https:\\\/\\\/umapido.ee\\\/et\\\/pido-2010\\\/paevakava\\\/\",\"name\":\"P\u00e4evakava - Uma Pido\",\"isPartOf\":{\"@id\":\"https:\\\/\\\/umapido.ee\\\/#website\"},\"datePublished\":\"2017-10-11T11:36:56+00:00\",\"dateModified\":\"2018-04-18T12:39:52+00:00\",\"breadcrumb\":{\"@id\":\"https:\\\/\\\/umapido.ee\\\/et\\\/pido-2010\\\/paevakava\\\/#breadcrumb\"},\"inLanguage\":\"et\",\"potentialAction\":[{\"@type\":\"ReadAction\",\"target\":[\"https:\\\/\\\/umapido.ee\\\/et\\\/pido-2010\\\/paevakava\\\/\"]}]},{\"@type\":\"BreadcrumbList\",\"@id\":\"https:\\\/\\\/umapido.ee\\\/et\\\/pido-2010\\\/paevakava\\\/#breadcrumb\",\"itemListElement\":[{\"@type\":\"ListItem\",\"position\":1,\"name\":\"Home\",\"item\":\"https:\\\/\\\/umapido.ee\\\/et\\\/\"},{\"@type\":\"ListItem\",\"position\":2,\"name\":\"Pido 2010\",\"item\":\"https:\\\/\\\/umapido.ee\\\/et\\\/pido-2010\\\/\"},{\"@type\":\"ListItem\",\"position\":3,\"name\":\"P\u00e4evakava\"}]},{\"@type\":\"WebSite\",\"@id\":\"https:\\\/\\\/umapido.ee\\\/#website\",\"url\":\"https:\\\/\\\/umapido.ee\\\/\",\"name\":\"Uma Pido\",\"description\":\"V\u00f5rokeeline laulu- ja rahvapido\",\"potentialAction\":[{\"@type\":\"SearchAction\",\"target\":{\"@type\":\"EntryPoint\",\"urlTemplate\":\"https:\\\/\\\/umapido.ee\\\/?s={search_term_string}\"},\"query-input\":{\"@type\":\"PropertyValueSpecification\",\"valueRequired\":true,\"valueName\":\"search_term_string\"}}],\"inLanguage\":\"et\"}]}<\/script>\n<!-- \/ Yoast SEO plugin. -->","yoast_head_json":{"title":"P\u00e4evakava - Uma Pido","robots":{"index":"index","follow":"follow","max-snippet":"max-snippet:-1","max-image-preview":"max-image-preview:large","max-video-preview":"max-video-preview:-1"},"canonical":"https:\/\/umapido.ee\/et\/pido-2010\/paevakava\/","og_locale":"et_EE","og_type":"article","og_title":"P\u00e4evakava - Uma Pido","og_description":"UMA PIDO KAVA Reede, 28. mai 2010 PIDO NAKATUSP\u00c4IV Konts\u00f5rdi&#8217; P\u00f5lva Maarja kerikun 18.00 Laulavad E Stuudio t\u00fctarlastekoor (P\u00f5lva), Mitte-Riinimanda segakoor (Rapla) ja segakoor Hilaro (V\u00f5ru). 23.00 Laulavad n\u00e4itlejad Anne Maasik ja Heiki-Rein Veromann. Mootorilda nel\u00e4 ts\u00f5\u00f5riga s\u00f5iduriistu m\u00e4est alla kupatamin\u00f5 20.00 Iga-aastane P\u00f5lva linna p\u00e4evade s\u00fcndmus: kesklinnas s\u00f5idavad suurest m\u00e4est alla igasugused p\u00f5nevad s\u00f5iduriistad. [&hellip;]","og_url":"https:\/\/umapido.ee\/et\/pido-2010\/paevakava\/","og_site_name":"Uma Pido","article_publisher":"https:\/\/www.facebook.com\/UmaPido-278039651663\/","article_modified_time":"2018-04-18T12:39:52+00:00","twitter_card":"summary_large_image","twitter_misc":{"Est. reading time":"3 minutit"},"schema":{"@context":"https:\/\/schema.org","@graph":[{"@type":"WebPage","@id":"https:\/\/umapido.ee\/et\/pido-2010\/paevakava\/","url":"https:\/\/umapido.ee\/et\/pido-2010\/paevakava\/","name":"P\u00e4evakava - Uma Pido","isPartOf":{"@id":"https:\/\/umapido.ee\/#website"},"datePublished":"2017-10-11T11:36:56+00:00","dateModified":"2018-04-18T12:39:52+00:00","breadcrumb":{"@id":"https:\/\/umapido.ee\/et\/pido-2010\/paevakava\/#breadcrumb"},"inLanguage":"et","potentialAction":[{"@type":"ReadAction","target":["https:\/\/umapido.ee\/et\/pido-2010\/paevakava\/"]}]},{"@type":"BreadcrumbList","@id":"https:\/\/umapido.ee\/et\/pido-2010\/paevakava\/#breadcrumb","itemListElement":[{"@type":"ListItem","position":1,"name":"Home","item":"https:\/\/umapido.ee\/et\/"},{"@type":"ListItem","position":2,"name":"Pido 2010","item":"https:\/\/umapido.ee\/et\/pido-2010\/"},{"@type":"ListItem","position":3,"name":"P\u00e4evakava"}]},{"@type":"WebSite","@id":"https:\/\/umapido.ee\/#website","url":"https:\/\/umapido.ee\/","name":"Uma Pido","description":"V\u00f5rokeeline laulu- ja rahvapido","potentialAction":[{"@type":"SearchAction","target":{"@type":"EntryPoint","urlTemplate":"https:\/\/umapido.ee\/?s={search_term_string}"},"query-input":{"@type":"PropertyValueSpecification","valueRequired":true,"valueName":"search_term_string"}}],"inLanguage":"et"}]}},"_links":{"self":[{"href":"https:\/\/umapido.ee\/et\/wp-json\/wp\/v2\/pages\/650","targetHints":{"allow":["GET"]}}],"collection":[{"href":"https:\/\/umapido.ee\/et\/wp-json\/wp\/v2\/pages"}],"about":[{"href":"https:\/\/umapido.ee\/et\/wp-json\/wp\/v2\/types\/page"}],"author":[{"embeddable":true,"href":"https:\/\/umapido.ee\/et\/wp-json\/wp\/v2\/users\/1"}],"replies":[{"embeddable":true,"href":"https:\/\/umapido.ee\/et\/wp-json\/wp\/v2\/comments?post=650"}],"version-history":[{"count":2,"href":"https:\/\/umapido.ee\/et\/wp-json\/wp\/v2\/pages\/650\/revisions"}],"predecessor-version":[{"id":1271,"href":"https:\/\/umapido.ee\/et\/wp-json\/wp\/v2\/pages\/650\/revisions\/1271"}],"up":[{"embeddable":true,"href":"https:\/\/umapido.ee\/et\/wp-json\/wp\/v2\/pages\/604"}],"wp:attachment":[{"href":"https:\/\/umapido.ee\/et\/wp-json\/wp\/v2\/media?parent=650"}],"curies":[{"name":"wp","href":"https:\/\/api.w.org\/{rel}","templated":true}]}}