{"id":608,"date":"2017-10-11T14:23:51","date_gmt":"2017-10-11T11:23:51","guid":{"rendered":"https:\/\/umapido.ee\/?page_id=608"},"modified":"2017-10-11T14:23:51","modified_gmt":"2017-10-11T11:23:51","slug":"uudised","status":"publish","type":"page","link":"https:\/\/umapido.ee\/et\/pido-2010\/uudised\/","title":{"rendered":"Uudised"},"content":{"rendered":"<p><a href=\"https:\/\/umapido.ee\/wp-content\/uploads\/2017\/10\/v_35.pdf\" target=\"_blank\" rel=\"noopener\">Osta saab II Uma DVD-d<\/a><\/p>\n<p><a href=\"https:\/\/umapido.ee\/wp-content\/uploads\/2017\/10\/v_34.pdf\" target=\"_blank\" rel=\"noopener\">24. septembril tuleb II Uma Pido DVD esitluspidu R\u00e4pinas!<\/a><\/p>\n<p><a href=\"https:\/\/umapido.ee\/wp-content\/uploads\/2017\/10\/e_33.pdf\" target=\"_blank\" rel=\"noopener\">V\u00f5ru Instituudist saab Uma Pido s\u00e4rke, plakateid, kavavihikuid.<\/a> Vaata, millised plakatid v\u00e4lja n\u00e4evad: <a href=\"https:\/\/umapido.ee\/wp-content\/uploads\/2017\/10\/a4_2010.pdf\" target=\"_blank\" rel=\"noopener\">A4 plakat<\/a>, <a href=\"https:\/\/umapido.ee\/wp-content\/uploads\/2017\/10\/a2_2010.pdf\" target=\"_blank\" rel=\"noopener\">A2 plakat<\/a>, <a href=\"https:\/\/umapido.ee\/wp-content\/uploads\/2017\/10\/bussipeatuse_plakat.pdf\" target=\"_blank\" rel=\"noopener\">bussipeatuse plakat<\/a>.<\/p>\n<p><a href=\"https:\/\/umapido.ee\/wp-content\/uploads\/2017\/10\/e_32.pdf\" target=\"_blank\" rel=\"noopener\">Uma Pido peakontserdist v\u00f5ttis 7000 inimest<\/a><\/p>\n<p><a href=\"https:\/\/umapido.ee\/wp-content\/uploads\/2017\/10\/e_31.pdf\" target=\"_blank\" rel=\"noopener\">Juba homme peetakse 3300 lauljaga Uma Pido<\/a><\/p>\n<p><a href=\"https:\/\/umapido.ee\/wp-content\/uploads\/2017\/10\/e_29.pdf\" target=\"_blank\" rel=\"noopener\">Uma Pido nakatusp\u00e4\u00e4v\u00e4l kogutakse peotulele v\u00e4ge<\/a><\/p>\n<p><a href=\"https:\/\/umapido.ee\/wp-content\/uploads\/2017\/10\/e_28.pdf\" target=\"_blank\" rel=\"noopener\">Noored p\u00f5imisid Uma Pido kuue kilomeetri jagu l\u00e4hemale<\/a><\/p>\n<p><a href=\"https:\/\/umapido.ee\/wp-content\/uploads\/2017\/10\/e_27.pdf\" target=\"_blank\" rel=\"noopener\">Uma Pido ootab Vana V\u00f5romaa kihlkondade rahvariietes abilisi!<\/a><\/p>\n<p><a href=\"https:\/\/umapido.ee\/wp-content\/uploads\/2017\/10\/e_26.pdf\" target=\"_blank\" rel=\"noopener\">Uma Laul t\u00f5i Pokukoja rahvast puup\u00fcsti t\u00e4is<\/a><\/p>\n<p><a href=\"https:\/\/umapido.ee\/wp-content\/uploads\/2017\/10\/e_25.pdf\" target=\"_blank\" rel=\"noopener\">Motoriseerimata neljarattaliste s\u00f5idukite laskumine P\u00f5lvas 28. mail<\/a><\/p>\n<p><a href=\"https:\/\/umapido.ee\/wp-content\/uploads\/2017\/10\/uma_laul_kontsert.pdf\" target=\"_blank\" rel=\"noopener\">30. aprillil 2010 valitakse parimad uued v\u00f5rokeelsed laulud<\/a><\/p>\n<p><a href=\"https:\/\/umapido.ee\/wp-content\/uploads\/2017\/10\/ev_23.pdf\" target=\"_blank\" rel=\"noopener\">Oodatakse abilisi 28. maiks Taevaskotta Uma Pido tuld hoidma<\/a><\/p>\n<p><a href=\"https:\/\/umapido.ee\/wp-content\/uploads\/2017\/10\/e_22.pdf\" target=\"_blank\" rel=\"noopener\">Valminud on II Uma Pido s\u00fcmbolpill &#8211; l\u00f5\u00f5tspill<\/a><\/p>\n<p><a href=\"https:\/\/umapido.ee\/wp-content\/uploads\/2017\/10\/e_21.pdf\" target=\"_blank\" rel=\"noopener\">Aprillikuu Uma Pido lauluproovid ja koondproovide info naisil\u00f5 nurm\u00f5st ja miihile m\u00f5tsast!<\/a><\/p>\n<p><a href=\"https:\/\/umapido.ee\/wp-content\/uploads\/2017\/10\/ev_20.pdf\" target=\"_blank\" rel=\"noopener\">3 parimat l\u00f5ugahus\u00f5 jakku<\/a><\/p>\n<p><a href=\"https:\/\/umapido.ee\/wp-content\/uploads\/2017\/10\/e_19.pdf\" target=\"_blank\" rel=\"noopener\">27. m\u00e4rtsil jagatakse P\u00f5lvas Uma Pido l\u00f5ugahus\u00f5 konkursi auhindu<\/a><\/p>\n<p><a href=\"https:\/\/umapido.ee\/wp-content\/uploads\/2017\/10\/ev_18.pdf\" target=\"_blank\" rel=\"noopener\">Uma Pido p\u00e4evaprogramm ootab esinemissoove!<\/a><\/p>\n<p><a href=\"https:\/\/umapido.ee\/wp-content\/uploads\/2017\/10\/ev_17.pdf\" target=\"_blank\" rel=\"noopener\">M\u00e4rtsi- ja aprillikuu Uma Pido lauluproovid naisil\u00f5 nurm\u00f5st ja miihile m\u00f5tsast<\/a><\/p>\n<p><a href=\"https:\/\/umapido.ee\/wp-content\/uploads\/2017\/10\/uma_laul_info_est.pdf\" target=\"_blank\" rel=\"noopener\">Uma Laulu v\u00f5istlus<\/a><\/p>\n<p><a href=\"https:\/\/umapido.ee\/wp-content\/uploads\/2017\/10\/ev_16.pdf\" target=\"_blank\" rel=\"noopener\">Uma Pido laat ootab kauplejaid!<\/a><\/p>\n<p><a href=\"https:\/\/umapido.ee\/wp-content\/uploads\/2017\/10\/e_14.pdf\" target=\"_blank\" rel=\"noopener\">Umale Pidole oodatakse &#8220;konnakoore&#8221;<\/a><\/p>\n<p><a href=\"https:\/\/umapido.ee\/wp-content\/uploads\/2017\/10\/e_15.pdf\" target=\"_blank\" rel=\"noopener\">Konkurss peo tunnuslause arenduste saamiseks<\/a><\/p>\n<p><a href=\"https:\/\/umapido.ee\/wp-content\/uploads\/2017\/10\/e_13.pdf\" target=\"_blank\" rel=\"noopener\">Veebruarikuu Uma Pido lauluproovid naisil\u00f5 nurm\u00f5st!<\/a><\/p>\n<p><a href=\"https:\/\/umapido.ee\/wp-content\/uploads\/2017\/10\/e_12.pdf\" target=\"_blank\" rel=\"noopener\">II Uma Pido memm Marje Metsur valis kaks noort kaaspeojuhtideks<\/a><\/p>\n<p><a href=\"https:\/\/umapido.ee\/wp-content\/uploads\/2017\/10\/e_11.pdf\" target=\"_blank\" rel=\"noopener\">Umale Pidole on registreerunud 106 koori ligi 2500 lauljaga<\/a><\/p>\n<p><a href=\"https:\/\/umapido.ee\/wp-content\/uploads\/2017\/10\/e_10.pdf\" target=\"_blank\" rel=\"noopener\">Jaanuarikuu Uma Pido lauluproovid naisil\u00f5 nurm\u00f5st ja miihile m\u00f5tsast!<\/a><\/p>\n<p>&lt;h3&gt;2009&lt;\/h3&gt;<\/p>\n<p><a href=\"https:\/\/umapido.ee\/wp-content\/uploads\/2017\/10\/e_09.pdf\" target=\"_blank\" rel=\"noopener\">J\u00f5ulukuu Uma Pido lauluproovid naisil\u00f5 nurm\u00f5st ja miihile m\u00f5tsast!<\/a><\/p>\n<p><a href=\"https:\/\/umapido.ee\/wp-content\/uploads\/2017\/10\/uudistearhiiv_e08.pdf\" target=\"_blank\" rel=\"noopener\">Konkurss kahe peojuhi leidmiseks<\/a>. <a href=\"https:\/\/umapido.ee\/wp-content\/uploads\/2017\/10\/teksti_konkursis.pdf\" target=\"_blank\" rel=\"noopener\">Luuletuste valik<\/a>.<\/p>\n<p><a href=\"https:\/\/umapido.ee\/wp-content\/uploads\/2017\/10\/uudistearhiiv_e_07.pdf\" target=\"_blank\" rel=\"noopener\">Alustatakse Uma Pido lauluproovidega \/naisil\u00f5 nurm\u00f5lt\/ ja \/miihile m\u00f5tsast\/<\/a><\/p>\n<p><a href=\"https:\/\/umapido.ee\/wp-content\/uploads\/2017\/10\/uudistearhiiv_e_06.pdf\" target=\"_blank\" rel=\"noopener\">P\u00e4\u00e4le naas&#8217; kirjapandmin\u00f5 II Umal\u00f5 Pidol\u00f5!<\/a><\/p>\n<p><a href=\"https:\/\/umapido.ee\/wp-content\/uploads\/2017\/10\/uudistearhiiv_e_05.pdf\" target=\"_blank\" rel=\"noopener\">Eelteade: kutsume naisi ja mehi Umale Pidole laulma!<\/a><\/p>\n<p><a href=\"https:\/\/umapido.ee\/wp-content\/uploads\/2017\/10\/uudistearhiiv_e_04.pdf\" target=\"_blank\" rel=\"noopener\">P\u00f5lva ja V\u00f5ru maakonna kooride \u00fchine kev\u00e4j\u00e4konts\u00f5rt P\u00f5lvas<\/a><\/p>\n<p><a href=\"https:\/\/umapido.ee\/wp-content\/uploads\/2017\/10\/uudistearhiiv_e_03.pdf\" target=\"_blank\" rel=\"noopener\">II Uma Pido lavastaja on Raivo Trass<\/a><\/p>\n<p><a href=\"https:\/\/umapido.ee\/wp-content\/uploads\/2017\/10\/uudistearhiiv_e_02.pdf\" target=\"_blank\" rel=\"noopener\">Valmis on saanud Uma Pido DVD!<\/a><\/p>\n<p><a href=\"https:\/\/umapido.ee\/wp-content\/uploads\/2017\/10\/uudistearhiiv_e_01.pdf\" target=\"_blank\" rel=\"noopener\">V\u00f5rukeelsete koorilaulude ja -seadete konkurss<\/a><\/p>\n","protected":false},"excerpt":{"rendered":"<p>Osta saab II Uma DVD-d 24. septembril tuleb II Uma Pido DVD esitluspidu R\u00e4pinas! V\u00f5ru Instituudist saab Uma Pido s\u00e4rke, plakateid, kavavihikuid. Vaata, millised plakatid v\u00e4lja n\u00e4evad: A4 plakat, A2 plakat, bussipeatuse plakat. Uma Pido peakontserdist v\u00f5ttis 7000 inimest Juba homme peetakse 3300 lauljaga Uma Pido Uma Pido nakatusp\u00e4\u00e4v\u00e4l kogutakse peotulele v\u00e4ge Noored p\u00f5imisid Uma [&hellip;]<\/p>\n","protected":false},"author":1,"featured_media":0,"parent":604,"menu_order":0,"comment_status":"closed","ping_status":"closed","template":"","meta":{"footnotes":""},"class_list":["post-608","page","type-page","status-publish","hentry"],"yoast_head":"<!-- This site is optimized with the Yoast SEO plugin v27.5 - https:\/\/yoast.com\/product\/yoast-seo-wordpress\/ -->\n<title>Uudised - Uma Pido<\/title>\n<meta name=\"robots\" content=\"index, follow, max-snippet:-1, max-image-preview:large, max-video-preview:-1\" \/>\n<link rel=\"canonical\" href=\"https:\/\/umapido.ee\/et\/pido-2010\/uudised\/\" \/>\n<meta property=\"og:locale\" content=\"et_EE\" \/>\n<meta property=\"og:type\" content=\"article\" \/>\n<meta property=\"og:title\" content=\"Uudised - Uma Pido\" \/>\n<meta property=\"og:description\" content=\"Osta saab II Uma DVD-d 24. septembril tuleb II Uma Pido DVD esitluspidu R\u00e4pinas! V\u00f5ru Instituudist saab Uma Pido s\u00e4rke, plakateid, kavavihikuid. Vaata, millised plakatid v\u00e4lja n\u00e4evad: A4 plakat, A2 plakat, bussipeatuse plakat. Uma Pido peakontserdist v\u00f5ttis 7000 inimest Juba homme peetakse 3300 lauljaga Uma Pido Uma Pido nakatusp\u00e4\u00e4v\u00e4l kogutakse peotulele v\u00e4ge Noored p\u00f5imisid Uma [&hellip;]\" \/>\n<meta property=\"og:url\" content=\"https:\/\/umapido.ee\/et\/pido-2010\/uudised\/\" \/>\n<meta property=\"og:site_name\" content=\"Uma Pido\" \/>\n<meta property=\"article:publisher\" content=\"https:\/\/www.facebook.com\/UmaPido-278039651663\/\" \/>\n<meta name=\"twitter:card\" content=\"summary_large_image\" \/>\n<meta name=\"twitter:label1\" content=\"Est. reading time\" \/>\n\t<meta name=\"twitter:data1\" content=\"2 minutit\" \/>\n<script type=\"application\/ld+json\" class=\"yoast-schema-graph\">{\"@context\":\"https:\\\/\\\/schema.org\",\"@graph\":[{\"@type\":\"WebPage\",\"@id\":\"https:\\\/\\\/umapido.ee\\\/et\\\/pido-2010\\\/uudised\\\/\",\"url\":\"https:\\\/\\\/umapido.ee\\\/et\\\/pido-2010\\\/uudised\\\/\",\"name\":\"Uudised - Uma Pido\",\"isPartOf\":{\"@id\":\"https:\\\/\\\/umapido.ee\\\/#website\"},\"datePublished\":\"2017-10-11T11:23:51+00:00\",\"breadcrumb\":{\"@id\":\"https:\\\/\\\/umapido.ee\\\/et\\\/pido-2010\\\/uudised\\\/#breadcrumb\"},\"inLanguage\":\"et\",\"potentialAction\":[{\"@type\":\"ReadAction\",\"target\":[\"https:\\\/\\\/umapido.ee\\\/et\\\/pido-2010\\\/uudised\\\/\"]}]},{\"@type\":\"BreadcrumbList\",\"@id\":\"https:\\\/\\\/umapido.ee\\\/et\\\/pido-2010\\\/uudised\\\/#breadcrumb\",\"itemListElement\":[{\"@type\":\"ListItem\",\"position\":1,\"name\":\"Home\",\"item\":\"https:\\\/\\\/umapido.ee\\\/et\\\/\"},{\"@type\":\"ListItem\",\"position\":2,\"name\":\"Pido 2010\",\"item\":\"https:\\\/\\\/umapido.ee\\\/et\\\/pido-2010\\\/\"},{\"@type\":\"ListItem\",\"position\":3,\"name\":\"Uudised\"}]},{\"@type\":\"WebSite\",\"@id\":\"https:\\\/\\\/umapido.ee\\\/#website\",\"url\":\"https:\\\/\\\/umapido.ee\\\/\",\"name\":\"Uma Pido\",\"description\":\"V\u00f5rokeeline laulu- ja rahvapido\",\"potentialAction\":[{\"@type\":\"SearchAction\",\"target\":{\"@type\":\"EntryPoint\",\"urlTemplate\":\"https:\\\/\\\/umapido.ee\\\/?s={search_term_string}\"},\"query-input\":{\"@type\":\"PropertyValueSpecification\",\"valueRequired\":true,\"valueName\":\"search_term_string\"}}],\"inLanguage\":\"et\"}]}<\/script>\n<!-- \/ Yoast SEO plugin. -->","yoast_head_json":{"title":"Uudised - Uma Pido","robots":{"index":"index","follow":"follow","max-snippet":"max-snippet:-1","max-image-preview":"max-image-preview:large","max-video-preview":"max-video-preview:-1"},"canonical":"https:\/\/umapido.ee\/et\/pido-2010\/uudised\/","og_locale":"et_EE","og_type":"article","og_title":"Uudised - Uma Pido","og_description":"Osta saab II Uma DVD-d 24. septembril tuleb II Uma Pido DVD esitluspidu R\u00e4pinas! V\u00f5ru Instituudist saab Uma Pido s\u00e4rke, plakateid, kavavihikuid. Vaata, millised plakatid v\u00e4lja n\u00e4evad: A4 plakat, A2 plakat, bussipeatuse plakat. Uma Pido peakontserdist v\u00f5ttis 7000 inimest Juba homme peetakse 3300 lauljaga Uma Pido Uma Pido nakatusp\u00e4\u00e4v\u00e4l kogutakse peotulele v\u00e4ge Noored p\u00f5imisid Uma [&hellip;]","og_url":"https:\/\/umapido.ee\/et\/pido-2010\/uudised\/","og_site_name":"Uma Pido","article_publisher":"https:\/\/www.facebook.com\/UmaPido-278039651663\/","twitter_card":"summary_large_image","twitter_misc":{"Est. reading time":"2 minutit"},"schema":{"@context":"https:\/\/schema.org","@graph":[{"@type":"WebPage","@id":"https:\/\/umapido.ee\/et\/pido-2010\/uudised\/","url":"https:\/\/umapido.ee\/et\/pido-2010\/uudised\/","name":"Uudised - Uma Pido","isPartOf":{"@id":"https:\/\/umapido.ee\/#website"},"datePublished":"2017-10-11T11:23:51+00:00","breadcrumb":{"@id":"https:\/\/umapido.ee\/et\/pido-2010\/uudised\/#breadcrumb"},"inLanguage":"et","potentialAction":[{"@type":"ReadAction","target":["https:\/\/umapido.ee\/et\/pido-2010\/uudised\/"]}]},{"@type":"BreadcrumbList","@id":"https:\/\/umapido.ee\/et\/pido-2010\/uudised\/#breadcrumb","itemListElement":[{"@type":"ListItem","position":1,"name":"Home","item":"https:\/\/umapido.ee\/et\/"},{"@type":"ListItem","position":2,"name":"Pido 2010","item":"https:\/\/umapido.ee\/et\/pido-2010\/"},{"@type":"ListItem","position":3,"name":"Uudised"}]},{"@type":"WebSite","@id":"https:\/\/umapido.ee\/#website","url":"https:\/\/umapido.ee\/","name":"Uma Pido","description":"V\u00f5rokeeline laulu- ja rahvapido","potentialAction":[{"@type":"SearchAction","target":{"@type":"EntryPoint","urlTemplate":"https:\/\/umapido.ee\/?s={search_term_string}"},"query-input":{"@type":"PropertyValueSpecification","valueRequired":true,"valueName":"search_term_string"}}],"inLanguage":"et"}]}},"_links":{"self":[{"href":"https:\/\/umapido.ee\/et\/wp-json\/wp\/v2\/pages\/608","targetHints":{"allow":["GET"]}}],"collection":[{"href":"https:\/\/umapido.ee\/et\/wp-json\/wp\/v2\/pages"}],"about":[{"href":"https:\/\/umapido.ee\/et\/wp-json\/wp\/v2\/types\/page"}],"author":[{"embeddable":true,"href":"https:\/\/umapido.ee\/et\/wp-json\/wp\/v2\/users\/1"}],"replies":[{"embeddable":true,"href":"https:\/\/umapido.ee\/et\/wp-json\/wp\/v2\/comments?post=608"}],"version-history":[{"count":1,"href":"https:\/\/umapido.ee\/et\/wp-json\/wp\/v2\/pages\/608\/revisions"}],"predecessor-version":[{"id":648,"href":"https:\/\/umapido.ee\/et\/wp-json\/wp\/v2\/pages\/608\/revisions\/648"}],"up":[{"embeddable":true,"href":"https:\/\/umapido.ee\/et\/wp-json\/wp\/v2\/pages\/604"}],"wp:attachment":[{"href":"https:\/\/umapido.ee\/et\/wp-json\/wp\/v2\/media?parent=608"}],"curies":[{"name":"wp","href":"https:\/\/api.w.org\/{rel}","templated":true}]}}