{"id":604,"date":"2017-10-11T13:57:38","date_gmt":"2017-10-11T10:57:38","guid":{"rendered":"https:\/\/umapido.ee\/?page_id=604"},"modified":"2017-10-11T13:58:47","modified_gmt":"2017-10-11T10:58:47","slug":"pido-2010","status":"publish","type":"page","link":"https:\/\/umapido.ee\/et\/pido-2010\/","title":{"rendered":"Pido 2010"},"content":{"rendered":"<h3>H\u00e4\u00e4d Uma Pido s\u00f5brad!<\/h3>\n<p>2008. aasta kevadel V\u00f5ru linnas ja Kubija laululaval toimunud Umale Pidole j\u00e4rgnes n\u00fc\u00fcd, 29. mail 2010 teine pidu P\u00f5lvas Intsikurmus. Korraldajate soov on, et nii hakkakski olema \u2013 uus Uma Pido vaheldumisi V\u00f5ru ja P\u00f5lva maakonnas! P\u00e4rast m\u00f5ningast arutamist, kas teha kolmas pidu 2012. v\u00f5i 2013. aasta kevadel, otsustati, et paras aeg kolmandaks Umaks Pidoks on 1. juunil 2013.<\/p>\n<p>Teino Uma Pido tegi r\u00f5\u00f5msaks nii lauljate, vaatajate kui tegijate meele. Oli t\u00f5esti ilus pidu see Intsikurmu-pidu! Peol oli kokku 7000 inimest, kui arvestada lauljad, tantsijad ja vaatajad-kuulajad kokku. Peol l\u00e4ks korda tuua esile vana V\u00f5romaa kihelkondlik vaim, r\u00f5hutada oma juurte t\u00e4htsust ja l\u00f5unaeestilist humoorikat maailmavaadet. Rajoonipiirid meid ei pidanud &#8211; kogu aeg oli tunda maakonnapiiridest \u00fcle olevat, kultuuriruumi-p\u00f5hjalist \u00fchtsustunnet.<\/p>\n<p>Pidu sai t\u00f5elise hoo t\u00e4nu k\u00f5igile lauljatele, tantsijatele, koori- ja tantsujuhtidele, laulude tegijatele, vabatahtlikele, sponsoritele, abilistele, n\u00f5uandjatele, kaasam\u00f5tlejatele, s\u00f5pradele, laadalistele, tulehoidjatele, kaasal\u00f6\u00f6jatele, pealtvaatajatele. Ait\u00e4h k\u00f5igile!<\/p>\n<p>Ja veel, lingid Umal Pidol tehtud fotodele leiate peo blogist!<\/p>\n<p>Uma Pido korraldajad<\/p>\n<p>VAATA KA UMA PIDO BLOGI: <a href=\"http:\/\/umapido.wordpress.com\" target=\"_blank\" rel=\"noopener\">http:\/\/umapido.wordpress.com<\/a><\/p>\n","protected":false},"excerpt":{"rendered":"<p>H\u00e4\u00e4d Uma Pido s\u00f5brad! 2008. aasta kevadel V\u00f5ru linnas ja Kubija laululaval toimunud Umale Pidole j\u00e4rgnes n\u00fc\u00fcd, 29. mail 2010 teine pidu P\u00f5lvas Intsikurmus. Korraldajate soov on, et nii hakkakski olema \u2013 uus Uma Pido vaheldumisi V\u00f5ru ja P\u00f5lva maakonnas! P\u00e4rast m\u00f5ningast arutamist, kas teha kolmas pidu 2012. v\u00f5i 2013. aasta kevadel, otsustati, et paras [&hellip;]<\/p>\n","protected":false},"author":1,"featured_media":0,"parent":0,"menu_order":0,"comment_status":"closed","ping_status":"closed","template":"","meta":{"footnotes":""},"class_list":["post-604","page","type-page","status-publish","hentry"],"yoast_head":"<!-- This site is optimized with the Yoast SEO plugin v27.4 - https:\/\/yoast.com\/product\/yoast-seo-wordpress\/ -->\n<title>Pido 2010 - Uma Pido<\/title>\n<meta name=\"robots\" content=\"index, follow, max-snippet:-1, max-image-preview:large, max-video-preview:-1\" \/>\n<link rel=\"canonical\" href=\"https:\/\/umapido.ee\/et\/pido-2010\/\" \/>\n<meta property=\"og:locale\" content=\"et_EE\" \/>\n<meta property=\"og:type\" content=\"article\" \/>\n<meta property=\"og:title\" content=\"Pido 2010 - Uma Pido\" \/>\n<meta property=\"og:description\" content=\"H\u00e4\u00e4d Uma Pido s\u00f5brad! 2008. aasta kevadel V\u00f5ru linnas ja Kubija laululaval toimunud Umale Pidole j\u00e4rgnes n\u00fc\u00fcd, 29. mail 2010 teine pidu P\u00f5lvas Intsikurmus. Korraldajate soov on, et nii hakkakski olema \u2013 uus Uma Pido vaheldumisi V\u00f5ru ja P\u00f5lva maakonnas! P\u00e4rast m\u00f5ningast arutamist, kas teha kolmas pidu 2012. v\u00f5i 2013. aasta kevadel, otsustati, et paras [&hellip;]\" \/>\n<meta property=\"og:url\" content=\"https:\/\/umapido.ee\/et\/pido-2010\/\" \/>\n<meta property=\"og:site_name\" content=\"Uma Pido\" \/>\n<meta property=\"article:publisher\" content=\"https:\/\/www.facebook.com\/UmaPido-278039651663\/\" \/>\n<meta property=\"article:modified_time\" content=\"2017-10-11T10:58:47+00:00\" \/>\n<meta name=\"twitter:card\" content=\"summary_large_image\" \/>\n<meta name=\"twitter:label1\" content=\"Est. reading time\" \/>\n\t<meta name=\"twitter:data1\" content=\"1 minut\" \/>\n<script type=\"application\/ld+json\" class=\"yoast-schema-graph\">{\"@context\":\"https:\\\/\\\/schema.org\",\"@graph\":[{\"@type\":\"WebPage\",\"@id\":\"https:\\\/\\\/umapido.ee\\\/et\\\/pido-2010\\\/\",\"url\":\"https:\\\/\\\/umapido.ee\\\/et\\\/pido-2010\\\/\",\"name\":\"Pido 2010 - Uma Pido\",\"isPartOf\":{\"@id\":\"https:\\\/\\\/umapido.ee\\\/#website\"},\"datePublished\":\"2017-10-11T10:57:38+00:00\",\"dateModified\":\"2017-10-11T10:58:47+00:00\",\"breadcrumb\":{\"@id\":\"https:\\\/\\\/umapido.ee\\\/et\\\/pido-2010\\\/#breadcrumb\"},\"inLanguage\":\"et\",\"potentialAction\":[{\"@type\":\"ReadAction\",\"target\":[\"https:\\\/\\\/umapido.ee\\\/et\\\/pido-2010\\\/\"]}]},{\"@type\":\"BreadcrumbList\",\"@id\":\"https:\\\/\\\/umapido.ee\\\/et\\\/pido-2010\\\/#breadcrumb\",\"itemListElement\":[{\"@type\":\"ListItem\",\"position\":1,\"name\":\"Home\",\"item\":\"https:\\\/\\\/umapido.ee\\\/et\\\/\"},{\"@type\":\"ListItem\",\"position\":2,\"name\":\"Pido 2010\"}]},{\"@type\":\"WebSite\",\"@id\":\"https:\\\/\\\/umapido.ee\\\/#website\",\"url\":\"https:\\\/\\\/umapido.ee\\\/\",\"name\":\"Uma Pido\",\"description\":\"V\u00f5rokeeline laulu- ja rahvapido\",\"potentialAction\":[{\"@type\":\"SearchAction\",\"target\":{\"@type\":\"EntryPoint\",\"urlTemplate\":\"https:\\\/\\\/umapido.ee\\\/?s={search_term_string}\"},\"query-input\":{\"@type\":\"PropertyValueSpecification\",\"valueRequired\":true,\"valueName\":\"search_term_string\"}}],\"inLanguage\":\"et\"}]}<\/script>\n<!-- \/ Yoast SEO plugin. -->","yoast_head_json":{"title":"Pido 2010 - Uma Pido","robots":{"index":"index","follow":"follow","max-snippet":"max-snippet:-1","max-image-preview":"max-image-preview:large","max-video-preview":"max-video-preview:-1"},"canonical":"https:\/\/umapido.ee\/et\/pido-2010\/","og_locale":"et_EE","og_type":"article","og_title":"Pido 2010 - Uma Pido","og_description":"H\u00e4\u00e4d Uma Pido s\u00f5brad! 2008. aasta kevadel V\u00f5ru linnas ja Kubija laululaval toimunud Umale Pidole j\u00e4rgnes n\u00fc\u00fcd, 29. mail 2010 teine pidu P\u00f5lvas Intsikurmus. Korraldajate soov on, et nii hakkakski olema \u2013 uus Uma Pido vaheldumisi V\u00f5ru ja P\u00f5lva maakonnas! P\u00e4rast m\u00f5ningast arutamist, kas teha kolmas pidu 2012. v\u00f5i 2013. aasta kevadel, otsustati, et paras [&hellip;]","og_url":"https:\/\/umapido.ee\/et\/pido-2010\/","og_site_name":"Uma Pido","article_publisher":"https:\/\/www.facebook.com\/UmaPido-278039651663\/","article_modified_time":"2017-10-11T10:58:47+00:00","twitter_card":"summary_large_image","twitter_misc":{"Est. reading time":"1 minut"},"schema":{"@context":"https:\/\/schema.org","@graph":[{"@type":"WebPage","@id":"https:\/\/umapido.ee\/et\/pido-2010\/","url":"https:\/\/umapido.ee\/et\/pido-2010\/","name":"Pido 2010 - Uma Pido","isPartOf":{"@id":"https:\/\/umapido.ee\/#website"},"datePublished":"2017-10-11T10:57:38+00:00","dateModified":"2017-10-11T10:58:47+00:00","breadcrumb":{"@id":"https:\/\/umapido.ee\/et\/pido-2010\/#breadcrumb"},"inLanguage":"et","potentialAction":[{"@type":"ReadAction","target":["https:\/\/umapido.ee\/et\/pido-2010\/"]}]},{"@type":"BreadcrumbList","@id":"https:\/\/umapido.ee\/et\/pido-2010\/#breadcrumb","itemListElement":[{"@type":"ListItem","position":1,"name":"Home","item":"https:\/\/umapido.ee\/et\/"},{"@type":"ListItem","position":2,"name":"Pido 2010"}]},{"@type":"WebSite","@id":"https:\/\/umapido.ee\/#website","url":"https:\/\/umapido.ee\/","name":"Uma Pido","description":"V\u00f5rokeeline laulu- ja rahvapido","potentialAction":[{"@type":"SearchAction","target":{"@type":"EntryPoint","urlTemplate":"https:\/\/umapido.ee\/?s={search_term_string}"},"query-input":{"@type":"PropertyValueSpecification","valueRequired":true,"valueName":"search_term_string"}}],"inLanguage":"et"}]}},"_links":{"self":[{"href":"https:\/\/umapido.ee\/et\/wp-json\/wp\/v2\/pages\/604","targetHints":{"allow":["GET"]}}],"collection":[{"href":"https:\/\/umapido.ee\/et\/wp-json\/wp\/v2\/pages"}],"about":[{"href":"https:\/\/umapido.ee\/et\/wp-json\/wp\/v2\/types\/page"}],"author":[{"embeddable":true,"href":"https:\/\/umapido.ee\/et\/wp-json\/wp\/v2\/users\/1"}],"replies":[{"embeddable":true,"href":"https:\/\/umapido.ee\/et\/wp-json\/wp\/v2\/comments?post=604"}],"version-history":[{"count":2,"href":"https:\/\/umapido.ee\/et\/wp-json\/wp\/v2\/pages\/604\/revisions"}],"predecessor-version":[{"id":607,"href":"https:\/\/umapido.ee\/et\/wp-json\/wp\/v2\/pages\/604\/revisions\/607"}],"wp:attachment":[{"href":"https:\/\/umapido.ee\/et\/wp-json\/wp\/v2\/media?parent=604"}],"curies":[{"name":"wp","href":"https:\/\/api.w.org\/{rel}","templated":true}]}}