{"id":600,"date":"2017-10-10T23:45:03","date_gmt":"2017-10-10T20:45:03","guid":{"rendered":"https:\/\/umapido.ee\/?page_id=600"},"modified":"2017-10-10T23:45:03","modified_gmt":"2017-10-10T20:45:03","slug":"uma-laulu-voistlus","status":"publish","type":"page","link":"https:\/\/umapido.ee\/et\/pido-2008\/uma-laulu-voistlus\/","title":{"rendered":"Uma laulu v\u00f5istlus"},"content":{"rendered":"<p><strong>Omakeelsete ja -loominguliste laulude v\u00f5istluse v\u00f5itis Aapo Ilves<\/strong><\/p>\n<p>Uma Pido korraldajad ja Eesti Kirjandusmuuseum kuulutasid m\u00e4rtsis 2008 v\u00e4lja omakeelsete ja -loominguliste uute rahvalike laulude v\u00f5istluse. Sinna oodati uusi v\u00f5rukeelseid laule, mis oleksid rahvalaulu v\u00f5i rahvaliku laulu eeskujul loodud: n\u00e4iteks v\u00f5iks laulda t\u00e4nap\u00e4evasest elust vana regilaulu vormis.<\/p>\n<p>V\u00f5istluse v\u00f5itis R\u00e4pina trubaduur Aapo Ilves lauludega &#8220;Pristan&#8221; ja &#8220;Lodi tuu ja lodi vii&#8221;. V\u00f5idulaulud valis 26 laulu hulgast v\u00e4lja \u017e\u00fcrii eesotsas proua Ingrid R\u00fc\u00fctliga. Kontsert ja v\u00f5itja v\u00e4ljavalimine oli 25. aprillil V\u00f5ru Instituudis.<\/p>\n<p>V\u00f5istlusele saadetud k\u00e4sikirjad ja v\u00f5istluskontserdi filmi\u00fclesv\u00f5te anti \u00fcle Eesti rahvaluule arhiivile.<\/p>\n<p><a href=\"https:\/\/umapido.ee\/wp-content\/uploads\/2017\/10\/umalaul_tulom.pdf\" target=\"_blank\" rel=\"noopener\">Lauluv\u00f5istluse tulemused<\/a><br \/>\n<a href=\"http:\/\/youtube.com\/view_play_list?p=242555C991FC7047\" target=\"_blank\" rel=\"noopener\">Siit saab kuulata m\u00f5ningaid Uma Laulu v\u00f5istluse laule<\/a><br \/>\n<a href=\"https:\/\/umapido.ee\/wp-content\/uploads\/2017\/10\/juhend.pdf\" target=\"_blank\" rel=\"noopener\">Lauluv\u00f5istluse juhend<\/a><\/p>\n","protected":false},"excerpt":{"rendered":"<p>Omakeelsete ja -loominguliste laulude v\u00f5istluse v\u00f5itis Aapo Ilves Uma Pido korraldajad ja Eesti Kirjandusmuuseum kuulutasid m\u00e4rtsis 2008 v\u00e4lja omakeelsete ja -loominguliste uute rahvalike laulude v\u00f5istluse. Sinna oodati uusi v\u00f5rukeelseid laule, mis oleksid rahvalaulu v\u00f5i rahvaliku laulu eeskujul loodud: n\u00e4iteks v\u00f5iks laulda t\u00e4nap\u00e4evasest elust vana regilaulu vormis. V\u00f5istluse v\u00f5itis R\u00e4pina trubaduur Aapo Ilves lauludega &#8220;Pristan&#8221; ja [&hellip;]<\/p>\n","protected":false},"author":1,"featured_media":0,"parent":528,"menu_order":0,"comment_status":"closed","ping_status":"closed","template":"","meta":{"footnotes":""},"class_list":["post-600","page","type-page","status-publish","hentry"],"yoast_head":"<!-- This site is optimized with the Yoast SEO plugin v27.4 - https:\/\/yoast.com\/product\/yoast-seo-wordpress\/ -->\n<title>Uma laulu v\u00f5istlus - Uma Pido<\/title>\n<meta name=\"robots\" content=\"index, follow, max-snippet:-1, max-image-preview:large, max-video-preview:-1\" \/>\n<link rel=\"canonical\" href=\"https:\/\/umapido.ee\/et\/pido-2008\/uma-laulu-voistlus\/\" \/>\n<meta property=\"og:locale\" content=\"et_EE\" \/>\n<meta property=\"og:type\" content=\"article\" \/>\n<meta property=\"og:title\" content=\"Uma laulu v\u00f5istlus - Uma Pido\" \/>\n<meta property=\"og:description\" content=\"Omakeelsete ja -loominguliste laulude v\u00f5istluse v\u00f5itis Aapo Ilves Uma Pido korraldajad ja Eesti Kirjandusmuuseum kuulutasid m\u00e4rtsis 2008 v\u00e4lja omakeelsete ja -loominguliste uute rahvalike laulude v\u00f5istluse. Sinna oodati uusi v\u00f5rukeelseid laule, mis oleksid rahvalaulu v\u00f5i rahvaliku laulu eeskujul loodud: n\u00e4iteks v\u00f5iks laulda t\u00e4nap\u00e4evasest elust vana regilaulu vormis. V\u00f5istluse v\u00f5itis R\u00e4pina trubaduur Aapo Ilves lauludega &#8220;Pristan&#8221; ja [&hellip;]\" \/>\n<meta property=\"og:url\" content=\"https:\/\/umapido.ee\/et\/pido-2008\/uma-laulu-voistlus\/\" \/>\n<meta property=\"og:site_name\" content=\"Uma Pido\" \/>\n<meta property=\"article:publisher\" content=\"https:\/\/www.facebook.com\/UmaPido-278039651663\/\" \/>\n<meta name=\"twitter:card\" content=\"summary_large_image\" \/>\n<meta name=\"twitter:label1\" content=\"Est. reading time\" \/>\n\t<meta name=\"twitter:data1\" content=\"1 minut\" \/>\n<script type=\"application\/ld+json\" class=\"yoast-schema-graph\">{\"@context\":\"https:\\\/\\\/schema.org\",\"@graph\":[{\"@type\":\"WebPage\",\"@id\":\"https:\\\/\\\/umapido.ee\\\/et\\\/pido-2008\\\/uma-laulu-voistlus\\\/\",\"url\":\"https:\\\/\\\/umapido.ee\\\/et\\\/pido-2008\\\/uma-laulu-voistlus\\\/\",\"name\":\"Uma laulu v\u00f5istlus - Uma Pido\",\"isPartOf\":{\"@id\":\"https:\\\/\\\/umapido.ee\\\/#website\"},\"datePublished\":\"2017-10-10T20:45:03+00:00\",\"breadcrumb\":{\"@id\":\"https:\\\/\\\/umapido.ee\\\/et\\\/pido-2008\\\/uma-laulu-voistlus\\\/#breadcrumb\"},\"inLanguage\":\"et\",\"potentialAction\":[{\"@type\":\"ReadAction\",\"target\":[\"https:\\\/\\\/umapido.ee\\\/et\\\/pido-2008\\\/uma-laulu-voistlus\\\/\"]}]},{\"@type\":\"BreadcrumbList\",\"@id\":\"https:\\\/\\\/umapido.ee\\\/et\\\/pido-2008\\\/uma-laulu-voistlus\\\/#breadcrumb\",\"itemListElement\":[{\"@type\":\"ListItem\",\"position\":1,\"name\":\"Home\",\"item\":\"https:\\\/\\\/umapido.ee\\\/et\\\/\"},{\"@type\":\"ListItem\",\"position\":2,\"name\":\"Pido 2008\",\"item\":\"https:\\\/\\\/umapido.ee\\\/et\\\/pido-2008\\\/\"},{\"@type\":\"ListItem\",\"position\":3,\"name\":\"Uma laulu v\u00f5istlus\"}]},{\"@type\":\"WebSite\",\"@id\":\"https:\\\/\\\/umapido.ee\\\/#website\",\"url\":\"https:\\\/\\\/umapido.ee\\\/\",\"name\":\"Uma Pido\",\"description\":\"V\u00f5rokeeline laulu- ja rahvapido\",\"potentialAction\":[{\"@type\":\"SearchAction\",\"target\":{\"@type\":\"EntryPoint\",\"urlTemplate\":\"https:\\\/\\\/umapido.ee\\\/?s={search_term_string}\"},\"query-input\":{\"@type\":\"PropertyValueSpecification\",\"valueRequired\":true,\"valueName\":\"search_term_string\"}}],\"inLanguage\":\"et\"}]}<\/script>\n<!-- \/ Yoast SEO plugin. -->","yoast_head_json":{"title":"Uma laulu v\u00f5istlus - Uma Pido","robots":{"index":"index","follow":"follow","max-snippet":"max-snippet:-1","max-image-preview":"max-image-preview:large","max-video-preview":"max-video-preview:-1"},"canonical":"https:\/\/umapido.ee\/et\/pido-2008\/uma-laulu-voistlus\/","og_locale":"et_EE","og_type":"article","og_title":"Uma laulu v\u00f5istlus - Uma Pido","og_description":"Omakeelsete ja -loominguliste laulude v\u00f5istluse v\u00f5itis Aapo Ilves Uma Pido korraldajad ja Eesti Kirjandusmuuseum kuulutasid m\u00e4rtsis 2008 v\u00e4lja omakeelsete ja -loominguliste uute rahvalike laulude v\u00f5istluse. Sinna oodati uusi v\u00f5rukeelseid laule, mis oleksid rahvalaulu v\u00f5i rahvaliku laulu eeskujul loodud: n\u00e4iteks v\u00f5iks laulda t\u00e4nap\u00e4evasest elust vana regilaulu vormis. V\u00f5istluse v\u00f5itis R\u00e4pina trubaduur Aapo Ilves lauludega &#8220;Pristan&#8221; ja [&hellip;]","og_url":"https:\/\/umapido.ee\/et\/pido-2008\/uma-laulu-voistlus\/","og_site_name":"Uma Pido","article_publisher":"https:\/\/www.facebook.com\/UmaPido-278039651663\/","twitter_card":"summary_large_image","twitter_misc":{"Est. reading time":"1 minut"},"schema":{"@context":"https:\/\/schema.org","@graph":[{"@type":"WebPage","@id":"https:\/\/umapido.ee\/et\/pido-2008\/uma-laulu-voistlus\/","url":"https:\/\/umapido.ee\/et\/pido-2008\/uma-laulu-voistlus\/","name":"Uma laulu v\u00f5istlus - Uma Pido","isPartOf":{"@id":"https:\/\/umapido.ee\/#website"},"datePublished":"2017-10-10T20:45:03+00:00","breadcrumb":{"@id":"https:\/\/umapido.ee\/et\/pido-2008\/uma-laulu-voistlus\/#breadcrumb"},"inLanguage":"et","potentialAction":[{"@type":"ReadAction","target":["https:\/\/umapido.ee\/et\/pido-2008\/uma-laulu-voistlus\/"]}]},{"@type":"BreadcrumbList","@id":"https:\/\/umapido.ee\/et\/pido-2008\/uma-laulu-voistlus\/#breadcrumb","itemListElement":[{"@type":"ListItem","position":1,"name":"Home","item":"https:\/\/umapido.ee\/et\/"},{"@type":"ListItem","position":2,"name":"Pido 2008","item":"https:\/\/umapido.ee\/et\/pido-2008\/"},{"@type":"ListItem","position":3,"name":"Uma laulu v\u00f5istlus"}]},{"@type":"WebSite","@id":"https:\/\/umapido.ee\/#website","url":"https:\/\/umapido.ee\/","name":"Uma Pido","description":"V\u00f5rokeeline laulu- ja rahvapido","potentialAction":[{"@type":"SearchAction","target":{"@type":"EntryPoint","urlTemplate":"https:\/\/umapido.ee\/?s={search_term_string}"},"query-input":{"@type":"PropertyValueSpecification","valueRequired":true,"valueName":"search_term_string"}}],"inLanguage":"et"}]}},"_links":{"self":[{"href":"https:\/\/umapido.ee\/et\/wp-json\/wp\/v2\/pages\/600","targetHints":{"allow":["GET"]}}],"collection":[{"href":"https:\/\/umapido.ee\/et\/wp-json\/wp\/v2\/pages"}],"about":[{"href":"https:\/\/umapido.ee\/et\/wp-json\/wp\/v2\/types\/page"}],"author":[{"embeddable":true,"href":"https:\/\/umapido.ee\/et\/wp-json\/wp\/v2\/users\/1"}],"replies":[{"embeddable":true,"href":"https:\/\/umapido.ee\/et\/wp-json\/wp\/v2\/comments?post=600"}],"version-history":[{"count":1,"href":"https:\/\/umapido.ee\/et\/wp-json\/wp\/v2\/pages\/600\/revisions"}],"predecessor-version":[{"id":602,"href":"https:\/\/umapido.ee\/et\/wp-json\/wp\/v2\/pages\/600\/revisions\/602"}],"up":[{"embeddable":true,"href":"https:\/\/umapido.ee\/et\/wp-json\/wp\/v2\/pages\/528"}],"wp:attachment":[{"href":"https:\/\/umapido.ee\/et\/wp-json\/wp\/v2\/media?parent=600"}],"curies":[{"name":"wp","href":"https:\/\/api.w.org\/{rel}","templated":true}]}}