{"id":6,"date":"2017-10-05T12:00:37","date_gmt":"2017-10-05T09:00:37","guid":{"rendered":"https:\/\/umapido.ee\/?page_id=6"},"modified":"2025-06-06T14:15:09","modified_gmt":"2025-06-06T11:15:09","slug":"haa-voromaa-rahvas","status":"publish","type":"page","link":"https:\/\/umapido.ee\/et\/","title":{"rendered":"H\u00e4\u00e4 Uma Pido s\u00f5ber!"},"content":{"rendered":"<p><img loading=\"lazy\" decoding=\"async\" class=\"alignnone size-medium wp-image-3617\" src=\"https:\/\/umapido.ee\/wp-content\/uploads\/2024\/06\/Uma_Pido_2024_Intsikurmu_foto_Harri_A_Sundell-50-267x400.jpg\" alt=\"\" width=\"267\" height=\"400\" srcset=\"https:\/\/umapido.ee\/wp-content\/uploads\/2024\/06\/Uma_Pido_2024_Intsikurmu_foto_Harri_A_Sundell-50-267x400.jpg 267w, https:\/\/umapido.ee\/wp-content\/uploads\/2024\/06\/Uma_Pido_2024_Intsikurmu_foto_Harri_A_Sundell-50.jpg 425w\" sizes=\"auto, (max-width: 267px) 100vw, 267px\" \/><\/p>\n<p>&nbsp;<\/p>\n<p><strong>Kuues Uma Pido toimus P\u00f5lvas Intsikurmus 1. juunil 2024.<\/strong><\/p>\n<p>Harri A Sundelli tehtud peopilte saab n\u00e4ha <a href=\"https:\/\/drive.google.com\/drive\/folders\/1e30OQza4JpyLL2u3csUNotde6bRPWX8i?usp=drive_link\" target=\"_blank\" rel=\"noopener\">siit.<\/a><\/p>\n<p>Uma Pido Facebookis:\u00a0<a href=\"https:\/\/www.facebook.com\/umapido5\/\">https:\/\/www.facebook.com\/umapido5\/<\/a><\/p>\n<p>Uma Pido Instagramis:\u00a0<a href=\"https:\/\/www.instagram.com\/umapido2024\/\">https:\/\/www.instagram.com\/umapido2024\/<\/a><\/p>\n","protected":false},"excerpt":{"rendered":"<p>&nbsp; Kuues Uma Pido toimus P\u00f5lvas Intsikurmus 1. juunil 2024. Harri A Sundelli tehtud peopilte saab n\u00e4ha siit. Uma Pido Facebookis:\u00a0https:\/\/www.facebook.com\/umapido5\/ Uma Pido Instagramis:\u00a0https:\/\/www.instagram.com\/umapido2024\/<\/p>\n","protected":false},"author":1,"featured_media":0,"parent":0,"menu_order":0,"comment_status":"closed","ping_status":"closed","template":"","meta":{"footnotes":""},"class_list":["post-6","page","type-page","status-publish","hentry"],"yoast_head":"<!-- This site is optimized with the Yoast SEO plugin v27.4 - https:\/\/yoast.com\/product\/yoast-seo-wordpress\/ -->\n<title>H\u00e4\u00e4 Uma Pido s\u00f5ber! - Uma Pido<\/title>\n<meta name=\"robots\" content=\"index, follow, max-snippet:-1, max-image-preview:large, max-video-preview:-1\" \/>\n<link rel=\"canonical\" href=\"https:\/\/umapido.ee\/et\/\" \/>\n<meta property=\"og:locale\" content=\"et_EE\" \/>\n<meta property=\"og:type\" content=\"article\" \/>\n<meta property=\"og:title\" content=\"H\u00e4\u00e4 Uma Pido s\u00f5ber! - Uma Pido\" \/>\n<meta property=\"og:description\" content=\"&nbsp; Kuues Uma Pido toimus P\u00f5lvas Intsikurmus 1. juunil 2024. Harri A Sundelli tehtud peopilte saab n\u00e4ha siit. Uma Pido Facebookis:\u00a0https:\/\/www.facebook.com\/umapido5\/ Uma Pido Instagramis:\u00a0https:\/\/www.instagram.com\/umapido2024\/\" \/>\n<meta property=\"og:url\" content=\"https:\/\/umapido.ee\/et\/\" \/>\n<meta property=\"og:site_name\" content=\"Uma Pido\" \/>\n<meta property=\"article:publisher\" content=\"https:\/\/www.facebook.com\/UmaPido-278039651663\/\" \/>\n<meta property=\"article:modified_time\" content=\"2025-06-06T11:15:09+00:00\" \/>\n<meta property=\"og:image\" content=\"https:\/\/umapido.ee\/wp-content\/uploads\/2024\/06\/Uma_Pido_2024_Intsikurmu_foto_Harri_A_Sundell-50.jpg\" \/>\n\t<meta property=\"og:image:width\" content=\"425\" \/>\n\t<meta property=\"og:image:height\" content=\"637\" \/>\n\t<meta property=\"og:image:type\" content=\"image\/jpeg\" \/>\n<meta name=\"twitter:card\" content=\"summary_large_image\" \/>\n<meta name=\"twitter:label1\" content=\"Est. reading time\" \/>\n\t<meta name=\"twitter:data1\" content=\"1 minut\" \/>\n<script type=\"application\/ld+json\" class=\"yoast-schema-graph\">{\"@context\":\"https:\\\/\\\/schema.org\",\"@graph\":[{\"@type\":\"WebPage\",\"@id\":\"https:\\\/\\\/umapido.ee\\\/et\\\/\",\"url\":\"https:\\\/\\\/umapido.ee\\\/et\\\/\",\"name\":\"H\u00e4\u00e4 Uma Pido s\u00f5ber! - Uma Pido\",\"isPartOf\":{\"@id\":\"https:\\\/\\\/umapido.ee\\\/#website\"},\"primaryImageOfPage\":{\"@id\":\"https:\\\/\\\/umapido.ee\\\/et\\\/#primaryimage\"},\"image\":{\"@id\":\"https:\\\/\\\/umapido.ee\\\/et\\\/#primaryimage\"},\"thumbnailUrl\":\"https:\\\/\\\/umapido.ee\\\/wp-content\\\/uploads\\\/2024\\\/06\\\/Uma_Pido_2024_Intsikurmu_foto_Harri_A_Sundell-50-267x400.jpg\",\"datePublished\":\"2017-10-05T09:00:37+00:00\",\"dateModified\":\"2025-06-06T11:15:09+00:00\",\"breadcrumb\":{\"@id\":\"https:\\\/\\\/umapido.ee\\\/et\\\/#breadcrumb\"},\"inLanguage\":\"et\",\"potentialAction\":[{\"@type\":\"ReadAction\",\"target\":[\"https:\\\/\\\/umapido.ee\\\/et\\\/\"]}]},{\"@type\":\"ImageObject\",\"inLanguage\":\"et\",\"@id\":\"https:\\\/\\\/umapido.ee\\\/et\\\/#primaryimage\",\"url\":\"https:\\\/\\\/umapido.ee\\\/wp-content\\\/uploads\\\/2024\\\/06\\\/Uma_Pido_2024_Intsikurmu_foto_Harri_A_Sundell-50-267x400.jpg\",\"contentUrl\":\"https:\\\/\\\/umapido.ee\\\/wp-content\\\/uploads\\\/2024\\\/06\\\/Uma_Pido_2024_Intsikurmu_foto_Harri_A_Sundell-50-267x400.jpg\"},{\"@type\":\"BreadcrumbList\",\"@id\":\"https:\\\/\\\/umapido.ee\\\/et\\\/#breadcrumb\",\"itemListElement\":[{\"@type\":\"ListItem\",\"position\":1,\"name\":\"Home\",\"item\":\"https:\\\/\\\/umapido.ee\\\/et\\\/\"},{\"@type\":\"ListItem\",\"position\":2,\"name\":\"H\u00e4\u00e4 Uma Pido s\u00f5ber!\"}]},{\"@type\":\"WebSite\",\"@id\":\"https:\\\/\\\/umapido.ee\\\/#website\",\"url\":\"https:\\\/\\\/umapido.ee\\\/\",\"name\":\"Uma Pido\",\"description\":\"V\u00f5rokeeline laulu- ja rahvapido\",\"potentialAction\":[{\"@type\":\"SearchAction\",\"target\":{\"@type\":\"EntryPoint\",\"urlTemplate\":\"https:\\\/\\\/umapido.ee\\\/?s={search_term_string}\"},\"query-input\":{\"@type\":\"PropertyValueSpecification\",\"valueRequired\":true,\"valueName\":\"search_term_string\"}}],\"inLanguage\":\"et\"}]}<\/script>\n<!-- \/ Yoast SEO plugin. -->","yoast_head_json":{"title":"H\u00e4\u00e4 Uma Pido s\u00f5ber! - Uma Pido","robots":{"index":"index","follow":"follow","max-snippet":"max-snippet:-1","max-image-preview":"max-image-preview:large","max-video-preview":"max-video-preview:-1"},"canonical":"https:\/\/umapido.ee\/et\/","og_locale":"et_EE","og_type":"article","og_title":"H\u00e4\u00e4 Uma Pido s\u00f5ber! - Uma Pido","og_description":"&nbsp; Kuues Uma Pido toimus P\u00f5lvas Intsikurmus 1. juunil 2024. Harri A Sundelli tehtud peopilte saab n\u00e4ha siit. Uma Pido Facebookis:\u00a0https:\/\/www.facebook.com\/umapido5\/ Uma Pido Instagramis:\u00a0https:\/\/www.instagram.com\/umapido2024\/","og_url":"https:\/\/umapido.ee\/et\/","og_site_name":"Uma Pido","article_publisher":"https:\/\/www.facebook.com\/UmaPido-278039651663\/","article_modified_time":"2025-06-06T11:15:09+00:00","og_image":[{"width":425,"height":637,"url":"https:\/\/umapido.ee\/wp-content\/uploads\/2024\/06\/Uma_Pido_2024_Intsikurmu_foto_Harri_A_Sundell-50.jpg","type":"image\/jpeg"}],"twitter_card":"summary_large_image","twitter_misc":{"Est. reading time":"1 minut"},"schema":{"@context":"https:\/\/schema.org","@graph":[{"@type":"WebPage","@id":"https:\/\/umapido.ee\/et\/","url":"https:\/\/umapido.ee\/et\/","name":"H\u00e4\u00e4 Uma Pido s\u00f5ber! - Uma Pido","isPartOf":{"@id":"https:\/\/umapido.ee\/#website"},"primaryImageOfPage":{"@id":"https:\/\/umapido.ee\/et\/#primaryimage"},"image":{"@id":"https:\/\/umapido.ee\/et\/#primaryimage"},"thumbnailUrl":"https:\/\/umapido.ee\/wp-content\/uploads\/2024\/06\/Uma_Pido_2024_Intsikurmu_foto_Harri_A_Sundell-50-267x400.jpg","datePublished":"2017-10-05T09:00:37+00:00","dateModified":"2025-06-06T11:15:09+00:00","breadcrumb":{"@id":"https:\/\/umapido.ee\/et\/#breadcrumb"},"inLanguage":"et","potentialAction":[{"@type":"ReadAction","target":["https:\/\/umapido.ee\/et\/"]}]},{"@type":"ImageObject","inLanguage":"et","@id":"https:\/\/umapido.ee\/et\/#primaryimage","url":"https:\/\/umapido.ee\/wp-content\/uploads\/2024\/06\/Uma_Pido_2024_Intsikurmu_foto_Harri_A_Sundell-50-267x400.jpg","contentUrl":"https:\/\/umapido.ee\/wp-content\/uploads\/2024\/06\/Uma_Pido_2024_Intsikurmu_foto_Harri_A_Sundell-50-267x400.jpg"},{"@type":"BreadcrumbList","@id":"https:\/\/umapido.ee\/et\/#breadcrumb","itemListElement":[{"@type":"ListItem","position":1,"name":"Home","item":"https:\/\/umapido.ee\/et\/"},{"@type":"ListItem","position":2,"name":"H\u00e4\u00e4 Uma Pido s\u00f5ber!"}]},{"@type":"WebSite","@id":"https:\/\/umapido.ee\/#website","url":"https:\/\/umapido.ee\/","name":"Uma Pido","description":"V\u00f5rokeeline laulu- ja rahvapido","potentialAction":[{"@type":"SearchAction","target":{"@type":"EntryPoint","urlTemplate":"https:\/\/umapido.ee\/?s={search_term_string}"},"query-input":{"@type":"PropertyValueSpecification","valueRequired":true,"valueName":"search_term_string"}}],"inLanguage":"et"}]}},"_links":{"self":[{"href":"https:\/\/umapido.ee\/et\/wp-json\/wp\/v2\/pages\/6","targetHints":{"allow":["GET"]}}],"collection":[{"href":"https:\/\/umapido.ee\/et\/wp-json\/wp\/v2\/pages"}],"about":[{"href":"https:\/\/umapido.ee\/et\/wp-json\/wp\/v2\/types\/page"}],"author":[{"embeddable":true,"href":"https:\/\/umapido.ee\/et\/wp-json\/wp\/v2\/users\/1"}],"replies":[{"embeddable":true,"href":"https:\/\/umapido.ee\/et\/wp-json\/wp\/v2\/comments?post=6"}],"version-history":[{"count":41,"href":"https:\/\/umapido.ee\/et\/wp-json\/wp\/v2\/pages\/6\/revisions"}],"predecessor-version":[{"id":3659,"href":"https:\/\/umapido.ee\/et\/wp-json\/wp\/v2\/pages\/6\/revisions\/3659"}],"wp:attachment":[{"href":"https:\/\/umapido.ee\/et\/wp-json\/wp\/v2\/media?parent=6"}],"curies":[{"name":"wp","href":"https:\/\/api.w.org\/{rel}","templated":true}]}}