{"id":594,"date":"2017-10-10T23:35:27","date_gmt":"2017-10-10T20:35:27","guid":{"rendered":"https:\/\/umapido.ee\/?page_id=594"},"modified":"2017-10-10T23:40:24","modified_gmt":"2017-10-10T20:40:24","slug":"galerii","status":"publish","type":"page","link":"https:\/\/umapido.ee\/et\/pido-2008\/galerii\/","title":{"rendered":"Galerii"},"content":{"rendered":"<div id=\"attachment_121\" style=\"width: 210px\" class=\"wp-caption alignleft\"><a href=\"\/et\/pido-2008\/galerii\/miihilaulu-paiv-10-02-2008-vorol\/\"><img loading=\"lazy\" decoding=\"async\" aria-describedby=\"caption-attachment-121\" class=\"wp-image-121\" src=\"https:\/\/umapido.ee\/wp-content\/uploads\/2017\/10\/miihilaul1_YlleHarju-400x300.jpg\" alt=\"Miihilaulu p\u00e4iv 10.02.2008 V\u00f5rol\" width=\"200\" height=\"133\" srcset=\"https:\/\/umapido.ee\/wp-content\/uploads\/2017\/10\/miihilaul1_YlleHarju-600x400.jpg 600w, https:\/\/umapido.ee\/wp-content\/uploads\/2017\/10\/miihilaul1_YlleHarju-768x511.jpg 768w, https:\/\/umapido.ee\/wp-content\/uploads\/2017\/10\/miihilaul1_YlleHarju-1024x681.jpg 1024w\" sizes=\"auto, (max-width: 200px) 100vw, 200px\" \/><\/a><p id=\"caption-attachment-121\" class=\"wp-caption-text\">Miihilaulu p\u00e4iv 10.02.2008 V\u00f5rol<\/p><\/div>\n<div id=\"attachment_162\" style=\"width: 210px\" class=\"wp-caption alignleft\"><a href=\"\/et\/pido-2008\/galerii\/latsi-utispruuv-vorol-2008\/\"><img loading=\"lazy\" decoding=\"async\" aria-describedby=\"caption-attachment-162\" class=\"wp-image-162\" src=\"https:\/\/umapido.ee\/wp-content\/uploads\/2017\/10\/dirigeerib_otsar_KadriGL-400x300.jpg\" alt=\"Latsi \u00fctispruuv V\u00f5rol 14.05.2008\" width=\"200\" height=\"150\" srcset=\"https:\/\/umapido.ee\/wp-content\/uploads\/2017\/10\/dirigeerib_otsar_KadriGL-400x300.jpg 400w, https:\/\/umapido.ee\/wp-content\/uploads\/2017\/10\/dirigeerib_otsar_KadriGL-533x400.jpg 533w, https:\/\/umapido.ee\/wp-content\/uploads\/2017\/10\/dirigeerib_otsar_KadriGL-768x576.jpg 768w, https:\/\/umapido.ee\/wp-content\/uploads\/2017\/10\/dirigeerib_otsar_KadriGL-1024x768.jpg 1024w\" sizes=\"auto, (max-width: 200px) 100vw, 200px\" \/><\/a><p id=\"caption-attachment-162\" class=\"wp-caption-text\">Latsi \u00fctispruuv V\u00f5rol 14.05.2008<\/p><\/div>\n<div id=\"attachment_173\" style=\"width: 210px\" class=\"wp-caption alignleft\"><a href=\"\/et\/pido-2008\/galerii\/miihilaulu-paiv-02-03-2008-vorol\/\"><img loading=\"lazy\" decoding=\"async\" aria-describedby=\"caption-attachment-173\" class=\"wp-image-173\" src=\"https:\/\/umapido.ee\/wp-content\/uploads\/2017\/10\/2kmpl1-400x300.jpg\" alt=\"Miihilaulu p\u00e4iv 02.03.2008 V\u00f5rol\" width=\"200\" height=\"150\" srcset=\"https:\/\/umapido.ee\/wp-content\/uploads\/2017\/10\/2kmpl1-400x300.jpg 400w, https:\/\/umapido.ee\/wp-content\/uploads\/2017\/10\/2kmpl1-533x400.jpg 533w, https:\/\/umapido.ee\/wp-content\/uploads\/2017\/10\/2kmpl1-768x576.jpg 768w, https:\/\/umapido.ee\/wp-content\/uploads\/2017\/10\/2kmpl1-1024x768.jpg 1024w\" sizes=\"auto, (max-width: 200px) 100vw, 200px\" \/><\/a><p id=\"caption-attachment-173\" class=\"wp-caption-text\">Miihilaulu p\u00e4iv 02.03.2008 V\u00f5rol<\/p><\/div>\n<div style=\"clear: both;\"><\/div>\n<div id=\"attachment_181\" style=\"width: 210px\" class=\"wp-caption alignleft\"><a href=\"\/et\/pido-2008\/galerii\/parmupilli-tegemine-pido-margis\/\"><img loading=\"lazy\" decoding=\"async\" aria-describedby=\"caption-attachment-181\" class=\"wp-image-181\" src=\"https:\/\/umapido.ee\/wp-content\/uploads\/2017\/10\/pido_nagla_laubepilt1-400x300.jpg\" alt=\"Parmupilli tegemine pido m\u00e4rgis\" width=\"200\" height=\"150\" srcset=\"https:\/\/umapido.ee\/wp-content\/uploads\/2017\/10\/pido_nagla_laubepilt1-400x300.jpg 400w, https:\/\/umapido.ee\/wp-content\/uploads\/2017\/10\/pido_nagla_laubepilt1-533x400.jpg 533w, https:\/\/umapido.ee\/wp-content\/uploads\/2017\/10\/pido_nagla_laubepilt1-768x576.jpg 768w, https:\/\/umapido.ee\/wp-content\/uploads\/2017\/10\/pido_nagla_laubepilt1-1024x768.jpg 1024w\" sizes=\"auto, (max-width: 200px) 100vw, 200px\" \/><\/a><p id=\"caption-attachment-181\" class=\"wp-caption-text\">Parmupilli tegemine pido m\u00e4rgis<\/p><\/div>\n<div id=\"attachment_191\" style=\"width: 210px\" class=\"wp-caption alignleft\"><a href=\"\/et\/pido-2008\/galerii\/lammas-pido-kordaminekis\/\" rel=\"noopener\"><img loading=\"lazy\" decoding=\"async\" aria-describedby=\"caption-attachment-191\" class=\"wp-image-191\" src=\"https:\/\/umapido.ee\/wp-content\/uploads\/2017\/10\/teemi_kyndlit1_laubepilt-400x300.jpg\" alt=\"Lammas pido k\u00f5rdaminekis\" width=\"200\" height=\"150\" srcset=\"https:\/\/umapido.ee\/wp-content\/uploads\/2017\/10\/teemi_kyndlit1_laubepilt-400x300.jpg 400w, https:\/\/umapido.ee\/wp-content\/uploads\/2017\/10\/teemi_kyndlit1_laubepilt-533x400.jpg 533w, https:\/\/umapido.ee\/wp-content\/uploads\/2017\/10\/teemi_kyndlit1_laubepilt-768x576.jpg 768w, https:\/\/umapido.ee\/wp-content\/uploads\/2017\/10\/teemi_kyndlit1_laubepilt-1024x768.jpg 1024w\" sizes=\"auto, (max-width: 200px) 100vw, 200px\" \/><\/a><p id=\"caption-attachment-191\" class=\"wp-caption-text\">Lammas pido k\u00f5rdaminekis<\/p><\/div>\n<div id=\"attachment_202\" style=\"width: 210px\" class=\"wp-caption alignleft\"><a href=\"\/et\/pido-2008\/galerii\/pido-ja-pannoo-tutvustus\/\"><img loading=\"lazy\" decoding=\"async\" aria-describedby=\"caption-attachment-202\" class=\"wp-image-202\" src=\"https:\/\/umapido.ee\/wp-content\/uploads\/2017\/10\/mehe_laulva_laubepilt-400x300.jpg\" alt=\"Pido ja pannoo tutvustus\" width=\"200\" height=\"150\" srcset=\"https:\/\/umapido.ee\/wp-content\/uploads\/2017\/10\/mehe_laulva_laubepilt-400x300.jpg 400w, https:\/\/umapido.ee\/wp-content\/uploads\/2017\/10\/mehe_laulva_laubepilt-533x400.jpg 533w, https:\/\/umapido.ee\/wp-content\/uploads\/2017\/10\/mehe_laulva_laubepilt-768x576.jpg 768w, https:\/\/umapido.ee\/wp-content\/uploads\/2017\/10\/mehe_laulva_laubepilt-1024x768.jpg 1024w\" sizes=\"auto, (max-width: 200px) 100vw, 200px\" \/><\/a><p id=\"caption-attachment-202\" class=\"wp-caption-text\">Pido ja pannoo tutvustus<\/p><\/div>\n<div style=\"clear: both;\"><\/div>\n<div id=\"attachment_210\" style=\"width: 210px\" class=\"wp-caption alignleft\"><a href=\"\/et\/pido-2008\/galerii\/lavailostuso-joudsova-vorolo\/\"><img loading=\"lazy\" decoding=\"async\" aria-describedby=\"caption-attachment-210\" class=\"wp-image-210\" src=\"https:\/\/umapido.ee\/wp-content\/uploads\/2017\/10\/kujundaja_KadriGL-400x300.jpg\" alt=\"Lavailostus\u00f5' j\u00f5uds\u00f5va' V\u00f5rol\u00f5\" width=\"200\" height=\"150\" srcset=\"https:\/\/umapido.ee\/wp-content\/uploads\/2017\/10\/kujundaja_KadriGL-400x300.jpg 400w, https:\/\/umapido.ee\/wp-content\/uploads\/2017\/10\/kujundaja_KadriGL-533x400.jpg 533w, https:\/\/umapido.ee\/wp-content\/uploads\/2017\/10\/kujundaja_KadriGL-768x576.jpg 768w, https:\/\/umapido.ee\/wp-content\/uploads\/2017\/10\/kujundaja_KadriGL-1024x768.jpg 1024w\" sizes=\"auto, (max-width: 200px) 100vw, 200px\" \/><\/a><p id=\"caption-attachment-210\" class=\"wp-caption-text\">Lavailostus\u00f5&#8217; j\u00f5uds\u00f5va&#8217; V\u00f5rol\u00f5<\/p><\/div>\n<div id=\"attachment_220\" style=\"width: 210px\" class=\"wp-caption alignleft\"><a href=\"\/et\/pido-2008\/galerii\/kontsordi-voro-keskliinan\/\"><img loading=\"lazy\" decoding=\"async\" aria-describedby=\"caption-attachment-220\" class=\"wp-image-220\" src=\"https:\/\/umapido.ee\/wp-content\/uploads\/2017\/10\/liinan2_Kostin-400x300.jpg\" alt=\"Konts\u00f5rdi' V\u00f5ro keskliinan\" width=\"200\" height=\"150\" srcset=\"https:\/\/umapido.ee\/wp-content\/uploads\/2017\/10\/liinan2_Kostin-400x300.jpg 400w, https:\/\/umapido.ee\/wp-content\/uploads\/2017\/10\/liinan2_Kostin-533x400.jpg 533w, https:\/\/umapido.ee\/wp-content\/uploads\/2017\/10\/liinan2_Kostin-768x576.jpg 768w, https:\/\/umapido.ee\/wp-content\/uploads\/2017\/10\/liinan2_Kostin-1024x768.jpg 1024w\" sizes=\"auto, (max-width: 200px) 100vw, 200px\" \/><\/a><p id=\"caption-attachment-220\" class=\"wp-caption-text\">Konts\u00f5rdi&#8217; V\u00f5ro keskliinan<\/p><\/div>\n<div id=\"attachment_225\" style=\"width: 210px\" class=\"wp-caption alignleft\"><a href=\"\/et\/pido-2008\/galerii\/paakontsort-kubijal\/\"><img loading=\"lazy\" decoding=\"async\" aria-describedby=\"caption-attachment-225\" class=\"wp-image-225\" src=\"https:\/\/umapido.ee\/wp-content\/uploads\/2017\/10\/kontsert7_Laube-400x300.jpg\" alt=\"P\u00e4\u00e4konts\u00f5rt Kubijal\" width=\"200\" height=\"150\" srcset=\"https:\/\/umapido.ee\/wp-content\/uploads\/2017\/10\/kontsert7_Laube-400x300.jpg 400w, https:\/\/umapido.ee\/wp-content\/uploads\/2017\/10\/kontsert7_Laube-533x400.jpg 533w, https:\/\/umapido.ee\/wp-content\/uploads\/2017\/10\/kontsert7_Laube-768x576.jpg 768w, https:\/\/umapido.ee\/wp-content\/uploads\/2017\/10\/kontsert7_Laube-1024x768.jpg 1024w\" sizes=\"auto, (max-width: 200px) 100vw, 200px\" \/><\/a><p id=\"caption-attachment-225\" class=\"wp-caption-text\">P\u00e4\u00e4konts\u00f5rt Kubijal<\/p><\/div>\n","protected":false},"excerpt":{"rendered":"","protected":false},"author":1,"featured_media":0,"parent":528,"menu_order":0,"comment_status":"closed","ping_status":"closed","template":"","meta":{"footnotes":""},"class_list":["post-594","page","type-page","status-publish","hentry"],"yoast_head":"<!-- This site is optimized with the Yoast SEO plugin v27.4 - https:\/\/yoast.com\/product\/yoast-seo-wordpress\/ -->\n<title>Galerii - Uma Pido<\/title>\n<meta name=\"robots\" content=\"index, follow, max-snippet:-1, max-image-preview:large, max-video-preview:-1\" \/>\n<link rel=\"canonical\" href=\"https:\/\/umapido.ee\/et\/pido-2008\/galerii\/\" \/>\n<meta property=\"og:locale\" content=\"et_EE\" \/>\n<meta property=\"og:type\" content=\"article\" \/>\n<meta property=\"og:title\" content=\"Galerii - Uma Pido\" \/>\n<meta property=\"og:url\" content=\"https:\/\/umapido.ee\/et\/pido-2008\/galerii\/\" \/>\n<meta property=\"og:site_name\" content=\"Uma Pido\" \/>\n<meta property=\"article:publisher\" content=\"https:\/\/www.facebook.com\/UmaPido-278039651663\/\" \/>\n<meta property=\"article:modified_time\" content=\"2017-10-10T20:40:24+00:00\" \/>\n<meta property=\"og:image\" content=\"https:\/\/umapido.ee\/wp-content\/uploads\/2017\/10\/miihilaul1_YlleHarju-400x300.jpg\" \/>\n<meta name=\"twitter:card\" content=\"summary_large_image\" \/>\n<meta name=\"twitter:label1\" content=\"Est. reading time\" \/>\n\t<meta name=\"twitter:data1\" content=\"1 minut\" \/>\n<script type=\"application\/ld+json\" class=\"yoast-schema-graph\">{\"@context\":\"https:\\\/\\\/schema.org\",\"@graph\":[{\"@type\":\"WebPage\",\"@id\":\"https:\\\/\\\/umapido.ee\\\/et\\\/pido-2008\\\/galerii\\\/\",\"url\":\"https:\\\/\\\/umapido.ee\\\/et\\\/pido-2008\\\/galerii\\\/\",\"name\":\"Galerii - Uma Pido\",\"isPartOf\":{\"@id\":\"https:\\\/\\\/umapido.ee\\\/#website\"},\"primaryImageOfPage\":{\"@id\":\"https:\\\/\\\/umapido.ee\\\/et\\\/pido-2008\\\/galerii\\\/#primaryimage\"},\"image\":{\"@id\":\"https:\\\/\\\/umapido.ee\\\/et\\\/pido-2008\\\/galerii\\\/#primaryimage\"},\"thumbnailUrl\":\"https:\\\/\\\/umapido.ee\\\/wp-content\\\/uploads\\\/2017\\\/10\\\/miihilaul1_YlleHarju-400x300.jpg\",\"datePublished\":\"2017-10-10T20:35:27+00:00\",\"dateModified\":\"2017-10-10T20:40:24+00:00\",\"breadcrumb\":{\"@id\":\"https:\\\/\\\/umapido.ee\\\/et\\\/pido-2008\\\/galerii\\\/#breadcrumb\"},\"inLanguage\":\"et\",\"potentialAction\":[{\"@type\":\"ReadAction\",\"target\":[\"https:\\\/\\\/umapido.ee\\\/et\\\/pido-2008\\\/galerii\\\/\"]}]},{\"@type\":\"ImageObject\",\"inLanguage\":\"et\",\"@id\":\"https:\\\/\\\/umapido.ee\\\/et\\\/pido-2008\\\/galerii\\\/#primaryimage\",\"url\":\"https:\\\/\\\/umapido.ee\\\/wp-content\\\/uploads\\\/2017\\\/10\\\/miihilaul1_YlleHarju-400x300.jpg\",\"contentUrl\":\"https:\\\/\\\/umapido.ee\\\/wp-content\\\/uploads\\\/2017\\\/10\\\/miihilaul1_YlleHarju-400x300.jpg\"},{\"@type\":\"BreadcrumbList\",\"@id\":\"https:\\\/\\\/umapido.ee\\\/et\\\/pido-2008\\\/galerii\\\/#breadcrumb\",\"itemListElement\":[{\"@type\":\"ListItem\",\"position\":1,\"name\":\"Home\",\"item\":\"https:\\\/\\\/umapido.ee\\\/et\\\/\"},{\"@type\":\"ListItem\",\"position\":2,\"name\":\"Pido 2008\",\"item\":\"https:\\\/\\\/umapido.ee\\\/et\\\/pido-2008\\\/\"},{\"@type\":\"ListItem\",\"position\":3,\"name\":\"Galerii\"}]},{\"@type\":\"WebSite\",\"@id\":\"https:\\\/\\\/umapido.ee\\\/#website\",\"url\":\"https:\\\/\\\/umapido.ee\\\/\",\"name\":\"Uma Pido\",\"description\":\"V\u00f5rokeeline laulu- ja rahvapido\",\"potentialAction\":[{\"@type\":\"SearchAction\",\"target\":{\"@type\":\"EntryPoint\",\"urlTemplate\":\"https:\\\/\\\/umapido.ee\\\/?s={search_term_string}\"},\"query-input\":{\"@type\":\"PropertyValueSpecification\",\"valueRequired\":true,\"valueName\":\"search_term_string\"}}],\"inLanguage\":\"et\"}]}<\/script>\n<!-- \/ Yoast SEO plugin. -->","yoast_head_json":{"title":"Galerii - Uma Pido","robots":{"index":"index","follow":"follow","max-snippet":"max-snippet:-1","max-image-preview":"max-image-preview:large","max-video-preview":"max-video-preview:-1"},"canonical":"https:\/\/umapido.ee\/et\/pido-2008\/galerii\/","og_locale":"et_EE","og_type":"article","og_title":"Galerii - Uma Pido","og_url":"https:\/\/umapido.ee\/et\/pido-2008\/galerii\/","og_site_name":"Uma Pido","article_publisher":"https:\/\/www.facebook.com\/UmaPido-278039651663\/","article_modified_time":"2017-10-10T20:40:24+00:00","og_image":[{"url":"https:\/\/umapido.ee\/wp-content\/uploads\/2017\/10\/miihilaul1_YlleHarju-400x300.jpg","type":"","width":"","height":""}],"twitter_card":"summary_large_image","twitter_misc":{"Est. reading time":"1 minut"},"schema":{"@context":"https:\/\/schema.org","@graph":[{"@type":"WebPage","@id":"https:\/\/umapido.ee\/et\/pido-2008\/galerii\/","url":"https:\/\/umapido.ee\/et\/pido-2008\/galerii\/","name":"Galerii - Uma Pido","isPartOf":{"@id":"https:\/\/umapido.ee\/#website"},"primaryImageOfPage":{"@id":"https:\/\/umapido.ee\/et\/pido-2008\/galerii\/#primaryimage"},"image":{"@id":"https:\/\/umapido.ee\/et\/pido-2008\/galerii\/#primaryimage"},"thumbnailUrl":"https:\/\/umapido.ee\/wp-content\/uploads\/2017\/10\/miihilaul1_YlleHarju-400x300.jpg","datePublished":"2017-10-10T20:35:27+00:00","dateModified":"2017-10-10T20:40:24+00:00","breadcrumb":{"@id":"https:\/\/umapido.ee\/et\/pido-2008\/galerii\/#breadcrumb"},"inLanguage":"et","potentialAction":[{"@type":"ReadAction","target":["https:\/\/umapido.ee\/et\/pido-2008\/galerii\/"]}]},{"@type":"ImageObject","inLanguage":"et","@id":"https:\/\/umapido.ee\/et\/pido-2008\/galerii\/#primaryimage","url":"https:\/\/umapido.ee\/wp-content\/uploads\/2017\/10\/miihilaul1_YlleHarju-400x300.jpg","contentUrl":"https:\/\/umapido.ee\/wp-content\/uploads\/2017\/10\/miihilaul1_YlleHarju-400x300.jpg"},{"@type":"BreadcrumbList","@id":"https:\/\/umapido.ee\/et\/pido-2008\/galerii\/#breadcrumb","itemListElement":[{"@type":"ListItem","position":1,"name":"Home","item":"https:\/\/umapido.ee\/et\/"},{"@type":"ListItem","position":2,"name":"Pido 2008","item":"https:\/\/umapido.ee\/et\/pido-2008\/"},{"@type":"ListItem","position":3,"name":"Galerii"}]},{"@type":"WebSite","@id":"https:\/\/umapido.ee\/#website","url":"https:\/\/umapido.ee\/","name":"Uma Pido","description":"V\u00f5rokeeline laulu- ja rahvapido","potentialAction":[{"@type":"SearchAction","target":{"@type":"EntryPoint","urlTemplate":"https:\/\/umapido.ee\/?s={search_term_string}"},"query-input":{"@type":"PropertyValueSpecification","valueRequired":true,"valueName":"search_term_string"}}],"inLanguage":"et"}]}},"_links":{"self":[{"href":"https:\/\/umapido.ee\/et\/wp-json\/wp\/v2\/pages\/594","targetHints":{"allow":["GET"]}}],"collection":[{"href":"https:\/\/umapido.ee\/et\/wp-json\/wp\/v2\/pages"}],"about":[{"href":"https:\/\/umapido.ee\/et\/wp-json\/wp\/v2\/types\/page"}],"author":[{"embeddable":true,"href":"https:\/\/umapido.ee\/et\/wp-json\/wp\/v2\/users\/1"}],"replies":[{"embeddable":true,"href":"https:\/\/umapido.ee\/et\/wp-json\/wp\/v2\/comments?post=594"}],"version-history":[{"count":4,"href":"https:\/\/umapido.ee\/et\/wp-json\/wp\/v2\/pages\/594\/revisions"}],"predecessor-version":[{"id":599,"href":"https:\/\/umapido.ee\/et\/wp-json\/wp\/v2\/pages\/594\/revisions\/599"}],"up":[{"embeddable":true,"href":"https:\/\/umapido.ee\/et\/wp-json\/wp\/v2\/pages\/528"}],"wp:attachment":[{"href":"https:\/\/umapido.ee\/et\/wp-json\/wp\/v2\/media?parent=594"}],"curies":[{"name":"wp","href":"https:\/\/api.w.org\/{rel}","templated":true}]}}