{"id":578,"date":"2017-10-10T23:33:25","date_gmt":"2017-10-10T20:33:25","guid":{"rendered":"https:\/\/umapido.ee\/?page_id=578"},"modified":"2017-10-10T23:33:25","modified_gmt":"2017-10-10T20:33:25","slug":"parmupilli-tegemine-pido-margis","status":"publish","type":"page","link":"https:\/\/umapido.ee\/et\/pido-2008\/galerii\/parmupilli-tegemine-pido-margis\/","title":{"rendered":"Parmupilli tegemine pido m\u00e4rgis"},"content":{"rendered":"\n\t\t<style type=\"text\/css\">\n\t\t\t#gallery-1 {\n\t\t\t\tmargin: auto;\n\t\t\t}\n\t\t\t#gallery-1 .gallery-item {\n\t\t\t\tfloat: left;\n\t\t\t\tmargin-top: 10px;\n\t\t\t\ttext-align: center;\n\t\t\t\twidth: 25%;\n\t\t\t}\n\t\t\t#gallery-1 img {\n\t\t\t\tborder: 2px solid #cfcfcf;\n\t\t\t}\n\t\t\t#gallery-1 .gallery-caption {\n\t\t\t\tmargin-left: 0;\n\t\t\t}\n\t\t\t\/* see gallery_shortcode() in wp-includes\/media.php *\/\n\t\t<\/style>\n\t\t<div id='gallery-1' class='gallery galleryid-578 gallery-columns-4 gallery-size-thumbnail'><dl class='gallery-item'>\n\t\t\t<dt class='gallery-icon landscape'>\n\t\t\t\t<a href='https:\/\/umapido.ee\/wp-content\/uploads\/2017\/10\/tulik_lyy_tahte_vaidopilt.jpg' title=\"Tuliku \u00dclo l\u00fc\u00fc t\u00e4hte parmupilli sisse\" data-rl_title=\"Tuliku \u00dclo l\u00fc\u00fc t\u00e4hte parmupilli sisse\" class=\"rl-gallery-link\" data-rl_caption=\"\" data-rel=\"lightbox-gallery-1\"><img loading=\"lazy\" decoding=\"async\" width=\"400\" height=\"300\" src=\"https:\/\/umapido.ee\/wp-content\/uploads\/2017\/10\/tulik_lyy_tahte_vaidopilt-400x300.jpg\" class=\"attachment-thumbnail size-thumbnail\" alt=\"\" \/><\/a>\n\t\t\t<\/dt><\/dl><dl class='gallery-item'>\n\t\t\t<dt class='gallery-icon landscape'>\n\t\t\t\t<a href='https:\/\/umapido.ee\/wp-content\/uploads\/2017\/10\/soosaar_lyy_tahte_vaidopilt.jpg' title=\"Soosaar\u00f5 Tiit l\u00fc\u00fc t\u00e4hte parmupilli sisse\" data-rl_title=\"Soosaar\u00f5 Tiit l\u00fc\u00fc t\u00e4hte parmupilli sisse\" class=\"rl-gallery-link\" data-rl_caption=\"\" data-rel=\"lightbox-gallery-1\"><img loading=\"lazy\" decoding=\"async\" width=\"400\" height=\"300\" src=\"https:\/\/umapido.ee\/wp-content\/uploads\/2017\/10\/soosaar_lyy_tahte_vaidopilt-400x300.jpg\" class=\"attachment-thumbnail size-thumbnail\" alt=\"\" \/><\/a>\n\t\t\t<\/dt><\/dl><dl class='gallery-item'>\n\t\t\t<dt class='gallery-icon landscape'>\n\t\t\t\t<a href='https:\/\/umapido.ee\/wp-content\/uploads\/2017\/10\/pilli_tetas_vaidopilt.jpg' title=\"Pilli tet\u00e4s\" data-rl_title=\"Pilli tet\u00e4s\" class=\"rl-gallery-link\" data-rl_caption=\"\" data-rel=\"lightbox-gallery-1\"><img loading=\"lazy\" decoding=\"async\" width=\"400\" height=\"300\" src=\"https:\/\/umapido.ee\/wp-content\/uploads\/2017\/10\/pilli_tetas_vaidopilt-400x300.jpg\" class=\"attachment-thumbnail size-thumbnail\" alt=\"\" \/><\/a>\n\t\t\t<\/dt><\/dl><dl class='gallery-item'>\n\t\t\t<dt class='gallery-icon landscape'>\n\t\t\t\t<a href='https:\/\/umapido.ee\/wp-content\/uploads\/2017\/10\/pido_nagla_laubepilt1.jpg' title=\"Valmis parmupill\" data-rl_title=\"Valmis parmupill\" class=\"rl-gallery-link\" data-rl_caption=\"\" data-rel=\"lightbox-gallery-1\"><img loading=\"lazy\" decoding=\"async\" width=\"400\" height=\"300\" src=\"https:\/\/umapido.ee\/wp-content\/uploads\/2017\/10\/pido_nagla_laubepilt1-400x300.jpg\" class=\"attachment-thumbnail size-thumbnail\" alt=\"\" srcset=\"https:\/\/umapido.ee\/wp-content\/uploads\/2017\/10\/pido_nagla_laubepilt1-400x300.jpg 400w, https:\/\/umapido.ee\/wp-content\/uploads\/2017\/10\/pido_nagla_laubepilt1-533x400.jpg 533w, https:\/\/umapido.ee\/wp-content\/uploads\/2017\/10\/pido_nagla_laubepilt1-768x576.jpg 768w, https:\/\/umapido.ee\/wp-content\/uploads\/2017\/10\/pido_nagla_laubepilt1-1024x768.jpg 1024w\" sizes=\"auto, (max-width: 400px) 100vw, 400px\" \/><\/a>\n\t\t\t<\/dt><\/dl><br style=\"clear: both\" \/><dl class='gallery-item'>\n\t\t\t<dt class='gallery-icon landscape'>\n\t\t\t\t<a href='https:\/\/umapido.ee\/wp-content\/uploads\/2017\/10\/parmupill_valmis_vaidopilt.jpg' title=\"Parmupill vii\u00e4s sepikuast v\u00e4ll\u00e4\" data-rl_title=\"Parmupill vii\u00e4s sepikuast v\u00e4ll\u00e4\" class=\"rl-gallery-link\" data-rl_caption=\"\" data-rel=\"lightbox-gallery-1\"><img loading=\"lazy\" decoding=\"async\" width=\"400\" height=\"300\" src=\"https:\/\/umapido.ee\/wp-content\/uploads\/2017\/10\/parmupill_valmis_vaidopilt-400x300.jpg\" class=\"attachment-thumbnail size-thumbnail\" alt=\"\" \/><\/a>\n\t\t\t<\/dt><\/dl><dl class='gallery-item'>\n\t\t\t<dt class='gallery-icon landscape'>\n\t\t\t\t<a href='https:\/\/umapido.ee\/wp-content\/uploads\/2017\/10\/kuis_hely_om_vaidopilt.jpg' title=\"Kuis hel\u00fc om?\" data-rl_title=\"Kuis hel\u00fc om?\" class=\"rl-gallery-link\" data-rl_caption=\"\" data-rel=\"lightbox-gallery-1\"><img loading=\"lazy\" decoding=\"async\" width=\"400\" height=\"300\" src=\"https:\/\/umapido.ee\/wp-content\/uploads\/2017\/10\/kuis_hely_om_vaidopilt-400x300.jpg\" class=\"attachment-thumbnail size-thumbnail\" alt=\"\" \/><\/a>\n\t\t\t<\/dt><\/dl><dl class='gallery-item'>\n\t\t\t<dt class='gallery-icon portrait'>\n\t\t\t\t<a href='https:\/\/umapido.ee\/wp-content\/uploads\/2017\/10\/ojar_lyy_tahte_vaidopilt.jpg' title=\"Ojari Triinu l\u00fc\u00fc t\u00e4hte parmupilli sisse\" data-rl_title=\"Ojari Triinu l\u00fc\u00fc t\u00e4hte parmupilli sisse\" class=\"rl-gallery-link\" data-rl_caption=\"\" data-rel=\"lightbox-gallery-1\"><img loading=\"lazy\" decoding=\"async\" width=\"400\" height=\"300\" src=\"https:\/\/umapido.ee\/wp-content\/uploads\/2017\/10\/ojar_lyy_tahte_vaidopilt-400x300.jpg\" class=\"attachment-thumbnail size-thumbnail\" alt=\"\" \/><\/a>\n\t\t\t<\/dt><\/dl><dl class='gallery-item'>\n\t\t\t<dt class='gallery-icon landscape'>\n\t\t\t\t<a href='https:\/\/umapido.ee\/wp-content\/uploads\/2017\/10\/parmupill_valmis_laubepilt1.jpg' title=\"Uma Pido kir\u00e4ga sep\u00e4nagla&#039;\" data-rl_title=\"Uma Pido kir\u00e4ga sep\u00e4nagla&#039;\" class=\"rl-gallery-link\" data-rl_caption=\"\" data-rel=\"lightbox-gallery-1\"><img loading=\"lazy\" decoding=\"async\" width=\"400\" height=\"300\" src=\"https:\/\/umapido.ee\/wp-content\/uploads\/2017\/10\/parmupill_valmis_laubepilt1-400x300.jpg\" class=\"attachment-thumbnail size-thumbnail\" alt=\"\" srcset=\"https:\/\/umapido.ee\/wp-content\/uploads\/2017\/10\/parmupill_valmis_laubepilt1-400x300.jpg 400w, https:\/\/umapido.ee\/wp-content\/uploads\/2017\/10\/parmupill_valmis_laubepilt1-533x400.jpg 533w, https:\/\/umapido.ee\/wp-content\/uploads\/2017\/10\/parmupill_valmis_laubepilt1-768x576.jpg 768w, https:\/\/umapido.ee\/wp-content\/uploads\/2017\/10\/parmupill_valmis_laubepilt1-1024x768.jpg 1024w\" sizes=\"auto, (max-width: 400px) 100vw, 400px\" \/><\/a>\n\t\t\t<\/dt><\/dl><br style=\"clear: both\" \/>\n\t\t<\/div>\n\n","protected":false},"excerpt":{"rendered":"","protected":false},"author":1,"featured_media":0,"parent":594,"menu_order":0,"comment_status":"closed","ping_status":"closed","template":"","meta":{"footnotes":""},"class_list":["post-578","page","type-page","status-publish","hentry"],"yoast_head":"<!-- This site is optimized with the Yoast SEO plugin v27.4 - https:\/\/yoast.com\/product\/yoast-seo-wordpress\/ -->\n<title>Parmupilli tegemine pido m\u00e4rgis - Uma Pido<\/title>\n<meta name=\"robots\" content=\"index, follow, max-snippet:-1, max-image-preview:large, max-video-preview:-1\" \/>\n<link rel=\"canonical\" href=\"https:\/\/umapido.ee\/et\/pido-2008\/galerii\/parmupilli-tegemine-pido-margis\/\" \/>\n<meta property=\"og:locale\" content=\"et_EE\" \/>\n<meta property=\"og:type\" content=\"article\" \/>\n<meta property=\"og:title\" content=\"Parmupilli tegemine pido m\u00e4rgis - Uma Pido\" \/>\n<meta property=\"og:url\" content=\"https:\/\/umapido.ee\/et\/pido-2008\/galerii\/parmupilli-tegemine-pido-margis\/\" \/>\n<meta property=\"og:site_name\" content=\"Uma Pido\" \/>\n<meta property=\"article:publisher\" content=\"https:\/\/www.facebook.com\/UmaPido-278039651663\/\" \/>\n<meta property=\"og:image\" content=\"https:\/\/umapido.ee\/wp-content\/uploads\/2017\/10\/tulik_lyy_tahte_vaidopilt-400x300.jpg\" \/>\n<meta name=\"twitter:card\" content=\"summary_large_image\" \/>\n<script type=\"application\/ld+json\" class=\"yoast-schema-graph\">{\"@context\":\"https:\\\/\\\/schema.org\",\"@graph\":[{\"@type\":\"WebPage\",\"@id\":\"https:\\\/\\\/umapido.ee\\\/et\\\/pido-2008\\\/galerii\\\/parmupilli-tegemine-pido-margis\\\/\",\"url\":\"https:\\\/\\\/umapido.ee\\\/et\\\/pido-2008\\\/galerii\\\/parmupilli-tegemine-pido-margis\\\/\",\"name\":\"Parmupilli tegemine pido m\u00e4rgis - Uma Pido\",\"isPartOf\":{\"@id\":\"https:\\\/\\\/umapido.ee\\\/#website\"},\"datePublished\":\"2017-10-10T20:33:25+00:00\",\"breadcrumb\":{\"@id\":\"https:\\\/\\\/umapido.ee\\\/et\\\/pido-2008\\\/galerii\\\/parmupilli-tegemine-pido-margis\\\/#breadcrumb\"},\"inLanguage\":\"et\",\"potentialAction\":[{\"@type\":\"ReadAction\",\"target\":[\"https:\\\/\\\/umapido.ee\\\/et\\\/pido-2008\\\/galerii\\\/parmupilli-tegemine-pido-margis\\\/\"]}]},{\"@type\":\"BreadcrumbList\",\"@id\":\"https:\\\/\\\/umapido.ee\\\/et\\\/pido-2008\\\/galerii\\\/parmupilli-tegemine-pido-margis\\\/#breadcrumb\",\"itemListElement\":[{\"@type\":\"ListItem\",\"position\":1,\"name\":\"Home\",\"item\":\"https:\\\/\\\/umapido.ee\\\/et\\\/\"},{\"@type\":\"ListItem\",\"position\":2,\"name\":\"Pido 2008\",\"item\":\"https:\\\/\\\/umapido.ee\\\/et\\\/pido-2008\\\/\"},{\"@type\":\"ListItem\",\"position\":3,\"name\":\"Galerii\",\"item\":\"https:\\\/\\\/umapido.ee\\\/et\\\/pido-2008\\\/galerii\\\/\"},{\"@type\":\"ListItem\",\"position\":4,\"name\":\"Parmupilli tegemine pido m\u00e4rgis\"}]},{\"@type\":\"WebSite\",\"@id\":\"https:\\\/\\\/umapido.ee\\\/#website\",\"url\":\"https:\\\/\\\/umapido.ee\\\/\",\"name\":\"Uma Pido\",\"description\":\"V\u00f5rokeeline laulu- ja rahvapido\",\"potentialAction\":[{\"@type\":\"SearchAction\",\"target\":{\"@type\":\"EntryPoint\",\"urlTemplate\":\"https:\\\/\\\/umapido.ee\\\/?s={search_term_string}\"},\"query-input\":{\"@type\":\"PropertyValueSpecification\",\"valueRequired\":true,\"valueName\":\"search_term_string\"}}],\"inLanguage\":\"et\"}]}<\/script>\n<!-- \/ Yoast SEO plugin. -->","yoast_head_json":{"title":"Parmupilli tegemine pido m\u00e4rgis - Uma Pido","robots":{"index":"index","follow":"follow","max-snippet":"max-snippet:-1","max-image-preview":"max-image-preview:large","max-video-preview":"max-video-preview:-1"},"canonical":"https:\/\/umapido.ee\/et\/pido-2008\/galerii\/parmupilli-tegemine-pido-margis\/","og_locale":"et_EE","og_type":"article","og_title":"Parmupilli tegemine pido m\u00e4rgis - Uma Pido","og_url":"https:\/\/umapido.ee\/et\/pido-2008\/galerii\/parmupilli-tegemine-pido-margis\/","og_site_name":"Uma Pido","article_publisher":"https:\/\/www.facebook.com\/UmaPido-278039651663\/","og_image":[{"url":"https:\/\/umapido.ee\/wp-content\/uploads\/2017\/10\/tulik_lyy_tahte_vaidopilt-400x300.jpg","type":"","width":"","height":""}],"twitter_card":"summary_large_image","schema":{"@context":"https:\/\/schema.org","@graph":[{"@type":"WebPage","@id":"https:\/\/umapido.ee\/et\/pido-2008\/galerii\/parmupilli-tegemine-pido-margis\/","url":"https:\/\/umapido.ee\/et\/pido-2008\/galerii\/parmupilli-tegemine-pido-margis\/","name":"Parmupilli tegemine pido m\u00e4rgis - Uma Pido","isPartOf":{"@id":"https:\/\/umapido.ee\/#website"},"datePublished":"2017-10-10T20:33:25+00:00","breadcrumb":{"@id":"https:\/\/umapido.ee\/et\/pido-2008\/galerii\/parmupilli-tegemine-pido-margis\/#breadcrumb"},"inLanguage":"et","potentialAction":[{"@type":"ReadAction","target":["https:\/\/umapido.ee\/et\/pido-2008\/galerii\/parmupilli-tegemine-pido-margis\/"]}]},{"@type":"BreadcrumbList","@id":"https:\/\/umapido.ee\/et\/pido-2008\/galerii\/parmupilli-tegemine-pido-margis\/#breadcrumb","itemListElement":[{"@type":"ListItem","position":1,"name":"Home","item":"https:\/\/umapido.ee\/et\/"},{"@type":"ListItem","position":2,"name":"Pido 2008","item":"https:\/\/umapido.ee\/et\/pido-2008\/"},{"@type":"ListItem","position":3,"name":"Galerii","item":"https:\/\/umapido.ee\/et\/pido-2008\/galerii\/"},{"@type":"ListItem","position":4,"name":"Parmupilli tegemine pido m\u00e4rgis"}]},{"@type":"WebSite","@id":"https:\/\/umapido.ee\/#website","url":"https:\/\/umapido.ee\/","name":"Uma Pido","description":"V\u00f5rokeeline laulu- ja rahvapido","potentialAction":[{"@type":"SearchAction","target":{"@type":"EntryPoint","urlTemplate":"https:\/\/umapido.ee\/?s={search_term_string}"},"query-input":{"@type":"PropertyValueSpecification","valueRequired":true,"valueName":"search_term_string"}}],"inLanguage":"et"}]}},"_links":{"self":[{"href":"https:\/\/umapido.ee\/et\/wp-json\/wp\/v2\/pages\/578","targetHints":{"allow":["GET"]}}],"collection":[{"href":"https:\/\/umapido.ee\/et\/wp-json\/wp\/v2\/pages"}],"about":[{"href":"https:\/\/umapido.ee\/et\/wp-json\/wp\/v2\/types\/page"}],"author":[{"embeddable":true,"href":"https:\/\/umapido.ee\/et\/wp-json\/wp\/v2\/users\/1"}],"replies":[{"embeddable":true,"href":"https:\/\/umapido.ee\/et\/wp-json\/wp\/v2\/comments?post=578"}],"version-history":[{"count":1,"href":"https:\/\/umapido.ee\/et\/wp-json\/wp\/v2\/pages\/578\/revisions"}],"predecessor-version":[{"id":579,"href":"https:\/\/umapido.ee\/et\/wp-json\/wp\/v2\/pages\/578\/revisions\/579"}],"up":[{"embeddable":true,"href":"https:\/\/umapido.ee\/et\/wp-json\/wp\/v2\/pages\/594"}],"wp:attachment":[{"href":"https:\/\/umapido.ee\/et\/wp-json\/wp\/v2\/media?parent=578"}],"curies":[{"name":"wp","href":"https:\/\/api.w.org\/{rel}","templated":true}]}}