{"id":576,"date":"2017-10-10T23:33:08","date_gmt":"2017-10-10T20:33:08","guid":{"rendered":"https:\/\/umapido.ee\/?page_id=576"},"modified":"2017-10-10T23:33:08","modified_gmt":"2017-10-10T20:33:08","slug":"pido-ja-pannoo-tutvustus","status":"publish","type":"page","link":"https:\/\/umapido.ee\/et\/pido-2008\/galerii\/pido-ja-pannoo-tutvustus\/","title":{"rendered":"Pido ja pannoo tutvustus"},"content":{"rendered":"\n\t\t<style type=\"text\/css\">\n\t\t\t#gallery-1 {\n\t\t\t\tmargin: auto;\n\t\t\t}\n\t\t\t#gallery-1 .gallery-item {\n\t\t\t\tfloat: left;\n\t\t\t\tmargin-top: 10px;\n\t\t\t\ttext-align: center;\n\t\t\t\twidth: 25%;\n\t\t\t}\n\t\t\t#gallery-1 img {\n\t\t\t\tborder: 2px solid #cfcfcf;\n\t\t\t}\n\t\t\t#gallery-1 .gallery-caption {\n\t\t\t\tmargin-left: 0;\n\t\t\t}\n\t\t\t\/* see gallery_shortcode() in wp-includes\/media.php *\/\n\t\t<\/style>\n\t\t<div id='gallery-1' class='gallery galleryid-576 gallery-columns-4 gallery-size-thumbnail'><dl class='gallery-item'>\n\t\t\t<dt class='gallery-icon landscape'>\n\t\t\t\t<a href='https:\/\/umapido.ee\/wp-content\/uploads\/2017\/10\/ruitlane_torsoga_laubepilt.jpg' title=\"Ruitlan\u00f5 saa torsoga h\u00e4ste l\u00e4bi\" data-rl_title=\"Ruitlan\u00f5 saa torsoga h\u00e4ste l\u00e4bi\" class=\"rl-gallery-link\" data-rl_caption=\"\" data-rel=\"lightbox-gallery-1\"><img loading=\"lazy\" decoding=\"async\" width=\"400\" height=\"300\" src=\"https:\/\/umapido.ee\/wp-content\/uploads\/2017\/10\/ruitlane_torsoga_laubepilt-400x300.jpg\" class=\"attachment-thumbnail size-thumbnail\" alt=\"\" srcset=\"https:\/\/umapido.ee\/wp-content\/uploads\/2017\/10\/ruitlane_torsoga_laubepilt-400x300.jpg 400w, https:\/\/umapido.ee\/wp-content\/uploads\/2017\/10\/ruitlane_torsoga_laubepilt-533x400.jpg 533w, https:\/\/umapido.ee\/wp-content\/uploads\/2017\/10\/ruitlane_torsoga_laubepilt-768x576.jpg 768w, https:\/\/umapido.ee\/wp-content\/uploads\/2017\/10\/ruitlane_torsoga_laubepilt-1024x768.jpg 1024w\" sizes=\"auto, (max-width: 400px) 100vw, 400px\" \/><\/a>\n\t\t\t<\/dt><\/dl><dl class='gallery-item'>\n\t\t\t<dt class='gallery-icon landscape'>\n\t\t\t\t<a href='https:\/\/umapido.ee\/wp-content\/uploads\/2017\/10\/otsar_magironija_laubepilt.jpg' title=\"Koorijuhi ja m\u00e4eroitja kat\u00f5k\u00f5n\u00f5&#039;\" data-rl_title=\"Koorijuhi ja m\u00e4eroitja kat\u00f5k\u00f5n\u00f5&#039;\" class=\"rl-gallery-link\" data-rl_caption=\"\" data-rel=\"lightbox-gallery-1\"><img loading=\"lazy\" decoding=\"async\" width=\"400\" height=\"300\" src=\"https:\/\/umapido.ee\/wp-content\/uploads\/2017\/10\/otsar_magironija_laubepilt-400x300.jpg\" class=\"attachment-thumbnail size-thumbnail\" alt=\"\" srcset=\"https:\/\/umapido.ee\/wp-content\/uploads\/2017\/10\/otsar_magironija_laubepilt-400x300.jpg 400w, https:\/\/umapido.ee\/wp-content\/uploads\/2017\/10\/otsar_magironija_laubepilt-533x400.jpg 533w, https:\/\/umapido.ee\/wp-content\/uploads\/2017\/10\/otsar_magironija_laubepilt-768x576.jpg 768w, https:\/\/umapido.ee\/wp-content\/uploads\/2017\/10\/otsar_magironija_laubepilt-1024x768.jpg 1024w\" sizes=\"auto, (max-width: 400px) 100vw, 400px\" \/><\/a>\n\t\t\t<\/dt><\/dl><dl class='gallery-item'>\n\t\t\t<dt class='gallery-icon portrait'>\n\t\t\t\t<a href='https:\/\/umapido.ee\/wp-content\/uploads\/2017\/10\/otsar_ja_otsar_kotjuhipilt.jpg' title=\"Kats Otsarit. D. Kotjuhi pilt\" data-rl_title=\"Kats Otsarit. D. Kotjuhi pilt\" class=\"rl-gallery-link\" data-rl_caption=\"\" data-rel=\"lightbox-gallery-1\"><img loading=\"lazy\" decoding=\"async\" width=\"400\" height=\"300\" src=\"https:\/\/umapido.ee\/wp-content\/uploads\/2017\/10\/otsar_ja_otsar_kotjuhipilt-400x300.jpg\" class=\"attachment-thumbnail size-thumbnail\" alt=\"\" \/><\/a>\n\t\t\t<\/dt><\/dl><dl class='gallery-item'>\n\t\t\t<dt class='gallery-icon landscape'>\n\t\t\t\t<a href='https:\/\/umapido.ee\/wp-content\/uploads\/2017\/10\/mis_taa_otsar_vehk_laubepil.jpg' title=\"Mid\u00e4 taa Otsar liftin vehk?\" data-rl_title=\"Mid\u00e4 taa Otsar liftin vehk?\" class=\"rl-gallery-link\" data-rl_caption=\"\" data-rel=\"lightbox-gallery-1\"><img loading=\"lazy\" decoding=\"async\" width=\"400\" height=\"300\" src=\"https:\/\/umapido.ee\/wp-content\/uploads\/2017\/10\/mis_taa_otsar_vehk_laubepil-400x300.jpg\" class=\"attachment-thumbnail size-thumbnail\" alt=\"\" srcset=\"https:\/\/umapido.ee\/wp-content\/uploads\/2017\/10\/mis_taa_otsar_vehk_laubepil-400x300.jpg 400w, https:\/\/umapido.ee\/wp-content\/uploads\/2017\/10\/mis_taa_otsar_vehk_laubepil-533x400.jpg 533w, https:\/\/umapido.ee\/wp-content\/uploads\/2017\/10\/mis_taa_otsar_vehk_laubepil-768x576.jpg 768w, https:\/\/umapido.ee\/wp-content\/uploads\/2017\/10\/mis_taa_otsar_vehk_laubepil-1024x768.jpg 1024w\" sizes=\"auto, (max-width: 400px) 100vw, 400px\" \/><\/a>\n\t\t\t<\/dt><\/dl><br style=\"clear: both\" \/><dl class='gallery-item'>\n\t\t\t<dt class='gallery-icon landscape'>\n\t\t\t\t<a href='https:\/\/umapido.ee\/wp-content\/uploads\/2017\/10\/mis_saal_all_tetas_laubepil.jpg' title=\"Mi\u00e4 s\u00e4\u00e4l all tet\u00e4s?\" data-rl_title=\"Mi\u00e4 s\u00e4\u00e4l all tet\u00e4s?\" class=\"rl-gallery-link\" data-rl_caption=\"\" data-rel=\"lightbox-gallery-1\"><img loading=\"lazy\" decoding=\"async\" width=\"400\" height=\"300\" src=\"https:\/\/umapido.ee\/wp-content\/uploads\/2017\/10\/mis_saal_all_tetas_laubepil-400x300.jpg\" class=\"attachment-thumbnail size-thumbnail\" alt=\"\" srcset=\"https:\/\/umapido.ee\/wp-content\/uploads\/2017\/10\/mis_saal_all_tetas_laubepil-400x300.jpg 400w, https:\/\/umapido.ee\/wp-content\/uploads\/2017\/10\/mis_saal_all_tetas_laubepil-533x400.jpg 533w, https:\/\/umapido.ee\/wp-content\/uploads\/2017\/10\/mis_saal_all_tetas_laubepil-768x576.jpg 768w, https:\/\/umapido.ee\/wp-content\/uploads\/2017\/10\/mis_saal_all_tetas_laubepil-1024x768.jpg 1024w\" sizes=\"auto, (max-width: 400px) 100vw, 400px\" \/><\/a>\n\t\t\t<\/dt><\/dl><dl class='gallery-item'>\n\t\t\t<dt class='gallery-icon landscape'>\n\t\t\t\t<a href='https:\/\/umapido.ee\/wp-content\/uploads\/2017\/10\/mehe_laulva_laubepilt.jpg' title=\"Mehe&#039; laulva ja Ruitlan\u00f5 vehk torsoga\" data-rl_title=\"Mehe&#039; laulva ja Ruitlan\u00f5 vehk torsoga\" class=\"rl-gallery-link\" data-rl_caption=\"\" data-rel=\"lightbox-gallery-1\"><img loading=\"lazy\" decoding=\"async\" width=\"400\" height=\"300\" src=\"https:\/\/umapido.ee\/wp-content\/uploads\/2017\/10\/mehe_laulva_laubepilt-400x300.jpg\" class=\"attachment-thumbnail size-thumbnail\" alt=\"\" srcset=\"https:\/\/umapido.ee\/wp-content\/uploads\/2017\/10\/mehe_laulva_laubepilt-400x300.jpg 400w, https:\/\/umapido.ee\/wp-content\/uploads\/2017\/10\/mehe_laulva_laubepilt-533x400.jpg 533w, https:\/\/umapido.ee\/wp-content\/uploads\/2017\/10\/mehe_laulva_laubepilt-768x576.jpg 768w, https:\/\/umapido.ee\/wp-content\/uploads\/2017\/10\/mehe_laulva_laubepilt-1024x768.jpg 1024w\" sizes=\"auto, (max-width: 400px) 100vw, 400px\" \/><\/a>\n\t\t\t<\/dt><\/dl><dl class='gallery-item'>\n\t\t\t<dt class='gallery-icon landscape'>\n\t\t\t\t<a href='https:\/\/umapido.ee\/wp-content\/uploads\/2017\/10\/mehe_eskalaatoril_kotjuhpil.jpg' title=\"Mehe s\u00f5itva trepi p\u00e4\u00e4l. D. Kotjuhi pilt\" data-rl_title=\"Mehe s\u00f5itva trepi p\u00e4\u00e4l. D. Kotjuhi pilt\" class=\"rl-gallery-link\" data-rl_caption=\"\" data-rel=\"lightbox-gallery-1\"><img loading=\"lazy\" decoding=\"async\" width=\"400\" height=\"300\" src=\"https:\/\/umapido.ee\/wp-content\/uploads\/2017\/10\/mehe_eskalaatoril_kotjuhpil-400x300.jpg\" class=\"attachment-thumbnail size-thumbnail\" alt=\"\" \/><\/a>\n\t\t\t<\/dt><\/dl><dl class='gallery-item'>\n\t\t\t<dt class='gallery-icon landscape'>\n\t\t\t\t<a href='https:\/\/umapido.ee\/wp-content\/uploads\/2017\/10\/magironija_laskus_laubepilt.jpg' title=\"M\u00e4eroitja tul\u00f5 ala\" data-rl_title=\"M\u00e4eroitja tul\u00f5 ala\" class=\"rl-gallery-link\" data-rl_caption=\"\" data-rel=\"lightbox-gallery-1\"><img loading=\"lazy\" decoding=\"async\" width=\"400\" height=\"300\" src=\"https:\/\/umapido.ee\/wp-content\/uploads\/2017\/10\/magironija_laskus_laubepilt-400x300.jpg\" class=\"attachment-thumbnail size-thumbnail\" alt=\"\" srcset=\"https:\/\/umapido.ee\/wp-content\/uploads\/2017\/10\/magironija_laskus_laubepilt-400x300.jpg 400w, https:\/\/umapido.ee\/wp-content\/uploads\/2017\/10\/magironija_laskus_laubepilt-533x400.jpg 533w, https:\/\/umapido.ee\/wp-content\/uploads\/2017\/10\/magironija_laskus_laubepilt-768x576.jpg 768w, https:\/\/umapido.ee\/wp-content\/uploads\/2017\/10\/magironija_laskus_laubepilt-1024x768.jpg 1024w\" sizes=\"auto, (max-width: 400px) 100vw, 400px\" \/><\/a>\n\t\t\t<\/dt><\/dl><br style=\"clear: both\" \/>\n\t\t<\/div>\n\n","protected":false},"excerpt":{"rendered":"","protected":false},"author":1,"featured_media":0,"parent":594,"menu_order":0,"comment_status":"closed","ping_status":"closed","template":"","meta":{"footnotes":""},"class_list":["post-576","page","type-page","status-publish","hentry"],"yoast_head":"<!-- This site is optimized with the Yoast SEO plugin v27.4 - https:\/\/yoast.com\/product\/yoast-seo-wordpress\/ -->\n<title>Pido ja pannoo tutvustus - Uma Pido<\/title>\n<meta name=\"robots\" content=\"index, follow, max-snippet:-1, max-image-preview:large, max-video-preview:-1\" \/>\n<link rel=\"canonical\" href=\"https:\/\/umapido.ee\/et\/pido-2008\/galerii\/pido-ja-pannoo-tutvustus\/\" \/>\n<meta property=\"og:locale\" content=\"et_EE\" \/>\n<meta property=\"og:type\" content=\"article\" \/>\n<meta property=\"og:title\" content=\"Pido ja pannoo tutvustus - Uma Pido\" \/>\n<meta property=\"og:url\" content=\"https:\/\/umapido.ee\/et\/pido-2008\/galerii\/pido-ja-pannoo-tutvustus\/\" \/>\n<meta property=\"og:site_name\" content=\"Uma Pido\" \/>\n<meta property=\"article:publisher\" content=\"https:\/\/www.facebook.com\/UmaPido-278039651663\/\" \/>\n<meta property=\"og:image\" content=\"https:\/\/umapido.ee\/wp-content\/uploads\/2017\/10\/ruitlane_torsoga_laubepilt-400x300.jpg\" \/>\n<meta name=\"twitter:card\" content=\"summary_large_image\" \/>\n<script type=\"application\/ld+json\" class=\"yoast-schema-graph\">{\"@context\":\"https:\\\/\\\/schema.org\",\"@graph\":[{\"@type\":\"WebPage\",\"@id\":\"https:\\\/\\\/umapido.ee\\\/et\\\/pido-2008\\\/galerii\\\/pido-ja-pannoo-tutvustus\\\/\",\"url\":\"https:\\\/\\\/umapido.ee\\\/et\\\/pido-2008\\\/galerii\\\/pido-ja-pannoo-tutvustus\\\/\",\"name\":\"Pido ja pannoo tutvustus - Uma Pido\",\"isPartOf\":{\"@id\":\"https:\\\/\\\/umapido.ee\\\/#website\"},\"datePublished\":\"2017-10-10T20:33:08+00:00\",\"breadcrumb\":{\"@id\":\"https:\\\/\\\/umapido.ee\\\/et\\\/pido-2008\\\/galerii\\\/pido-ja-pannoo-tutvustus\\\/#breadcrumb\"},\"inLanguage\":\"et\",\"potentialAction\":[{\"@type\":\"ReadAction\",\"target\":[\"https:\\\/\\\/umapido.ee\\\/et\\\/pido-2008\\\/galerii\\\/pido-ja-pannoo-tutvustus\\\/\"]}]},{\"@type\":\"BreadcrumbList\",\"@id\":\"https:\\\/\\\/umapido.ee\\\/et\\\/pido-2008\\\/galerii\\\/pido-ja-pannoo-tutvustus\\\/#breadcrumb\",\"itemListElement\":[{\"@type\":\"ListItem\",\"position\":1,\"name\":\"Home\",\"item\":\"https:\\\/\\\/umapido.ee\\\/et\\\/\"},{\"@type\":\"ListItem\",\"position\":2,\"name\":\"Pido 2008\",\"item\":\"https:\\\/\\\/umapido.ee\\\/et\\\/pido-2008\\\/\"},{\"@type\":\"ListItem\",\"position\":3,\"name\":\"Galerii\",\"item\":\"https:\\\/\\\/umapido.ee\\\/et\\\/pido-2008\\\/galerii\\\/\"},{\"@type\":\"ListItem\",\"position\":4,\"name\":\"Pido ja pannoo tutvustus\"}]},{\"@type\":\"WebSite\",\"@id\":\"https:\\\/\\\/umapido.ee\\\/#website\",\"url\":\"https:\\\/\\\/umapido.ee\\\/\",\"name\":\"Uma Pido\",\"description\":\"V\u00f5rokeeline laulu- ja rahvapido\",\"potentialAction\":[{\"@type\":\"SearchAction\",\"target\":{\"@type\":\"EntryPoint\",\"urlTemplate\":\"https:\\\/\\\/umapido.ee\\\/?s={search_term_string}\"},\"query-input\":{\"@type\":\"PropertyValueSpecification\",\"valueRequired\":true,\"valueName\":\"search_term_string\"}}],\"inLanguage\":\"et\"}]}<\/script>\n<!-- \/ Yoast SEO plugin. -->","yoast_head_json":{"title":"Pido ja pannoo tutvustus - Uma Pido","robots":{"index":"index","follow":"follow","max-snippet":"max-snippet:-1","max-image-preview":"max-image-preview:large","max-video-preview":"max-video-preview:-1"},"canonical":"https:\/\/umapido.ee\/et\/pido-2008\/galerii\/pido-ja-pannoo-tutvustus\/","og_locale":"et_EE","og_type":"article","og_title":"Pido ja pannoo tutvustus - Uma Pido","og_url":"https:\/\/umapido.ee\/et\/pido-2008\/galerii\/pido-ja-pannoo-tutvustus\/","og_site_name":"Uma Pido","article_publisher":"https:\/\/www.facebook.com\/UmaPido-278039651663\/","og_image":[{"url":"https:\/\/umapido.ee\/wp-content\/uploads\/2017\/10\/ruitlane_torsoga_laubepilt-400x300.jpg","type":"","width":"","height":""}],"twitter_card":"summary_large_image","schema":{"@context":"https:\/\/schema.org","@graph":[{"@type":"WebPage","@id":"https:\/\/umapido.ee\/et\/pido-2008\/galerii\/pido-ja-pannoo-tutvustus\/","url":"https:\/\/umapido.ee\/et\/pido-2008\/galerii\/pido-ja-pannoo-tutvustus\/","name":"Pido ja pannoo tutvustus - Uma Pido","isPartOf":{"@id":"https:\/\/umapido.ee\/#website"},"datePublished":"2017-10-10T20:33:08+00:00","breadcrumb":{"@id":"https:\/\/umapido.ee\/et\/pido-2008\/galerii\/pido-ja-pannoo-tutvustus\/#breadcrumb"},"inLanguage":"et","potentialAction":[{"@type":"ReadAction","target":["https:\/\/umapido.ee\/et\/pido-2008\/galerii\/pido-ja-pannoo-tutvustus\/"]}]},{"@type":"BreadcrumbList","@id":"https:\/\/umapido.ee\/et\/pido-2008\/galerii\/pido-ja-pannoo-tutvustus\/#breadcrumb","itemListElement":[{"@type":"ListItem","position":1,"name":"Home","item":"https:\/\/umapido.ee\/et\/"},{"@type":"ListItem","position":2,"name":"Pido 2008","item":"https:\/\/umapido.ee\/et\/pido-2008\/"},{"@type":"ListItem","position":3,"name":"Galerii","item":"https:\/\/umapido.ee\/et\/pido-2008\/galerii\/"},{"@type":"ListItem","position":4,"name":"Pido ja pannoo tutvustus"}]},{"@type":"WebSite","@id":"https:\/\/umapido.ee\/#website","url":"https:\/\/umapido.ee\/","name":"Uma Pido","description":"V\u00f5rokeeline laulu- ja rahvapido","potentialAction":[{"@type":"SearchAction","target":{"@type":"EntryPoint","urlTemplate":"https:\/\/umapido.ee\/?s={search_term_string}"},"query-input":{"@type":"PropertyValueSpecification","valueRequired":true,"valueName":"search_term_string"}}],"inLanguage":"et"}]}},"_links":{"self":[{"href":"https:\/\/umapido.ee\/et\/wp-json\/wp\/v2\/pages\/576","targetHints":{"allow":["GET"]}}],"collection":[{"href":"https:\/\/umapido.ee\/et\/wp-json\/wp\/v2\/pages"}],"about":[{"href":"https:\/\/umapido.ee\/et\/wp-json\/wp\/v2\/types\/page"}],"author":[{"embeddable":true,"href":"https:\/\/umapido.ee\/et\/wp-json\/wp\/v2\/users\/1"}],"replies":[{"embeddable":true,"href":"https:\/\/umapido.ee\/et\/wp-json\/wp\/v2\/comments?post=576"}],"version-history":[{"count":1,"href":"https:\/\/umapido.ee\/et\/wp-json\/wp\/v2\/pages\/576\/revisions"}],"predecessor-version":[{"id":577,"href":"https:\/\/umapido.ee\/et\/wp-json\/wp\/v2\/pages\/576\/revisions\/577"}],"up":[{"embeddable":true,"href":"https:\/\/umapido.ee\/et\/wp-json\/wp\/v2\/pages\/594"}],"wp:attachment":[{"href":"https:\/\/umapido.ee\/et\/wp-json\/wp\/v2\/media?parent=576"}],"curies":[{"name":"wp","href":"https:\/\/api.w.org\/{rel}","templated":true}]}}