{"id":573,"date":"2017-10-10T23:31:52","date_gmt":"2017-10-10T20:31:52","guid":{"rendered":"https:\/\/umapido.ee\/?page_id=573"},"modified":"2019-06-06T22:24:19","modified_gmt":"2019-06-06T19:24:19","slug":"meediakajastused","status":"publish","type":"page","link":"https:\/\/umapido.ee\/et\/pido-2008\/meediakajastused\/","title":{"rendered":"Meediakajastused"},"content":{"rendered":"<p>31. mail 2008 toimunud Uma Pido meediakajastused:<\/p>\n<ul>\n<li><a href=\"https:\/\/umapido.ee\/wp-content\/uploads\/2017\/10\/meediakajastused_-umapido.doc\" target=\"_blank\" rel=\"noopener noreferrer\">Kokkuv\u00f5te meediakajastustest<\/a><\/li>\n<li><a href=\"https:\/\/www.youtube.com\/watch?v=ZffyDufJus8&#038;list=PL242555C991FC7047\" target=\"_blank\" rel=\"noopener noreferrer\">Uma Pido reklaamiklipid<\/a><\/li>\n<li>Kanal 2, Reporter, 30. m\u00e4rtsil eetris olnud l\u00f5ik Uma Pido s\u00fcmboli parmupilli tegemisest: http:\/\/www.reporter.ee\/index.php?s=Uma+Pido<\/li>\n<li>ETV Kultuuriuudised 31.03: <a href=\"http:\/\/etv.ee\/arhiiv.php?id=77654\" target=\"_blank\" rel=\"noopener noreferrer\">http:\/\/etv.ee\/arhiiv.php?id=77654<\/a><\/li>\n<li>Eesti Ekspress, artikkel &#8220;Laulumees &#8211; see on \u00fcks ideaalil\u00e4hedane mees!&#8221;: http:\/\/paber.ekspress.ee\/viewdoc\/C67E53EE4E75ED34C22573FB0042B23F<\/li>\n<li>Eesti Ekspress, intervjuu Silja Otsariga: http:\/\/paber.ekspress.ee\/viewdoc\/4758A001E60B0533C225741D004CDAFA<\/li>\n<li>Vikerraadio, Huvitaja saade 31.m\u00e4rtsil: http:\/\/www.vikerraadio.ee\/helid?main_id=928101<\/li>\n<li>Postimees, &#8220;V\u00f5rokesed teevad esimese p\u00e4ris oma laulupeo&#8221;: http:\/\/www.postimees.ee\/010408\/esileht\/kultuur\/320937.php<\/li>\n<li>V\u00f5rumaa Teataja, &#8220;Laulumehed sepistasid &#8220;Uma Pido&#8221; s\u00fcmboli &#8211; parmupilli: <a href=\"http:\/\/www.vorumaateataja.ee\/?a=uudised&amp;h=2008\/4\/1\" target=\"_blank\" rel=\"noopener noreferrer\">http:\/\/www.vorumaateataja.ee\/?a=uudised&amp;h=2008\/4\/1<\/a><\/li>\n<li>L\u00f5unaleht, &#8220;Uma Pido avapauk parmupilli ja pannooga&#8221;: <a href=\"http:\/\/www.lounaleht.ee\/?l=263&amp;n=2625&amp;p=1\" target=\"_blank\" rel=\"noopener noreferrer\">http:\/\/www.lounaleht.ee\/?l=263&amp;n=2625&amp;p=1<\/a><\/li>\n<li>Koit, &#8220;Pannoo jaoks pildistati \u00fcles ligi 80 inimest&#8221; (3. aprill 2008)<\/li>\n<\/ul>\n","protected":false},"excerpt":{"rendered":"<p>31. mail 2008 toimunud Uma Pido meediakajastused: Kokkuv\u00f5te meediakajastustest Uma Pido reklaamiklipid Kanal 2, Reporter, 30. m\u00e4rtsil eetris olnud l\u00f5ik Uma Pido s\u00fcmboli parmupilli tegemisest: http:\/\/www.reporter.ee\/index.php?s=Uma+Pido ETV Kultuuriuudised 31.03: http:\/\/etv.ee\/arhiiv.php?id=77654 Eesti Ekspress, artikkel &#8220;Laulumees &#8211; see on \u00fcks ideaalil\u00e4hedane mees!&#8221;: http:\/\/paber.ekspress.ee\/viewdoc\/C67E53EE4E75ED34C22573FB0042B23F Eesti Ekspress, intervjuu Silja Otsariga: http:\/\/paber.ekspress.ee\/viewdoc\/4758A001E60B0533C225741D004CDAFA Vikerraadio, Huvitaja saade 31.m\u00e4rtsil: http:\/\/www.vikerraadio.ee\/helid?main_id=928101 Postimees, &#8220;V\u00f5rokesed teevad [&hellip;]<\/p>\n","protected":false},"author":1,"featured_media":0,"parent":528,"menu_order":0,"comment_status":"closed","ping_status":"closed","template":"","meta":{"footnotes":""},"class_list":["post-573","page","type-page","status-publish","hentry"],"yoast_head":"<!-- This site is optimized with the Yoast SEO plugin v27.4 - https:\/\/yoast.com\/product\/yoast-seo-wordpress\/ -->\n<title>Meediakajastused - Uma Pido<\/title>\n<meta name=\"robots\" content=\"index, follow, max-snippet:-1, max-image-preview:large, max-video-preview:-1\" \/>\n<link rel=\"canonical\" href=\"https:\/\/umapido.ee\/et\/pido-2008\/meediakajastused\/\" \/>\n<meta property=\"og:locale\" content=\"et_EE\" \/>\n<meta property=\"og:type\" content=\"article\" \/>\n<meta property=\"og:title\" content=\"Meediakajastused - Uma Pido\" \/>\n<meta property=\"og:description\" content=\"31. mail 2008 toimunud Uma Pido meediakajastused: Kokkuv\u00f5te meediakajastustest Uma Pido reklaamiklipid Kanal 2, Reporter, 30. m\u00e4rtsil eetris olnud l\u00f5ik Uma Pido s\u00fcmboli parmupilli tegemisest: http:\/\/www.reporter.ee\/index.php?s=Uma+Pido ETV Kultuuriuudised 31.03: http:\/\/etv.ee\/arhiiv.php?id=77654 Eesti Ekspress, artikkel &#8220;Laulumees &#8211; see on \u00fcks ideaalil\u00e4hedane mees!&#8221;: http:\/\/paber.ekspress.ee\/viewdoc\/C67E53EE4E75ED34C22573FB0042B23F Eesti Ekspress, intervjuu Silja Otsariga: http:\/\/paber.ekspress.ee\/viewdoc\/4758A001E60B0533C225741D004CDAFA Vikerraadio, Huvitaja saade 31.m\u00e4rtsil: http:\/\/www.vikerraadio.ee\/helid?main_id=928101 Postimees, &#8220;V\u00f5rokesed teevad [&hellip;]\" \/>\n<meta property=\"og:url\" content=\"https:\/\/umapido.ee\/et\/pido-2008\/meediakajastused\/\" \/>\n<meta property=\"og:site_name\" content=\"Uma Pido\" \/>\n<meta property=\"article:publisher\" content=\"https:\/\/www.facebook.com\/UmaPido-278039651663\/\" \/>\n<meta property=\"article:modified_time\" content=\"2019-06-06T19:24:19+00:00\" \/>\n<meta name=\"twitter:card\" content=\"summary_large_image\" \/>\n<meta name=\"twitter:label1\" content=\"Est. reading time\" \/>\n\t<meta name=\"twitter:data1\" content=\"1 minut\" \/>\n<script type=\"application\/ld+json\" class=\"yoast-schema-graph\">{\"@context\":\"https:\\\/\\\/schema.org\",\"@graph\":[{\"@type\":\"WebPage\",\"@id\":\"https:\\\/\\\/umapido.ee\\\/et\\\/pido-2008\\\/meediakajastused\\\/\",\"url\":\"https:\\\/\\\/umapido.ee\\\/et\\\/pido-2008\\\/meediakajastused\\\/\",\"name\":\"Meediakajastused - Uma Pido\",\"isPartOf\":{\"@id\":\"https:\\\/\\\/umapido.ee\\\/#website\"},\"datePublished\":\"2017-10-10T20:31:52+00:00\",\"dateModified\":\"2019-06-06T19:24:19+00:00\",\"breadcrumb\":{\"@id\":\"https:\\\/\\\/umapido.ee\\\/et\\\/pido-2008\\\/meediakajastused\\\/#breadcrumb\"},\"inLanguage\":\"et\",\"potentialAction\":[{\"@type\":\"ReadAction\",\"target\":[\"https:\\\/\\\/umapido.ee\\\/et\\\/pido-2008\\\/meediakajastused\\\/\"]}]},{\"@type\":\"BreadcrumbList\",\"@id\":\"https:\\\/\\\/umapido.ee\\\/et\\\/pido-2008\\\/meediakajastused\\\/#breadcrumb\",\"itemListElement\":[{\"@type\":\"ListItem\",\"position\":1,\"name\":\"Home\",\"item\":\"https:\\\/\\\/umapido.ee\\\/et\\\/\"},{\"@type\":\"ListItem\",\"position\":2,\"name\":\"Pido 2008\",\"item\":\"https:\\\/\\\/umapido.ee\\\/et\\\/pido-2008\\\/\"},{\"@type\":\"ListItem\",\"position\":3,\"name\":\"Meediakajastused\"}]},{\"@type\":\"WebSite\",\"@id\":\"https:\\\/\\\/umapido.ee\\\/#website\",\"url\":\"https:\\\/\\\/umapido.ee\\\/\",\"name\":\"Uma Pido\",\"description\":\"V\u00f5rokeeline laulu- ja rahvapido\",\"potentialAction\":[{\"@type\":\"SearchAction\",\"target\":{\"@type\":\"EntryPoint\",\"urlTemplate\":\"https:\\\/\\\/umapido.ee\\\/?s={search_term_string}\"},\"query-input\":{\"@type\":\"PropertyValueSpecification\",\"valueRequired\":true,\"valueName\":\"search_term_string\"}}],\"inLanguage\":\"et\"}]}<\/script>\n<!-- \/ Yoast SEO plugin. -->","yoast_head_json":{"title":"Meediakajastused - Uma Pido","robots":{"index":"index","follow":"follow","max-snippet":"max-snippet:-1","max-image-preview":"max-image-preview:large","max-video-preview":"max-video-preview:-1"},"canonical":"https:\/\/umapido.ee\/et\/pido-2008\/meediakajastused\/","og_locale":"et_EE","og_type":"article","og_title":"Meediakajastused - Uma Pido","og_description":"31. mail 2008 toimunud Uma Pido meediakajastused: Kokkuv\u00f5te meediakajastustest Uma Pido reklaamiklipid Kanal 2, Reporter, 30. m\u00e4rtsil eetris olnud l\u00f5ik Uma Pido s\u00fcmboli parmupilli tegemisest: http:\/\/www.reporter.ee\/index.php?s=Uma+Pido ETV Kultuuriuudised 31.03: http:\/\/etv.ee\/arhiiv.php?id=77654 Eesti Ekspress, artikkel &#8220;Laulumees &#8211; see on \u00fcks ideaalil\u00e4hedane mees!&#8221;: http:\/\/paber.ekspress.ee\/viewdoc\/C67E53EE4E75ED34C22573FB0042B23F Eesti Ekspress, intervjuu Silja Otsariga: http:\/\/paber.ekspress.ee\/viewdoc\/4758A001E60B0533C225741D004CDAFA Vikerraadio, Huvitaja saade 31.m\u00e4rtsil: http:\/\/www.vikerraadio.ee\/helid?main_id=928101 Postimees, &#8220;V\u00f5rokesed teevad [&hellip;]","og_url":"https:\/\/umapido.ee\/et\/pido-2008\/meediakajastused\/","og_site_name":"Uma Pido","article_publisher":"https:\/\/www.facebook.com\/UmaPido-278039651663\/","article_modified_time":"2019-06-06T19:24:19+00:00","twitter_card":"summary_large_image","twitter_misc":{"Est. reading time":"1 minut"},"schema":{"@context":"https:\/\/schema.org","@graph":[{"@type":"WebPage","@id":"https:\/\/umapido.ee\/et\/pido-2008\/meediakajastused\/","url":"https:\/\/umapido.ee\/et\/pido-2008\/meediakajastused\/","name":"Meediakajastused - Uma Pido","isPartOf":{"@id":"https:\/\/umapido.ee\/#website"},"datePublished":"2017-10-10T20:31:52+00:00","dateModified":"2019-06-06T19:24:19+00:00","breadcrumb":{"@id":"https:\/\/umapido.ee\/et\/pido-2008\/meediakajastused\/#breadcrumb"},"inLanguage":"et","potentialAction":[{"@type":"ReadAction","target":["https:\/\/umapido.ee\/et\/pido-2008\/meediakajastused\/"]}]},{"@type":"BreadcrumbList","@id":"https:\/\/umapido.ee\/et\/pido-2008\/meediakajastused\/#breadcrumb","itemListElement":[{"@type":"ListItem","position":1,"name":"Home","item":"https:\/\/umapido.ee\/et\/"},{"@type":"ListItem","position":2,"name":"Pido 2008","item":"https:\/\/umapido.ee\/et\/pido-2008\/"},{"@type":"ListItem","position":3,"name":"Meediakajastused"}]},{"@type":"WebSite","@id":"https:\/\/umapido.ee\/#website","url":"https:\/\/umapido.ee\/","name":"Uma Pido","description":"V\u00f5rokeeline laulu- ja rahvapido","potentialAction":[{"@type":"SearchAction","target":{"@type":"EntryPoint","urlTemplate":"https:\/\/umapido.ee\/?s={search_term_string}"},"query-input":{"@type":"PropertyValueSpecification","valueRequired":true,"valueName":"search_term_string"}}],"inLanguage":"et"}]}},"_links":{"self":[{"href":"https:\/\/umapido.ee\/et\/wp-json\/wp\/v2\/pages\/573","targetHints":{"allow":["GET"]}}],"collection":[{"href":"https:\/\/umapido.ee\/et\/wp-json\/wp\/v2\/pages"}],"about":[{"href":"https:\/\/umapido.ee\/et\/wp-json\/wp\/v2\/types\/page"}],"author":[{"embeddable":true,"href":"https:\/\/umapido.ee\/et\/wp-json\/wp\/v2\/users\/1"}],"replies":[{"embeddable":true,"href":"https:\/\/umapido.ee\/et\/wp-json\/wp\/v2\/comments?post=573"}],"version-history":[{"count":8,"href":"https:\/\/umapido.ee\/et\/wp-json\/wp\/v2\/pages\/573\/revisions"}],"predecessor-version":[{"id":2314,"href":"https:\/\/umapido.ee\/et\/wp-json\/wp\/v2\/pages\/573\/revisions\/2314"}],"up":[{"embeddable":true,"href":"https:\/\/umapido.ee\/et\/wp-json\/wp\/v2\/pages\/528"}],"wp:attachment":[{"href":"https:\/\/umapido.ee\/et\/wp-json\/wp\/v2\/media?parent=573"}],"curies":[{"name":"wp","href":"https:\/\/api.w.org\/{rel}","templated":true}]}}