{"id":565,"date":"2017-10-10T23:23:32","date_gmt":"2017-10-10T20:23:32","guid":{"rendered":"https:\/\/umapido.ee\/?page_id=565"},"modified":"2025-06-06T14:17:06","modified_gmt":"2025-06-06T11:17:06","slug":"korraldajad-ja-toetajad","status":"publish","type":"page","link":"https:\/\/umapido.ee\/et\/pido-2008\/korraldajad-ja-toetajad\/","title":{"rendered":"Korraldajad ja toetajad"},"content":{"rendered":"<p><strong>31. mail 2008 toimunud Uma Pido korraldasid ja toetasid:<\/strong><\/p>\n<p>Korraldasid MT\u00dc V\u00f5ro Selts VKKF, V\u00f5ru ja P\u00f5lva maavalitsused ja V\u00f5ru instituut.<\/p>\n<p>Toetasid Ettev\u00f5tluse Arendamise Sihtasutus, Eesti Kultuurkapital (rahvakultuuri sihtkapital, V\u00f5ru- ja P\u00f5lvamaa ekspertgrupid), V\u00f5ru Vallavalitsus, V\u00f5ru Linnavalitsus, V\u00f5ru Instituut, V\u00f5ru Maavalitsus, P\u00f5lva Maavalitsus, V\u00f5rumaa Omavalitsuste Liit, P\u00f5lvamaa Omavalitsuste Liit, riiklik programm \u201eL\u00f5unaeesti keel ja kultuur\u201c, AS Semuehitus, P\u00e4chter Kinnisvara, K\u00e4sit\u00f6\u00f6\u00fchistu Esi, K\u00fctioru Avatud Ateljee, Loovagentuur Maailm, Bookmill Tr\u00fckikoda.<br \/>\n<a href=\"http:\/\/www.eas.ee\/\" target=\"_blank\" rel=\"noopener\"><img loading=\"lazy\" decoding=\"async\" class=\"alignnone wp-image-80 size-full\" src=\"https:\/\/umapido.ee\/wp-content\/uploads\/2017\/10\/eas_v.jpg\" alt=\"EAS\" width=\"227\" height=\"113\" \/><\/a><br \/>\n<a href=\"http:\/\/www.kulka.ee\/\" target=\"_blank\" rel=\"noopener\"><img loading=\"lazy\" decoding=\"async\" class=\"alignnone size-full wp-image-81\" src=\"https:\/\/umapido.ee\/wp-content\/uploads\/2017\/10\/kulka.jpg\" alt=\"Eesti Kultuurkapital\" width=\"153\" height=\"85\" \/><\/a><br \/>\n<img loading=\"lazy\" decoding=\"async\" class=\"alignnone size-full wp-image-82\" src=\"https:\/\/umapido.ee\/wp-content\/uploads\/2017\/10\/maailm.jpg\" alt=\"maailm\" width=\"120\" height=\"80\" \/><br \/>\n<a href=\"http:\/\/www.semuehitus.ee\/\" target=\"_blank\" rel=\"noopener\"><img loading=\"lazy\" decoding=\"async\" class=\"alignnone size-full wp-image-83\" src=\"https:\/\/umapido.ee\/wp-content\/uploads\/2017\/10\/semu-logo.jpg\" alt=\"Semu Ehitus\" width=\"240\" height=\"44\" \/><\/a><br \/>\n<img loading=\"lazy\" decoding=\"async\" class=\"alignnone size-full wp-image-84\" src=\"https:\/\/umapido.ee\/wp-content\/uploads\/2017\/10\/ateljee.jpg\" alt=\"Ateljee\" width=\"85\" height=\"92\" \/><br \/>\n<img loading=\"lazy\" decoding=\"async\" class=\"alignnone size-full wp-image-87\" src=\"https:\/\/umapido.ee\/wp-content\/uploads\/2017\/10\/pachter.jpg\" alt=\"pachter\" width=\"120\" height=\"60\" \/><br \/>\n<a href=\"http:\/\/www.bookmill.ee\/\" target=\"_blank\" rel=\"noopener\"><img loading=\"lazy\" decoding=\"async\" class=\"alignnone size-full wp-image-88\" src=\"https:\/\/umapido.ee\/wp-content\/uploads\/2017\/10\/bookmill.jpg\" alt=\"Bookmill tr\u00fckikoda\" width=\"164\" height=\"71\" \/><\/a><br \/>\n<a href=\"http:\/\/www.sebe.ee\/\" target=\"_blank\" rel=\"noopener\"><img loading=\"lazy\" decoding=\"async\" class=\"alignnone size-medium wp-image-90\" src=\"https:\/\/umapido.ee\/wp-content\/uploads\/2017\/10\/sebe-300x52.jpg\" alt=\"Sebe\" width=\"300\" height=\"52\" srcset=\"https:\/\/umapido.ee\/wp-content\/uploads\/2017\/10\/sebe-300x52.jpg 300w, https:\/\/umapido.ee\/wp-content\/uploads\/2017\/10\/sebe.jpg 328w\" sizes=\"auto, (max-width: 300px) 100vw, 300px\" \/><\/a><br \/>\n<img loading=\"lazy\" decoding=\"async\" class=\"alignnone size-full wp-image-91\" src=\"https:\/\/umapido.ee\/wp-content\/uploads\/2017\/10\/hinokad.jpg\" alt=\"Hinokad\" width=\"147\" height=\"113\" \/><\/p>\n<p>Meediapartnerid: V\u00f5rumaa Teataja, Uma Leht, Eesti P\u00e4evaleht, Maaleht, Raadio Marta, Raadio Ring, Raadio Elmar, s\u00e4\u00e4stva ja tervisliku eluviisi portaal Bioneer.ee.<\/p>\n<p><a href=\"http:\/\/www.vorumaateataja.ee\/\" target=\"_blank\" rel=\"noopener\"><img loading=\"lazy\" decoding=\"async\" class=\"alignnone wp-image-491 size-full\" src=\"https:\/\/umapido.ee\/wp-content\/uploads\/2017\/10\/vt_logo1.jpg\" alt=\"\" width=\"142\" height=\"27\" \/><\/a><br \/>\n<a href=\"http:\/\/www.umaleht.ee\/\" target=\"_blank\" rel=\"noopener\"><img loading=\"lazy\" decoding=\"async\" class=\"alignnone size-full wp-image-92\" src=\"https:\/\/umapido.ee\/wp-content\/uploads\/2017\/10\/umaleht1.jpg\" alt=\"Uma Leht\" width=\"273\" height=\"113\" \/><\/a><br \/>\n<a href=\"http:\/\/www.epl.ee\/\" target=\"_blank\" rel=\"noopener\"><img loading=\"lazy\" decoding=\"async\" class=\"alignnone size-full wp-image-93\" src=\"https:\/\/umapido.ee\/wp-content\/uploads\/2017\/10\/epl.jpg\" alt=\"Eesti P\u00e4evaleht\" width=\"261\" height=\"34\" \/><\/a><br \/>\n<a href=\"http:\/\/www.maaleht.ee\/\" target=\"_blank\" rel=\"noopener\"><img loading=\"lazy\" decoding=\"async\" class=\"alignnone size-full wp-image-94\" src=\"https:\/\/umapido.ee\/wp-content\/uploads\/2017\/10\/maaleht.jpg\" alt=\"Maaleht\" width=\"230\" height=\"57\" \/><\/a><br \/>\n<img loading=\"lazy\" decoding=\"async\" class=\"alignnone size-full wp-image-95\" src=\"https:\/\/umapido.ee\/wp-content\/uploads\/2017\/10\/valgamaalane.jpg\" alt=\"Valgamaalane\" width=\"176\" height=\"47\" \/><br \/>\n<img loading=\"lazy\" decoding=\"async\" class=\"alignnone size-full wp-image-96\" src=\"https:\/\/umapido.ee\/wp-content\/uploads\/2017\/10\/martafm.jpg\" alt=\"Martafm\" width=\"100\" height=\"58\" \/><br \/>\n<a href=\"http:\/\/www.ringfm.ee\/\" target=\"_blank\" rel=\"noopener\"><img loading=\"lazy\" decoding=\"async\" class=\"alignnone size-full wp-image-97\" src=\"https:\/\/umapido.ee\/wp-content\/uploads\/2017\/10\/ringfm.jpg\" alt=\"Ringfm\" width=\"104\" height=\"57\" \/><\/a><br \/>\n<a href=\"http:\/\/www.elmar.ee\/\" target=\"_blank\" rel=\"noopener\"><img loading=\"lazy\" decoding=\"async\" class=\"alignnone size-full wp-image-98\" src=\"https:\/\/umapido.ee\/wp-content\/uploads\/2017\/10\/elmar.jpg\" alt=\"Elmar\" width=\"168\" height=\"85\" \/><\/a><br \/>\n<a href=\"http:\/\/www.bioneer.ee\/\" target=\"_blank\" rel=\"noopener\"><img loading=\"lazy\" decoding=\"async\" class=\"alignnone size-full wp-image-99\" src=\"https:\/\/umapido.ee\/wp-content\/uploads\/2017\/10\/bioneer.jpg\" alt=\"Bioneer\" width=\"295\" height=\"43\" \/><\/a><\/p>\n","protected":false},"excerpt":{"rendered":"<p>31. mail 2008 toimunud Uma Pido korraldasid ja toetasid: Korraldasid MT\u00dc V\u00f5ro Selts VKKF, V\u00f5ru ja P\u00f5lva maavalitsused ja V\u00f5ru instituut. Toetasid Ettev\u00f5tluse Arendamise Sihtasutus, Eesti Kultuurkapital (rahvakultuuri sihtkapital, V\u00f5ru- ja P\u00f5lvamaa ekspertgrupid), V\u00f5ru Vallavalitsus, V\u00f5ru Linnavalitsus, V\u00f5ru Instituut, V\u00f5ru Maavalitsus, P\u00f5lva Maavalitsus, V\u00f5rumaa Omavalitsuste Liit, P\u00f5lvamaa Omavalitsuste Liit, riiklik programm \u201eL\u00f5unaeesti keel ja kultuur\u201c, [&hellip;]<\/p>\n","protected":false},"author":1,"featured_media":0,"parent":528,"menu_order":0,"comment_status":"closed","ping_status":"closed","template":"","meta":{"footnotes":""},"class_list":["post-565","page","type-page","status-publish","hentry"],"yoast_head":"<!-- This site is optimized with the Yoast SEO plugin v27.4 - https:\/\/yoast.com\/product\/yoast-seo-wordpress\/ -->\n<title>Korraldajad ja toetajad - Uma Pido<\/title>\n<meta name=\"robots\" content=\"index, follow, max-snippet:-1, max-image-preview:large, max-video-preview:-1\" \/>\n<link rel=\"canonical\" href=\"https:\/\/umapido.ee\/arhiiv-2008\/korraldaja-ja-tugoja\/\" \/>\n<meta property=\"og:locale\" content=\"et_EE\" \/>\n<meta property=\"og:type\" content=\"article\" \/>\n<meta property=\"og:title\" content=\"Korraldajad ja toetajad - Uma Pido\" \/>\n<meta property=\"og:description\" content=\"31. mail 2008 toimunud Uma Pido korraldasid ja toetasid: Korraldasid MT\u00dc V\u00f5ro Selts VKKF, V\u00f5ru ja P\u00f5lva maavalitsused ja V\u00f5ru instituut. Toetasid Ettev\u00f5tluse Arendamise Sihtasutus, Eesti Kultuurkapital (rahvakultuuri sihtkapital, V\u00f5ru- ja P\u00f5lvamaa ekspertgrupid), V\u00f5ru Vallavalitsus, V\u00f5ru Linnavalitsus, V\u00f5ru Instituut, V\u00f5ru Maavalitsus, P\u00f5lva Maavalitsus, V\u00f5rumaa Omavalitsuste Liit, P\u00f5lvamaa Omavalitsuste Liit, riiklik programm \u201eL\u00f5unaeesti keel ja kultuur\u201c, [&hellip;]\" \/>\n<meta property=\"og:url\" content=\"https:\/\/umapido.ee\/arhiiv-2008\/korraldaja-ja-tugoja\/\" \/>\n<meta property=\"og:site_name\" content=\"Uma Pido\" \/>\n<meta property=\"article:publisher\" content=\"https:\/\/www.facebook.com\/UmaPido-278039651663\/\" \/>\n<meta property=\"article:modified_time\" content=\"2025-06-06T11:17:06+00:00\" \/>\n<meta property=\"og:image\" content=\"https:\/\/umapido.ee\/wp-content\/uploads\/2017\/10\/eas_v.jpg\" \/>\n\t<meta property=\"og:image:width\" content=\"227\" \/>\n\t<meta property=\"og:image:height\" content=\"113\" \/>\n\t<meta property=\"og:image:type\" content=\"image\/jpeg\" \/>\n<meta name=\"twitter:card\" content=\"summary_large_image\" \/>\n<meta name=\"twitter:label1\" content=\"Est. reading time\" \/>\n\t<meta name=\"twitter:data1\" content=\"1 minut\" \/>\n<script type=\"application\/ld+json\" class=\"yoast-schema-graph\">{\"@context\":\"https:\\\/\\\/schema.org\",\"@graph\":[{\"@type\":\"WebPage\",\"@id\":\"https:\\\/\\\/umapido.ee\\\/arhiiv-2008\\\/korraldaja-ja-tugoja\\\/\",\"url\":\"https:\\\/\\\/umapido.ee\\\/arhiiv-2008\\\/korraldaja-ja-tugoja\\\/\",\"name\":\"Korraldajad ja toetajad - Uma Pido\",\"isPartOf\":{\"@id\":\"https:\\\/\\\/umapido.ee\\\/#website\"},\"primaryImageOfPage\":{\"@id\":\"https:\\\/\\\/umapido.ee\\\/arhiiv-2008\\\/korraldaja-ja-tugoja\\\/#primaryimage\"},\"image\":{\"@id\":\"https:\\\/\\\/umapido.ee\\\/arhiiv-2008\\\/korraldaja-ja-tugoja\\\/#primaryimage\"},\"thumbnailUrl\":\"https:\\\/\\\/umapido.ee\\\/wp-content\\\/uploads\\\/2017\\\/10\\\/eas_v.jpg\",\"datePublished\":\"2017-10-10T20:23:32+00:00\",\"dateModified\":\"2025-06-06T11:17:06+00:00\",\"breadcrumb\":{\"@id\":\"https:\\\/\\\/umapido.ee\\\/arhiiv-2008\\\/korraldaja-ja-tugoja\\\/#breadcrumb\"},\"inLanguage\":\"et\",\"potentialAction\":[{\"@type\":\"ReadAction\",\"target\":[\"https:\\\/\\\/umapido.ee\\\/arhiiv-2008\\\/korraldaja-ja-tugoja\\\/\"]}]},{\"@type\":\"ImageObject\",\"inLanguage\":\"et\",\"@id\":\"https:\\\/\\\/umapido.ee\\\/arhiiv-2008\\\/korraldaja-ja-tugoja\\\/#primaryimage\",\"url\":\"https:\\\/\\\/umapido.ee\\\/wp-content\\\/uploads\\\/2017\\\/10\\\/eas_v.jpg\",\"contentUrl\":\"https:\\\/\\\/umapido.ee\\\/wp-content\\\/uploads\\\/2017\\\/10\\\/eas_v.jpg\"},{\"@type\":\"BreadcrumbList\",\"@id\":\"https:\\\/\\\/umapido.ee\\\/arhiiv-2008\\\/korraldaja-ja-tugoja\\\/#breadcrumb\",\"itemListElement\":[{\"@type\":\"ListItem\",\"position\":1,\"name\":\"Home\",\"item\":\"https:\\\/\\\/umapido.ee\\\/et\\\/\"},{\"@type\":\"ListItem\",\"position\":2,\"name\":\"Pido 2008\",\"item\":\"https:\\\/\\\/umapido.ee\\\/et\\\/pido-2008\\\/\"},{\"@type\":\"ListItem\",\"position\":3,\"name\":\"Korraldajad ja toetajad\"}]},{\"@type\":\"WebSite\",\"@id\":\"https:\\\/\\\/umapido.ee\\\/#website\",\"url\":\"https:\\\/\\\/umapido.ee\\\/\",\"name\":\"Uma Pido\",\"description\":\"V\u00f5rokeeline laulu- ja rahvapido\",\"potentialAction\":[{\"@type\":\"SearchAction\",\"target\":{\"@type\":\"EntryPoint\",\"urlTemplate\":\"https:\\\/\\\/umapido.ee\\\/?s={search_term_string}\"},\"query-input\":{\"@type\":\"PropertyValueSpecification\",\"valueRequired\":true,\"valueName\":\"search_term_string\"}}],\"inLanguage\":\"et\"}]}<\/script>\n<!-- \/ Yoast SEO plugin. -->","yoast_head_json":{"title":"Korraldajad ja toetajad - Uma Pido","robots":{"index":"index","follow":"follow","max-snippet":"max-snippet:-1","max-image-preview":"max-image-preview:large","max-video-preview":"max-video-preview:-1"},"canonical":"https:\/\/umapido.ee\/arhiiv-2008\/korraldaja-ja-tugoja\/","og_locale":"et_EE","og_type":"article","og_title":"Korraldajad ja toetajad - Uma Pido","og_description":"31. mail 2008 toimunud Uma Pido korraldasid ja toetasid: Korraldasid MT\u00dc V\u00f5ro Selts VKKF, V\u00f5ru ja P\u00f5lva maavalitsused ja V\u00f5ru instituut. Toetasid Ettev\u00f5tluse Arendamise Sihtasutus, Eesti Kultuurkapital (rahvakultuuri sihtkapital, V\u00f5ru- ja P\u00f5lvamaa ekspertgrupid), V\u00f5ru Vallavalitsus, V\u00f5ru Linnavalitsus, V\u00f5ru Instituut, V\u00f5ru Maavalitsus, P\u00f5lva Maavalitsus, V\u00f5rumaa Omavalitsuste Liit, P\u00f5lvamaa Omavalitsuste Liit, riiklik programm \u201eL\u00f5unaeesti keel ja kultuur\u201c, [&hellip;]","og_url":"https:\/\/umapido.ee\/arhiiv-2008\/korraldaja-ja-tugoja\/","og_site_name":"Uma Pido","article_publisher":"https:\/\/www.facebook.com\/UmaPido-278039651663\/","article_modified_time":"2025-06-06T11:17:06+00:00","og_image":[{"width":227,"height":113,"url":"https:\/\/umapido.ee\/wp-content\/uploads\/2017\/10\/eas_v.jpg","type":"image\/jpeg"}],"twitter_card":"summary_large_image","twitter_misc":{"Est. reading time":"1 minut"},"schema":{"@context":"https:\/\/schema.org","@graph":[{"@type":"WebPage","@id":"https:\/\/umapido.ee\/arhiiv-2008\/korraldaja-ja-tugoja\/","url":"https:\/\/umapido.ee\/arhiiv-2008\/korraldaja-ja-tugoja\/","name":"Korraldajad ja toetajad - Uma Pido","isPartOf":{"@id":"https:\/\/umapido.ee\/#website"},"primaryImageOfPage":{"@id":"https:\/\/umapido.ee\/arhiiv-2008\/korraldaja-ja-tugoja\/#primaryimage"},"image":{"@id":"https:\/\/umapido.ee\/arhiiv-2008\/korraldaja-ja-tugoja\/#primaryimage"},"thumbnailUrl":"https:\/\/umapido.ee\/wp-content\/uploads\/2017\/10\/eas_v.jpg","datePublished":"2017-10-10T20:23:32+00:00","dateModified":"2025-06-06T11:17:06+00:00","breadcrumb":{"@id":"https:\/\/umapido.ee\/arhiiv-2008\/korraldaja-ja-tugoja\/#breadcrumb"},"inLanguage":"et","potentialAction":[{"@type":"ReadAction","target":["https:\/\/umapido.ee\/arhiiv-2008\/korraldaja-ja-tugoja\/"]}]},{"@type":"ImageObject","inLanguage":"et","@id":"https:\/\/umapido.ee\/arhiiv-2008\/korraldaja-ja-tugoja\/#primaryimage","url":"https:\/\/umapido.ee\/wp-content\/uploads\/2017\/10\/eas_v.jpg","contentUrl":"https:\/\/umapido.ee\/wp-content\/uploads\/2017\/10\/eas_v.jpg"},{"@type":"BreadcrumbList","@id":"https:\/\/umapido.ee\/arhiiv-2008\/korraldaja-ja-tugoja\/#breadcrumb","itemListElement":[{"@type":"ListItem","position":1,"name":"Home","item":"https:\/\/umapido.ee\/et\/"},{"@type":"ListItem","position":2,"name":"Pido 2008","item":"https:\/\/umapido.ee\/et\/pido-2008\/"},{"@type":"ListItem","position":3,"name":"Korraldajad ja toetajad"}]},{"@type":"WebSite","@id":"https:\/\/umapido.ee\/#website","url":"https:\/\/umapido.ee\/","name":"Uma Pido","description":"V\u00f5rokeeline laulu- ja rahvapido","potentialAction":[{"@type":"SearchAction","target":{"@type":"EntryPoint","urlTemplate":"https:\/\/umapido.ee\/?s={search_term_string}"},"query-input":{"@type":"PropertyValueSpecification","valueRequired":true,"valueName":"search_term_string"}}],"inLanguage":"et"}]}},"_links":{"self":[{"href":"https:\/\/umapido.ee\/et\/wp-json\/wp\/v2\/pages\/565","targetHints":{"allow":["GET"]}}],"collection":[{"href":"https:\/\/umapido.ee\/et\/wp-json\/wp\/v2\/pages"}],"about":[{"href":"https:\/\/umapido.ee\/et\/wp-json\/wp\/v2\/types\/page"}],"author":[{"embeddable":true,"href":"https:\/\/umapido.ee\/et\/wp-json\/wp\/v2\/users\/1"}],"replies":[{"embeddable":true,"href":"https:\/\/umapido.ee\/et\/wp-json\/wp\/v2\/comments?post=565"}],"version-history":[{"count":5,"href":"https:\/\/umapido.ee\/et\/wp-json\/wp\/v2\/pages\/565\/revisions"}],"predecessor-version":[{"id":3662,"href":"https:\/\/umapido.ee\/et\/wp-json\/wp\/v2\/pages\/565\/revisions\/3662"}],"up":[{"embeddable":true,"href":"https:\/\/umapido.ee\/et\/wp-json\/wp\/v2\/pages\/528"}],"wp:attachment":[{"href":"https:\/\/umapido.ee\/et\/wp-json\/wp\/v2\/media?parent=565"}],"curies":[{"name":"wp","href":"https:\/\/api.w.org\/{rel}","templated":true}]}}