{"id":555,"date":"2017-10-10T23:17:52","date_gmt":"2017-10-10T20:17:52","guid":{"rendered":"https:\/\/umapido.ee\/?page_id=555"},"modified":"2017-10-10T23:17:52","modified_gmt":"2017-10-10T20:17:52","slug":"esinejate-info","status":"publish","type":"page","link":"https:\/\/umapido.ee\/et\/pido-2008\/esinejate-info\/","title":{"rendered":"Esinejate info"},"content":{"rendered":"<p>Siit said infot 31. mail 2008 toimunud Uma Peo koorijuhid ja -lauljad.<\/p>\n<p><a href=\"https:\/\/umapido.ee\/wp-content\/uploads\/2017\/10\/koorid.pdf\" target=\"_blank\" rel=\"noopener\">Peole registreerunud koorid.<\/a><\/p>\n<p><a href=\"https:\/\/umapido.ee\/wp-content\/uploads\/2017\/10\/napunaiteid_koorijuhile.pdf\" target=\"_blank\" rel=\"noopener\">N\u00e4pun\u00e4iteid koorijuhile laulude \u00f5ppimiseks.<\/a><\/p>\n<p><a href=\"https:\/\/umapido.ee\/wp-content\/uploads\/2017\/10\/koondproovide_info.pdf\" target=\"_blank\" rel=\"noopener\">Koondproovide info.<\/a><\/p>\n<p><a href=\"https:\/\/umapido.ee\/wp-content\/uploads\/2017\/10\/plakatvalmis.pdf\" target=\"_blank\" rel=\"noopener\">Saab k\u00fcsida Uma Pido plakatit<\/a>. (<a href=\"https:\/\/umapido.ee\/wp-content\/uploads\/2017\/10\/plakata4.pdf\" target=\"_blank\" rel=\"noopener\">Vaata plakatit<\/a>).<\/p>\n<p><a href=\"https:\/\/umapido.ee\/wp-content\/uploads\/2017\/10\/hamo.pdf\" target=\"_blank\" rel=\"noopener\">26. aprill &#8211; 2. mai saab tellida Uma Pido T-s\u00e4rki.<\/a><\/p>\n<p><a href=\"https:\/\/umapido.ee\/wp-content\/uploads\/2017\/10\/pidopaiv.pdf\" target=\"_blank\" rel=\"noopener\">Pidup\u00e4eva info.<\/a><\/p>\n","protected":false},"excerpt":{"rendered":"<p>Siit said infot 31. mail 2008 toimunud Uma Peo koorijuhid ja -lauljad. Peole registreerunud koorid. N\u00e4pun\u00e4iteid koorijuhile laulude \u00f5ppimiseks. Koondproovide info. Saab k\u00fcsida Uma Pido plakatit. (Vaata plakatit). 26. aprill &#8211; 2. mai saab tellida Uma Pido T-s\u00e4rki. Pidup\u00e4eva info.<\/p>\n","protected":false},"author":1,"featured_media":0,"parent":528,"menu_order":0,"comment_status":"closed","ping_status":"closed","template":"","meta":{"footnotes":""},"class_list":["post-555","page","type-page","status-publish","hentry"],"yoast_head":"<!-- This site is optimized with the Yoast SEO plugin v27.4 - https:\/\/yoast.com\/product\/yoast-seo-wordpress\/ -->\n<title>Esinejate info - Uma Pido<\/title>\n<meta name=\"robots\" content=\"index, follow, max-snippet:-1, max-image-preview:large, max-video-preview:-1\" \/>\n<link rel=\"canonical\" href=\"https:\/\/umapido.ee\/et\/pido-2008\/esinejate-info\/\" \/>\n<meta property=\"og:locale\" content=\"et_EE\" \/>\n<meta property=\"og:type\" content=\"article\" \/>\n<meta property=\"og:title\" content=\"Esinejate info - Uma Pido\" \/>\n<meta property=\"og:description\" content=\"Siit said infot 31. mail 2008 toimunud Uma Peo koorijuhid ja -lauljad. Peole registreerunud koorid. N\u00e4pun\u00e4iteid koorijuhile laulude \u00f5ppimiseks. Koondproovide info. Saab k\u00fcsida Uma Pido plakatit. (Vaata plakatit). 26. aprill &#8211; 2. mai saab tellida Uma Pido T-s\u00e4rki. Pidup\u00e4eva info.\" \/>\n<meta property=\"og:url\" content=\"https:\/\/umapido.ee\/et\/pido-2008\/esinejate-info\/\" \/>\n<meta property=\"og:site_name\" content=\"Uma Pido\" \/>\n<meta property=\"article:publisher\" content=\"https:\/\/www.facebook.com\/UmaPido-278039651663\/\" \/>\n<meta name=\"twitter:card\" content=\"summary_large_image\" \/>\n<script type=\"application\/ld+json\" class=\"yoast-schema-graph\">{\"@context\":\"https:\\\/\\\/schema.org\",\"@graph\":[{\"@type\":\"WebPage\",\"@id\":\"https:\\\/\\\/umapido.ee\\\/et\\\/pido-2008\\\/esinejate-info\\\/\",\"url\":\"https:\\\/\\\/umapido.ee\\\/et\\\/pido-2008\\\/esinejate-info\\\/\",\"name\":\"Esinejate info - Uma Pido\",\"isPartOf\":{\"@id\":\"https:\\\/\\\/umapido.ee\\\/#website\"},\"datePublished\":\"2017-10-10T20:17:52+00:00\",\"breadcrumb\":{\"@id\":\"https:\\\/\\\/umapido.ee\\\/et\\\/pido-2008\\\/esinejate-info\\\/#breadcrumb\"},\"inLanguage\":\"et\",\"potentialAction\":[{\"@type\":\"ReadAction\",\"target\":[\"https:\\\/\\\/umapido.ee\\\/et\\\/pido-2008\\\/esinejate-info\\\/\"]}]},{\"@type\":\"BreadcrumbList\",\"@id\":\"https:\\\/\\\/umapido.ee\\\/et\\\/pido-2008\\\/esinejate-info\\\/#breadcrumb\",\"itemListElement\":[{\"@type\":\"ListItem\",\"position\":1,\"name\":\"Home\",\"item\":\"https:\\\/\\\/umapido.ee\\\/et\\\/\"},{\"@type\":\"ListItem\",\"position\":2,\"name\":\"Pido 2008\",\"item\":\"https:\\\/\\\/umapido.ee\\\/et\\\/pido-2008\\\/\"},{\"@type\":\"ListItem\",\"position\":3,\"name\":\"Esinejate info\"}]},{\"@type\":\"WebSite\",\"@id\":\"https:\\\/\\\/umapido.ee\\\/#website\",\"url\":\"https:\\\/\\\/umapido.ee\\\/\",\"name\":\"Uma Pido\",\"description\":\"V\u00f5rokeeline laulu- ja rahvapido\",\"potentialAction\":[{\"@type\":\"SearchAction\",\"target\":{\"@type\":\"EntryPoint\",\"urlTemplate\":\"https:\\\/\\\/umapido.ee\\\/?s={search_term_string}\"},\"query-input\":{\"@type\":\"PropertyValueSpecification\",\"valueRequired\":true,\"valueName\":\"search_term_string\"}}],\"inLanguage\":\"et\"}]}<\/script>\n<!-- \/ Yoast SEO plugin. -->","yoast_head_json":{"title":"Esinejate info - Uma Pido","robots":{"index":"index","follow":"follow","max-snippet":"max-snippet:-1","max-image-preview":"max-image-preview:large","max-video-preview":"max-video-preview:-1"},"canonical":"https:\/\/umapido.ee\/et\/pido-2008\/esinejate-info\/","og_locale":"et_EE","og_type":"article","og_title":"Esinejate info - Uma Pido","og_description":"Siit said infot 31. mail 2008 toimunud Uma Peo koorijuhid ja -lauljad. Peole registreerunud koorid. N\u00e4pun\u00e4iteid koorijuhile laulude \u00f5ppimiseks. Koondproovide info. Saab k\u00fcsida Uma Pido plakatit. (Vaata plakatit). 26. aprill &#8211; 2. mai saab tellida Uma Pido T-s\u00e4rki. Pidup\u00e4eva info.","og_url":"https:\/\/umapido.ee\/et\/pido-2008\/esinejate-info\/","og_site_name":"Uma Pido","article_publisher":"https:\/\/www.facebook.com\/UmaPido-278039651663\/","twitter_card":"summary_large_image","schema":{"@context":"https:\/\/schema.org","@graph":[{"@type":"WebPage","@id":"https:\/\/umapido.ee\/et\/pido-2008\/esinejate-info\/","url":"https:\/\/umapido.ee\/et\/pido-2008\/esinejate-info\/","name":"Esinejate info - Uma Pido","isPartOf":{"@id":"https:\/\/umapido.ee\/#website"},"datePublished":"2017-10-10T20:17:52+00:00","breadcrumb":{"@id":"https:\/\/umapido.ee\/et\/pido-2008\/esinejate-info\/#breadcrumb"},"inLanguage":"et","potentialAction":[{"@type":"ReadAction","target":["https:\/\/umapido.ee\/et\/pido-2008\/esinejate-info\/"]}]},{"@type":"BreadcrumbList","@id":"https:\/\/umapido.ee\/et\/pido-2008\/esinejate-info\/#breadcrumb","itemListElement":[{"@type":"ListItem","position":1,"name":"Home","item":"https:\/\/umapido.ee\/et\/"},{"@type":"ListItem","position":2,"name":"Pido 2008","item":"https:\/\/umapido.ee\/et\/pido-2008\/"},{"@type":"ListItem","position":3,"name":"Esinejate info"}]},{"@type":"WebSite","@id":"https:\/\/umapido.ee\/#website","url":"https:\/\/umapido.ee\/","name":"Uma Pido","description":"V\u00f5rokeeline laulu- ja rahvapido","potentialAction":[{"@type":"SearchAction","target":{"@type":"EntryPoint","urlTemplate":"https:\/\/umapido.ee\/?s={search_term_string}"},"query-input":{"@type":"PropertyValueSpecification","valueRequired":true,"valueName":"search_term_string"}}],"inLanguage":"et"}]}},"_links":{"self":[{"href":"https:\/\/umapido.ee\/et\/wp-json\/wp\/v2\/pages\/555","targetHints":{"allow":["GET"]}}],"collection":[{"href":"https:\/\/umapido.ee\/et\/wp-json\/wp\/v2\/pages"}],"about":[{"href":"https:\/\/umapido.ee\/et\/wp-json\/wp\/v2\/types\/page"}],"author":[{"embeddable":true,"href":"https:\/\/umapido.ee\/et\/wp-json\/wp\/v2\/users\/1"}],"replies":[{"embeddable":true,"href":"https:\/\/umapido.ee\/et\/wp-json\/wp\/v2\/comments?post=555"}],"version-history":[{"count":1,"href":"https:\/\/umapido.ee\/et\/wp-json\/wp\/v2\/pages\/555\/revisions"}],"predecessor-version":[{"id":563,"href":"https:\/\/umapido.ee\/et\/wp-json\/wp\/v2\/pages\/555\/revisions\/563"}],"up":[{"embeddable":true,"href":"https:\/\/umapido.ee\/et\/wp-json\/wp\/v2\/pages\/528"}],"wp:attachment":[{"href":"https:\/\/umapido.ee\/et\/wp-json\/wp\/v2\/media?parent=555"}],"curies":[{"name":"wp","href":"https:\/\/api.w.org\/{rel}","templated":true}]}}