{"id":549,"date":"2017-10-10T23:12:32","date_gmt":"2017-10-10T20:12:32","guid":{"rendered":"https:\/\/umapido.ee\/?page_id=549"},"modified":"2017-10-10T23:12:32","modified_gmt":"2017-10-10T20:12:32","slug":"repertuaar","status":"publish","type":"page","link":"https:\/\/umapido.ee\/et\/pido-2008\/repertuaar\/","title":{"rendered":"Repertuaar"},"content":{"rendered":"<p>Siin on 31. mail 2008 toimunud esimese v\u00f5rukeelse laulupeo peakontserdi laulud. Uma Peo korraldajad paluvad arvestada sellega, et lauluvihik oli m\u00f5eldud Uma Peo laulude \u00f5ppimiseks. Sel eesm\u00e4rgil v\u00f5is iga koor teha vajaliku arvu koopiaid. Koopiate tegemine ja laulude esitamine muul eesm\u00e4rgil tuleb autoritega eraldi kokku leppida.<\/p>\n<p><a href=\"https:\/\/umapido.ee\/wp-content\/uploads\/2017\/10\/noodivihk.pdf\" target=\"_blank\" rel=\"noopener\">Lauluvihik nootidega<\/a><br \/>\n<a href=\"https:\/\/umapido.ee\/wp-content\/uploads\/2017\/10\/kontserdikava.pdf\" target=\"_blank\" rel=\"noopener\">Laulude j\u00e4rjekord<\/a><br \/>\n<a href=\"https:\/\/umapido.ee\/wp-content\/uploads\/2017\/10\/laulusona.pdf\" target=\"_blank\" rel=\"noopener\">Laulutekstid<\/a><\/p>\n","protected":false},"excerpt":{"rendered":"<p>Siin on 31. mail 2008 toimunud esimese v\u00f5rukeelse laulupeo peakontserdi laulud. Uma Peo korraldajad paluvad arvestada sellega, et lauluvihik oli m\u00f5eldud Uma Peo laulude \u00f5ppimiseks. Sel eesm\u00e4rgil v\u00f5is iga koor teha vajaliku arvu koopiaid. Koopiate tegemine ja laulude esitamine muul eesm\u00e4rgil tuleb autoritega eraldi kokku leppida. Lauluvihik nootidega Laulude j\u00e4rjekord Laulutekstid<\/p>\n","protected":false},"author":1,"featured_media":0,"parent":528,"menu_order":0,"comment_status":"closed","ping_status":"closed","template":"","meta":{"footnotes":""},"class_list":["post-549","page","type-page","status-publish","hentry"],"yoast_head":"<!-- This site is optimized with the Yoast SEO plugin v27.4 - https:\/\/yoast.com\/product\/yoast-seo-wordpress\/ -->\n<title>Repertuaar - Uma Pido<\/title>\n<meta name=\"robots\" content=\"index, follow, max-snippet:-1, max-image-preview:large, max-video-preview:-1\" \/>\n<link rel=\"canonical\" href=\"https:\/\/umapido.ee\/et\/pido-2008\/repertuaar\/\" \/>\n<meta property=\"og:locale\" content=\"et_EE\" \/>\n<meta property=\"og:type\" content=\"article\" \/>\n<meta property=\"og:title\" content=\"Repertuaar - Uma Pido\" \/>\n<meta property=\"og:description\" content=\"Siin on 31. mail 2008 toimunud esimese v\u00f5rukeelse laulupeo peakontserdi laulud. Uma Peo korraldajad paluvad arvestada sellega, et lauluvihik oli m\u00f5eldud Uma Peo laulude \u00f5ppimiseks. Sel eesm\u00e4rgil v\u00f5is iga koor teha vajaliku arvu koopiaid. Koopiate tegemine ja laulude esitamine muul eesm\u00e4rgil tuleb autoritega eraldi kokku leppida. Lauluvihik nootidega Laulude j\u00e4rjekord Laulutekstid\" \/>\n<meta property=\"og:url\" content=\"https:\/\/umapido.ee\/et\/pido-2008\/repertuaar\/\" \/>\n<meta property=\"og:site_name\" content=\"Uma Pido\" \/>\n<meta property=\"article:publisher\" content=\"https:\/\/www.facebook.com\/UmaPido-278039651663\/\" \/>\n<meta name=\"twitter:card\" content=\"summary_large_image\" \/>\n<script type=\"application\/ld+json\" class=\"yoast-schema-graph\">{\"@context\":\"https:\\\/\\\/schema.org\",\"@graph\":[{\"@type\":\"WebPage\",\"@id\":\"https:\\\/\\\/umapido.ee\\\/et\\\/pido-2008\\\/repertuaar\\\/\",\"url\":\"https:\\\/\\\/umapido.ee\\\/et\\\/pido-2008\\\/repertuaar\\\/\",\"name\":\"Repertuaar - Uma Pido\",\"isPartOf\":{\"@id\":\"https:\\\/\\\/umapido.ee\\\/#website\"},\"datePublished\":\"2017-10-10T20:12:32+00:00\",\"breadcrumb\":{\"@id\":\"https:\\\/\\\/umapido.ee\\\/et\\\/pido-2008\\\/repertuaar\\\/#breadcrumb\"},\"inLanguage\":\"et\",\"potentialAction\":[{\"@type\":\"ReadAction\",\"target\":[\"https:\\\/\\\/umapido.ee\\\/et\\\/pido-2008\\\/repertuaar\\\/\"]}]},{\"@type\":\"BreadcrumbList\",\"@id\":\"https:\\\/\\\/umapido.ee\\\/et\\\/pido-2008\\\/repertuaar\\\/#breadcrumb\",\"itemListElement\":[{\"@type\":\"ListItem\",\"position\":1,\"name\":\"Home\",\"item\":\"https:\\\/\\\/umapido.ee\\\/et\\\/\"},{\"@type\":\"ListItem\",\"position\":2,\"name\":\"Pido 2008\",\"item\":\"https:\\\/\\\/umapido.ee\\\/et\\\/pido-2008\\\/\"},{\"@type\":\"ListItem\",\"position\":3,\"name\":\"Repertuaar\"}]},{\"@type\":\"WebSite\",\"@id\":\"https:\\\/\\\/umapido.ee\\\/#website\",\"url\":\"https:\\\/\\\/umapido.ee\\\/\",\"name\":\"Uma Pido\",\"description\":\"V\u00f5rokeeline laulu- ja rahvapido\",\"potentialAction\":[{\"@type\":\"SearchAction\",\"target\":{\"@type\":\"EntryPoint\",\"urlTemplate\":\"https:\\\/\\\/umapido.ee\\\/?s={search_term_string}\"},\"query-input\":{\"@type\":\"PropertyValueSpecification\",\"valueRequired\":true,\"valueName\":\"search_term_string\"}}],\"inLanguage\":\"et\"}]}<\/script>\n<!-- \/ Yoast SEO plugin. -->","yoast_head_json":{"title":"Repertuaar - Uma Pido","robots":{"index":"index","follow":"follow","max-snippet":"max-snippet:-1","max-image-preview":"max-image-preview:large","max-video-preview":"max-video-preview:-1"},"canonical":"https:\/\/umapido.ee\/et\/pido-2008\/repertuaar\/","og_locale":"et_EE","og_type":"article","og_title":"Repertuaar - Uma Pido","og_description":"Siin on 31. mail 2008 toimunud esimese v\u00f5rukeelse laulupeo peakontserdi laulud. Uma Peo korraldajad paluvad arvestada sellega, et lauluvihik oli m\u00f5eldud Uma Peo laulude \u00f5ppimiseks. Sel eesm\u00e4rgil v\u00f5is iga koor teha vajaliku arvu koopiaid. Koopiate tegemine ja laulude esitamine muul eesm\u00e4rgil tuleb autoritega eraldi kokku leppida. Lauluvihik nootidega Laulude j\u00e4rjekord Laulutekstid","og_url":"https:\/\/umapido.ee\/et\/pido-2008\/repertuaar\/","og_site_name":"Uma Pido","article_publisher":"https:\/\/www.facebook.com\/UmaPido-278039651663\/","twitter_card":"summary_large_image","schema":{"@context":"https:\/\/schema.org","@graph":[{"@type":"WebPage","@id":"https:\/\/umapido.ee\/et\/pido-2008\/repertuaar\/","url":"https:\/\/umapido.ee\/et\/pido-2008\/repertuaar\/","name":"Repertuaar - Uma Pido","isPartOf":{"@id":"https:\/\/umapido.ee\/#website"},"datePublished":"2017-10-10T20:12:32+00:00","breadcrumb":{"@id":"https:\/\/umapido.ee\/et\/pido-2008\/repertuaar\/#breadcrumb"},"inLanguage":"et","potentialAction":[{"@type":"ReadAction","target":["https:\/\/umapido.ee\/et\/pido-2008\/repertuaar\/"]}]},{"@type":"BreadcrumbList","@id":"https:\/\/umapido.ee\/et\/pido-2008\/repertuaar\/#breadcrumb","itemListElement":[{"@type":"ListItem","position":1,"name":"Home","item":"https:\/\/umapido.ee\/et\/"},{"@type":"ListItem","position":2,"name":"Pido 2008","item":"https:\/\/umapido.ee\/et\/pido-2008\/"},{"@type":"ListItem","position":3,"name":"Repertuaar"}]},{"@type":"WebSite","@id":"https:\/\/umapido.ee\/#website","url":"https:\/\/umapido.ee\/","name":"Uma Pido","description":"V\u00f5rokeeline laulu- ja rahvapido","potentialAction":[{"@type":"SearchAction","target":{"@type":"EntryPoint","urlTemplate":"https:\/\/umapido.ee\/?s={search_term_string}"},"query-input":{"@type":"PropertyValueSpecification","valueRequired":true,"valueName":"search_term_string"}}],"inLanguage":"et"}]}},"_links":{"self":[{"href":"https:\/\/umapido.ee\/et\/wp-json\/wp\/v2\/pages\/549","targetHints":{"allow":["GET"]}}],"collection":[{"href":"https:\/\/umapido.ee\/et\/wp-json\/wp\/v2\/pages"}],"about":[{"href":"https:\/\/umapido.ee\/et\/wp-json\/wp\/v2\/types\/page"}],"author":[{"embeddable":true,"href":"https:\/\/umapido.ee\/et\/wp-json\/wp\/v2\/users\/1"}],"replies":[{"embeddable":true,"href":"https:\/\/umapido.ee\/et\/wp-json\/wp\/v2\/comments?post=549"}],"version-history":[{"count":1,"href":"https:\/\/umapido.ee\/et\/wp-json\/wp\/v2\/pages\/549\/revisions"}],"predecessor-version":[{"id":553,"href":"https:\/\/umapido.ee\/et\/wp-json\/wp\/v2\/pages\/549\/revisions\/553"}],"up":[{"embeddable":true,"href":"https:\/\/umapido.ee\/et\/wp-json\/wp\/v2\/pages\/528"}],"wp:attachment":[{"href":"https:\/\/umapido.ee\/et\/wp-json\/wp\/v2\/media?parent=549"}],"curies":[{"name":"wp","href":"https:\/\/api.w.org\/{rel}","templated":true}]}}