{"id":545,"date":"2017-10-10T23:10:00","date_gmt":"2017-10-10T20:10:00","guid":{"rendered":"https:\/\/umapido.ee\/?page_id=545"},"modified":"2017-10-10T23:10:00","modified_gmt":"2017-10-10T20:10:00","slug":"paevakava","status":"publish","type":"page","link":"https:\/\/umapido.ee\/et\/pido-2008\/paevakava\/","title":{"rendered":"P\u00e4evakava"},"content":{"rendered":"<p><strong>30. mai 2008<\/strong><\/p>\n<p>22.00. V\u00f5ru Katariina kirikus Mitte-Riinimanda noortekoori kontsert &#8220;Ma laula suust ja s\u00fc\u00e4mest&#8221;.<\/p>\n<p><strong>31. mai 2008<\/strong><\/p>\n<p>9.00. V\u00f5ro Keriguplatsi laat Katariina kiriku ees. <a href=\"https:\/\/umapido.ee\/wp-content\/uploads\/2017\/10\/laat.pdf\" target=\"_blank\" rel=\"noopener\">Info kauplejale<\/a>.<br \/>\nLaada ajal Tartu \u00dcli\u00f5pilasteatri t\u00e4navateater siin ja seal V\u00f5ru kesklinnas. Pane t\u00e4hele, mis s\u00fcnnib!<br \/>\n11.00.-14.00 Esinejad laadalaval Katariina kiriku ees.<br \/>\n11.00. L\u00f5\u00f5tsam\u00e4ngijad Harri Lindmets ja Alo Pihu.<br \/>\n11.30. Ansambel ja kapell Vannamuudu.<br \/>\n12.00. Lasva lauluansambel Toom\u00f5puuk\u00f5.<br \/>\n12.30. Klubi H\u00f5bedane Juus ja segaansambel Elur\u00f5\u00f5m.<br \/>\n13.00. L\u00f5\u00f5tsam\u00e4ngijad: Heino Tartes \u00f5pilastega.<br \/>\n14.00. Kontsert Katariina kirikus &#8211; Kait Tamra, Indrek Kalda, Mari Kalkun, Triin Norman, Tarmo Noormaa, Anu Taul. Pilet 75\/50.<br \/>\n15.00.-18.00 Kontserdid kesklinna pargis:<br \/>\n15.00. Uma Laulu v\u00f5istluse parimad: Aapo Ilves, Urmas Kalla, Linda Kelp.<br \/>\n15.30. Segakoor Tarbatu.<br \/>\n16.00. Breidablik Spelemannslag: noored hardingfelem\u00e4ngijad Norramaalt.<br \/>\n16.30. Mitte-Riinimanda Noortekoor: Tormise lood.<br \/>\n17.00. Ansambel Folkr\u00e4\u00fcss.<\/p>\n<p>Tegemised Haanimiihhi pinokua \u00fcmber V\u00f5ru Instituudi hoovis (Tartu tn 48):<br \/>\n14.00.-16.00 K\u00e4sit\u00fc\u00fcts\u00f5\u00f5r (kaheksakannad, v\u00f6\u00f6de punumine, laastu peale maalimine).<br \/>\n16.00 Lauluts\u00f5\u00f5r. Eest v\u00f5tavad laulunaised ja -mehed. Lauldakse, kuni lauljaid j\u00e4tkub.<\/p>\n<p>V\u00f5ru Instituudi majas (Tartu tn 48):<br \/>\n14.00. J\u00e4no-Jussi multikatunn<\/p>\n<p>18.00. Peakontserdi sissejuhatus Kubija laululaval. Publikut tervitavad l\u00f5\u00f5tsam\u00e4ngijad Tarmo Noormaa ja Juhan Uppin.<\/p>\n<p>19.00. Uma Pido kontsert-etendus Kubija laululaval. Kaasa l\u00f6\u00f6vad Nikns Suns (Pur\u00f5ja Pini), Virre+, kandlem\u00e4ngijad ja 2000 lauljat.<\/p>\n<p>Peale kontsert-etenduse l\u00f5ppu j\u00e4tkab pidu ansambel Pur\u00f5ja Pini ekstra Uma Pido jaoks ettevalmistatud v\u00f5rukeelse kavaga.<\/p>\n<p><em>Pilet 50\/25. Lastele alates 5 eluaastast, \u00f5pilastele, \u00fcli\u00f5pilastele ja pension\u00e4ridele 25 krooni, t\u00e4iskasvanutele 50 krooni.<\/em><\/p>\n<p>Laulupeo eribuss s\u00f5idab alates kella 17-st V\u00f5ru kesklinnast R-kioski juurest Kubija-V\u00f5ru vahet. Pilet 10 krooni.<\/p>\n","protected":false},"excerpt":{"rendered":"<p>30. mai 2008 22.00. V\u00f5ru Katariina kirikus Mitte-Riinimanda noortekoori kontsert &#8220;Ma laula suust ja s\u00fc\u00e4mest&#8221;. 31. mai 2008 9.00. V\u00f5ro Keriguplatsi laat Katariina kiriku ees. Info kauplejale. Laada ajal Tartu \u00dcli\u00f5pilasteatri t\u00e4navateater siin ja seal V\u00f5ru kesklinnas. Pane t\u00e4hele, mis s\u00fcnnib! 11.00.-14.00 Esinejad laadalaval Katariina kiriku ees. 11.00. L\u00f5\u00f5tsam\u00e4ngijad Harri Lindmets ja Alo Pihu. 11.30. [&hellip;]<\/p>\n","protected":false},"author":1,"featured_media":0,"parent":528,"menu_order":0,"comment_status":"closed","ping_status":"closed","template":"","meta":{"footnotes":""},"class_list":["post-545","page","type-page","status-publish","hentry"],"yoast_head":"<!-- This site is optimized with the Yoast SEO plugin v27.5 - https:\/\/yoast.com\/product\/yoast-seo-wordpress\/ -->\n<title>P\u00e4evakava - Uma Pido<\/title>\n<meta name=\"robots\" content=\"index, follow, max-snippet:-1, max-image-preview:large, max-video-preview:-1\" \/>\n<link rel=\"canonical\" href=\"https:\/\/umapido.ee\/et\/pido-2008\/paevakava\/\" \/>\n<meta property=\"og:locale\" content=\"et_EE\" \/>\n<meta property=\"og:type\" content=\"article\" \/>\n<meta property=\"og:title\" content=\"P\u00e4evakava - Uma Pido\" \/>\n<meta property=\"og:description\" content=\"30. mai 2008 22.00. V\u00f5ru Katariina kirikus Mitte-Riinimanda noortekoori kontsert &#8220;Ma laula suust ja s\u00fc\u00e4mest&#8221;. 31. mai 2008 9.00. V\u00f5ro Keriguplatsi laat Katariina kiriku ees. Info kauplejale. Laada ajal Tartu \u00dcli\u00f5pilasteatri t\u00e4navateater siin ja seal V\u00f5ru kesklinnas. Pane t\u00e4hele, mis s\u00fcnnib! 11.00.-14.00 Esinejad laadalaval Katariina kiriku ees. 11.00. L\u00f5\u00f5tsam\u00e4ngijad Harri Lindmets ja Alo Pihu. 11.30. [&hellip;]\" \/>\n<meta property=\"og:url\" content=\"https:\/\/umapido.ee\/et\/pido-2008\/paevakava\/\" \/>\n<meta property=\"og:site_name\" content=\"Uma Pido\" \/>\n<meta property=\"article:publisher\" content=\"https:\/\/www.facebook.com\/UmaPido-278039651663\/\" \/>\n<meta name=\"twitter:card\" content=\"summary_large_image\" \/>\n<meta name=\"twitter:label1\" content=\"Est. reading time\" \/>\n\t<meta name=\"twitter:data1\" content=\"1 minut\" \/>\n<script type=\"application\/ld+json\" class=\"yoast-schema-graph\">{\"@context\":\"https:\\\/\\\/schema.org\",\"@graph\":[{\"@type\":\"WebPage\",\"@id\":\"https:\\\/\\\/umapido.ee\\\/et\\\/pido-2008\\\/paevakava\\\/\",\"url\":\"https:\\\/\\\/umapido.ee\\\/et\\\/pido-2008\\\/paevakava\\\/\",\"name\":\"P\u00e4evakava - Uma Pido\",\"isPartOf\":{\"@id\":\"https:\\\/\\\/umapido.ee\\\/#website\"},\"datePublished\":\"2017-10-10T20:10:00+00:00\",\"breadcrumb\":{\"@id\":\"https:\\\/\\\/umapido.ee\\\/et\\\/pido-2008\\\/paevakava\\\/#breadcrumb\"},\"inLanguage\":\"et\",\"potentialAction\":[{\"@type\":\"ReadAction\",\"target\":[\"https:\\\/\\\/umapido.ee\\\/et\\\/pido-2008\\\/paevakava\\\/\"]}]},{\"@type\":\"BreadcrumbList\",\"@id\":\"https:\\\/\\\/umapido.ee\\\/et\\\/pido-2008\\\/paevakava\\\/#breadcrumb\",\"itemListElement\":[{\"@type\":\"ListItem\",\"position\":1,\"name\":\"Home\",\"item\":\"https:\\\/\\\/umapido.ee\\\/et\\\/\"},{\"@type\":\"ListItem\",\"position\":2,\"name\":\"Pido 2008\",\"item\":\"https:\\\/\\\/umapido.ee\\\/et\\\/pido-2008\\\/\"},{\"@type\":\"ListItem\",\"position\":3,\"name\":\"P\u00e4evakava\"}]},{\"@type\":\"WebSite\",\"@id\":\"https:\\\/\\\/umapido.ee\\\/#website\",\"url\":\"https:\\\/\\\/umapido.ee\\\/\",\"name\":\"Uma Pido\",\"description\":\"V\u00f5rokeeline laulu- ja rahvapido\",\"potentialAction\":[{\"@type\":\"SearchAction\",\"target\":{\"@type\":\"EntryPoint\",\"urlTemplate\":\"https:\\\/\\\/umapido.ee\\\/?s={search_term_string}\"},\"query-input\":{\"@type\":\"PropertyValueSpecification\",\"valueRequired\":true,\"valueName\":\"search_term_string\"}}],\"inLanguage\":\"et\"}]}<\/script>\n<!-- \/ Yoast SEO plugin. -->","yoast_head_json":{"title":"P\u00e4evakava - Uma Pido","robots":{"index":"index","follow":"follow","max-snippet":"max-snippet:-1","max-image-preview":"max-image-preview:large","max-video-preview":"max-video-preview:-1"},"canonical":"https:\/\/umapido.ee\/et\/pido-2008\/paevakava\/","og_locale":"et_EE","og_type":"article","og_title":"P\u00e4evakava - Uma Pido","og_description":"30. mai 2008 22.00. V\u00f5ru Katariina kirikus Mitte-Riinimanda noortekoori kontsert &#8220;Ma laula suust ja s\u00fc\u00e4mest&#8221;. 31. mai 2008 9.00. V\u00f5ro Keriguplatsi laat Katariina kiriku ees. Info kauplejale. Laada ajal Tartu \u00dcli\u00f5pilasteatri t\u00e4navateater siin ja seal V\u00f5ru kesklinnas. Pane t\u00e4hele, mis s\u00fcnnib! 11.00.-14.00 Esinejad laadalaval Katariina kiriku ees. 11.00. L\u00f5\u00f5tsam\u00e4ngijad Harri Lindmets ja Alo Pihu. 11.30. [&hellip;]","og_url":"https:\/\/umapido.ee\/et\/pido-2008\/paevakava\/","og_site_name":"Uma Pido","article_publisher":"https:\/\/www.facebook.com\/UmaPido-278039651663\/","twitter_card":"summary_large_image","twitter_misc":{"Est. reading time":"1 minut"},"schema":{"@context":"https:\/\/schema.org","@graph":[{"@type":"WebPage","@id":"https:\/\/umapido.ee\/et\/pido-2008\/paevakava\/","url":"https:\/\/umapido.ee\/et\/pido-2008\/paevakava\/","name":"P\u00e4evakava - Uma Pido","isPartOf":{"@id":"https:\/\/umapido.ee\/#website"},"datePublished":"2017-10-10T20:10:00+00:00","breadcrumb":{"@id":"https:\/\/umapido.ee\/et\/pido-2008\/paevakava\/#breadcrumb"},"inLanguage":"et","potentialAction":[{"@type":"ReadAction","target":["https:\/\/umapido.ee\/et\/pido-2008\/paevakava\/"]}]},{"@type":"BreadcrumbList","@id":"https:\/\/umapido.ee\/et\/pido-2008\/paevakava\/#breadcrumb","itemListElement":[{"@type":"ListItem","position":1,"name":"Home","item":"https:\/\/umapido.ee\/et\/"},{"@type":"ListItem","position":2,"name":"Pido 2008","item":"https:\/\/umapido.ee\/et\/pido-2008\/"},{"@type":"ListItem","position":3,"name":"P\u00e4evakava"}]},{"@type":"WebSite","@id":"https:\/\/umapido.ee\/#website","url":"https:\/\/umapido.ee\/","name":"Uma Pido","description":"V\u00f5rokeeline laulu- ja rahvapido","potentialAction":[{"@type":"SearchAction","target":{"@type":"EntryPoint","urlTemplate":"https:\/\/umapido.ee\/?s={search_term_string}"},"query-input":{"@type":"PropertyValueSpecification","valueRequired":true,"valueName":"search_term_string"}}],"inLanguage":"et"}]}},"_links":{"self":[{"href":"https:\/\/umapido.ee\/et\/wp-json\/wp\/v2\/pages\/545","targetHints":{"allow":["GET"]}}],"collection":[{"href":"https:\/\/umapido.ee\/et\/wp-json\/wp\/v2\/pages"}],"about":[{"href":"https:\/\/umapido.ee\/et\/wp-json\/wp\/v2\/types\/page"}],"author":[{"embeddable":true,"href":"https:\/\/umapido.ee\/et\/wp-json\/wp\/v2\/users\/1"}],"replies":[{"embeddable":true,"href":"https:\/\/umapido.ee\/et\/wp-json\/wp\/v2\/comments?post=545"}],"version-history":[{"count":1,"href":"https:\/\/umapido.ee\/et\/wp-json\/wp\/v2\/pages\/545\/revisions"}],"predecessor-version":[{"id":547,"href":"https:\/\/umapido.ee\/et\/wp-json\/wp\/v2\/pages\/545\/revisions\/547"}],"up":[{"embeddable":true,"href":"https:\/\/umapido.ee\/et\/wp-json\/wp\/v2\/pages\/528"}],"wp:attachment":[{"href":"https:\/\/umapido.ee\/et\/wp-json\/wp\/v2\/media?parent=545"}],"curies":[{"name":"wp","href":"https:\/\/api.w.org\/{rel}","templated":true}]}}