{"id":531,"date":"2017-10-10T23:04:26","date_gmt":"2017-10-10T20:04:26","guid":{"rendered":"https:\/\/umapido.ee\/?page_id=531"},"modified":"2017-10-10T23:04:26","modified_gmt":"2017-10-10T20:04:26","slug":"uudised","status":"publish","type":"page","link":"https:\/\/umapido.ee\/et\/pido-2008\/uudised\/","title":{"rendered":"Uudised"},"content":{"rendered":"<p><a href=\"https:\/\/umapido.ee\/wp-content\/uploads\/2017\/10\/peranpito.pdf\" target=\"_blank\" rel=\"noopener\">Uma Pidost v\u00f5ttis osa 6000 inimest<\/a><\/p>\n<h3>Vanemad uudised<\/h3>\n<p><strong>31. mail on Uma Pido!<\/strong> <a href=\"https:\/\/umapido.ee\/wp-content\/uploads\/2017\/10\/innepito.pdf\" target=\"_blank\" rel=\"noopener\">T\u00e4psem info peo kohta.<\/a><\/p>\n<p><strong>Uma Pido eribuss<\/strong> s\u00f5idab 31.mail V\u00f5ru kesklinna ja lauluv\u00e4ljaku vahel.Buss peatub j\u00e4rgmistes peatustes:<br \/>\nOlevi- V\u00f5idu v\u00e4ljak- Liiva- Tehase- Soo- Lauluv\u00e4ljak- Soo- Olevi- V\u00f5idu v\u00e4ljak<br \/>\nS\u00f5idugraafik: Olevi- 16:15, 17:15, 18:15, 19:15; V\u00f5idu v\u00e4ljak- 16.30, 17:30, 18:30, 19:30; Lauluv\u00e4ljak- 17.00, 18:00, 19:00,<\/p>\n<p>Alates 21:00 s\u00f5idab buss tagasi V\u00f5ru kesklinna vastavalt bussi t\u00e4ituvusele kuni s\u00f5itjaid j\u00e4tkub. Pileti hind on 10 krooni, seda saab osta bussijuhilt.<\/p>\n<p><strong>Info ajakirjanikele!<\/strong><\/p>\n<p>Peop\u00e4eval on V\u00f5ru instituudi majas kell 10.00.-18.00. avatud pressikeskus, kust ajakirjanikud saavad k\u00e4tte k\u00e4epaelad ja kaelakaardid, infot toimuva kohta, kohvi ja internetti. <a href=\"https:\/\/umapido.ee\/wp-content\/uploads\/2017\/10\/akrediteerimine.pdf\" target=\"_blank\" rel=\"noopener\">Akrediteerimiskutse<\/a><\/p>\n<p><strong>Valmis on saanud dokfilm &#8220;Meeste tee lauluni&#8221;<\/strong><\/p>\n<p>Dokfilm r\u00e4\u00e4gib Uma Pido ettevalmistustest l\u00e4bi peo meeskoori tegemise. Filmi tegemist toetasid AS Semuehitus ja Eesti Kultuurkapital.<br \/>\nFilmi esilinastused toimusid 18. mail V\u00f5ru kultuurimajas Kannel ja 22. mail Tallinnas kinos S\u00f5prus.<\/p>\n<p>ETV-s saab filmi vaadata:<br \/>\n&#8211; P\u00fchap\u00e4eval, 25. mail kell 9.30.<br \/>\n&#8211; Esmasp\u00e4eval, 26. mail kell 13.20.<br \/>\n&#8211; Kolmap\u00e4eval, 28. mail kell 19.25.<\/p>\n<p><a href=\"https:\/\/umapido.ee\/wp-content\/uploads\/2017\/10\/dokfilm2.pdf\" target=\"_blank\" rel=\"noopener\">Filmi esitlusest Tallinnas<\/a><br \/>\n<a href=\"https:\/\/umapido.ee\/wp-content\/uploads\/2017\/10\/synopsis.pdf\" target=\"_blank\" rel=\"noopener\">Filmi s\u00fcnopsis<\/a><\/p>\n<p><strong>\u201dUma laulu\u201d v\u00f5istluse v\u00f5itis Aapo Ilves<\/strong><br \/>\nV\u00f5rumaal peetud omakeelsete ja -loominguliste laulude v\u00f5istluse v\u00f5itis R\u00e4pina trubaduur Aapo Ilves lauludega &#8220;Pristan&#8221; ja &#8220;Lodi tuu ja lodi vii&#8221;. V\u00f5idulaulud valis 26 laulu hulgast v\u00e4lja \u017e\u00fcrii eesotsas proua Ingrid R\u00fc\u00fctliga.<br \/>\n<a href=\"https:\/\/umapido.ee\/wp-content\/uploads\/2017\/10\/umalaul_tulom.pdf\" target=\"_blank\" rel=\"noopener\">Loe pikemalt<\/a><\/p>\n<p><strong>\u201dUma Pido\u201d meeskoori tegemistest<br \/>\n<\/strong>P\u00fchap\u00e4eval, 27. aprillil toimus V\u00f5ru kultuurimajas Kannel kolmas meestelaulu p\u00e4ev. Meestelaulu p\u00e4evadel \u00f5pitakse selgeks meeskooride laulud ja meeste osad \u00fchendkooride lauludes \u201dUmal Peol\u201d laulmiseks. Selle ettev\u00f5tmise eesm\u00e4rk ei ole tingimata kokku kutsuda uut alalist koori, eelk\u00f5ige panna meeste h\u00e4\u00e4led peol k\u00f5lama. T\u00e4nu meestelaulu p\u00e4evadele laulavad Umal Peol meeskooride laule lisaks 100-le meeskooride mehele veel umbes 75 segakooridest, ansamblitest ja mujalt laulma tulnud meest.<\/p>\n<p>Uma Peo meeskoori koondproov toimus p\u00fchap\u00e4eval, 18. mail kell 18.00. j\u00e4llegi V\u00f5ru kultuurimajas. Selles proovis osales mentorina ka tuntud koorijuht Alo Ritsing, kelle dirigeerida on peol \u00fcks \u00fchendkooride ja \u00fcks meeskooride lugu ning kes on peo jaoks teinud mitmetele lauludele kooriseadeid. Korraldajad palusid laulvatel meestel end valmis panna ka enne Uma Peo peakontserti 31. mai p\u00e4eval toimuvaks peaprooviks.<br \/>\nd uudised<\/p>\n<p><a href=\"https:\/\/umapido.ee\/wp-content\/uploads\/2017\/10\/umalaul_vana.pdf\" target=\"_blank\" rel=\"noopener\">\u201dUma laulu\u201d v\u00f5istluskontserdil astuvad \u00fcles Mari Kalkun, Aapo Ilves, Jaan Pehk jt<\/a><br \/>\n<a href=\"https:\/\/umapido.ee\/wp-content\/uploads\/2017\/10\/failid.laat_.pdf\" target=\"_blank\" rel=\"noopener\">Alanud on kauplejate registreerimine V\u00f5ro Keriguplatsi laadale.<\/a><br \/>\n<a href=\"https:\/\/umapido.ee\/wp-content\/uploads\/2017\/10\/parmupill.pdf\" target=\"_blank\" rel=\"noopener\">\u201dUma Pido\u201d laulumehed sepistasid laulupeo s\u00fcmboli \u2013 suure parmupilli<\/a><br \/>\n<a href=\"https:\/\/umapido.ee\/wp-content\/uploads\/2017\/10\/peeti2mlp_e.pdf\" target=\"_blank\" rel=\"noopener\">Peeti teine meestelaulu p\u00e4ev<\/a><br \/>\n<a href=\"https:\/\/umapido.ee\/wp-content\/uploads\/2017\/10\/2meestelaulupaev.pdf\" target=\"_blank\" rel=\"noopener\">\u201dUma Pido\u201d meeskoor saab teist korda kokku<\/a><\/p>\n","protected":false},"excerpt":{"rendered":"<p>Uma Pidost v\u00f5ttis osa 6000 inimest Vanemad uudised 31. mail on Uma Pido! T\u00e4psem info peo kohta. Uma Pido eribuss s\u00f5idab 31.mail V\u00f5ru kesklinna ja lauluv\u00e4ljaku vahel.Buss peatub j\u00e4rgmistes peatustes: Olevi- V\u00f5idu v\u00e4ljak- Liiva- Tehase- Soo- Lauluv\u00e4ljak- Soo- Olevi- V\u00f5idu v\u00e4ljak S\u00f5idugraafik: Olevi- 16:15, 17:15, 18:15, 19:15; V\u00f5idu v\u00e4ljak- 16.30, 17:30, 18:30, 19:30; Lauluv\u00e4ljak- 17.00, [&hellip;]<\/p>\n","protected":false},"author":1,"featured_media":0,"parent":528,"menu_order":0,"comment_status":"closed","ping_status":"closed","template":"","meta":{"footnotes":""},"class_list":["post-531","page","type-page","status-publish","hentry"],"yoast_head":"<!-- This site is optimized with the Yoast SEO plugin v27.4 - https:\/\/yoast.com\/product\/yoast-seo-wordpress\/ -->\n<title>Uudised - Uma Pido<\/title>\n<meta name=\"robots\" content=\"index, follow, max-snippet:-1, max-image-preview:large, max-video-preview:-1\" \/>\n<link rel=\"canonical\" href=\"https:\/\/umapido.ee\/et\/pido-2008\/uudised\/\" \/>\n<meta property=\"og:locale\" content=\"et_EE\" \/>\n<meta property=\"og:type\" content=\"article\" \/>\n<meta property=\"og:title\" content=\"Uudised - Uma Pido\" \/>\n<meta property=\"og:description\" content=\"Uma Pidost v\u00f5ttis osa 6000 inimest Vanemad uudised 31. mail on Uma Pido! T\u00e4psem info peo kohta. Uma Pido eribuss s\u00f5idab 31.mail V\u00f5ru kesklinna ja lauluv\u00e4ljaku vahel.Buss peatub j\u00e4rgmistes peatustes: Olevi- V\u00f5idu v\u00e4ljak- Liiva- Tehase- Soo- Lauluv\u00e4ljak- Soo- Olevi- V\u00f5idu v\u00e4ljak S\u00f5idugraafik: Olevi- 16:15, 17:15, 18:15, 19:15; V\u00f5idu v\u00e4ljak- 16.30, 17:30, 18:30, 19:30; Lauluv\u00e4ljak- 17.00, [&hellip;]\" \/>\n<meta property=\"og:url\" content=\"https:\/\/umapido.ee\/et\/pido-2008\/uudised\/\" \/>\n<meta property=\"og:site_name\" content=\"Uma Pido\" \/>\n<meta property=\"article:publisher\" content=\"https:\/\/www.facebook.com\/UmaPido-278039651663\/\" \/>\n<meta name=\"twitter:card\" content=\"summary_large_image\" \/>\n<meta name=\"twitter:label1\" content=\"Est. reading time\" \/>\n\t<meta name=\"twitter:data1\" content=\"2 minutit\" \/>\n<script type=\"application\/ld+json\" class=\"yoast-schema-graph\">{\"@context\":\"https:\\\/\\\/schema.org\",\"@graph\":[{\"@type\":\"WebPage\",\"@id\":\"https:\\\/\\\/umapido.ee\\\/et\\\/pido-2008\\\/uudised\\\/\",\"url\":\"https:\\\/\\\/umapido.ee\\\/et\\\/pido-2008\\\/uudised\\\/\",\"name\":\"Uudised - Uma Pido\",\"isPartOf\":{\"@id\":\"https:\\\/\\\/umapido.ee\\\/#website\"},\"datePublished\":\"2017-10-10T20:04:26+00:00\",\"breadcrumb\":{\"@id\":\"https:\\\/\\\/umapido.ee\\\/et\\\/pido-2008\\\/uudised\\\/#breadcrumb\"},\"inLanguage\":\"et\",\"potentialAction\":[{\"@type\":\"ReadAction\",\"target\":[\"https:\\\/\\\/umapido.ee\\\/et\\\/pido-2008\\\/uudised\\\/\"]}]},{\"@type\":\"BreadcrumbList\",\"@id\":\"https:\\\/\\\/umapido.ee\\\/et\\\/pido-2008\\\/uudised\\\/#breadcrumb\",\"itemListElement\":[{\"@type\":\"ListItem\",\"position\":1,\"name\":\"Home\",\"item\":\"https:\\\/\\\/umapido.ee\\\/et\\\/\"},{\"@type\":\"ListItem\",\"position\":2,\"name\":\"Pido 2008\",\"item\":\"https:\\\/\\\/umapido.ee\\\/et\\\/pido-2008\\\/\"},{\"@type\":\"ListItem\",\"position\":3,\"name\":\"Uudised\"}]},{\"@type\":\"WebSite\",\"@id\":\"https:\\\/\\\/umapido.ee\\\/#website\",\"url\":\"https:\\\/\\\/umapido.ee\\\/\",\"name\":\"Uma Pido\",\"description\":\"V\u00f5rokeeline laulu- ja rahvapido\",\"potentialAction\":[{\"@type\":\"SearchAction\",\"target\":{\"@type\":\"EntryPoint\",\"urlTemplate\":\"https:\\\/\\\/umapido.ee\\\/?s={search_term_string}\"},\"query-input\":{\"@type\":\"PropertyValueSpecification\",\"valueRequired\":true,\"valueName\":\"search_term_string\"}}],\"inLanguage\":\"et\"}]}<\/script>\n<!-- \/ Yoast SEO plugin. -->","yoast_head_json":{"title":"Uudised - Uma Pido","robots":{"index":"index","follow":"follow","max-snippet":"max-snippet:-1","max-image-preview":"max-image-preview:large","max-video-preview":"max-video-preview:-1"},"canonical":"https:\/\/umapido.ee\/et\/pido-2008\/uudised\/","og_locale":"et_EE","og_type":"article","og_title":"Uudised - Uma Pido","og_description":"Uma Pidost v\u00f5ttis osa 6000 inimest Vanemad uudised 31. mail on Uma Pido! T\u00e4psem info peo kohta. Uma Pido eribuss s\u00f5idab 31.mail V\u00f5ru kesklinna ja lauluv\u00e4ljaku vahel.Buss peatub j\u00e4rgmistes peatustes: Olevi- V\u00f5idu v\u00e4ljak- Liiva- Tehase- Soo- Lauluv\u00e4ljak- Soo- Olevi- V\u00f5idu v\u00e4ljak S\u00f5idugraafik: Olevi- 16:15, 17:15, 18:15, 19:15; V\u00f5idu v\u00e4ljak- 16.30, 17:30, 18:30, 19:30; Lauluv\u00e4ljak- 17.00, [&hellip;]","og_url":"https:\/\/umapido.ee\/et\/pido-2008\/uudised\/","og_site_name":"Uma Pido","article_publisher":"https:\/\/www.facebook.com\/UmaPido-278039651663\/","twitter_card":"summary_large_image","twitter_misc":{"Est. reading time":"2 minutit"},"schema":{"@context":"https:\/\/schema.org","@graph":[{"@type":"WebPage","@id":"https:\/\/umapido.ee\/et\/pido-2008\/uudised\/","url":"https:\/\/umapido.ee\/et\/pido-2008\/uudised\/","name":"Uudised - Uma Pido","isPartOf":{"@id":"https:\/\/umapido.ee\/#website"},"datePublished":"2017-10-10T20:04:26+00:00","breadcrumb":{"@id":"https:\/\/umapido.ee\/et\/pido-2008\/uudised\/#breadcrumb"},"inLanguage":"et","potentialAction":[{"@type":"ReadAction","target":["https:\/\/umapido.ee\/et\/pido-2008\/uudised\/"]}]},{"@type":"BreadcrumbList","@id":"https:\/\/umapido.ee\/et\/pido-2008\/uudised\/#breadcrumb","itemListElement":[{"@type":"ListItem","position":1,"name":"Home","item":"https:\/\/umapido.ee\/et\/"},{"@type":"ListItem","position":2,"name":"Pido 2008","item":"https:\/\/umapido.ee\/et\/pido-2008\/"},{"@type":"ListItem","position":3,"name":"Uudised"}]},{"@type":"WebSite","@id":"https:\/\/umapido.ee\/#website","url":"https:\/\/umapido.ee\/","name":"Uma Pido","description":"V\u00f5rokeeline laulu- ja rahvapido","potentialAction":[{"@type":"SearchAction","target":{"@type":"EntryPoint","urlTemplate":"https:\/\/umapido.ee\/?s={search_term_string}"},"query-input":{"@type":"PropertyValueSpecification","valueRequired":true,"valueName":"search_term_string"}}],"inLanguage":"et"}]}},"_links":{"self":[{"href":"https:\/\/umapido.ee\/et\/wp-json\/wp\/v2\/pages\/531","targetHints":{"allow":["GET"]}}],"collection":[{"href":"https:\/\/umapido.ee\/et\/wp-json\/wp\/v2\/pages"}],"about":[{"href":"https:\/\/umapido.ee\/et\/wp-json\/wp\/v2\/types\/page"}],"author":[{"embeddable":true,"href":"https:\/\/umapido.ee\/et\/wp-json\/wp\/v2\/users\/1"}],"replies":[{"embeddable":true,"href":"https:\/\/umapido.ee\/et\/wp-json\/wp\/v2\/comments?post=531"}],"version-history":[{"count":1,"href":"https:\/\/umapido.ee\/et\/wp-json\/wp\/v2\/pages\/531\/revisions"}],"predecessor-version":[{"id":543,"href":"https:\/\/umapido.ee\/et\/wp-json\/wp\/v2\/pages\/531\/revisions\/543"}],"up":[{"embeddable":true,"href":"https:\/\/umapido.ee\/et\/wp-json\/wp\/v2\/pages\/528"}],"wp:attachment":[{"href":"https:\/\/umapido.ee\/et\/wp-json\/wp\/v2\/media?parent=531"}],"curies":[{"name":"wp","href":"https:\/\/api.w.org\/{rel}","templated":true}]}}