{"id":528,"date":"2017-10-10T22:55:07","date_gmt":"2017-10-10T19:55:07","guid":{"rendered":"https:\/\/umapido.ee\/?page_id=528"},"modified":"2017-10-10T22:55:07","modified_gmt":"2017-10-10T19:55:07","slug":"pido-2008","status":"publish","type":"page","link":"https:\/\/umapido.ee\/et\/pido-2008\/","title":{"rendered":"Pido 2008"},"content":{"rendered":"<h3>Head laulus\u00f5brad!<\/h3>\n<p>31. mail 2008. toimus V\u00f5ru linnas ja Kubija laululaval esimene omakeelne laulu- ja rahvapidu. Tahtsime, et see oleks LAULU PIDU \u2013 pidu, kus laul, selle peo p\u00f5hjus, end h\u00e4sti ja koduselt tunneb. Tahtsime, et see oleks RAHVA PIDU \u2013 pidu, millest me ise r\u00f5\u00f5mu tunneme. Nii ka l\u00e4ks \u2013 peol tundsid end v\u00f5rdselt h\u00e4sti nii laul kui rahvas!<\/p>\n<p>Me laulsime v\u00f5ru keeles, sest see on meie esivanemate keel, mis kannab endas nende tarkust. Laulsime esivanemate laule, et nende tarkus meieni j\u00f5uaks.<\/p>\n<p>Pidu oli rahvarohke \u2013 Kubija lauluv\u00e4ljakul oli publikut ja lauljaid kokku 6000 ringis. Ka peo p\u00e4evaprogrammist v\u00f5ttis osa v\u00e4ga palju inimesi. Aituma k\u00f5igile lauljatele ja osav\u00f5tjatele!<\/p>\n<p>Uma Pido tuleb j\u00e4lle 2010. aastal. Sarnane keele- ja kultuuriala on laiem kui V\u00f5ru maakond, seep\u00e4rast soovin v\u00e4ga, et teine Uma Pido toimuks P\u00f5lva maakonnas. Loodan, et kahe aasta p\u00e4rast toimuv pidu toob kokku veel rohkem \u00fcksmeelseid ning oma keelt ja kultuuri armastavaid teotahtelisi inimesi!<\/p>\n<p><strong>Tarmo Tagamets<\/strong><br \/>\n31. mail 2008 toimunud Uma Pido lavastaja<\/p>\n","protected":false},"excerpt":{"rendered":"<p>Head laulus\u00f5brad! 31. mail 2008. toimus V\u00f5ru linnas ja Kubija laululaval esimene omakeelne laulu- ja rahvapidu. Tahtsime, et see oleks LAULU PIDU \u2013 pidu, kus laul, selle peo p\u00f5hjus, end h\u00e4sti ja koduselt tunneb. Tahtsime, et see oleks RAHVA PIDU \u2013 pidu, millest me ise r\u00f5\u00f5mu tunneme. Nii ka l\u00e4ks \u2013 peol tundsid end v\u00f5rdselt [&hellip;]<\/p>\n","protected":false},"author":1,"featured_media":0,"parent":0,"menu_order":0,"comment_status":"closed","ping_status":"closed","template":"","meta":{"footnotes":""},"class_list":["post-528","page","type-page","status-publish","hentry"],"yoast_head":"<!-- This site is optimized with the Yoast SEO plugin v27.4 - https:\/\/yoast.com\/product\/yoast-seo-wordpress\/ -->\n<title>Pido 2008 - Uma Pido<\/title>\n<meta name=\"robots\" content=\"index, follow, max-snippet:-1, max-image-preview:large, max-video-preview:-1\" \/>\n<link rel=\"canonical\" href=\"https:\/\/umapido.ee\/et\/pido-2008\/\" \/>\n<meta property=\"og:locale\" content=\"et_EE\" \/>\n<meta property=\"og:type\" content=\"article\" \/>\n<meta property=\"og:title\" content=\"Pido 2008 - Uma Pido\" \/>\n<meta property=\"og:description\" content=\"Head laulus\u00f5brad! 31. mail 2008. toimus V\u00f5ru linnas ja Kubija laululaval esimene omakeelne laulu- ja rahvapidu. Tahtsime, et see oleks LAULU PIDU \u2013 pidu, kus laul, selle peo p\u00f5hjus, end h\u00e4sti ja koduselt tunneb. Tahtsime, et see oleks RAHVA PIDU \u2013 pidu, millest me ise r\u00f5\u00f5mu tunneme. Nii ka l\u00e4ks \u2013 peol tundsid end v\u00f5rdselt [&hellip;]\" \/>\n<meta property=\"og:url\" content=\"https:\/\/umapido.ee\/et\/pido-2008\/\" \/>\n<meta property=\"og:site_name\" content=\"Uma Pido\" \/>\n<meta property=\"article:publisher\" content=\"https:\/\/www.facebook.com\/UmaPido-278039651663\/\" \/>\n<meta name=\"twitter:card\" content=\"summary_large_image\" \/>\n<meta name=\"twitter:label1\" content=\"Est. reading time\" \/>\n\t<meta name=\"twitter:data1\" content=\"1 minut\" \/>\n<script type=\"application\/ld+json\" class=\"yoast-schema-graph\">{\"@context\":\"https:\\\/\\\/schema.org\",\"@graph\":[{\"@type\":\"WebPage\",\"@id\":\"https:\\\/\\\/umapido.ee\\\/et\\\/pido-2008\\\/\",\"url\":\"https:\\\/\\\/umapido.ee\\\/et\\\/pido-2008\\\/\",\"name\":\"Pido 2008 - Uma Pido\",\"isPartOf\":{\"@id\":\"https:\\\/\\\/umapido.ee\\\/#website\"},\"datePublished\":\"2017-10-10T19:55:07+00:00\",\"breadcrumb\":{\"@id\":\"https:\\\/\\\/umapido.ee\\\/et\\\/pido-2008\\\/#breadcrumb\"},\"inLanguage\":\"et\",\"potentialAction\":[{\"@type\":\"ReadAction\",\"target\":[\"https:\\\/\\\/umapido.ee\\\/et\\\/pido-2008\\\/\"]}]},{\"@type\":\"BreadcrumbList\",\"@id\":\"https:\\\/\\\/umapido.ee\\\/et\\\/pido-2008\\\/#breadcrumb\",\"itemListElement\":[{\"@type\":\"ListItem\",\"position\":1,\"name\":\"Home\",\"item\":\"https:\\\/\\\/umapido.ee\\\/et\\\/\"},{\"@type\":\"ListItem\",\"position\":2,\"name\":\"Pido 2008\"}]},{\"@type\":\"WebSite\",\"@id\":\"https:\\\/\\\/umapido.ee\\\/#website\",\"url\":\"https:\\\/\\\/umapido.ee\\\/\",\"name\":\"Uma Pido\",\"description\":\"V\u00f5rokeeline laulu- ja rahvapido\",\"potentialAction\":[{\"@type\":\"SearchAction\",\"target\":{\"@type\":\"EntryPoint\",\"urlTemplate\":\"https:\\\/\\\/umapido.ee\\\/?s={search_term_string}\"},\"query-input\":{\"@type\":\"PropertyValueSpecification\",\"valueRequired\":true,\"valueName\":\"search_term_string\"}}],\"inLanguage\":\"et\"}]}<\/script>\n<!-- \/ Yoast SEO plugin. -->","yoast_head_json":{"title":"Pido 2008 - Uma Pido","robots":{"index":"index","follow":"follow","max-snippet":"max-snippet:-1","max-image-preview":"max-image-preview:large","max-video-preview":"max-video-preview:-1"},"canonical":"https:\/\/umapido.ee\/et\/pido-2008\/","og_locale":"et_EE","og_type":"article","og_title":"Pido 2008 - Uma Pido","og_description":"Head laulus\u00f5brad! 31. mail 2008. toimus V\u00f5ru linnas ja Kubija laululaval esimene omakeelne laulu- ja rahvapidu. Tahtsime, et see oleks LAULU PIDU \u2013 pidu, kus laul, selle peo p\u00f5hjus, end h\u00e4sti ja koduselt tunneb. Tahtsime, et see oleks RAHVA PIDU \u2013 pidu, millest me ise r\u00f5\u00f5mu tunneme. Nii ka l\u00e4ks \u2013 peol tundsid end v\u00f5rdselt [&hellip;]","og_url":"https:\/\/umapido.ee\/et\/pido-2008\/","og_site_name":"Uma Pido","article_publisher":"https:\/\/www.facebook.com\/UmaPido-278039651663\/","twitter_card":"summary_large_image","twitter_misc":{"Est. reading time":"1 minut"},"schema":{"@context":"https:\/\/schema.org","@graph":[{"@type":"WebPage","@id":"https:\/\/umapido.ee\/et\/pido-2008\/","url":"https:\/\/umapido.ee\/et\/pido-2008\/","name":"Pido 2008 - Uma Pido","isPartOf":{"@id":"https:\/\/umapido.ee\/#website"},"datePublished":"2017-10-10T19:55:07+00:00","breadcrumb":{"@id":"https:\/\/umapido.ee\/et\/pido-2008\/#breadcrumb"},"inLanguage":"et","potentialAction":[{"@type":"ReadAction","target":["https:\/\/umapido.ee\/et\/pido-2008\/"]}]},{"@type":"BreadcrumbList","@id":"https:\/\/umapido.ee\/et\/pido-2008\/#breadcrumb","itemListElement":[{"@type":"ListItem","position":1,"name":"Home","item":"https:\/\/umapido.ee\/et\/"},{"@type":"ListItem","position":2,"name":"Pido 2008"}]},{"@type":"WebSite","@id":"https:\/\/umapido.ee\/#website","url":"https:\/\/umapido.ee\/","name":"Uma Pido","description":"V\u00f5rokeeline laulu- ja rahvapido","potentialAction":[{"@type":"SearchAction","target":{"@type":"EntryPoint","urlTemplate":"https:\/\/umapido.ee\/?s={search_term_string}"},"query-input":{"@type":"PropertyValueSpecification","valueRequired":true,"valueName":"search_term_string"}}],"inLanguage":"et"}]}},"_links":{"self":[{"href":"https:\/\/umapido.ee\/et\/wp-json\/wp\/v2\/pages\/528","targetHints":{"allow":["GET"]}}],"collection":[{"href":"https:\/\/umapido.ee\/et\/wp-json\/wp\/v2\/pages"}],"about":[{"href":"https:\/\/umapido.ee\/et\/wp-json\/wp\/v2\/types\/page"}],"author":[{"embeddable":true,"href":"https:\/\/umapido.ee\/et\/wp-json\/wp\/v2\/users\/1"}],"replies":[{"embeddable":true,"href":"https:\/\/umapido.ee\/et\/wp-json\/wp\/v2\/comments?post=528"}],"version-history":[{"count":1,"href":"https:\/\/umapido.ee\/et\/wp-json\/wp\/v2\/pages\/528\/revisions"}],"predecessor-version":[{"id":529,"href":"https:\/\/umapido.ee\/et\/wp-json\/wp\/v2\/pages\/528\/revisions\/529"}],"wp:attachment":[{"href":"https:\/\/umapido.ee\/et\/wp-json\/wp\/v2\/media?parent=528"}],"curies":[{"name":"wp","href":"https:\/\/api.w.org\/{rel}","templated":true}]}}