{"id":525,"date":"2017-10-10T22:53:31","date_gmt":"2017-10-10T19:53:31","guid":{"rendered":"https:\/\/umapido.ee\/?page_id=525"},"modified":"2024-02-01T13:24:04","modified_gmt":"2024-02-01T11:24:04","slug":"kontakt","status":"publish","type":"page","link":"https:\/\/umapido.ee\/et\/kontakt\/","title":{"rendered":"Kontakt"},"content":{"rendered":"<p>Uma Pido korraldust veavad:<\/p>\n<p><strong>Merike Tigas<\/strong> (projektijuht) 56916280, merike.tigas (\u00e4t) wi.ee<\/p>\n<p><strong>Triin Toom<\/strong> (projektijuhi abi) 5120772 triin.toom (\u00e4t) gmail.com<\/p>\n<p><strong>Diana Leesalu<\/strong> (lavastaja)<\/p>\n<p><strong>Sander Silm<\/strong> (kommunikatsioonijuht) 56621285, sander.silm (\u00e4t) gmail.com<\/p>\n<p><strong>Marit Oimet<\/strong> (vabatahtlike juht) 53345343, marit.oimet (\u00e4t) pg.edu.ee<\/p>\n<p><strong>K\u00fcllike Joosing<\/strong> (peadirigent) kyllikejoosing (\u00e4t) gmail.com<\/p>\n<p>&nbsp;<\/p>\n<p><strong>Uma Pido FB leht<\/strong> <a href=\"https:\/\/www.facebook.com\/umapido5\" target=\"_blank\" rel=\"noopener\">https:\/\/www.facebook.com\/umapido5<\/a><\/p>\n","protected":false},"excerpt":{"rendered":"<p>Uma Pido korraldust veavad: Merike Tigas (projektijuht) 56916280, merike.tigas (\u00e4t) wi.ee Triin Toom (projektijuhi abi) 5120772 triin.toom (\u00e4t) gmail.com Diana Leesalu (lavastaja) Sander Silm (kommunikatsioonijuht) 56621285, sander.silm (\u00e4t) gmail.com Marit Oimet (vabatahtlike juht) 53345343, marit.oimet (\u00e4t) pg.edu.ee K\u00fcllike Joosing (peadirigent) kyllikejoosing (\u00e4t) gmail.com &nbsp; Uma Pido FB leht https:\/\/www.facebook.com\/umapido5<\/p>\n","protected":false},"author":1,"featured_media":0,"parent":0,"menu_order":0,"comment_status":"closed","ping_status":"closed","template":"","meta":{"footnotes":""},"class_list":["post-525","page","type-page","status-publish","hentry"],"yoast_head":"<!-- This site is optimized with the Yoast SEO plugin v27.4 - https:\/\/yoast.com\/product\/yoast-seo-wordpress\/ -->\n<title>Kontakt - Uma Pido<\/title>\n<meta name=\"robots\" content=\"index, follow, max-snippet:-1, max-image-preview:large, max-video-preview:-1\" \/>\n<link rel=\"canonical\" href=\"https:\/\/umapido.ee\/et\/kontakt\/\" \/>\n<meta property=\"og:locale\" content=\"et_EE\" \/>\n<meta property=\"og:type\" content=\"article\" \/>\n<meta property=\"og:title\" content=\"Kontakt - Uma Pido\" \/>\n<meta property=\"og:description\" content=\"Uma Pido korraldust veavad: Merike Tigas (projektijuht) 56916280, merike.tigas (\u00e4t) wi.ee Triin Toom (projektijuhi abi) 5120772 triin.toom (\u00e4t) gmail.com Diana Leesalu (lavastaja) Sander Silm (kommunikatsioonijuht) 56621285, sander.silm (\u00e4t) gmail.com Marit Oimet (vabatahtlike juht) 53345343, marit.oimet (\u00e4t) pg.edu.ee K\u00fcllike Joosing (peadirigent) kyllikejoosing (\u00e4t) gmail.com &nbsp; Uma Pido FB leht https:\/\/www.facebook.com\/umapido5\" \/>\n<meta property=\"og:url\" content=\"https:\/\/umapido.ee\/et\/kontakt\/\" \/>\n<meta property=\"og:site_name\" content=\"Uma Pido\" \/>\n<meta property=\"article:publisher\" content=\"https:\/\/www.facebook.com\/UmaPido-278039651663\/\" \/>\n<meta property=\"article:modified_time\" content=\"2024-02-01T11:24:04+00:00\" \/>\n<meta name=\"twitter:card\" content=\"summary_large_image\" \/>\n<meta name=\"twitter:label1\" content=\"Est. reading time\" \/>\n\t<meta name=\"twitter:data1\" content=\"1 minut\" \/>\n<script type=\"application\/ld+json\" class=\"yoast-schema-graph\">{\"@context\":\"https:\\\/\\\/schema.org\",\"@graph\":[{\"@type\":\"WebPage\",\"@id\":\"https:\\\/\\\/umapido.ee\\\/et\\\/kontakt\\\/\",\"url\":\"https:\\\/\\\/umapido.ee\\\/et\\\/kontakt\\\/\",\"name\":\"Kontakt - Uma Pido\",\"isPartOf\":{\"@id\":\"https:\\\/\\\/umapido.ee\\\/#website\"},\"datePublished\":\"2017-10-10T19:53:31+00:00\",\"dateModified\":\"2024-02-01T11:24:04+00:00\",\"breadcrumb\":{\"@id\":\"https:\\\/\\\/umapido.ee\\\/et\\\/kontakt\\\/#breadcrumb\"},\"inLanguage\":\"et\",\"potentialAction\":[{\"@type\":\"ReadAction\",\"target\":[\"https:\\\/\\\/umapido.ee\\\/et\\\/kontakt\\\/\"]}]},{\"@type\":\"BreadcrumbList\",\"@id\":\"https:\\\/\\\/umapido.ee\\\/et\\\/kontakt\\\/#breadcrumb\",\"itemListElement\":[{\"@type\":\"ListItem\",\"position\":1,\"name\":\"Home\",\"item\":\"https:\\\/\\\/umapido.ee\\\/et\\\/\"},{\"@type\":\"ListItem\",\"position\":2,\"name\":\"Kontakt\"}]},{\"@type\":\"WebSite\",\"@id\":\"https:\\\/\\\/umapido.ee\\\/#website\",\"url\":\"https:\\\/\\\/umapido.ee\\\/\",\"name\":\"Uma Pido\",\"description\":\"V\u00f5rokeeline laulu- ja rahvapido\",\"potentialAction\":[{\"@type\":\"SearchAction\",\"target\":{\"@type\":\"EntryPoint\",\"urlTemplate\":\"https:\\\/\\\/umapido.ee\\\/?s={search_term_string}\"},\"query-input\":{\"@type\":\"PropertyValueSpecification\",\"valueRequired\":true,\"valueName\":\"search_term_string\"}}],\"inLanguage\":\"et\"}]}<\/script>\n<!-- \/ Yoast SEO plugin. -->","yoast_head_json":{"title":"Kontakt - Uma Pido","robots":{"index":"index","follow":"follow","max-snippet":"max-snippet:-1","max-image-preview":"max-image-preview:large","max-video-preview":"max-video-preview:-1"},"canonical":"https:\/\/umapido.ee\/et\/kontakt\/","og_locale":"et_EE","og_type":"article","og_title":"Kontakt - Uma Pido","og_description":"Uma Pido korraldust veavad: Merike Tigas (projektijuht) 56916280, merike.tigas (\u00e4t) wi.ee Triin Toom (projektijuhi abi) 5120772 triin.toom (\u00e4t) gmail.com Diana Leesalu (lavastaja) Sander Silm (kommunikatsioonijuht) 56621285, sander.silm (\u00e4t) gmail.com Marit Oimet (vabatahtlike juht) 53345343, marit.oimet (\u00e4t) pg.edu.ee K\u00fcllike Joosing (peadirigent) kyllikejoosing (\u00e4t) gmail.com &nbsp; Uma Pido FB leht https:\/\/www.facebook.com\/umapido5","og_url":"https:\/\/umapido.ee\/et\/kontakt\/","og_site_name":"Uma Pido","article_publisher":"https:\/\/www.facebook.com\/UmaPido-278039651663\/","article_modified_time":"2024-02-01T11:24:04+00:00","twitter_card":"summary_large_image","twitter_misc":{"Est. reading time":"1 minut"},"schema":{"@context":"https:\/\/schema.org","@graph":[{"@type":"WebPage","@id":"https:\/\/umapido.ee\/et\/kontakt\/","url":"https:\/\/umapido.ee\/et\/kontakt\/","name":"Kontakt - Uma Pido","isPartOf":{"@id":"https:\/\/umapido.ee\/#website"},"datePublished":"2017-10-10T19:53:31+00:00","dateModified":"2024-02-01T11:24:04+00:00","breadcrumb":{"@id":"https:\/\/umapido.ee\/et\/kontakt\/#breadcrumb"},"inLanguage":"et","potentialAction":[{"@type":"ReadAction","target":["https:\/\/umapido.ee\/et\/kontakt\/"]}]},{"@type":"BreadcrumbList","@id":"https:\/\/umapido.ee\/et\/kontakt\/#breadcrumb","itemListElement":[{"@type":"ListItem","position":1,"name":"Home","item":"https:\/\/umapido.ee\/et\/"},{"@type":"ListItem","position":2,"name":"Kontakt"}]},{"@type":"WebSite","@id":"https:\/\/umapido.ee\/#website","url":"https:\/\/umapido.ee\/","name":"Uma Pido","description":"V\u00f5rokeeline laulu- ja rahvapido","potentialAction":[{"@type":"SearchAction","target":{"@type":"EntryPoint","urlTemplate":"https:\/\/umapido.ee\/?s={search_term_string}"},"query-input":{"@type":"PropertyValueSpecification","valueRequired":true,"valueName":"search_term_string"}}],"inLanguage":"et"}]}},"_links":{"self":[{"href":"https:\/\/umapido.ee\/et\/wp-json\/wp\/v2\/pages\/525","targetHints":{"allow":["GET"]}}],"collection":[{"href":"https:\/\/umapido.ee\/et\/wp-json\/wp\/v2\/pages"}],"about":[{"href":"https:\/\/umapido.ee\/et\/wp-json\/wp\/v2\/types\/page"}],"author":[{"embeddable":true,"href":"https:\/\/umapido.ee\/et\/wp-json\/wp\/v2\/users\/1"}],"replies":[{"embeddable":true,"href":"https:\/\/umapido.ee\/et\/wp-json\/wp\/v2\/comments?post=525"}],"version-history":[{"count":8,"href":"https:\/\/umapido.ee\/et\/wp-json\/wp\/v2\/pages\/525\/revisions"}],"predecessor-version":[{"id":3394,"href":"https:\/\/umapido.ee\/et\/wp-json\/wp\/v2\/pages\/525\/revisions\/3394"}],"wp:attachment":[{"href":"https:\/\/umapido.ee\/et\/wp-json\/wp\/v2\/media?parent=525"}],"curies":[{"name":"wp","href":"https:\/\/api.w.org\/{rel}","templated":true}]}}