{"id":519,"date":"2017-10-10T22:49:32","date_gmt":"2017-10-10T19:49:32","guid":{"rendered":"https:\/\/umapido.ee\/?page_id=519"},"modified":"2021-05-17T10:32:49","modified_gmt":"2021-05-17T07:32:49","slug":"esinejate-info","status":"publish","type":"page","link":"https:\/\/umapido.ee\/et\/pido-2018\/esinejate-info\/","title":{"rendered":"Esinejate info"},"content":{"rendered":"<p><a href=\"https:\/\/umapido.ee\/wp-content\/uploads\/2018\/05\/peoinfo_mai_e.pdf\" target=\"_blank\" rel=\"noopener\">Peop\u00e4eva info.<\/a><\/p>\n<p><a href=\"https:\/\/umapido.ee\/wp-content\/uploads\/2018\/04\/2018hamo_e.pdf\" target=\"_blank\" rel=\"noopener\">Uma Pido T-s\u00e4rgi tellimise info.<\/a> S\u00e4rgi <a href=\"https:\/\/umapido.ee\/wp-content\/uploads\/2018\/04\/2018_hamo_tellimisleht.xls\" target=\"_blank\" rel=\"noopener\">tellimisleht.<\/a><\/p>\n<p><a href=\"https:\/\/umapido.ee\/wp-content\/uploads\/2018\/04\/2018koori.pdf\" target=\"_blank\" rel=\"noopener\">Peole registreerunud koorid<\/a><\/p>\n<p><a href=\"https:\/\/umapido.ee\/wp-content\/uploads\/2018\/04\/syykjuuk_18_e.pdf\" target=\"_blank\" rel=\"noopener\">Peop\u00e4eva s\u00f6\u00f6giinfo esinejatele<\/a><\/p>\n<p><a href=\"https:\/\/umapido.ee\/wp-content\/uploads\/2018\/02\/dirigent_nou.pdf\" target=\"_blank\" rel=\"noopener\">V Uma Pido dirigentide n\u00f5uanded laulude juurde.<\/a><\/p>\n<p><a href=\"https:\/\/umapido.ee\/wp-content\/uploads\/2018\/02\/koondproovid_e.pdf\" target=\"_blank\" rel=\"noopener\">V Uma Pido koondproovid.<\/a><\/p>\n<p>Registreerumine V Uma Pidole! Loe ka registreerumise <a href=\"https:\/\/umapido.ee\/wp-content\/uploads\/2017\/10\/2017_5_e.pdf\" target=\"_blank\" rel=\"noopener\">infot<\/a>.<\/p>\n<p><a href=\"https:\/\/umapido.ee\/wp-content\/uploads\/2017\/10\/laulus6na_seletuisiga.pdf\" target=\"_blank\" rel=\"noopener\">V Uma Pido laulude seletavad t\u00f5lked eesti keelde.<\/a><\/p>\n","protected":false},"excerpt":{"rendered":"<p>Peop\u00e4eva info. Uma Pido T-s\u00e4rgi tellimise info. S\u00e4rgi tellimisleht. Peole registreerunud koorid Peop\u00e4eva s\u00f6\u00f6giinfo esinejatele V Uma Pido dirigentide n\u00f5uanded laulude juurde. V Uma Pido koondproovid. Registreerumine V Uma Pidole! Loe ka registreerumise infot. V Uma Pido laulude seletavad t\u00f5lked eesti keelde.<\/p>\n","protected":false},"author":1,"featured_media":0,"parent":2074,"menu_order":0,"comment_status":"closed","ping_status":"closed","template":"","meta":{"footnotes":""},"class_list":["post-519","page","type-page","status-publish","hentry"],"yoast_head":"<!-- This site is optimized with the Yoast SEO plugin v27.4 - https:\/\/yoast.com\/product\/yoast-seo-wordpress\/ -->\n<title>Esinejate info - Uma Pido<\/title>\n<meta name=\"robots\" content=\"index, follow, max-snippet:-1, max-image-preview:large, max-video-preview:-1\" \/>\n<link rel=\"canonical\" href=\"https:\/\/umapido.ee\/et\/pido-2018\/esinejate-info\/\" \/>\n<meta property=\"og:locale\" content=\"et_EE\" \/>\n<meta property=\"og:type\" content=\"article\" \/>\n<meta property=\"og:title\" content=\"Esinejate info - Uma Pido\" \/>\n<meta property=\"og:description\" content=\"Peop\u00e4eva info. Uma Pido T-s\u00e4rgi tellimise info. S\u00e4rgi tellimisleht. Peole registreerunud koorid Peop\u00e4eva s\u00f6\u00f6giinfo esinejatele V Uma Pido dirigentide n\u00f5uanded laulude juurde. V Uma Pido koondproovid. Registreerumine V Uma Pidole! Loe ka registreerumise infot. V Uma Pido laulude seletavad t\u00f5lked eesti keelde.\" \/>\n<meta property=\"og:url\" content=\"https:\/\/umapido.ee\/et\/pido-2018\/esinejate-info\/\" \/>\n<meta property=\"og:site_name\" content=\"Uma Pido\" \/>\n<meta property=\"article:publisher\" content=\"https:\/\/www.facebook.com\/UmaPido-278039651663\/\" \/>\n<meta property=\"article:modified_time\" content=\"2021-05-17T07:32:49+00:00\" \/>\n<meta name=\"twitter:card\" content=\"summary_large_image\" \/>\n<script type=\"application\/ld+json\" class=\"yoast-schema-graph\">{\"@context\":\"https:\\\/\\\/schema.org\",\"@graph\":[{\"@type\":\"WebPage\",\"@id\":\"https:\\\/\\\/umapido.ee\\\/et\\\/pido-2018\\\/esinejate-info\\\/\",\"url\":\"https:\\\/\\\/umapido.ee\\\/et\\\/pido-2018\\\/esinejate-info\\\/\",\"name\":\"Esinejate info - Uma Pido\",\"isPartOf\":{\"@id\":\"https:\\\/\\\/umapido.ee\\\/#website\"},\"datePublished\":\"2017-10-10T19:49:32+00:00\",\"dateModified\":\"2021-05-17T07:32:49+00:00\",\"breadcrumb\":{\"@id\":\"https:\\\/\\\/umapido.ee\\\/et\\\/pido-2018\\\/esinejate-info\\\/#breadcrumb\"},\"inLanguage\":\"et\",\"potentialAction\":[{\"@type\":\"ReadAction\",\"target\":[\"https:\\\/\\\/umapido.ee\\\/et\\\/pido-2018\\\/esinejate-info\\\/\"]}]},{\"@type\":\"BreadcrumbList\",\"@id\":\"https:\\\/\\\/umapido.ee\\\/et\\\/pido-2018\\\/esinejate-info\\\/#breadcrumb\",\"itemListElement\":[{\"@type\":\"ListItem\",\"position\":1,\"name\":\"Home\",\"item\":\"https:\\\/\\\/umapido.ee\\\/et\\\/\"},{\"@type\":\"ListItem\",\"position\":2,\"name\":\"Pido 2018\",\"item\":\"https:\\\/\\\/umapido.ee\\\/et\\\/pido-2018\\\/\"},{\"@type\":\"ListItem\",\"position\":3,\"name\":\"Esinejate info\"}]},{\"@type\":\"WebSite\",\"@id\":\"https:\\\/\\\/umapido.ee\\\/#website\",\"url\":\"https:\\\/\\\/umapido.ee\\\/\",\"name\":\"Uma Pido\",\"description\":\"V\u00f5rokeeline laulu- ja rahvapido\",\"potentialAction\":[{\"@type\":\"SearchAction\",\"target\":{\"@type\":\"EntryPoint\",\"urlTemplate\":\"https:\\\/\\\/umapido.ee\\\/?s={search_term_string}\"},\"query-input\":{\"@type\":\"PropertyValueSpecification\",\"valueRequired\":true,\"valueName\":\"search_term_string\"}}],\"inLanguage\":\"et\"}]}<\/script>\n<!-- \/ Yoast SEO plugin. -->","yoast_head_json":{"title":"Esinejate info - Uma Pido","robots":{"index":"index","follow":"follow","max-snippet":"max-snippet:-1","max-image-preview":"max-image-preview:large","max-video-preview":"max-video-preview:-1"},"canonical":"https:\/\/umapido.ee\/et\/pido-2018\/esinejate-info\/","og_locale":"et_EE","og_type":"article","og_title":"Esinejate info - Uma Pido","og_description":"Peop\u00e4eva info. Uma Pido T-s\u00e4rgi tellimise info. S\u00e4rgi tellimisleht. Peole registreerunud koorid Peop\u00e4eva s\u00f6\u00f6giinfo esinejatele V Uma Pido dirigentide n\u00f5uanded laulude juurde. V Uma Pido koondproovid. Registreerumine V Uma Pidole! Loe ka registreerumise infot. V Uma Pido laulude seletavad t\u00f5lked eesti keelde.","og_url":"https:\/\/umapido.ee\/et\/pido-2018\/esinejate-info\/","og_site_name":"Uma Pido","article_publisher":"https:\/\/www.facebook.com\/UmaPido-278039651663\/","article_modified_time":"2021-05-17T07:32:49+00:00","twitter_card":"summary_large_image","schema":{"@context":"https:\/\/schema.org","@graph":[{"@type":"WebPage","@id":"https:\/\/umapido.ee\/et\/pido-2018\/esinejate-info\/","url":"https:\/\/umapido.ee\/et\/pido-2018\/esinejate-info\/","name":"Esinejate info - Uma Pido","isPartOf":{"@id":"https:\/\/umapido.ee\/#website"},"datePublished":"2017-10-10T19:49:32+00:00","dateModified":"2021-05-17T07:32:49+00:00","breadcrumb":{"@id":"https:\/\/umapido.ee\/et\/pido-2018\/esinejate-info\/#breadcrumb"},"inLanguage":"et","potentialAction":[{"@type":"ReadAction","target":["https:\/\/umapido.ee\/et\/pido-2018\/esinejate-info\/"]}]},{"@type":"BreadcrumbList","@id":"https:\/\/umapido.ee\/et\/pido-2018\/esinejate-info\/#breadcrumb","itemListElement":[{"@type":"ListItem","position":1,"name":"Home","item":"https:\/\/umapido.ee\/et\/"},{"@type":"ListItem","position":2,"name":"Pido 2018","item":"https:\/\/umapido.ee\/et\/pido-2018\/"},{"@type":"ListItem","position":3,"name":"Esinejate info"}]},{"@type":"WebSite","@id":"https:\/\/umapido.ee\/#website","url":"https:\/\/umapido.ee\/","name":"Uma Pido","description":"V\u00f5rokeeline laulu- ja rahvapido","potentialAction":[{"@type":"SearchAction","target":{"@type":"EntryPoint","urlTemplate":"https:\/\/umapido.ee\/?s={search_term_string}"},"query-input":{"@type":"PropertyValueSpecification","valueRequired":true,"valueName":"search_term_string"}}],"inLanguage":"et"}]}},"_links":{"self":[{"href":"https:\/\/umapido.ee\/et\/wp-json\/wp\/v2\/pages\/519","targetHints":{"allow":["GET"]}}],"collection":[{"href":"https:\/\/umapido.ee\/et\/wp-json\/wp\/v2\/pages"}],"about":[{"href":"https:\/\/umapido.ee\/et\/wp-json\/wp\/v2\/types\/page"}],"author":[{"embeddable":true,"href":"https:\/\/umapido.ee\/et\/wp-json\/wp\/v2\/users\/1"}],"replies":[{"embeddable":true,"href":"https:\/\/umapido.ee\/et\/wp-json\/wp\/v2\/comments?post=519"}],"version-history":[{"count":12,"href":"https:\/\/umapido.ee\/et\/wp-json\/wp\/v2\/pages\/519\/revisions"}],"predecessor-version":[{"id":2686,"href":"https:\/\/umapido.ee\/et\/wp-json\/wp\/v2\/pages\/519\/revisions\/2686"}],"up":[{"embeddable":true,"href":"https:\/\/umapido.ee\/et\/wp-json\/wp\/v2\/pages\/2074"}],"wp:attachment":[{"href":"https:\/\/umapido.ee\/et\/wp-json\/wp\/v2\/media?parent=519"}],"curies":[{"name":"wp","href":"https:\/\/api.w.org\/{rel}","templated":true}]}}