{"id":511,"date":"2017-10-10T22:43:38","date_gmt":"2017-10-10T19:43:38","guid":{"rendered":"https:\/\/umapido.ee\/?page_id=511"},"modified":"2022-05-17T12:52:29","modified_gmt":"2022-05-17T09:52:29","slug":"upmatkasari","status":"publish","type":"page","link":"https:\/\/umapido.ee\/et\/pido-2018\/upmatkasari\/","title":{"rendered":"Uma Pido matkasari"},"content":{"rendered":"<h3>M\u00e4\u00e4ne om seo maa? Kaemi&#8217; perr\u00e4!<\/h3>\n<h4>Viienda Uma Pido eel toimus k\u00fcmme matka, kus \u00f5piti tundma Vana V\u00f5romaad.<\/h4>\n<p>&nbsp;<\/p>\n<p><strong>Sarja 1. matk<br \/>\n<\/strong><strong>15.10.2017 kell 11 matk R\u00e4pina kihelkonnas Meenikunnos &#8220;M\u00f5tsavele&#8217; Palomaal&#8221;\u00a0\u00a0<\/strong><\/p>\n<p>Matkal osales 220 inimest, nii noori kui vanu. Contra juhatas matka sisse, ka sobiv lauluviis oli tal \u00f5igel ajal ja \u00f5iges kohas varrukast v\u00f5tta. Matkajuht Kaarel Tiganik ja Kalle Kannel tegid head t\u00f6\u00f6d. Suure rahvahulga t\u00f5ttu l\u00e4ks neil vaja ruuporit. Pillimees Toomas Valk, kes pea kogu aeg m\u00e4ngis, oli juba puhas boonus. Matka soosis suurep\u00e4rane s\u00fcgisilm ja korraldajad Maive T\u00f5em\u00e4e ja Aile Vals\u00a0olid teinud superhea t\u00f6\u00f6. Aituma k\u00f5igile!<\/p>\n<p>&nbsp;<\/p>\n<p><strong>Sarja 2. matk<br \/>\n<\/strong><strong>29.10.2017 kell 11 V\u00f5romaa-Setomaa piiriretk<\/strong><\/p>\n<p>Matkal k\u00e4is kokku 140 matkalist. K\u00e4idi 1000 aastat vanal piirialal. Otsiti vana piirikohta L\u00e4mm\u00e4kivi ja r\u00e4\u00e4giti, kuidas v\u00f5eti piiril vastu saatkondi. Miikses k\u00e4idi Jaanikivi juures, r\u00e4\u00e4giti Stalini ajal ehitatur kiriku lugu. Rajale j\u00e4i rootsiaegne piirik\u00f5neluste koht ja vana veski paik. Liiguti Piirim\u00e4el ja Miikse oja \u00e4\u00e4res.<\/p>\n<p>Matka juhtisid Aare H\u00f5rn, Arvis Kiristaja ja Kaja Tuul. Rada ja rajakaarti aitas ette valmistada Mihkel Puusepp. Ait\u00e4h k\u00f5igile ilusa matkap\u00e4eva eest!<\/p>\n<p>&nbsp;<\/p>\n<p><strong>Matkasarja 3. matk<\/strong><br \/>\n11.11.2017 kell 11 matk Urvaste kihelkonnas \u201cPokudele k\u00fclla\u201d.<br \/>\nV\u00e4iksest vihmast hoolimata oli matkajaid taas 140. Matkati Urvaste kiriku juurest Koigule, sealt Pokumaale, edasi Tamme-Lauri tamme juurde ja l\u00f5puks kiriku juurde tagasi. Pokumaal tutvustasid Nele Hendrikson ja Sirje Loodus pokusid ja Pokumaad.<br \/>\nMatkajuhid olid Kaie Mets, Tiina Ruusmaa ja Kerli Tiks. Matka korraldas Aivar Kroonm\u00e4e, abilised olid Virve \u00dcprus, Tiit T\u00f5nts ja Artur Ploom. Ait\u00e4h k\u00f5igile ilusa matkap\u00e4eva eest!<\/p>\n<p>&nbsp;<\/p>\n<p><strong>Sarja 4. matk<\/strong><br \/>\n<strong>2.12.2017 kell 11 matk P\u00f5lva kihelkonnas Taevaskoja \u00fcmbruses. Metsamehega metsa!<\/strong><br \/>\nLumi oli maha sadanud, mets oli muinasjutuline! Matkast v\u00f5ttis taas osa 140 inimest. Matkajuht \u00dclo Leitu viis meid metsavendade punkri juurde, k\u00f5neles Taevaskodadest ja metsa elust-olust. K\u00fclastasime Mammaste Tervisespordi keskust ja radasid. Vaatasime \u00fcle Jakob Hurda s\u00fcnnikoha ja Himmaste koolimaja. Astusime \u00fcle V\u00f5nnu kihelkonna piiri. Tutvusime filmi \u201cViimne reliikvia\u201d v\u00f5ttepaikadega.<br \/>\nMatka korraldas Meelis Maidla, matkajuht oli \u00dclo Leitu. Registreerumisel olid abiks Kati Maidla ja Aili Siida. Parkimist korraldasid Mart Vester ja Roman Prussinski, Hurda s\u00fcnnipaigas r\u00e4\u00e4kisid Sirje Vill ja Arvo J\u00e4\u00e4. Veel aitas kaasa Taima Nurm P\u00f5lva spordikoolist. Aituma k\u00f5igile korraldajaile ja osav\u00f5tjatele!<\/p>\n<p>&nbsp;<\/p>\n<p><strong>Sarja 5. matk<\/strong><br \/>\n<strong>17.03.2018 kell 11 matk Karula kihelkonnas L\u00fcllem\u00e4e kandis Lattiku Jaani radadel<\/strong><br \/>\nMatka kangelasteks oli kaunis Karula kuppelmaastik ja selle kihekonna \u00fcks kuulsamaid poegi, EV Riigikogu liige, haridusminister 1925-27 ja v\u00e4lisminister 1928-31, kiriku\u00f5petaja ja v\u00f5rratu jutuvestja Jaan Lattik. Matkal nauditi kaunist maastikku ja eesti rahva fantaasiat kohanimede panekul. R\u00e4\u00e4giti Jaan Lattiku lapsep\u00f5lvest selles kandis ning k\u00fclastati tema s\u00fcnni- ja lapsep\u00f5lvekodu. Kuulati ka m\u00f5nda tema paljudest vahvatest juttudest.<br \/>\nMatkast v\u00f5ttis osa 140 matkalist. Korraldas Sixten Sild, lisaks temale olid matkajuhtideks veel Maret Vaher ja Ede P\u00e4hn. Abilised Merike \u00d5un, K\u00fclli Leola, Sarmite Sild ja Ester Seim.. Aituma korraldajaile, osav\u00f5tjatele ja ilmataadile!<\/p>\n<p>&nbsp;<\/p>\n<p><strong>Sarja 6. matk<\/strong><br \/>\n<strong>31.03.2018 kell 11 matk Kanepi kihelkonnas \u00fcmber kuue Kooraste j\u00e4rve<\/strong><br \/>\nMatkast v\u00f5ttis osa 260 matkalist. Rada kulges m\u00f6\u00f6da imekaunist maastikku kuue j\u00e4rve \u00fcmber. Liiguti Varetepalu metsa, sealt \u00fcle &#8220;Vihakanali&#8221; K\u00f5verj\u00e4rve \u00e4\u00e4rde.J\u00e4rve j\u00e4rsemal idakaldal on s\u00e4ilinud ribana t\u00fckike p\u00f5list, umbes paarisaja aastast m\u00e4nnimetsa, segamini \u00fcksikute kuuskedega. P\u00f5hjakaldal on supluskoht ja \u00fchenduskraav Mutsina j\u00e4rvega. Siin leiduvad ka m\u00f5ned muistsed kalmed. Sealt viis tee edas Linaj\u00e4rve \u00e4\u00e4rde. Liiguti edasi \u00fcle P\u00fchaj\u00f5e, \u00fcmber Kooraste j\u00e4rve kuni Uiakatsi j\u00e4rve \u00e4\u00e4rde (vee l\u00e4bipaistvuselt Eesti kolmas j\u00e4rv). P\u00f5igati m\u00f6\u00f6da Atsike j\u00e4rvest ning tee viiski lehisealleed m\u00f6\u00f6da alguskohta tagasi.<br \/>\nKorraldaja Urmas Kivirand, metsajuttu puhus Meelis Kihulane. Lindudest r\u00e4\u00e4kis Peeter Raudsepp, ajaloost Kristel Kivirand. Teed keetis Marju Jalas. Ait\u00e4h k\u00f5igile korraldajatele ja osav\u00f5tjatele.<\/p>\n<p>&nbsp;<\/p>\n<p><strong>Sarja 7. matk<\/strong><br \/>\n<strong>14.04.2018 Hargla kihelkonnas. Koiva kondude \u201cviies aastaaeg\u201d. <\/strong><\/p>\n<p>Matkalisi oli seekord 200. Matkati Parmu \u00d6kok\u00fcla talgukeskuse juurest \u00fcle Mustaj\u00f5e Tellingum\u00e4e vaatetorni juurde. Mustj\u00f5e 100 aastasel sillal said uudishimulikud uudistada, mismoodi tehakse h\u00fcdrometeoroloogilisi vaatlusi.<br \/>\nEdasi suunduti Tellingum\u00e4e torni juurde ja sealt l\u00e4bi p\u00f5lislaane Taheva m\u00f5isaparki endise m\u00f5isa hoonete juurde, kus visati pilk peale muinsuskaitsealusele j\u00e4\u00e4keldrile ja veetornile ja kogu sanatooriumi hoonekompleksile ning kuulati lugusid seal aset leidnud s\u00fcndmustest.<br \/>\n2016.aasta juulitormi j\u00e4lgi uurides p\u00fc\u00fcti m\u00f5ista looduse v\u00e4gevust.<br \/>\nMatka korraldasid Merike Saar ja Kalev Raudsepp. Giidid olid Kalev Raudsepp, Andres R\u00f5\u00f5mus, Monika Rogenbaum, Kalev Helemets. T\u00f5rvavabrikust r\u00e4\u00e4kis Andres Rattasepp, meteorloogiast Kaie Helemets. Tellingum\u00e4el r\u00e4\u00e4kis T\u00f5nis kask, tornivaht oli Raul Tiit. Sanatooriumi giid oli Annet Kaganovit\u0161.<br \/>\nParkimist korraldasid Raul Tiit, Karl Alex Allemann, Mattias Miller, fotosid tegid Annika R\u00e4tsep, Mari Epp Rattasepp. L\u00f5\u00f5tsa m\u00e4ngis Tormi Rattasepp ja teemeistrid olid Roman Orusaar, Jandra M\u00f6lder, Inge P\u00f5der-M\u00e4nniste. Transpordi ja logistikajuht oli Indrek Miller. Ait\u00e4h k\u00f5igile korraldajaile ja matkalistele!<\/p>\n<p>&nbsp;<\/p>\n<p><strong>Matkasarja 8. matk<\/strong><br \/>\n<strong>28.04.2018\u00a0 matk Vahts\u00f5liina kihelkonnas Piusa ja Tud\u00f5rna kandis.<\/strong><\/p>\n<p>Seekord oli matkalisi 160. Piusa ja Tud\u00f5rna kandis n\u00e4idati kohti, kuhu tavalised turistid ei juhtu. Matkal oli kaks t\u00e4htsat peateemat: loodus ja raudteesillad. Orava kooli noored tegid matkalistele \u00fclesandeid ja m\u00e4nge ka. Matka korraldajad: Ene S\u00e4inast, Ain Piir. Grupijuhid:\u00a0K\u00fclli Piir, Mihkel Puusepp, Erki Keel, Helen Piir, K\u00fclli P\u00e4hn, Kaire Hakk, Katariina Keerd, Aare H\u00f5rn. Abilised: Maaja Glaser, Liina Loosaar, Vahur Loosaar, Teemar S\u00e4inast, Esper Ilm, Enely Jaani, Anne Pisukov, Svetlana Pisukova, Jaanus Salm,\u00a0Aino Suurmann,\u00a0Mart Suurmann.\u00a0Aituma k\u00f5igile korraldajatele ja matkalistele!<\/p>\n<p><strong>Matkasarja 9. matk<\/strong><br \/>\n<strong>12.05.2018 kell 11 matk R\u00f5uge kihelkonnas Paganamaal.<\/strong><\/p>\n<p>Umbes 100 matkalist k\u00e4is Paganamaal kolmes grupis. Vastavalt enesetundele oli v\u00f5imalik valida kahe erineva pikkusega matkaraja vahel \u2013 11 km v\u00f5i 7 km. R\u00e4\u00e4giti legende Paganamaast ja Vanapaganast.\u00a0Matk toimus looduskaitse all oleval Paganamaa maastikukaitsealal ja kulges m\u00f6\u00f6da t\u00e4histatud matkarada ning ka maanteel.\u00a0Uuriti, kus Vanapagan magas ja kitsi karjatas ning millised jalaj\u00e4ljed j\u00e4id k\u00fcngastele, kui Vanapagan pikse eest j\u00e4rve p\u00f5genes. Piiriorus avanes kaunis vaade Paganamaa neljale j\u00e4rvele, roniti \u00fcles j\u00e4rsust Suure Liivakraavi kaldast ja k\u00e4idi \u00e4ra uues vaatetornis. Vorotka kivikalme juures m\u00f5eldi tagasi muistsetele aegadele.<\/p>\n<p>Matka korraldajad Silver Sild ja Merike Niitmets, matkajuhid Alar Sikk, Marje M\u00fcrk ja Merike Niitmets. Pilli m\u00e4ngis ja laule \u00f5petas Malle Vissel. Aituma k\u00f5igile korraldajaile ja osav\u00f5tjatele!<\/p>\n<p>&nbsp;<\/p>\n<p><strong>Matkasarja 10. matk<\/strong><\/p>\n<h4>2.06.2018 kell 11\u00a0\u00a0matk P\u00f5lva ja R\u00f5uge kihelkonna piiril V\u00f5ru linnas.<\/h4>\n<p>66 matkajat tulid V\u00f5ru linna viimasele Uma Pido matkale kohe peop\u00e4eval. Matk oli ligi 5 kilomeertit pikk. Liiguti Tamula j\u00e4rve \u00e4\u00e4res, tutvuti P\u00f5lva ja R\u00f5uge kihelkondade piiri ja V\u00f5ro m\u00f5isaga. Matk l\u00f5ppes V\u00f5ru kesklinnas Uma Pido laadal.<\/p>\n<p>Matka l\u00e4biviijad: Toomas Pindis \u2013 matka korraldaja, Juhan H\u00e4rra &#8211; rajameister, Anu J\u00f5geva \u2013 meditsiin, Piret Kahre ja Kati H\u00e4rra \u2013 matkaliste registreerimine. Turvamehed: Art Soonets, Olavi M\u00f5ts, Kristo H\u00fctt ja Indrek Ots. Kaasa matkas ka matkade eestk\u00f5neleja Contra (Margus Konnula). Aituma k\u00f5igile korraldajaile ja matkalistele!<\/p>\n<p>&nbsp;<\/p>\n<p><a href=\"https:\/\/umapido.ee\/wp-content\/uploads\/2017\/12\/2017_2018matkalisemeelespea_e.pdf\" target=\"_blank\" rel=\"noopener\">Matkalise meelespea<\/a><br \/>\n<a href=\"http:\/\/vorumaaspordiliit.ee\/index.php?lang=est&amp;main_id=141\" target=\"_blank\" rel=\"noopener\">Registreerumine matkale<\/a><br \/>\n<a href=\"https:\/\/umapido.ee\/wp-content\/uploads\/2017\/10\/matkaplakat.pdf\" target=\"_blank\" rel=\"noopener\">Matkasarja plakat<\/a><\/p>\n<p>&nbsp;<\/p>\n<p>Korraldajad:<br \/>\nV\u00f5ro Selts VKKF<br \/>\nV\u00f5ro Instituut<br \/>\nKaitseliit V\u00f5rumaa Malev<br \/>\nKaitseliit P\u00f5lva Malev<br \/>\nV\u00f5rumaa Spordiliit<br \/>\nP\u00f5lva Maakonna Spordiliit<br \/>\nP\u00f5lva Matkaklubi jt<\/p>\n<p>&nbsp;<\/p>\n<p><a href=\"https:\/\/kysk.ee\/\" target=\"_blank\" rel=\"noopener\"><img loading=\"lazy\" decoding=\"async\" class=\"alignnone wp-image-852 size-full\" src=\"https:\/\/umapido.ee\/wp-content\/uploads\/2017\/10\/kysk.jpg\" alt=\"\" width=\"227\" height=\"80\" \/><\/a><\/p>\n<p><img loading=\"lazy\" decoding=\"async\" class=\"alignnone wp-image-851 size-full\" src=\"https:\/\/umapido.ee\/wp-content\/uploads\/2017\/10\/ev100.jpg\" alt=\"\" width=\"227\" height=\"235\" \/><\/p>\n<p><a href=\"http:\/\/vorumaaspordiliit.ee\/\" target=\"_blank\" rel=\"noopener\"><img loading=\"lazy\" decoding=\"async\" class=\"alignnone wp-image-855 size-full\" src=\"https:\/\/umapido.ee\/wp-content\/uploads\/2017\/10\/vorumaaspordiliit.jpg\" alt=\"\" width=\"227\" height=\"37\" \/><\/a><\/p>\n<p><a href=\"http:\/\/taheva.ee\/\" target=\"_blank\" rel=\"noopener\"><img loading=\"lazy\" decoding=\"async\" class=\"alignnone wp-image-854 size-full\" src=\"https:\/\/umapido.ee\/wp-content\/uploads\/2017\/10\/tahevavald.jpg\" alt=\"\" width=\"228\" height=\"73\" \/><\/a><\/p>\n<p><a href=\"http:\/\/karula.kovtp.ee\/\" target=\"_blank\" rel=\"noopener\"><img loading=\"lazy\" decoding=\"async\" class=\"alignnone wp-image-853 size-full\" src=\"https:\/\/umapido.ee\/wp-content\/uploads\/2017\/10\/karulavald.jpg\" alt=\"\" width=\"227\" height=\"74\" \/><\/a><\/p>\n","protected":false},"excerpt":{"rendered":"<p>M\u00e4\u00e4ne om seo maa? Kaemi&#8217; perr\u00e4! Viienda Uma Pido eel toimus k\u00fcmme matka, kus \u00f5piti tundma Vana V\u00f5romaad. &nbsp; Sarja 1. matk 15.10.2017 kell 11 matk R\u00e4pina kihelkonnas Meenikunnos &#8220;M\u00f5tsavele&#8217; Palomaal&#8221;\u00a0\u00a0 Matkal osales 220 inimest, nii noori kui vanu. Contra juhatas matka sisse, ka sobiv lauluviis oli tal \u00f5igel ajal ja \u00f5iges kohas varrukast v\u00f5tta. [&hellip;]<\/p>\n","protected":false},"author":1,"featured_media":0,"parent":2074,"menu_order":0,"comment_status":"closed","ping_status":"closed","template":"","meta":{"footnotes":""},"class_list":["post-511","page","type-page","status-publish","hentry"],"yoast_head":"<!-- This site is optimized with the Yoast SEO plugin v27.4 - https:\/\/yoast.com\/product\/yoast-seo-wordpress\/ -->\n<title>Uma Pido matkasari - Uma Pido<\/title>\n<meta name=\"robots\" content=\"index, follow, max-snippet:-1, max-image-preview:large, max-video-preview:-1\" \/>\n<link rel=\"canonical\" href=\"https:\/\/umapido.ee\/et\/pido-2018\/upmatkasari\/\" \/>\n<meta property=\"og:locale\" content=\"et_EE\" \/>\n<meta property=\"og:type\" content=\"article\" \/>\n<meta property=\"og:title\" content=\"Uma Pido matkasari - Uma Pido\" \/>\n<meta property=\"og:description\" content=\"M\u00e4\u00e4ne om seo maa? Kaemi&#8217; perr\u00e4! Viienda Uma Pido eel toimus k\u00fcmme matka, kus \u00f5piti tundma Vana V\u00f5romaad. &nbsp; Sarja 1. matk 15.10.2017 kell 11 matk R\u00e4pina kihelkonnas Meenikunnos &#8220;M\u00f5tsavele&#8217; Palomaal&#8221;\u00a0\u00a0 Matkal osales 220 inimest, nii noori kui vanu. Contra juhatas matka sisse, ka sobiv lauluviis oli tal \u00f5igel ajal ja \u00f5iges kohas varrukast v\u00f5tta. [&hellip;]\" \/>\n<meta property=\"og:url\" content=\"https:\/\/umapido.ee\/et\/pido-2018\/upmatkasari\/\" \/>\n<meta property=\"og:site_name\" content=\"Uma Pido\" \/>\n<meta property=\"article:publisher\" content=\"https:\/\/www.facebook.com\/UmaPido-278039651663\/\" \/>\n<meta property=\"article:modified_time\" content=\"2022-05-17T09:52:29+00:00\" \/>\n<meta property=\"og:image\" content=\"https:\/\/umapido.ee\/wp-content\/uploads\/2017\/10\/kysk.jpg\" \/>\n<meta name=\"twitter:card\" content=\"summary_large_image\" \/>\n<meta name=\"twitter:label1\" content=\"Est. reading time\" \/>\n\t<meta name=\"twitter:data1\" content=\"6 minutit\" \/>\n<script type=\"application\/ld+json\" class=\"yoast-schema-graph\">{\"@context\":\"https:\\\/\\\/schema.org\",\"@graph\":[{\"@type\":\"WebPage\",\"@id\":\"https:\\\/\\\/umapido.ee\\\/et\\\/pido-2018\\\/upmatkasari\\\/\",\"url\":\"https:\\\/\\\/umapido.ee\\\/et\\\/pido-2018\\\/upmatkasari\\\/\",\"name\":\"Uma Pido matkasari - Uma Pido\",\"isPartOf\":{\"@id\":\"https:\\\/\\\/umapido.ee\\\/#website\"},\"primaryImageOfPage\":{\"@id\":\"https:\\\/\\\/umapido.ee\\\/et\\\/pido-2018\\\/upmatkasari\\\/#primaryimage\"},\"image\":{\"@id\":\"https:\\\/\\\/umapido.ee\\\/et\\\/pido-2018\\\/upmatkasari\\\/#primaryimage\"},\"thumbnailUrl\":\"https:\\\/\\\/umapido.ee\\\/wp-content\\\/uploads\\\/2017\\\/10\\\/kysk.jpg\",\"datePublished\":\"2017-10-10T19:43:38+00:00\",\"dateModified\":\"2022-05-17T09:52:29+00:00\",\"breadcrumb\":{\"@id\":\"https:\\\/\\\/umapido.ee\\\/et\\\/pido-2018\\\/upmatkasari\\\/#breadcrumb\"},\"inLanguage\":\"et\",\"potentialAction\":[{\"@type\":\"ReadAction\",\"target\":[\"https:\\\/\\\/umapido.ee\\\/et\\\/pido-2018\\\/upmatkasari\\\/\"]}]},{\"@type\":\"ImageObject\",\"inLanguage\":\"et\",\"@id\":\"https:\\\/\\\/umapido.ee\\\/et\\\/pido-2018\\\/upmatkasari\\\/#primaryimage\",\"url\":\"https:\\\/\\\/umapido.ee\\\/wp-content\\\/uploads\\\/2017\\\/10\\\/kysk.jpg\",\"contentUrl\":\"https:\\\/\\\/umapido.ee\\\/wp-content\\\/uploads\\\/2017\\\/10\\\/kysk.jpg\"},{\"@type\":\"BreadcrumbList\",\"@id\":\"https:\\\/\\\/umapido.ee\\\/et\\\/pido-2018\\\/upmatkasari\\\/#breadcrumb\",\"itemListElement\":[{\"@type\":\"ListItem\",\"position\":1,\"name\":\"Home\",\"item\":\"https:\\\/\\\/umapido.ee\\\/et\\\/\"},{\"@type\":\"ListItem\",\"position\":2,\"name\":\"Pido 2018\",\"item\":\"https:\\\/\\\/umapido.ee\\\/et\\\/pido-2018\\\/\"},{\"@type\":\"ListItem\",\"position\":3,\"name\":\"Uma Pido matkasari\"}]},{\"@type\":\"WebSite\",\"@id\":\"https:\\\/\\\/umapido.ee\\\/#website\",\"url\":\"https:\\\/\\\/umapido.ee\\\/\",\"name\":\"Uma Pido\",\"description\":\"V\u00f5rokeeline laulu- ja rahvapido\",\"potentialAction\":[{\"@type\":\"SearchAction\",\"target\":{\"@type\":\"EntryPoint\",\"urlTemplate\":\"https:\\\/\\\/umapido.ee\\\/?s={search_term_string}\"},\"query-input\":{\"@type\":\"PropertyValueSpecification\",\"valueRequired\":true,\"valueName\":\"search_term_string\"}}],\"inLanguage\":\"et\"}]}<\/script>\n<!-- \/ Yoast SEO plugin. -->","yoast_head_json":{"title":"Uma Pido matkasari - Uma Pido","robots":{"index":"index","follow":"follow","max-snippet":"max-snippet:-1","max-image-preview":"max-image-preview:large","max-video-preview":"max-video-preview:-1"},"canonical":"https:\/\/umapido.ee\/et\/pido-2018\/upmatkasari\/","og_locale":"et_EE","og_type":"article","og_title":"Uma Pido matkasari - Uma Pido","og_description":"M\u00e4\u00e4ne om seo maa? Kaemi&#8217; perr\u00e4! Viienda Uma Pido eel toimus k\u00fcmme matka, kus \u00f5piti tundma Vana V\u00f5romaad. &nbsp; Sarja 1. matk 15.10.2017 kell 11 matk R\u00e4pina kihelkonnas Meenikunnos &#8220;M\u00f5tsavele&#8217; Palomaal&#8221;\u00a0\u00a0 Matkal osales 220 inimest, nii noori kui vanu. Contra juhatas matka sisse, ka sobiv lauluviis oli tal \u00f5igel ajal ja \u00f5iges kohas varrukast v\u00f5tta. [&hellip;]","og_url":"https:\/\/umapido.ee\/et\/pido-2018\/upmatkasari\/","og_site_name":"Uma Pido","article_publisher":"https:\/\/www.facebook.com\/UmaPido-278039651663\/","article_modified_time":"2022-05-17T09:52:29+00:00","og_image":[{"url":"https:\/\/umapido.ee\/wp-content\/uploads\/2017\/10\/kysk.jpg","type":"","width":"","height":""}],"twitter_card":"summary_large_image","twitter_misc":{"Est. reading time":"6 minutit"},"schema":{"@context":"https:\/\/schema.org","@graph":[{"@type":"WebPage","@id":"https:\/\/umapido.ee\/et\/pido-2018\/upmatkasari\/","url":"https:\/\/umapido.ee\/et\/pido-2018\/upmatkasari\/","name":"Uma Pido matkasari - Uma Pido","isPartOf":{"@id":"https:\/\/umapido.ee\/#website"},"primaryImageOfPage":{"@id":"https:\/\/umapido.ee\/et\/pido-2018\/upmatkasari\/#primaryimage"},"image":{"@id":"https:\/\/umapido.ee\/et\/pido-2018\/upmatkasari\/#primaryimage"},"thumbnailUrl":"https:\/\/umapido.ee\/wp-content\/uploads\/2017\/10\/kysk.jpg","datePublished":"2017-10-10T19:43:38+00:00","dateModified":"2022-05-17T09:52:29+00:00","breadcrumb":{"@id":"https:\/\/umapido.ee\/et\/pido-2018\/upmatkasari\/#breadcrumb"},"inLanguage":"et","potentialAction":[{"@type":"ReadAction","target":["https:\/\/umapido.ee\/et\/pido-2018\/upmatkasari\/"]}]},{"@type":"ImageObject","inLanguage":"et","@id":"https:\/\/umapido.ee\/et\/pido-2018\/upmatkasari\/#primaryimage","url":"https:\/\/umapido.ee\/wp-content\/uploads\/2017\/10\/kysk.jpg","contentUrl":"https:\/\/umapido.ee\/wp-content\/uploads\/2017\/10\/kysk.jpg"},{"@type":"BreadcrumbList","@id":"https:\/\/umapido.ee\/et\/pido-2018\/upmatkasari\/#breadcrumb","itemListElement":[{"@type":"ListItem","position":1,"name":"Home","item":"https:\/\/umapido.ee\/et\/"},{"@type":"ListItem","position":2,"name":"Pido 2018","item":"https:\/\/umapido.ee\/et\/pido-2018\/"},{"@type":"ListItem","position":3,"name":"Uma Pido matkasari"}]},{"@type":"WebSite","@id":"https:\/\/umapido.ee\/#website","url":"https:\/\/umapido.ee\/","name":"Uma Pido","description":"V\u00f5rokeeline laulu- ja rahvapido","potentialAction":[{"@type":"SearchAction","target":{"@type":"EntryPoint","urlTemplate":"https:\/\/umapido.ee\/?s={search_term_string}"},"query-input":{"@type":"PropertyValueSpecification","valueRequired":true,"valueName":"search_term_string"}}],"inLanguage":"et"}]}},"_links":{"self":[{"href":"https:\/\/umapido.ee\/et\/wp-json\/wp\/v2\/pages\/511","targetHints":{"allow":["GET"]}}],"collection":[{"href":"https:\/\/umapido.ee\/et\/wp-json\/wp\/v2\/pages"}],"about":[{"href":"https:\/\/umapido.ee\/et\/wp-json\/wp\/v2\/types\/page"}],"author":[{"embeddable":true,"href":"https:\/\/umapido.ee\/et\/wp-json\/wp\/v2\/users\/1"}],"replies":[{"embeddable":true,"href":"https:\/\/umapido.ee\/et\/wp-json\/wp\/v2\/comments?post=511"}],"version-history":[{"count":35,"href":"https:\/\/umapido.ee\/et\/wp-json\/wp\/v2\/pages\/511\/revisions"}],"predecessor-version":[{"id":2845,"href":"https:\/\/umapido.ee\/et\/wp-json\/wp\/v2\/pages\/511\/revisions\/2845"}],"up":[{"embeddable":true,"href":"https:\/\/umapido.ee\/et\/wp-json\/wp\/v2\/pages\/2074"}],"wp:attachment":[{"href":"https:\/\/umapido.ee\/et\/wp-json\/wp\/v2\/media?parent=511"}],"curies":[{"name":"wp","href":"https:\/\/api.w.org\/{rel}","templated":true}]}}