{"id":500,"date":"2017-10-10T22:37:59","date_gmt":"2017-10-10T19:37:59","guid":{"rendered":"https:\/\/umapido.ee\/?page_id=500"},"modified":"2024-10-24T13:11:09","modified_gmt":"2024-10-24T10:11:09","slug":"uudised","status":"publish","type":"page","link":"https:\/\/umapido.ee\/et\/uudised\/","title":{"rendered":"Uudised"},"content":{"rendered":"<p><a href=\"https:\/\/umapido.ee\/wp-content\/uploads\/2024\/10\/2024_6_e.pdf\" target=\"_blank\" rel=\"noopener\">Valmis on filmid VI Uma Pidost.<\/a><\/p>\n<p>&nbsp;<\/p>\n<p><a href=\"https:\/\/umapido.ee\/wp-content\/uploads\/2024\/06\/2024_5_e.pdf\" target=\"_blank\" rel=\"noopener\">2024. aasta Uma Pido t\u00f5i \u00fcle maailma kokku tuhanded v\u00f5rokesed<\/a><\/p>\n<p>&nbsp;<\/p>\n<p><a href=\"https:\/\/umapido.ee\/wp-content\/uploads\/2024\/05\/2024_4_e1.pdf\" target=\"_blank\" rel=\"noopener\">Uma Pido toob laulukaare alla rekordarvu esinejaid.<\/a> Vaata ka <a href=\"https:\/\/umapido.ee\/wp-content\/uploads\/2024\/05\/VI_UP_kylalisele_ek.pdf\" target=\"_blank\" rel=\"noopener\"> piduletuleja meelespead<\/a> ja <a href=\"https:\/\/umapido.ee\/wp-content\/uploads\/2024\/05\/liiklus24-scaled.jpg\" target=\"_blank\" rel=\"noopener\" data-rel=\"lightbox-image-0\" data-rl_title=\"\" data-rl_caption=\"\" title=\"\">liikluskorralduse kaarti<\/a>.<\/p>\n<p>&nbsp;<\/p>\n<p><a href=\"https:\/\/umapido.ee\/wp-content\/uploads\/2024\/05\/2024_3_e.pdf\" target=\"_blank\" rel=\"noopener\">T\u00e4hem\u00f5rsja \u2013 Uma Pido eelkontsert uhkelt v\u00f5ro keeles ja meeles.<\/a> Vaata <a href=\"https:\/\/umapido.ee\/wp-content\/uploads\/2024\/05\/tm_pl.jpg\" target=\"_blank\" rel=\"noopener\" data-rel=\"lightbox-image-1\" data-rl_title=\"\" data-rl_caption=\"\" title=\"\">plakatit<\/a>.<\/p>\n<p>&nbsp;<\/p>\n<p><a href=\"https:\/\/umapido.ee\/wp-content\/uploads\/2024\/03\/2024_2_e.pdf\" target=\"_blank\" rel=\"noopener\">Tule Uma Pidole vabatahtlikuks!<\/a><\/p>\n<p>&nbsp;<\/p>\n<p><a href=\"https:\/\/umapido.ee\/wp-content\/uploads\/2024\/02\/2024_1_e.pdf\" target=\"_blank\" rel=\"noopener\">Uma Pido ootab 19. m\u00e4rtsini s\u00f6\u00f6gi-joogipakkujaid.<\/a><\/p>\n<p>&nbsp;<\/p>\n<p><a href=\"https:\/\/umapido.ee\/wp-content\/uploads\/2023\/09\/2023_3_e.pdf\" target=\"_blank\" rel=\"noopener\">Uma Pido kutsub <em>naisi nurm\u00f5st<\/em> ja <em>miihi m\u00f5tsast<\/em> laulma.<\/a><\/p>\n<p>&nbsp;<\/p>\n<p><a href=\"https:\/\/umapido.ee\/wp-content\/uploads\/2023\/08\/2023_2_e.pdf\" target=\"_blank\" rel=\"noopener\">Algab Uma Pido liikumissari ja j\u00e4tkub kooride peole registreerimine.<\/a><\/p>\n<p>&nbsp;<\/p>\n<p><a href=\"https:\/\/umapido.ee\/wp-content\/uploads\/2023\/05\/2023_1_e.pdf\" target=\"_blank\" rel=\"noopener\">Algab kooride registreerimine VI Uma Pidole.<\/a>\u00a0 Peo lauluvihiku <a href=\"https:\/\/umapido.ee\/wp-content\/uploads\/2023\/05\/UP_noodivihik_2_v.jpg\" target=\"_blank\" rel=\"noopener\" data-rel=\"lightbox-image-2\" data-rl_title=\"\" data-rl_caption=\"\" title=\"\">pilt<\/a>.<\/p>\n<p>&nbsp;<\/p>\n<p><a href=\"https:\/\/umapido.ee\/wp-content\/uploads\/2022\/05\/01_2022_e.pdf\" target=\"_blank\" rel=\"noopener\">Uued v\u00f5rukeelsed koorilaulud on j\u00f5udnud noodivihikusse<\/a>. Noodivihiku <a href=\"https:\/\/umapido.ee\/wp-content\/uploads\/2022\/05\/nv_2022.jpg\" target=\"_blank\" rel=\"noopener\" data-rel=\"lightbox-image-3\" data-rl_title=\"\" data-rl_caption=\"\" title=\"\">kaanepilt<\/a>.<\/p>\n<p>&nbsp;<\/p>\n<p><a href=\"https:\/\/umapido.ee\/wp-content\/uploads\/2021\/11\/04_2021_e.pdf\" target=\"_blank\" rel=\"noopener\">Neljanda v\u00f5rukeelsete koorilaulude ja -seadete konkursi v\u00f5itis Alo Ritsing.<\/a><\/p>\n<p>&nbsp;<\/p>\n<p><a href=\"https:\/\/youtu.be\/Y8m_xd30frE\" target=\"_blank\" rel=\"noopener\">6. novembril 2021 P\u00f5lvas toimunud kontserdi &#8220;Liigu, liigu, lauluk\u00f5n\u00f5&#8221; video\u00fclesv\u00f5te.<\/a><\/p>\n<p>&nbsp;<\/p>\n<p><a href=\"https:\/\/umapido.ee\/wp-content\/uploads\/2021\/09\/03_2021_e.pdf\" target=\"_blank\" rel=\"noopener\">V\u00f5rukeelse koolimuusikali teksti- ja noodiraamat sai kaante vahele.<\/a><\/p>\n<p>&nbsp;<\/p>\n<p><a href=\"https:\/\/umapido.ee\/wp-content\/uploads\/2021\/04\/02_2021_e.pdf\" target=\"_blank\" rel=\"noopener\">Kuues Uma Pido toimub 2024. aastal.<\/a><\/p>\n<p>&nbsp;<\/p>\n<p><a href=\"https:\/\/umapido.ee\/wp-content\/uploads\/2021\/04\/01_2021_e.pdf\" target=\"_blank\" rel=\"noopener noreferrer\"> IV v\u00f5rukeelsete koorilaulude ja -seadete konkurss.<\/a> Vaata ka <a href=\"https:\/\/umapido.ee\/wp-content\/uploads\/2021\/02\/01a_2021_e.pdf\" target=\"_blank\" rel=\"noopener\">konkursi statuuti<\/a>.<\/p>\n<p>&nbsp;<\/p>\n<p><a href=\"https:\/\/umapido.ee\/wp-content\/uploads\/2020\/07\/01_2020_e.pdf\" target=\"_blank\" rel=\"noopener noreferrer\"><br \/>\nSalve sai 12 uut v\u00f5rukeelset laulu<\/a><\/p>\n<p>&nbsp;<\/p>\n<p><strong>Uus v\u00f5rukeelne lastemuusikal \u201eKoolin om umb\u00f5l\u00f5 m\u00f5nna\u201c.<\/strong> V\u00f5ru kultuurimajas Kannel toimub 26. m\u00e4rtsil 2020 koolimuusikali maailma esmaesitus. Muusikali \u201eKoolin om umb\u00f5l\u00f5 m\u00f5nna\u201c teksti on kirjutanud Contra ja muusikaPiret Rips-Laul. Etenduse toovad lavale V\u00f5ru Kesklinna kooli \u00f5pilased ja \u00f5petajad. <a href=\"https:\/\/umapido.ee\/wp-content\/uploads\/2020\/03\/muusikal_plakat.jpg\" target=\"_blank\" rel=\"noopener noreferrer\" data-rel=\"lightbox-image-4\" data-rl_title=\"\" data-rl_caption=\"\" title=\"\">Vaata plakatit<\/a><\/p>\n<p>&nbsp;<\/p>\n<p><a href=\"https:\/\/umapido.ee\/wp-content\/uploads\/2019\/11\/04_2019_e.pdf\" target=\"_blank\" rel=\"noopener noreferrer\"><br \/>\nMoostes selgus parim uus v\u00f5rukeelne laul<\/a><\/p>\n<p>&nbsp;<\/p>\n<p><a href=\"https:\/\/umapido.ee\/wp-content\/uploads\/2019\/10\/03_2019_e.pdf\" target=\"_blank\" rel=\"noopener noreferrer\">Moostes toimub neljas uute v\u00f5rukeelsete laulude v\u00f5istluskontsert<\/a><\/p>\n<p>&nbsp;<\/p>\n<p><a href=\"https:\/\/umapido.ee\/wp-content\/uploads\/2019\/05\/02_2019_e.pdf\" target=\"_blank\" rel=\"noopener noreferrer\">Algas neljas uute v\u00f5rukeelsete laulude konkurss Uma Laul<\/a>. Vaata <a href=\"https:\/\/umapido.ee\/wp-content\/uploads\/2019\/05\/01_2019_e.pdf\" target=\"_blank\" rel=\"noopener noreferrer\">konkursi statuuti.<\/a><\/p>\n<p>&nbsp;<\/p>\n<p><strong>Valmis on saanud kaveriplaat Uma Kavv\u00f5r.<\/strong> Plaadi laule saab kuulata siit: <a href=\"https:\/\/youtube.com\/playlist?list=PLtijOgTDrlO99WMw-gbI6MWHbelspCVZA\" target=\"_blank\" rel=\"noopener noreferrer\">https:\/\/www.youtube.com\/playlist?list=PLtijOgTDrlO99WMw-gbI6MWHbelspCVZA<\/a><\/p>\n<p>&nbsp;<\/p>\n<p><strong>Osta saab <a href=\"https:\/\/umapido.ee\/wp-content\/uploads\/2018\/11\/2018_9_e.pdf\" target=\"_blank\" rel=\"noopener noreferrer\">V Uma Pido DVDd<\/a>!<\/strong> Filmi 2. juunil 2018 V\u00f5rus peetud peost on kahe plaadi jagu:<\/p>\n<p>&#8211; I plaadil saab n\u00e4ha peo ettevalmistust: matkasarja, kaverikontserti, kooriproove, laata ja muud.<\/p>\n<p>&#8211; II plaadil on peo peakontsert t\u00e4ies pikkuses ja ka mitmed kontserdij\u00e4rgsed intervjuud.<\/p>\n<p>DVD treiler: <a href=\"https:\/\/www.youtube.com\/playlist?list=PLtijOgTDrlO99WMw-gbI6MWHbelspCVZA\" target=\"_blank\" rel=\"noopener noreferrer\">https:\/\/www.youtube.com\/playlist?list=PLtijOgTDrlO99WMw-gbI6MWHbelspCVZA<\/a><\/p>\n<p>Uma Pido topelt-DVD maksab 8 eurot. Tellimiseks tuleb saata kiri aadressile <a href=\"&#x6d;a&#x69;&#108;&#x74;&#111;:&#x6d;e&#x72;&#105;&#x6b;&#101;&#46;&#x74;&#105;&#x67;&#97;s&#x40;w&#x69;&#46;&#x65;&#101;\">m&#101;&#x72;&#x69;k&#101;&#46;&#x74;&#x69;g&#97;&#115;&#x40;&#x77;i&#46;&#x65;&#x65;<\/a>.<\/p>\n","protected":false},"excerpt":{"rendered":"<p>Valmis on filmid VI Uma Pidost. &nbsp; 2024. aasta Uma Pido t\u00f5i \u00fcle maailma kokku tuhanded v\u00f5rokesed &nbsp; Uma Pido toob laulukaare alla rekordarvu esinejaid. Vaata ka piduletuleja meelespead ja liikluskorralduse kaarti. &nbsp; T\u00e4hem\u00f5rsja \u2013 Uma Pido eelkontsert uhkelt v\u00f5ro keeles ja meeles. Vaata plakatit. &nbsp; Tule Uma Pidole vabatahtlikuks! &nbsp; Uma Pido ootab 19. [&hellip;]<\/p>\n","protected":false},"author":1,"featured_media":0,"parent":0,"menu_order":0,"comment_status":"closed","ping_status":"closed","template":"","meta":{"footnotes":""},"class_list":["post-500","page","type-page","status-publish","hentry"],"yoast_head":"<!-- This site is optimized with the Yoast SEO plugin v27.4 - https:\/\/yoast.com\/product\/yoast-seo-wordpress\/ -->\n<title>Uudised - Uma Pido<\/title>\n<meta name=\"robots\" content=\"index, follow, max-snippet:-1, max-image-preview:large, max-video-preview:-1\" \/>\n<link rel=\"canonical\" href=\"https:\/\/umapido.ee\/et\/uudised\/\" \/>\n<meta property=\"og:locale\" content=\"et_EE\" \/>\n<meta property=\"og:type\" content=\"article\" \/>\n<meta property=\"og:title\" content=\"Uudised - Uma Pido\" \/>\n<meta property=\"og:description\" content=\"Valmis on filmid VI Uma Pidost. &nbsp; 2024. aasta Uma Pido t\u00f5i \u00fcle maailma kokku tuhanded v\u00f5rokesed &nbsp; Uma Pido toob laulukaare alla rekordarvu esinejaid. Vaata ka piduletuleja meelespead ja liikluskorralduse kaarti. &nbsp; T\u00e4hem\u00f5rsja \u2013 Uma Pido eelkontsert uhkelt v\u00f5ro keeles ja meeles. Vaata plakatit. &nbsp; Tule Uma Pidole vabatahtlikuks! &nbsp; Uma Pido ootab 19. [&hellip;]\" \/>\n<meta property=\"og:url\" content=\"https:\/\/umapido.ee\/et\/uudised\/\" \/>\n<meta property=\"og:site_name\" content=\"Uma Pido\" \/>\n<meta property=\"article:publisher\" content=\"https:\/\/www.facebook.com\/UmaPido-278039651663\/\" \/>\n<meta property=\"article:modified_time\" content=\"2024-10-24T10:11:09+00:00\" \/>\n<meta name=\"twitter:card\" content=\"summary_large_image\" \/>\n<meta name=\"twitter:label1\" content=\"Est. reading time\" \/>\n\t<meta name=\"twitter:data1\" content=\"2 minutit\" \/>\n<script type=\"application\/ld+json\" class=\"yoast-schema-graph\">{\"@context\":\"https:\\\/\\\/schema.org\",\"@graph\":[{\"@type\":\"WebPage\",\"@id\":\"https:\\\/\\\/umapido.ee\\\/et\\\/uudised\\\/\",\"url\":\"https:\\\/\\\/umapido.ee\\\/et\\\/uudised\\\/\",\"name\":\"Uudised - Uma Pido\",\"isPartOf\":{\"@id\":\"https:\\\/\\\/umapido.ee\\\/#website\"},\"datePublished\":\"2017-10-10T19:37:59+00:00\",\"dateModified\":\"2024-10-24T10:11:09+00:00\",\"breadcrumb\":{\"@id\":\"https:\\\/\\\/umapido.ee\\\/et\\\/uudised\\\/#breadcrumb\"},\"inLanguage\":\"et\",\"potentialAction\":[{\"@type\":\"ReadAction\",\"target\":[\"https:\\\/\\\/umapido.ee\\\/et\\\/uudised\\\/\"]}]},{\"@type\":\"BreadcrumbList\",\"@id\":\"https:\\\/\\\/umapido.ee\\\/et\\\/uudised\\\/#breadcrumb\",\"itemListElement\":[{\"@type\":\"ListItem\",\"position\":1,\"name\":\"Home\",\"item\":\"https:\\\/\\\/umapido.ee\\\/et\\\/\"},{\"@type\":\"ListItem\",\"position\":2,\"name\":\"Uudised\"}]},{\"@type\":\"WebSite\",\"@id\":\"https:\\\/\\\/umapido.ee\\\/#website\",\"url\":\"https:\\\/\\\/umapido.ee\\\/\",\"name\":\"Uma Pido\",\"description\":\"V\u00f5rokeeline laulu- ja rahvapido\",\"potentialAction\":[{\"@type\":\"SearchAction\",\"target\":{\"@type\":\"EntryPoint\",\"urlTemplate\":\"https:\\\/\\\/umapido.ee\\\/?s={search_term_string}\"},\"query-input\":{\"@type\":\"PropertyValueSpecification\",\"valueRequired\":true,\"valueName\":\"search_term_string\"}}],\"inLanguage\":\"et\"}]}<\/script>\n<!-- \/ Yoast SEO plugin. -->","yoast_head_json":{"title":"Uudised - Uma Pido","robots":{"index":"index","follow":"follow","max-snippet":"max-snippet:-1","max-image-preview":"max-image-preview:large","max-video-preview":"max-video-preview:-1"},"canonical":"https:\/\/umapido.ee\/et\/uudised\/","og_locale":"et_EE","og_type":"article","og_title":"Uudised - Uma Pido","og_description":"Valmis on filmid VI Uma Pidost. &nbsp; 2024. aasta Uma Pido t\u00f5i \u00fcle maailma kokku tuhanded v\u00f5rokesed &nbsp; Uma Pido toob laulukaare alla rekordarvu esinejaid. Vaata ka piduletuleja meelespead ja liikluskorralduse kaarti. &nbsp; T\u00e4hem\u00f5rsja \u2013 Uma Pido eelkontsert uhkelt v\u00f5ro keeles ja meeles. Vaata plakatit. &nbsp; Tule Uma Pidole vabatahtlikuks! &nbsp; Uma Pido ootab 19. [&hellip;]","og_url":"https:\/\/umapido.ee\/et\/uudised\/","og_site_name":"Uma Pido","article_publisher":"https:\/\/www.facebook.com\/UmaPido-278039651663\/","article_modified_time":"2024-10-24T10:11:09+00:00","twitter_card":"summary_large_image","twitter_misc":{"Est. reading time":"2 minutit"},"schema":{"@context":"https:\/\/schema.org","@graph":[{"@type":"WebPage","@id":"https:\/\/umapido.ee\/et\/uudised\/","url":"https:\/\/umapido.ee\/et\/uudised\/","name":"Uudised - Uma Pido","isPartOf":{"@id":"https:\/\/umapido.ee\/#website"},"datePublished":"2017-10-10T19:37:59+00:00","dateModified":"2024-10-24T10:11:09+00:00","breadcrumb":{"@id":"https:\/\/umapido.ee\/et\/uudised\/#breadcrumb"},"inLanguage":"et","potentialAction":[{"@type":"ReadAction","target":["https:\/\/umapido.ee\/et\/uudised\/"]}]},{"@type":"BreadcrumbList","@id":"https:\/\/umapido.ee\/et\/uudised\/#breadcrumb","itemListElement":[{"@type":"ListItem","position":1,"name":"Home","item":"https:\/\/umapido.ee\/et\/"},{"@type":"ListItem","position":2,"name":"Uudised"}]},{"@type":"WebSite","@id":"https:\/\/umapido.ee\/#website","url":"https:\/\/umapido.ee\/","name":"Uma Pido","description":"V\u00f5rokeeline laulu- ja rahvapido","potentialAction":[{"@type":"SearchAction","target":{"@type":"EntryPoint","urlTemplate":"https:\/\/umapido.ee\/?s={search_term_string}"},"query-input":{"@type":"PropertyValueSpecification","valueRequired":true,"valueName":"search_term_string"}}],"inLanguage":"et"}]}},"_links":{"self":[{"href":"https:\/\/umapido.ee\/et\/wp-json\/wp\/v2\/pages\/500","targetHints":{"allow":["GET"]}}],"collection":[{"href":"https:\/\/umapido.ee\/et\/wp-json\/wp\/v2\/pages"}],"about":[{"href":"https:\/\/umapido.ee\/et\/wp-json\/wp\/v2\/types\/page"}],"author":[{"embeddable":true,"href":"https:\/\/umapido.ee\/et\/wp-json\/wp\/v2\/users\/1"}],"replies":[{"embeddable":true,"href":"https:\/\/umapido.ee\/et\/wp-json\/wp\/v2\/comments?post=500"}],"version-history":[{"count":81,"href":"https:\/\/umapido.ee\/et\/wp-json\/wp\/v2\/pages\/500\/revisions"}],"predecessor-version":[{"id":3653,"href":"https:\/\/umapido.ee\/et\/wp-json\/wp\/v2\/pages\/500\/revisions\/3653"}],"wp:attachment":[{"href":"https:\/\/umapido.ee\/et\/wp-json\/wp\/v2\/media?parent=500"}],"curies":[{"name":"wp","href":"https:\/\/api.w.org\/{rel}","templated":true}]}}