{"id":3686,"date":"2026-04-23T22:19:29","date_gmt":"2026-04-23T19:19:29","guid":{"rendered":"https:\/\/umapido.ee\/?page_id=3686"},"modified":"2026-04-23T22:19:29","modified_gmt":"2026-04-23T19:19:29","slug":"korraldajad-ja-toetajad","status":"publish","type":"page","link":"https:\/\/umapido.ee\/et\/pidu-2024\/korraldajad-ja-toetajad\/","title":{"rendered":"Korraldajad ja toetajad"},"content":{"rendered":"<p><strong>Korraldust veab<\/strong> <a href=\"http:\/\/www.voroselts.ee\/\" target=\"_blank\" rel=\"noopener noreferrer\">MT\u00dc V\u00f5ro Selts VKKF<\/a>.<\/p>\n<p><strong>Korraldavad:<\/strong> V\u00f5ru instituut, P\u00f5lva ja V\u00f5ru arenduskeskused, P\u00f5lvamaa omavalitsuste liit, P\u00f5lva vallavalitsus, V\u00f5ru linn, R\u00e4pina vallavalitsus, Kanepi vallavalitsus, Valga vallavalitsus, Euroopa kultuuripealinn Tartu 2024 ja paljud P\u00f5lva ja V\u00f5ru maakonna seltside ja asutuste inimesed.<\/p>\n<p><strong>Toetavad:<\/strong> Eesti Kultuurkapital (P\u00f5lvamaa, Tartumaa ja V\u00f5rumaa ekspertgrupid, rahvakultuuri ja helikunsti sihtkapital), V\u00f5ru Vallavalitsus, V\u00f5ru Instituut, Kultuuriministeerium, P\u00f5lvamaa Partnerluskogu, V\u00f5ru linnavalitsus, P\u00f5lva Vallavalitsus, Eesti Rahvakultuuri Keskus (Regionaalse kultuuritegevuse toetus, Vana V\u00f5romaa p\u00e4rimuskultuuri toetus), SA V\u00f5rumaa arenduskeskus, SA P\u00f5lvamaa arenduskeskus, P\u00f5lvamaa Omavalitsuste Liit, SA R\u00e4pina Kultuurkapital, Antsla vallavalitsus, Kambja vallavalitsus, Eesti Rahvuskultuuri Fond, V\u00f5ru Muusikakool, Priit Sibul, L\u00f5una Pagarid, Arke, Nopri, Kaup24.ee.<\/p>\n<p><strong>Meediapartner:<\/strong> Uma Leht.<br \/>\n<a href=\"http:\/\/www.kulka.ee\/\" target=\"_blank\" rel=\"noopener noreferrer\"><img loading=\"lazy\" decoding=\"async\" class=\"alignnone wp-image-81 aligncenter\" src=\"https:\/\/umapido.ee\/wp-content\/uploads\/2017\/10\/kulka.jpg\" alt=\"Eesti Kultuurkapital\" width=\"187\" height=\"102\" \/><\/a><\/p>\n<p>&nbsp;<\/p>\n<p style=\"text-align: center;\"><a href=\"http:\/\/www.umaleht.ee\/\" target=\"_blank\" rel=\"noopener noreferrer\"><img loading=\"lazy\" decoding=\"async\" class=\"alignnone wp-image-92 \" src=\"https:\/\/umapido.ee\/wp-content\/uploads\/2017\/10\/umaleht1.jpg\" alt=\"Uma Leht\" width=\"242\" height=\"95\" \/><\/a><\/p>\n<p>&nbsp;<\/p>\n<p style=\"text-align: center;\"><a href=\"http:\/\/www.wi.ee\/\" target=\"_blank\" rel=\"noopener noreferrer\"><img loading=\"lazy\" decoding=\"async\" class=\"alignnone wp-image-143 size-full\" src=\"https:\/\/umapido.ee\/wp-content\/uploads\/2017\/10\/voruinst_logo.jpg\" alt=\"\" width=\"142\" height=\"112\" \/><\/a><\/p>\n<p>&nbsp;<\/p>\n<p style=\"text-align: center;\"><a href=\"http:\/\/www.kul.ee\/\" target=\"_blank\" rel=\"noopener noreferrer\"><img loading=\"lazy\" decoding=\"async\" class=\"alignnone wp-image-143 \" src=\"https:\/\/umapido.ee\/wp-content\/uploads\/2018\/03\/kultuurimini_logo.jpg\" alt=\"\" width=\"208\" height=\"88\" \/><\/a><\/p>\n<p>&nbsp;<\/p>\n<p style=\"text-align: center;\"><a href=\"http:\/\/www.rahvakultuur.ee\/\" target=\"_blank\" rel=\"noopener noreferrer\"><img loading=\"lazy\" decoding=\"async\" class=\"alignnone wp-image-144 \" src=\"https:\/\/umapido.ee\/wp-content\/uploads\/2020\/10\/rkk_logo1.jpg\" alt=\"\" width=\"197\" height=\"56\" \/><\/a><\/p>\n<p>&nbsp;<\/p>\n<p style=\"text-align: center;\"><a href=\"https:\/\/tartu2024.ee\/\" target=\"_blank\" rel=\"noopener\"><img loading=\"lazy\" decoding=\"async\" class=\"alignnone size-full wp-image-3228\" src=\"https:\/\/umapido.ee\/wp-content\/uploads\/2023\/10\/Tartu_2024_logo.jpg\" alt=\"\" width=\"227\" height=\"53\" \/><\/a><\/p>\n<p>&nbsp;<\/p>\n<p style=\"text-align: center;\"><a href=\"https:\/\/partnerluskogu.ee\/\" target=\"_blank\" rel=\"noopener\"><img loading=\"lazy\" decoding=\"async\" class=\"alignnone size-full wp-image-3404\" src=\"https:\/\/umapido.ee\/wp-content\/uploads\/2024\/02\/polvamaa_partnerlus_logo_24.jpg\" alt=\"\" width=\"227\" height=\"69\" \/><\/a><\/p>\n<p style=\"text-align: center;\"><a href=\"https:\/\/leaderliit.eu\/\" target=\"_blank\" rel=\"noopener\"><img loading=\"lazy\" decoding=\"async\" class=\"alignnone size-full wp-image-3398\" src=\"https:\/\/umapido.ee\/wp-content\/uploads\/2024\/02\/leader_logo_24.jpg\" alt=\"\" width=\"227\" height=\"62\" \/><\/a><\/p>\n<p>&nbsp;<\/p>\n<p style=\"text-align: center;\"><a href=\"http:\/\/voruvald.kovtp.ee\/\" target=\"_blank\" rel=\"noopener noreferrer\"><img loading=\"lazy\" decoding=\"async\" class=\"alignnone wp-image-145 \" src=\"https:\/\/umapido.ee\/wp-content\/uploads\/2018\/05\/voru_vald.jpg\" alt=\"\" width=\"206\" height=\"93\" \/><\/a><\/p>\n<p style=\"text-align: center;\"><a href=\"http:\/\/www.vorumaa.ee\/\" target=\"_blank\" rel=\"noopener noreferrer\"><img loading=\"lazy\" decoding=\"async\" class=\"alignnone wp-image-146 \" src=\"https:\/\/umapido.ee\/wp-content\/uploads\/2018\/03\/vorumaa_arenduskeskus_logo.jpg\" alt=\"\" width=\"192\" height=\"90\" \/><\/a><\/p>\n<p>&nbsp;<\/p>\n<p style=\"text-align: center;\"><a href=\"https:\/\/arenduskeskus.polvamaa.ee\/\" target=\"_blank\" rel=\"noopener\"><img loading=\"lazy\" decoding=\"async\" class=\"alignnone size-full wp-image-3402\" src=\"https:\/\/umapido.ee\/wp-content\/uploads\/2024\/02\/polva_arenduskeskus_logo_24.jpg\" alt=\"\" width=\"227\" height=\"105\" \/><\/a><\/p>\n<p>&nbsp;<\/p>\n<p style=\"text-align: center;\"><a href=\"https:\/\/www.polvamaa.ee\/polvamaa-omavalitsuste-liit\/\" target=\"_blank\" rel=\"noopener\"><img loading=\"lazy\" decoding=\"async\" class=\"alignnone wp-image-147 size-full\" src=\"https:\/\/umapido.ee\/wp-content\/uploads\/2017\/10\/pol-logo_3.jpg\" alt=\"\" width=\"150\" height=\"95\" \/><\/a><\/p>\n<p>&nbsp;<\/p>\n<p style=\"text-align: center;\"><a href=\"http:\/\/www.polva.ee\/\" target=\"_blank\" rel=\"noopener noreferrer\"><img loading=\"lazy\" decoding=\"async\" class=\"alignnone size-full wp-image-2298\" src=\"https:\/\/umapido.ee\/wp-content\/uploads\/2019\/06\/polva_vald_19.jpg\" alt=\"\" width=\"142\" height=\"135\" \/><\/a><\/p>\n<p>&nbsp;<\/p>\n<p style=\"text-align: center;\"><a href=\"http:\/\/www.voru.ee\/\" target=\"_blank\" rel=\"noopener noreferrer\"><img loading=\"lazy\" decoding=\"async\" class=\"alignnone size-full wp-image-2300\" src=\"https:\/\/umapido.ee\/wp-content\/uploads\/2019\/06\/voru_linn_19.jpg\" alt=\"\" width=\"142\" height=\"189\" \/><\/a><\/p>\n<p>&nbsp;<\/p>\n<p style=\"text-align: center;\"><a href=\"https:\/\/www.rapinakultuurkapital.ee\/\" target=\"_blank\" rel=\"noopener noreferrer\"><img loading=\"lazy\" decoding=\"async\" class=\"alignnone wp-image-2380\" src=\"https:\/\/umapido.ee\/wp-content\/uploads\/2019\/10\/rapina_kk-600x266.png\" alt=\"\" width=\"216\" height=\"96\" srcset=\"https:\/\/umapido.ee\/wp-content\/uploads\/2019\/10\/rapina_kk-600x266.png 600w, https:\/\/umapido.ee\/wp-content\/uploads\/2019\/10\/rapina_kk-768x341.png 768w, https:\/\/umapido.ee\/wp-content\/uploads\/2019\/10\/rapina_kk-1024x454.png 1024w, https:\/\/umapido.ee\/wp-content\/uploads\/2019\/10\/rapina_kk.png 1362w\" sizes=\"auto, (max-width: 216px) 100vw, 216px\" \/><\/a><\/p>\n<p>&nbsp;<\/p>\n<p style=\"text-align: center;\"><a href=\"https:\/\/www.erkf.ee\/\" target=\"_blank\" rel=\"noopener\"><img loading=\"lazy\" decoding=\"async\" class=\"alignnone wp-image-2980\" src=\"https:\/\/umapido.ee\/wp-content\/uploads\/2023\/05\/rahvuskultuuri_fondi_logo.jpg\" alt=\"\" width=\"170\" height=\"162\" \/><\/a><\/p>\n<p>&nbsp;<\/p>\n<p style=\"text-align: center;\"><a href=\"https:\/\/antsla.ee\/\" target=\"_blank\" rel=\"noopener\"><img loading=\"lazy\" decoding=\"async\" class=\"alignnone wp-image-2982\" src=\"https:\/\/umapido.ee\/wp-content\/uploads\/2023\/05\/antsla_logo.jpg\" alt=\"\" width=\"204\" height=\"68\" \/><\/a><\/p>\n<p>&nbsp;<\/p>\n<p style=\"text-align: center;\"><a href=\"https:\/\/kambja.ee\/\" target=\"_blank\" rel=\"noopener\"><img loading=\"lazy\" decoding=\"async\" class=\"alignnone wp-image-2982\" src=\"https:\/\/umapido.ee\/wp-content\/uploads\/2023\/11\/kambja_logo.jpg\" alt=\"\" width=\"204\" height=\"68\" \/><\/a><\/p>\n<p><a href=\"https:\/\/www.lounapagarid.ee\/\" target=\"_blank\" rel=\"noopener\"><img loading=\"lazy\" decoding=\"async\" class=\"size-full wp-image-865 aligncenter\" src=\"https:\/\/umapido.ee\/wp-content\/uploads\/2017\/10\/lounapagar17.jpg\" alt=\"\" width=\"227\" height=\"187\" \/><\/a><\/p>\n<p>&nbsp;<\/p>\n<p style=\"text-align: center;\"><a href=\"https:\/\/www.karni.ee\/\" target=\"_blank\" rel=\"noopener\"><img loading=\"lazy\" decoding=\"async\" class=\"alignnone size-full wp-image-3396\" src=\"https:\/\/umapido.ee\/wp-content\/uploads\/2024\/02\/karni_logo_24.jpg\" alt=\"\" width=\"227\" height=\"135\" \/><\/a><\/p>\n<p>&nbsp;<\/p>\n<p><a href=\"https:\/\/www.facebook.com\/munaliisamuna\/\" target=\"_blank\" rel=\"noopener\"><img loading=\"lazy\" decoding=\"async\" class=\"alignnone size-full wp-image-3452 aligncenter\" src=\"https:\/\/umapido.ee\/wp-content\/uploads\/2024\/03\/eestimuna_logo.jpg\" alt=\"\" width=\"227\" height=\"162\" \/><\/a><br \/>\n<a href=\"https:\/\/www.nopri.ee\/\" target=\"_blank\" rel=\"noopener\"><img loading=\"lazy\" decoding=\"async\" class=\"alignnone size-full wp-image-901 aligncenter\" src=\"https:\/\/umapido.ee\/wp-content\/uploads\/2017\/11\/nopri_logo.jpg\" alt=\"\" width=\"227\" height=\"141\" \/><\/a><\/p>\n<p>&nbsp;<\/p>\n<p style=\"text-align: center;\"><a href=\"https:\/\/www.moostemois.ee\/\" target=\"_blank\" rel=\"noopener\"><img loading=\"lazy\" decoding=\"async\" class=\"alignnone size-full wp-image-3309\" src=\"https:\/\/umapido.ee\/wp-content\/uploads\/2023\/12\/mooste_logo.jpg\" alt=\"\" width=\"227\" height=\"161\" \/><\/a><\/p>\n<p>&nbsp;<\/p>\n<p style=\"text-align: center;\"><a href=\"http:\/\/www.vorumuusikakool.ee\/\" target=\"_blank\" rel=\"noopener noreferrer\"><img loading=\"lazy\" decoding=\"async\" class=\"alignnone size-full wp-image-2515\" src=\"https:\/\/umapido.ee\/wp-content\/uploads\/2020\/03\/vorumuusikakool_logo.jpg\" alt=\"\" width=\"228\" height=\"199\" \/><\/a><\/p>\n<p>&nbsp;<\/p>\n<p style=\"text-align: center;\"><img loading=\"lazy\" decoding=\"async\" class=\"alignnone wp-image-2430\" src=\"https:\/\/umapido.ee\/wp-content\/uploads\/2019\/10\/ilumae_logo.jpg\" alt=\"\" width=\"207\" height=\"59\" \/><\/p>\n<p>&nbsp;<\/p>\n<p><a href=\"https:\/\/kaup24.ee\/et\/\" target=\"_blank\" rel=\"noopener noreferrer\"><img loading=\"lazy\" decoding=\"async\" class=\"alignnone size-full wp-image-1038 aligncenter\" src=\"https:\/\/umapido.ee\/wp-content\/uploads\/2018\/12\/k24-logo.gif\" alt=\"\" width=\"227\" height=\"236\" \/><\/a><\/p>\n<p>&nbsp;<\/p>\n<p><a href=\"https:\/\/www.piletilevi.ee\/\" target=\"_blank\" rel=\"noopener\"><img loading=\"lazy\" decoding=\"async\" class=\"alignnone size-full wp-image-3400 aligncenter\" src=\"https:\/\/umapido.ee\/wp-content\/uploads\/2024\/02\/piletilevi_logo_24.jpg\" alt=\"\" width=\"227\" height=\"71\" \/><\/a><\/p>\n<p>&nbsp;<\/p>\n<p><a href=\"https:\/\/www.kubija.ee\/\" target=\"_blank\" rel=\"noopener\"><img loading=\"lazy\" decoding=\"async\" class=\"size-full wp-image-3641 aligncenter\" src=\"https:\/\/umapido.ee\/wp-content\/uploads\/2024\/07\/Kubija-hotell-loodusspaa.jpg\" alt=\"\" width=\"283\" height=\"283\" \/><\/a><\/p>\n","protected":false},"excerpt":{"rendered":"<p>Korraldust veab MT\u00dc V\u00f5ro Selts VKKF. Korraldavad: V\u00f5ru instituut, P\u00f5lva ja V\u00f5ru arenduskeskused, P\u00f5lvamaa omavalitsuste liit, P\u00f5lva vallavalitsus, V\u00f5ru linn, R\u00e4pina vallavalitsus, Kanepi vallavalitsus, Valga vallavalitsus, Euroopa kultuuripealinn Tartu 2024 ja paljud P\u00f5lva ja V\u00f5ru maakonna seltside ja asutuste inimesed. Toetavad: Eesti Kultuurkapital (P\u00f5lvamaa, Tartumaa ja V\u00f5rumaa ekspertgrupid, rahvakultuuri ja helikunsti sihtkapital), V\u00f5ru Vallavalitsus, V\u00f5ru [&hellip;]<\/p>\n","protected":false},"author":1,"featured_media":0,"parent":3668,"menu_order":0,"comment_status":"closed","ping_status":"closed","template":"","meta":{"footnotes":""},"class_list":["post-3686","page","type-page","status-publish","hentry"],"yoast_head":"<!-- This site is optimized with the Yoast SEO plugin v27.4 - https:\/\/yoast.com\/product\/yoast-seo-wordpress\/ -->\n<title>Korraldajad ja toetajad - Uma Pido<\/title>\n<meta name=\"robots\" content=\"index, follow, max-snippet:-1, max-image-preview:large, max-video-preview:-1\" \/>\n<link rel=\"canonical\" href=\"https:\/\/umapido.ee\/et\/pidu-2024\/korraldajad-ja-toetajad\/\" \/>\n<meta property=\"og:locale\" content=\"et_EE\" \/>\n<meta property=\"og:type\" content=\"article\" \/>\n<meta property=\"og:title\" content=\"Korraldajad ja toetajad - Uma Pido\" \/>\n<meta property=\"og:description\" content=\"Korraldust veab MT\u00dc V\u00f5ro Selts VKKF. Korraldavad: V\u00f5ru instituut, P\u00f5lva ja V\u00f5ru arenduskeskused, P\u00f5lvamaa omavalitsuste liit, P\u00f5lva vallavalitsus, V\u00f5ru linn, R\u00e4pina vallavalitsus, Kanepi vallavalitsus, Valga vallavalitsus, Euroopa kultuuripealinn Tartu 2024 ja paljud P\u00f5lva ja V\u00f5ru maakonna seltside ja asutuste inimesed. Toetavad: Eesti Kultuurkapital (P\u00f5lvamaa, Tartumaa ja V\u00f5rumaa ekspertgrupid, rahvakultuuri ja helikunsti sihtkapital), V\u00f5ru Vallavalitsus, V\u00f5ru [&hellip;]\" \/>\n<meta property=\"og:url\" content=\"https:\/\/umapido.ee\/et\/pidu-2024\/korraldajad-ja-toetajad\/\" \/>\n<meta property=\"og:site_name\" content=\"Uma Pido\" \/>\n<meta property=\"article:publisher\" content=\"https:\/\/www.facebook.com\/UmaPido-278039651663\/\" \/>\n<meta property=\"og:image\" content=\"https:\/\/umapido.ee\/wp-content\/uploads\/2017\/10\/kulka.jpg\" \/>\n\t<meta property=\"og:image:width\" content=\"153\" \/>\n\t<meta property=\"og:image:height\" content=\"85\" \/>\n\t<meta property=\"og:image:type\" content=\"image\/jpeg\" \/>\n<meta name=\"twitter:card\" content=\"summary_large_image\" \/>\n<meta name=\"twitter:label1\" content=\"Est. reading time\" \/>\n\t<meta name=\"twitter:data1\" content=\"7 minutit\" \/>\n<script type=\"application\/ld+json\" class=\"yoast-schema-graph\">{\"@context\":\"https:\\\/\\\/schema.org\",\"@graph\":[{\"@type\":\"WebPage\",\"@id\":\"https:\\\/\\\/umapido.ee\\\/et\\\/pidu-2024\\\/korraldajad-ja-toetajad\\\/\",\"url\":\"https:\\\/\\\/umapido.ee\\\/et\\\/pidu-2024\\\/korraldajad-ja-toetajad\\\/\",\"name\":\"Korraldajad ja toetajad - Uma Pido\",\"isPartOf\":{\"@id\":\"https:\\\/\\\/umapido.ee\\\/#website\"},\"primaryImageOfPage\":{\"@id\":\"https:\\\/\\\/umapido.ee\\\/et\\\/pidu-2024\\\/korraldajad-ja-toetajad\\\/#primaryimage\"},\"image\":{\"@id\":\"https:\\\/\\\/umapido.ee\\\/et\\\/pidu-2024\\\/korraldajad-ja-toetajad\\\/#primaryimage\"},\"thumbnailUrl\":\"https:\\\/\\\/umapido.ee\\\/wp-content\\\/uploads\\\/2017\\\/10\\\/kulka.jpg\",\"datePublished\":\"2026-04-23T19:19:29+00:00\",\"breadcrumb\":{\"@id\":\"https:\\\/\\\/umapido.ee\\\/et\\\/pidu-2024\\\/korraldajad-ja-toetajad\\\/#breadcrumb\"},\"inLanguage\":\"et\",\"potentialAction\":[{\"@type\":\"ReadAction\",\"target\":[\"https:\\\/\\\/umapido.ee\\\/et\\\/pidu-2024\\\/korraldajad-ja-toetajad\\\/\"]}]},{\"@type\":\"ImageObject\",\"inLanguage\":\"et\",\"@id\":\"https:\\\/\\\/umapido.ee\\\/et\\\/pidu-2024\\\/korraldajad-ja-toetajad\\\/#primaryimage\",\"url\":\"https:\\\/\\\/umapido.ee\\\/wp-content\\\/uploads\\\/2017\\\/10\\\/kulka.jpg\",\"contentUrl\":\"https:\\\/\\\/umapido.ee\\\/wp-content\\\/uploads\\\/2017\\\/10\\\/kulka.jpg\"},{\"@type\":\"BreadcrumbList\",\"@id\":\"https:\\\/\\\/umapido.ee\\\/et\\\/pidu-2024\\\/korraldajad-ja-toetajad\\\/#breadcrumb\",\"itemListElement\":[{\"@type\":\"ListItem\",\"position\":1,\"name\":\"Home\",\"item\":\"https:\\\/\\\/umapido.ee\\\/et\\\/\"},{\"@type\":\"ListItem\",\"position\":2,\"name\":\"Pidu 2024\",\"item\":\"https:\\\/\\\/umapido.ee\\\/et\\\/pidu-2024\\\/\"},{\"@type\":\"ListItem\",\"position\":3,\"name\":\"Korraldajad ja toetajad\"}]},{\"@type\":\"WebSite\",\"@id\":\"https:\\\/\\\/umapido.ee\\\/#website\",\"url\":\"https:\\\/\\\/umapido.ee\\\/\",\"name\":\"Uma Pido\",\"description\":\"V\u00f5rokeeline laulu- ja rahvapido\",\"potentialAction\":[{\"@type\":\"SearchAction\",\"target\":{\"@type\":\"EntryPoint\",\"urlTemplate\":\"https:\\\/\\\/umapido.ee\\\/?s={search_term_string}\"},\"query-input\":{\"@type\":\"PropertyValueSpecification\",\"valueRequired\":true,\"valueName\":\"search_term_string\"}}],\"inLanguage\":\"et\"}]}<\/script>\n<!-- \/ Yoast SEO plugin. -->","yoast_head_json":{"title":"Korraldajad ja toetajad - Uma Pido","robots":{"index":"index","follow":"follow","max-snippet":"max-snippet:-1","max-image-preview":"max-image-preview:large","max-video-preview":"max-video-preview:-1"},"canonical":"https:\/\/umapido.ee\/et\/pidu-2024\/korraldajad-ja-toetajad\/","og_locale":"et_EE","og_type":"article","og_title":"Korraldajad ja toetajad - Uma Pido","og_description":"Korraldust veab MT\u00dc V\u00f5ro Selts VKKF. Korraldavad: V\u00f5ru instituut, P\u00f5lva ja V\u00f5ru arenduskeskused, P\u00f5lvamaa omavalitsuste liit, P\u00f5lva vallavalitsus, V\u00f5ru linn, R\u00e4pina vallavalitsus, Kanepi vallavalitsus, Valga vallavalitsus, Euroopa kultuuripealinn Tartu 2024 ja paljud P\u00f5lva ja V\u00f5ru maakonna seltside ja asutuste inimesed. Toetavad: Eesti Kultuurkapital (P\u00f5lvamaa, Tartumaa ja V\u00f5rumaa ekspertgrupid, rahvakultuuri ja helikunsti sihtkapital), V\u00f5ru Vallavalitsus, V\u00f5ru [&hellip;]","og_url":"https:\/\/umapido.ee\/et\/pidu-2024\/korraldajad-ja-toetajad\/","og_site_name":"Uma Pido","article_publisher":"https:\/\/www.facebook.com\/UmaPido-278039651663\/","og_image":[{"width":153,"height":85,"url":"https:\/\/umapido.ee\/wp-content\/uploads\/2017\/10\/kulka.jpg","type":"image\/jpeg"}],"twitter_card":"summary_large_image","twitter_misc":{"Est. reading time":"7 minutit"},"schema":{"@context":"https:\/\/schema.org","@graph":[{"@type":"WebPage","@id":"https:\/\/umapido.ee\/et\/pidu-2024\/korraldajad-ja-toetajad\/","url":"https:\/\/umapido.ee\/et\/pidu-2024\/korraldajad-ja-toetajad\/","name":"Korraldajad ja toetajad - Uma Pido","isPartOf":{"@id":"https:\/\/umapido.ee\/#website"},"primaryImageOfPage":{"@id":"https:\/\/umapido.ee\/et\/pidu-2024\/korraldajad-ja-toetajad\/#primaryimage"},"image":{"@id":"https:\/\/umapido.ee\/et\/pidu-2024\/korraldajad-ja-toetajad\/#primaryimage"},"thumbnailUrl":"https:\/\/umapido.ee\/wp-content\/uploads\/2017\/10\/kulka.jpg","datePublished":"2026-04-23T19:19:29+00:00","breadcrumb":{"@id":"https:\/\/umapido.ee\/et\/pidu-2024\/korraldajad-ja-toetajad\/#breadcrumb"},"inLanguage":"et","potentialAction":[{"@type":"ReadAction","target":["https:\/\/umapido.ee\/et\/pidu-2024\/korraldajad-ja-toetajad\/"]}]},{"@type":"ImageObject","inLanguage":"et","@id":"https:\/\/umapido.ee\/et\/pidu-2024\/korraldajad-ja-toetajad\/#primaryimage","url":"https:\/\/umapido.ee\/wp-content\/uploads\/2017\/10\/kulka.jpg","contentUrl":"https:\/\/umapido.ee\/wp-content\/uploads\/2017\/10\/kulka.jpg"},{"@type":"BreadcrumbList","@id":"https:\/\/umapido.ee\/et\/pidu-2024\/korraldajad-ja-toetajad\/#breadcrumb","itemListElement":[{"@type":"ListItem","position":1,"name":"Home","item":"https:\/\/umapido.ee\/et\/"},{"@type":"ListItem","position":2,"name":"Pidu 2024","item":"https:\/\/umapido.ee\/et\/pidu-2024\/"},{"@type":"ListItem","position":3,"name":"Korraldajad ja toetajad"}]},{"@type":"WebSite","@id":"https:\/\/umapido.ee\/#website","url":"https:\/\/umapido.ee\/","name":"Uma Pido","description":"V\u00f5rokeeline laulu- ja rahvapido","potentialAction":[{"@type":"SearchAction","target":{"@type":"EntryPoint","urlTemplate":"https:\/\/umapido.ee\/?s={search_term_string}"},"query-input":{"@type":"PropertyValueSpecification","valueRequired":true,"valueName":"search_term_string"}}],"inLanguage":"et"}]}},"_links":{"self":[{"href":"https:\/\/umapido.ee\/et\/wp-json\/wp\/v2\/pages\/3686","targetHints":{"allow":["GET"]}}],"collection":[{"href":"https:\/\/umapido.ee\/et\/wp-json\/wp\/v2\/pages"}],"about":[{"href":"https:\/\/umapido.ee\/et\/wp-json\/wp\/v2\/types\/page"}],"author":[{"embeddable":true,"href":"https:\/\/umapido.ee\/et\/wp-json\/wp\/v2\/users\/1"}],"replies":[{"embeddable":true,"href":"https:\/\/umapido.ee\/et\/wp-json\/wp\/v2\/comments?post=3686"}],"version-history":[{"count":1,"href":"https:\/\/umapido.ee\/et\/wp-json\/wp\/v2\/pages\/3686\/revisions"}],"predecessor-version":[{"id":3692,"href":"https:\/\/umapido.ee\/et\/wp-json\/wp\/v2\/pages\/3686\/revisions\/3692"}],"up":[{"embeddable":true,"href":"https:\/\/umapido.ee\/et\/wp-json\/wp\/v2\/pages\/3668"}],"wp:attachment":[{"href":"https:\/\/umapido.ee\/et\/wp-json\/wp\/v2\/media?parent=3686"}],"curies":[{"name":"wp","href":"https:\/\/api.w.org\/{rel}","templated":true}]}}