{"id":3567,"date":"2024-05-22T16:10:47","date_gmt":"2024-05-22T13:10:47","guid":{"rendered":"https:\/\/umapido.ee\/?page_id=3567"},"modified":"2024-05-22T19:14:12","modified_gmt":"2024-05-22T16:14:12","slug":"peo-kava","status":"publish","type":"page","link":"https:\/\/umapido.ee\/et\/pidu-2024\/peo-kava\/","title":{"rendered":"Peo kava"},"content":{"rendered":"<p><strong>VI v\u00f5rukeelne laulu- ja rahvapidu Uma Pido<\/strong><br \/>\n<strong>1. juunil 2024 P\u00f5lva Intsikurmu laululaval<\/strong><br \/>\n<em>Seekordse peo keskmes on m\u00e4ng \u2013 et saaks teha nalja ja vigurit. Laulame, m\u00e4ngime, lustime ja hingame \u00fcheskoos! Tunneme lihtsalt r\u00f5\u00f5mu ja hoiame v\u00f5rokeste p\u00e4randust.<\/em><\/p>\n<p><strong>Eelmisel p\u00e4eval<\/strong><\/p>\n<p><strong>31. mail 2024<\/strong><br \/>\n<strong>kell 19 kontsert P\u00f5lva Maarja kirikus<\/strong><br \/>\n<em>Ettekandele tuleb P\u00f5lva kihelkonna rahvaviisidele ja -luuletekstidele loodud teos <a href=\"https:\/\/umapido.ee\/wp-content\/uploads\/2024\/05\/tm_pl.jpg\" target=\"_blank\" rel=\"noopener\" data-rel=\"lightbox-image-0\" data-rl_title=\"\" data-rl_caption=\"\" title=\"\">\u201eT\u00e4hem\u00f5rsja\u201c<\/a>, mille autor on helilooja Erki Meister. Teose esitavad ansambel Miinus Seitse ja mainekad instrumentalistid Jaan Otsa dirigeerimisel.<\/em><\/p>\n<p>Pilet 10 eurot. Uma Pido lauljatele ja pillimeestele sooduspilet 5 eurot enne kontserti kohapeal.<\/p>\n<p><strong>Peop\u00e4eval<\/strong><br \/>\n<strong>1. juunil 2024<\/strong><\/p>\n<p><strong>\u201e\u00d6\u00f6p\u00e4ev P\u00f5lvas\u201c: <a href=\"https:\/\/polvapaevad.ee\/\" target=\"_blank\" rel=\"noopener\">https:\/\/polvapaevad.ee\/<\/a><\/strong><br \/>\n<strong>kella 9\u201314 laat P\u00f5lva kesklinnas<\/strong><\/p>\n<p><strong>kell 18 UMA PIDO peakontsert<\/strong> Intsikurmu laululaval<br \/>\n<em>Rahvale on peopaik avatud kella 16.30st.<\/em><\/p>\n<p>Lavastaja Diana Leesalu, kunstnikud Marion Undusk ja Martin Mikson, liikumisjuht Ingmar J\u00f5ela, nukulavastaja Taavi T\u00f5nisson. Peo vahenumbrite muusikaline kujundaja Ardo Ran Varres.<\/p>\n<p><strong>Kaasa l\u00f6\u00f6vad:<\/strong><br \/>\n3800 suurt ja v\u00e4ikest lauljat,<br \/>\ntantsupundid P\u00f5lva P\u00e4ntajalad, Hopser ja Veriora Vingerdi,<br \/>\nsolistid Mari Kalkun, Meelika ja Meelis Hainsoo, Contra, Hilje Murel, Andres M\u00e4har jt,<br \/>\nsaateorkester Riivo J\u00f5gi eestv\u00f5tmisel ja Karmid Torud,<br \/>\nk\u00f5ik see rahvas, kes Intsikurmu kokku tuleb.<\/p>\n<p><strong>Pidu j\u00e4tkub SIMMANIGA!<\/strong><br \/>\n<strong>M\u00e4ngib ansambel K\u00f5hukesed.<\/strong><\/p>\n<p><strong>Piletiinfo<\/strong><br \/>\n<a href=\"https:\/\/www.piletilevi.ee\/est\/piletid\/muusika\/vi-vorokeeline-laulu-ja-rahvapido-uma-pido-421164\/?design=&amp;shop_provider=vkkf\" target=\"_blank\" rel=\"noopener\">Pilet Piletilevist<\/a> ostes 12 ja 10* eurot, perepilet 35 eurot.<br \/>\nToetajapilet 25 eurot.<br \/>\nPilet kohapeal Intsikurmus 15 ja 12* eurot, perepilet 45 eurot.<br \/>\nPerepiletiga saavad sisse kaks t\u00e4iskasvanut ja kari lapsi (kuni 18a).<br \/>\nAlla 7a lastele sissep\u00e4\u00e4s tasuta.<br \/>\n*7\u201318a lapsed, pension\u00e4rid, tudengid<\/p>\n<p>Uma Pido on \u00fcks osa \u201eEuroopa kultuuripealinn Tartu 2024\u201c lisaprogrammist.<\/p>\n","protected":false},"excerpt":{"rendered":"<p>VI v\u00f5rukeelne laulu- ja rahvapidu Uma Pido 1. juunil 2024 P\u00f5lva Intsikurmu laululaval Seekordse peo keskmes on m\u00e4ng \u2013 et saaks teha nalja ja vigurit. Laulame, m\u00e4ngime, lustime ja hingame \u00fcheskoos! Tunneme lihtsalt r\u00f5\u00f5mu ja hoiame v\u00f5rokeste p\u00e4randust. Eelmisel p\u00e4eval 31. mail 2024 kell 19 kontsert P\u00f5lva Maarja kirikus Ettekandele tuleb P\u00f5lva kihelkonna rahvaviisidele ja [&hellip;]<\/p>\n","protected":false},"author":1,"featured_media":0,"parent":3668,"menu_order":0,"comment_status":"closed","ping_status":"closed","template":"","meta":{"footnotes":""},"class_list":["post-3567","page","type-page","status-publish","hentry"],"yoast_head":"<!-- This site is optimized with the Yoast SEO plugin v27.4 - https:\/\/yoast.com\/product\/yoast-seo-wordpress\/ -->\n<title>Peo kava - Uma Pido<\/title>\n<meta name=\"robots\" content=\"index, follow, max-snippet:-1, max-image-preview:large, max-video-preview:-1\" \/>\n<link rel=\"canonical\" href=\"https:\/\/umapido.ee\/et\/peo-kava\/\" \/>\n<meta property=\"og:locale\" content=\"et_EE\" \/>\n<meta property=\"og:type\" content=\"article\" \/>\n<meta property=\"og:title\" content=\"Peo kava - Uma Pido\" \/>\n<meta property=\"og:description\" content=\"VI v\u00f5rukeelne laulu- ja rahvapidu Uma Pido 1. juunil 2024 P\u00f5lva Intsikurmu laululaval Seekordse peo keskmes on m\u00e4ng \u2013 et saaks teha nalja ja vigurit. Laulame, m\u00e4ngime, lustime ja hingame \u00fcheskoos! Tunneme lihtsalt r\u00f5\u00f5mu ja hoiame v\u00f5rokeste p\u00e4randust. Eelmisel p\u00e4eval 31. mail 2024 kell 19 kontsert P\u00f5lva Maarja kirikus Ettekandele tuleb P\u00f5lva kihelkonna rahvaviisidele ja [&hellip;]\" \/>\n<meta property=\"og:url\" content=\"https:\/\/umapido.ee\/et\/peo-kava\/\" \/>\n<meta property=\"og:site_name\" content=\"Uma Pido\" \/>\n<meta property=\"article:publisher\" content=\"https:\/\/www.facebook.com\/UmaPido-278039651663\/\" \/>\n<meta property=\"article:modified_time\" content=\"2024-05-22T16:14:12+00:00\" \/>\n<meta name=\"twitter:card\" content=\"summary_large_image\" \/>\n<meta name=\"twitter:label1\" content=\"Est. reading time\" \/>\n\t<meta name=\"twitter:data1\" content=\"2 minutit\" \/>\n<script type=\"application\/ld+json\" class=\"yoast-schema-graph\">{\"@context\":\"https:\\\/\\\/schema.org\",\"@graph\":[{\"@type\":\"WebPage\",\"@id\":\"https:\\\/\\\/umapido.ee\\\/et\\\/peo-kava\\\/\",\"url\":\"https:\\\/\\\/umapido.ee\\\/et\\\/peo-kava\\\/\",\"name\":\"Peo kava - Uma Pido\",\"isPartOf\":{\"@id\":\"https:\\\/\\\/umapido.ee\\\/#website\"},\"datePublished\":\"2024-05-22T13:10:47+00:00\",\"dateModified\":\"2024-05-22T16:14:12+00:00\",\"breadcrumb\":{\"@id\":\"https:\\\/\\\/umapido.ee\\\/et\\\/peo-kava\\\/#breadcrumb\"},\"inLanguage\":\"et\",\"potentialAction\":[{\"@type\":\"ReadAction\",\"target\":[\"https:\\\/\\\/umapido.ee\\\/et\\\/peo-kava\\\/\"]}]},{\"@type\":\"BreadcrumbList\",\"@id\":\"https:\\\/\\\/umapido.ee\\\/et\\\/peo-kava\\\/#breadcrumb\",\"itemListElement\":[{\"@type\":\"ListItem\",\"position\":1,\"name\":\"Home\",\"item\":\"https:\\\/\\\/umapido.ee\\\/et\\\/\"},{\"@type\":\"ListItem\",\"position\":2,\"name\":\"Peo kava\"}]},{\"@type\":\"WebSite\",\"@id\":\"https:\\\/\\\/umapido.ee\\\/#website\",\"url\":\"https:\\\/\\\/umapido.ee\\\/\",\"name\":\"Uma Pido\",\"description\":\"V\u00f5rokeeline laulu- ja rahvapido\",\"potentialAction\":[{\"@type\":\"SearchAction\",\"target\":{\"@type\":\"EntryPoint\",\"urlTemplate\":\"https:\\\/\\\/umapido.ee\\\/?s={search_term_string}\"},\"query-input\":{\"@type\":\"PropertyValueSpecification\",\"valueRequired\":true,\"valueName\":\"search_term_string\"}}],\"inLanguage\":\"et\"}]}<\/script>\n<!-- \/ Yoast SEO plugin. -->","yoast_head_json":{"title":"Peo kava - Uma Pido","robots":{"index":"index","follow":"follow","max-snippet":"max-snippet:-1","max-image-preview":"max-image-preview:large","max-video-preview":"max-video-preview:-1"},"canonical":"https:\/\/umapido.ee\/et\/peo-kava\/","og_locale":"et_EE","og_type":"article","og_title":"Peo kava - Uma Pido","og_description":"VI v\u00f5rukeelne laulu- ja rahvapidu Uma Pido 1. juunil 2024 P\u00f5lva Intsikurmu laululaval Seekordse peo keskmes on m\u00e4ng \u2013 et saaks teha nalja ja vigurit. Laulame, m\u00e4ngime, lustime ja hingame \u00fcheskoos! Tunneme lihtsalt r\u00f5\u00f5mu ja hoiame v\u00f5rokeste p\u00e4randust. Eelmisel p\u00e4eval 31. mail 2024 kell 19 kontsert P\u00f5lva Maarja kirikus Ettekandele tuleb P\u00f5lva kihelkonna rahvaviisidele ja [&hellip;]","og_url":"https:\/\/umapido.ee\/et\/peo-kava\/","og_site_name":"Uma Pido","article_publisher":"https:\/\/www.facebook.com\/UmaPido-278039651663\/","article_modified_time":"2024-05-22T16:14:12+00:00","twitter_card":"summary_large_image","twitter_misc":{"Est. reading time":"2 minutit"},"schema":{"@context":"https:\/\/schema.org","@graph":[{"@type":"WebPage","@id":"https:\/\/umapido.ee\/et\/peo-kava\/","url":"https:\/\/umapido.ee\/et\/peo-kava\/","name":"Peo kava - Uma Pido","isPartOf":{"@id":"https:\/\/umapido.ee\/#website"},"datePublished":"2024-05-22T13:10:47+00:00","dateModified":"2024-05-22T16:14:12+00:00","breadcrumb":{"@id":"https:\/\/umapido.ee\/et\/peo-kava\/#breadcrumb"},"inLanguage":"et","potentialAction":[{"@type":"ReadAction","target":["https:\/\/umapido.ee\/et\/peo-kava\/"]}]},{"@type":"BreadcrumbList","@id":"https:\/\/umapido.ee\/et\/peo-kava\/#breadcrumb","itemListElement":[{"@type":"ListItem","position":1,"name":"Home","item":"https:\/\/umapido.ee\/et\/"},{"@type":"ListItem","position":2,"name":"Peo kava"}]},{"@type":"WebSite","@id":"https:\/\/umapido.ee\/#website","url":"https:\/\/umapido.ee\/","name":"Uma Pido","description":"V\u00f5rokeeline laulu- ja rahvapido","potentialAction":[{"@type":"SearchAction","target":{"@type":"EntryPoint","urlTemplate":"https:\/\/umapido.ee\/?s={search_term_string}"},"query-input":{"@type":"PropertyValueSpecification","valueRequired":true,"valueName":"search_term_string"}}],"inLanguage":"et"}]}},"_links":{"self":[{"href":"https:\/\/umapido.ee\/et\/wp-json\/wp\/v2\/pages\/3567","targetHints":{"allow":["GET"]}}],"collection":[{"href":"https:\/\/umapido.ee\/et\/wp-json\/wp\/v2\/pages"}],"about":[{"href":"https:\/\/umapido.ee\/et\/wp-json\/wp\/v2\/types\/page"}],"author":[{"embeddable":true,"href":"https:\/\/umapido.ee\/et\/wp-json\/wp\/v2\/users\/1"}],"replies":[{"embeddable":true,"href":"https:\/\/umapido.ee\/et\/wp-json\/wp\/v2\/comments?post=3567"}],"version-history":[{"count":4,"href":"https:\/\/umapido.ee\/et\/wp-json\/wp\/v2\/pages\/3567\/revisions"}],"predecessor-version":[{"id":3576,"href":"https:\/\/umapido.ee\/et\/wp-json\/wp\/v2\/pages\/3567\/revisions\/3576"}],"up":[{"embeddable":true,"href":"https:\/\/umapido.ee\/et\/wp-json\/wp\/v2\/pages\/3668"}],"wp:attachment":[{"href":"https:\/\/umapido.ee\/et\/wp-json\/wp\/v2\/media?parent=3567"}],"curies":[{"name":"wp","href":"https:\/\/api.w.org\/{rel}","templated":true}]}}