{"id":2247,"date":"2019-05-02T20:38:29","date_gmt":"2019-05-02T17:38:29","guid":{"rendered":"https:\/\/umapido.ee\/?page_id=2247"},"modified":"2024-05-28T18:31:59","modified_gmt":"2024-05-28T15:31:59","slug":"esinejate-info-2024","status":"publish","type":"page","link":"https:\/\/umapido.ee\/et\/pidu-2024\/esinejate-info-2024\/","title":{"rendered":"Esinejate info"},"content":{"rendered":"<p><a href=\"https:\/\/umapido.ee\/wp-content\/uploads\/2024\/05\/2024_005_e1.pdf\" target=\"_blank\" rel=\"noopener\">Peop\u00e4eva info<br \/>\n<\/a><\/p>\n<p>&nbsp;<\/p>\n<p><a href=\"https:\/\/umapido.ee\/wp-content\/uploads\/2024\/05\/2024_004_e.pdf\" target=\"_blank\" rel=\"noopener\">Peop\u00e4eva s\u00f6\u00f6giinfo esinejatele<\/a><\/p>\n<p>&nbsp;<\/p>\n<p><a href=\"https:\/\/umapido.ee\/wp-content\/uploads\/2024\/03\/2024_003_e-1.pdf\" target=\"_blank\" rel=\"noopener\">Uma Pido t-s\u00e4rgi tellimine<\/a><\/p>\n<p>&nbsp;<\/p>\n<p><a href=\"https:\/\/umapido.ee\/wp-content\/uploads\/2024\/04\/2024_004.pdf\" target=\"_blank\" rel=\"noopener\">Peole registreerunud koorid<\/a><\/p>\n<p>&nbsp;<\/p>\n<p><a href=\"https:\/\/umapido.ee\/wp-content\/uploads\/2024\/02\/2024_002_e.pdf\" target=\"_blank\" rel=\"noopener\">VI Uma Pido koondproovid<\/a><\/p>\n<p>&nbsp;<\/p>\n<p><a href=\"https:\/\/umapido.ee\/wp-content\/uploads\/2024\/01\/2024_001_e.pdf\" target=\"_blank\" rel=\"noopener\">VI Uma Pido dirigentide n\u00f5uanded <\/a><a href=\"https:\/\/umapido.ee\/wp-content\/uploads\/2024\/01\/2024_001_e.pdf\" target=\"_blank\" rel=\"noopener\">22.01.2024<\/a><\/p>\n<p>&nbsp;<\/p>\n<p><a href=\"https:\/\/umapido.ee\/wp-content\/uploads\/2024\/04\/2024_004_e.pdf\" target=\"_blank\" rel=\"noopener\">Info kooridele (Liigijuhid ja noodiparandused)<\/a><\/p>\n<p>&nbsp;<\/p>\n<p><a href=\"https:\/\/umapido.ee\/wp-content\/uploads\/2023\/09\/2023_3_e.pdf\" target=\"_blank\" rel=\"noopener\">Uma Pido kutsub<em> naisi nurm\u00f5st<\/em> ja <em>miihi m\u00f5tsast<\/em> laulma.<\/a><\/p>\n<p>&nbsp;<\/p>\n<p><a href=\"https:\/\/forms.gle\/GzjGyJggXY4QMriS8\" target=\"_blank\" rel=\"noopener\">Registreerumine VI Uma Pidole.<\/a><\/p>\n<p>&nbsp;<\/p>\n<p><a href=\"https:\/\/umapido.ee\/wp-content\/uploads\/2023\/05\/VI_UP_laule_seletava_t6lke_ek_vk.pdf\" target=\"_blank\" rel=\"noopener\">VI Uma Pido laulude seletavad t\u00f5lked eesti keelde.<\/a><\/p>\n<p>&nbsp;<\/p>\n<p><strong>Laulud kooridele \u00f5ppimiseks<\/strong><\/p>\n<p>&nbsp;<\/p>\n<p><strong>Laste laulud<\/strong><\/p>\n<p>Tuu\u2019 mull\u00f5 Munam\u00e4gi!<\/p>\n<audio class=\"wp-audio-shortcode\" id=\"audio-2247-1\" preload=\"none\" style=\"width: 100%;\" controls=\"controls\"><source type=\"audio\/mpeg\" src=\"https:\/\/umapido.ee\/wp-content\/uploads\/2023\/10\/Tuu-mull6-munamagi.mp3?_=1\" \/><a href=\"https:\/\/umapido.ee\/wp-content\/uploads\/2023\/10\/Tuu-mull6-munamagi.mp3\">https:\/\/umapido.ee\/wp-content\/uploads\/2023\/10\/Tuu-mull6-munamagi.mp3<\/a><\/audio>\n<p>&nbsp;<\/p>\n<p>Fono: Tuu&#8217; mull\u00f5 Munam\u00e4gi<\/p>\n<audio class=\"wp-audio-shortcode\" id=\"audio-2247-2\" preload=\"none\" style=\"width: 100%;\" controls=\"controls\"><source type=\"audio\/mpeg\" src=\"https:\/\/umapido.ee\/wp-content\/uploads\/2024\/01\/Tuu-mull6-Munam2gi-Saade.mp3?_=2\" \/><a href=\"https:\/\/umapido.ee\/wp-content\/uploads\/2024\/01\/Tuu-mull6-Munam2gi-Saade.mp3\">https:\/\/umapido.ee\/wp-content\/uploads\/2024\/01\/Tuu-mull6-Munam2gi-Saade.mp3<\/a><\/audio>\n<p>&nbsp;<\/p>\n<p>Rikas lats<\/p>\n<audio class=\"wp-audio-shortcode\" id=\"audio-2247-3\" preload=\"none\" style=\"width: 100%;\" controls=\"controls\"><source type=\"audio\/mpeg\" src=\"https:\/\/umapido.ee\/wp-content\/uploads\/2023\/10\/Rikas-lats.mp3?_=3\" \/><a href=\"https:\/\/umapido.ee\/wp-content\/uploads\/2023\/10\/Rikas-lats.mp3\">https:\/\/umapido.ee\/wp-content\/uploads\/2023\/10\/Rikas-lats.mp3<\/a><\/audio>\n<p>&nbsp;<\/p>\n<p>Fono: Rikas lats<\/p>\n<audio class=\"wp-audio-shortcode\" id=\"audio-2247-4\" preload=\"none\" style=\"width: 100%;\" controls=\"controls\"><source type=\"audio\/mpeg\" src=\"https:\/\/umapido.ee\/wp-content\/uploads\/2024\/01\/Rikas-lats-Saade.mp3?_=4\" \/><a href=\"https:\/\/umapido.ee\/wp-content\/uploads\/2024\/01\/Rikas-lats-Saade.mp3\">https:\/\/umapido.ee\/wp-content\/uploads\/2024\/01\/Rikas-lats-Saade.mp3<\/a><\/audio>\n<p>&nbsp;<\/p>\n<p>Lauligu lats\u00f5p\u00f5lv<\/p>\n<audio class=\"wp-audio-shortcode\" id=\"audio-2247-5\" preload=\"none\" style=\"width: 100%;\" controls=\"controls\"><source type=\"audio\/mpeg\" src=\"https:\/\/umapido.ee\/wp-content\/uploads\/2023\/10\/Lauligu-latsopolv.mp3?_=5\" \/><a href=\"https:\/\/umapido.ee\/wp-content\/uploads\/2023\/10\/Lauligu-latsopolv.mp3\">https:\/\/umapido.ee\/wp-content\/uploads\/2023\/10\/Lauligu-latsopolv.mp3<\/a><\/audio>\n<p>&nbsp;<\/p>\n<p>Fono: Lauligu lats\u00f5p\u00f5lv<\/p>\n<audio class=\"wp-audio-shortcode\" id=\"audio-2247-6\" preload=\"none\" style=\"width: 100%;\" controls=\"controls\"><source type=\"audio\/mpeg\" src=\"https:\/\/umapido.ee\/wp-content\/uploads\/2024\/01\/Lauligu-lats6p6lv-Saade.mp3?_=6\" \/><a href=\"https:\/\/umapido.ee\/wp-content\/uploads\/2024\/01\/Lauligu-lats6p6lv-Saade.mp3\">https:\/\/umapido.ee\/wp-content\/uploads\/2024\/01\/Lauligu-lats6p6lv-Saade.mp3<\/a><\/audio>\n<p>&nbsp;<\/p>\n<p>No kos tuu iPhone j\u00e4i!<\/p>\n<audio class=\"wp-audio-shortcode\" id=\"audio-2247-7\" preload=\"none\" style=\"width: 100%;\" controls=\"controls\"><source type=\"audio\/mpeg\" src=\"https:\/\/umapido.ee\/wp-content\/uploads\/2023\/10\/iphone.mp3?_=7\" \/><a href=\"https:\/\/umapido.ee\/wp-content\/uploads\/2023\/10\/iphone.mp3\">https:\/\/umapido.ee\/wp-content\/uploads\/2023\/10\/iphone.mp3<\/a><\/audio>\n<p>&nbsp;<\/p>\n<p>Fono: No kos tuu iphone j\u00e4i (harjutustempo 74)<\/p>\n<audio class=\"wp-audio-shortcode\" id=\"audio-2247-8\" preload=\"none\" style=\"width: 100%;\" controls=\"controls\"><source type=\"audio\/mpeg\" src=\"https:\/\/umapido.ee\/wp-content\/uploads\/2024\/01\/No-kos-tuu-iphone-j2i-Harjutustempo-74.mp3?_=8\" \/><a href=\"https:\/\/umapido.ee\/wp-content\/uploads\/2024\/01\/No-kos-tuu-iphone-j2i-Harjutustempo-74.mp3\">https:\/\/umapido.ee\/wp-content\/uploads\/2024\/01\/No-kos-tuu-iphone-j2i-Harjutustempo-74.mp3<\/a><\/audio>\n<p>&nbsp;<\/p>\n<p>Fono: No kos tuu iphone j\u00e4i<\/p>\n<audio class=\"wp-audio-shortcode\" id=\"audio-2247-9\" preload=\"none\" style=\"width: 100%;\" controls=\"controls\"><source type=\"audio\/mpeg\" src=\"https:\/\/umapido.ee\/wp-content\/uploads\/2024\/01\/No-kos-tuu-iphone-j2i-Saade.mp3?_=9\" \/><a href=\"https:\/\/umapido.ee\/wp-content\/uploads\/2024\/01\/No-kos-tuu-iphone-j2i-Saade.mp3\">https:\/\/umapido.ee\/wp-content\/uploads\/2024\/01\/No-kos-tuu-iphone-j2i-Saade.mp3<\/a><\/audio>\n<p>&nbsp;<\/p>\n<p>Ma nakka puus<\/p>\n<audio class=\"wp-audio-shortcode\" id=\"audio-2247-10\" preload=\"none\" style=\"width: 100%;\" controls=\"controls\"><source type=\"audio\/mpeg\" src=\"https:\/\/umapido.ee\/wp-content\/uploads\/2023\/11\/ma_nakka_puus.mp3?_=10\" \/><a href=\"https:\/\/umapido.ee\/wp-content\/uploads\/2023\/11\/ma_nakka_puus.mp3\">https:\/\/umapido.ee\/wp-content\/uploads\/2023\/11\/ma_nakka_puus.mp3<\/a><\/audio>\n<p>&nbsp;<\/p>\n<p>Fono: Ma nakka puus<\/p>\n<audio class=\"wp-audio-shortcode\" id=\"audio-2247-11\" preload=\"none\" style=\"width: 100%;\" controls=\"controls\"><source type=\"audio\/mpeg\" src=\"https:\/\/umapido.ee\/wp-content\/uploads\/2024\/01\/Ma-nakka-puus-Saade.mp3?_=11\" \/><a href=\"https:\/\/umapido.ee\/wp-content\/uploads\/2024\/01\/Ma-nakka-puus-Saade.mp3\">https:\/\/umapido.ee\/wp-content\/uploads\/2024\/01\/Ma-nakka-puus-Saade.mp3<\/a><\/audio>\n<p>&nbsp;<\/p>\n<p><strong>Naiskoori laulud<\/strong><\/p>\n<p>P\u00e4\u00e4v\u00e4 v\u00e4gi<\/p>\n<audio class=\"wp-audio-shortcode\" id=\"audio-2247-12\" preload=\"none\" style=\"width: 100%;\" controls=\"controls\"><source type=\"audio\/mpeg\" src=\"https:\/\/umapido.ee\/wp-content\/uploads\/2023\/10\/Paava-vagi.mp3?_=12\" \/><a href=\"https:\/\/umapido.ee\/wp-content\/uploads\/2023\/10\/Paava-vagi.mp3\">https:\/\/umapido.ee\/wp-content\/uploads\/2023\/10\/Paava-vagi.mp3<\/a><\/audio>\n<p>&nbsp;<\/p>\n<p>Naas\u00f5&#8217; ei j\u00e4t\u00e4&#8217;!<\/p>\n<audio class=\"wp-audio-shortcode\" id=\"audio-2247-13\" preload=\"none\" style=\"width: 100%;\" controls=\"controls\"><source type=\"audio\/mpeg\" src=\"https:\/\/umapido.ee\/wp-content\/uploads\/2023\/10\/naas6_ei_j2t2.mp3?_=13\" \/><a href=\"https:\/\/umapido.ee\/wp-content\/uploads\/2023\/10\/naas6_ei_j2t2.mp3\">https:\/\/umapido.ee\/wp-content\/uploads\/2023\/10\/naas6_ei_j2t2.mp3<\/a><\/audio>\n<p>&nbsp;<\/p>\n<p><strong>Meeskoori laulud<\/strong><\/p>\n<p>J\u00e4\u00e4mi&#8217; alal\u00f5<\/p>\n<audio class=\"wp-audio-shortcode\" id=\"audio-2247-14\" preload=\"none\" style=\"width: 100%;\" controls=\"controls\"><source type=\"audio\/mpeg\" src=\"https:\/\/umapido.ee\/wp-content\/uploads\/2023\/10\/j22mi_alal6.mp3?_=14\" \/><a href=\"https:\/\/umapido.ee\/wp-content\/uploads\/2023\/10\/j22mi_alal6.mp3\">https:\/\/umapido.ee\/wp-content\/uploads\/2023\/10\/j22mi_alal6.mp3<\/a><\/audio>\n<p>&nbsp;<\/p>\n<p>Uma saatus\u00f5 pool\u00f5<\/p>\n<audio class=\"wp-audio-shortcode\" id=\"audio-2247-15\" preload=\"none\" style=\"width: 100%;\" controls=\"controls\"><source type=\"audio\/mpeg\" src=\"https:\/\/umapido.ee\/wp-content\/uploads\/2024\/01\/Saatus6_pool6.mp3?_=15\" \/><a href=\"https:\/\/umapido.ee\/wp-content\/uploads\/2024\/01\/Saatus6_pool6.mp3\">https:\/\/umapido.ee\/wp-content\/uploads\/2024\/01\/Saatus6_pool6.mp3<\/a><\/audio>\n<p>&nbsp;<\/p>\n<p><strong>Segakoori laulud<\/strong><\/p>\n<p>Tii\u2019 k\u00f5rva\u2019 vallal\u00f5!<\/p>\n<audio class=\"wp-audio-shortcode\" id=\"audio-2247-16\" preload=\"none\" style=\"width: 100%;\" controls=\"controls\"><source type=\"audio\/mpeg\" src=\"https:\/\/umapido.ee\/wp-content\/uploads\/2023\/10\/Tii-k6rva-vallal6.mp3?_=16\" \/><a href=\"https:\/\/umapido.ee\/wp-content\/uploads\/2023\/10\/Tii-k6rva-vallal6.mp3\">https:\/\/umapido.ee\/wp-content\/uploads\/2023\/10\/Tii-k6rva-vallal6.mp3<\/a><\/audio>\n<p>&nbsp;<\/p>\n<p>M\u00f5t\u00f5lus<\/p>\n<audio class=\"wp-audio-shortcode\" id=\"audio-2247-17\" preload=\"none\" style=\"width: 100%;\" controls=\"controls\"><source type=\"audio\/mpeg\" src=\"https:\/\/umapido.ee\/wp-content\/uploads\/2023\/10\/Motolus.mp3?_=17\" \/><a href=\"https:\/\/umapido.ee\/wp-content\/uploads\/2023\/10\/Motolus.mp3\">https:\/\/umapido.ee\/wp-content\/uploads\/2023\/10\/Motolus.mp3<\/a><\/audio>\n<p>&nbsp;<\/p>\n<p><strong>\u00dchendkoori laulud<\/strong><\/p>\n<p>Kas om viil ilmah ilosambat paika<\/p>\n<audio class=\"wp-audio-shortcode\" id=\"audio-2247-18\" preload=\"none\" style=\"width: 100%;\" controls=\"controls\"><source type=\"audio\/mpeg\" src=\"https:\/\/umapido.ee\/wp-content\/uploads\/2023\/10\/Kas-om-viil-ilmah-ilosambat-paika.mp3?_=18\" \/><a href=\"https:\/\/umapido.ee\/wp-content\/uploads\/2023\/10\/Kas-om-viil-ilmah-ilosambat-paika.mp3\">https:\/\/umapido.ee\/wp-content\/uploads\/2023\/10\/Kas-om-viil-ilmah-ilosambat-paika.mp3<\/a><\/audio>\n<p>&nbsp;<\/p>\n<p>Laul sulama pand j\u00e4\u00e4<\/p>\n<audio class=\"wp-audio-shortcode\" id=\"audio-2247-19\" preload=\"none\" style=\"width: 100%;\" controls=\"controls\"><source type=\"audio\/mpeg\" src=\"https:\/\/umapido.ee\/wp-content\/uploads\/2023\/10\/Laul-sulama-pand-j22.mp3?_=19\" \/><a href=\"https:\/\/umapido.ee\/wp-content\/uploads\/2023\/10\/Laul-sulama-pand-j22.mp3\">https:\/\/umapido.ee\/wp-content\/uploads\/2023\/10\/Laul-sulama-pand-j22.mp3<\/a><\/audio>\n<p>&nbsp;<\/p>\n<p>Koh kuradi kotsil ma el\u00e4<\/p>\n<audio class=\"wp-audio-shortcode\" id=\"audio-2247-20\" preload=\"none\" style=\"width: 100%;\" controls=\"controls\"><source type=\"audio\/mpeg\" src=\"https:\/\/umapido.ee\/wp-content\/uploads\/2023\/11\/Koh_kuradi_kotsil_ma_ela.mp3?_=20\" \/><a href=\"https:\/\/umapido.ee\/wp-content\/uploads\/2023\/11\/Koh_kuradi_kotsil_ma_ela.mp3\">https:\/\/umapido.ee\/wp-content\/uploads\/2023\/11\/Koh_kuradi_kotsil_ma_ela.mp3<\/a><\/audio>\n<p>&nbsp;<\/p>\n<p>Mino maa<\/p>\n<audio class=\"wp-audio-shortcode\" id=\"audio-2247-21\" preload=\"none\" style=\"width: 100%;\" controls=\"controls\"><source type=\"audio\/mpeg\" src=\"https:\/\/umapido.ee\/wp-content\/uploads\/2023\/10\/Mino_maa.mp3?_=21\" \/><a href=\"https:\/\/umapido.ee\/wp-content\/uploads\/2023\/10\/Mino_maa.mp3\">https:\/\/umapido.ee\/wp-content\/uploads\/2023\/10\/Mino_maa.mp3<\/a><\/audio>\n<p>&nbsp;<\/p>\n<p>J\u00e4nese jala&#8217;<\/p>\n<audio class=\"wp-audio-shortcode\" id=\"audio-2247-22\" preload=\"none\" style=\"width: 100%;\" controls=\"controls\"><source type=\"audio\/mpeg\" src=\"https:\/\/umapido.ee\/wp-content\/uploads\/2023\/10\/janese_jala.mp3?_=22\" \/><a href=\"https:\/\/umapido.ee\/wp-content\/uploads\/2023\/10\/janese_jala.mp3\">https:\/\/umapido.ee\/wp-content\/uploads\/2023\/10\/janese_jala.mp3<\/a><\/audio>\n<p>&nbsp;<\/p>\n","protected":false},"excerpt":{"rendered":"<p>Peop\u00e4eva info &nbsp; Peop\u00e4eva s\u00f6\u00f6giinfo esinejatele &nbsp; Uma Pido t-s\u00e4rgi tellimine &nbsp; Peole registreerunud koorid &nbsp; VI Uma Pido koondproovid &nbsp; VI Uma Pido dirigentide n\u00f5uanded 22.01.2024 &nbsp; Info kooridele (Liigijuhid ja noodiparandused) &nbsp; Uma Pido kutsub naisi nurm\u00f5st ja miihi m\u00f5tsast laulma. &nbsp; Registreerumine VI Uma Pidole. &nbsp; VI Uma Pido laulude seletavad t\u00f5lked [&hellip;]<\/p>\n","protected":false},"author":3,"featured_media":0,"parent":3668,"menu_order":0,"comment_status":"closed","ping_status":"closed","template":"","meta":{"footnotes":""},"class_list":["post-2247","page","type-page","status-publish","hentry"],"yoast_head":"<!-- This site is optimized with the Yoast SEO plugin v27.4 - https:\/\/yoast.com\/product\/yoast-seo-wordpress\/ -->\n<title>Esinejate info - Uma Pido<\/title>\n<meta name=\"robots\" content=\"index, follow, max-snippet:-1, max-image-preview:large, max-video-preview:-1\" \/>\n<link rel=\"canonical\" href=\"https:\/\/umapido.ee\/et\/esinejate-info-2024\/\" \/>\n<meta property=\"og:locale\" content=\"et_EE\" \/>\n<meta property=\"og:type\" content=\"article\" \/>\n<meta property=\"og:title\" content=\"Esinejate info - Uma Pido\" \/>\n<meta property=\"og:description\" content=\"Peop\u00e4eva info &nbsp; Peop\u00e4eva s\u00f6\u00f6giinfo esinejatele &nbsp; Uma Pido t-s\u00e4rgi tellimine &nbsp; Peole registreerunud koorid &nbsp; VI Uma Pido koondproovid &nbsp; VI Uma Pido dirigentide n\u00f5uanded 22.01.2024 &nbsp; Info kooridele (Liigijuhid ja noodiparandused) &nbsp; Uma Pido kutsub naisi nurm\u00f5st ja miihi m\u00f5tsast laulma. &nbsp; Registreerumine VI Uma Pidole. &nbsp; VI Uma Pido laulude seletavad t\u00f5lked [&hellip;]\" \/>\n<meta property=\"og:url\" content=\"https:\/\/umapido.ee\/et\/esinejate-info-2024\/\" \/>\n<meta property=\"og:site_name\" content=\"Uma Pido\" \/>\n<meta property=\"article:publisher\" content=\"https:\/\/www.facebook.com\/UmaPido-278039651663\/\" \/>\n<meta property=\"article:modified_time\" content=\"2024-05-28T15:31:59+00:00\" \/>\n<meta name=\"twitter:card\" content=\"summary_large_image\" \/>\n<meta name=\"twitter:label1\" content=\"Est. reading time\" \/>\n\t<meta name=\"twitter:data1\" content=\"1 minut\" \/>\n<script type=\"application\/ld+json\" class=\"yoast-schema-graph\">{\"@context\":\"https:\\\/\\\/schema.org\",\"@graph\":[{\"@type\":\"WebPage\",\"@id\":\"https:\\\/\\\/umapido.ee\\\/et\\\/esinejate-info-2024\\\/\",\"url\":\"https:\\\/\\\/umapido.ee\\\/et\\\/esinejate-info-2024\\\/\",\"name\":\"Esinejate info - Uma Pido\",\"isPartOf\":{\"@id\":\"https:\\\/\\\/umapido.ee\\\/#website\"},\"datePublished\":\"2019-05-02T17:38:29+00:00\",\"dateModified\":\"2024-05-28T15:31:59+00:00\",\"breadcrumb\":{\"@id\":\"https:\\\/\\\/umapido.ee\\\/et\\\/esinejate-info-2024\\\/#breadcrumb\"},\"inLanguage\":\"et\",\"potentialAction\":[{\"@type\":\"ReadAction\",\"target\":[\"https:\\\/\\\/umapido.ee\\\/et\\\/esinejate-info-2024\\\/\"]}]},{\"@type\":\"BreadcrumbList\",\"@id\":\"https:\\\/\\\/umapido.ee\\\/et\\\/esinejate-info-2024\\\/#breadcrumb\",\"itemListElement\":[{\"@type\":\"ListItem\",\"position\":1,\"name\":\"Home\",\"item\":\"https:\\\/\\\/umapido.ee\\\/et\\\/\"},{\"@type\":\"ListItem\",\"position\":2,\"name\":\"Esinejate info\"}]},{\"@type\":\"WebSite\",\"@id\":\"https:\\\/\\\/umapido.ee\\\/#website\",\"url\":\"https:\\\/\\\/umapido.ee\\\/\",\"name\":\"Uma Pido\",\"description\":\"V\u00f5rokeeline laulu- ja rahvapido\",\"potentialAction\":[{\"@type\":\"SearchAction\",\"target\":{\"@type\":\"EntryPoint\",\"urlTemplate\":\"https:\\\/\\\/umapido.ee\\\/?s={search_term_string}\"},\"query-input\":{\"@type\":\"PropertyValueSpecification\",\"valueRequired\":true,\"valueName\":\"search_term_string\"}}],\"inLanguage\":\"et\"}]}<\/script>\n<!-- \/ Yoast SEO plugin. -->","yoast_head_json":{"title":"Esinejate info - Uma Pido","robots":{"index":"index","follow":"follow","max-snippet":"max-snippet:-1","max-image-preview":"max-image-preview:large","max-video-preview":"max-video-preview:-1"},"canonical":"https:\/\/umapido.ee\/et\/esinejate-info-2024\/","og_locale":"et_EE","og_type":"article","og_title":"Esinejate info - Uma Pido","og_description":"Peop\u00e4eva info &nbsp; Peop\u00e4eva s\u00f6\u00f6giinfo esinejatele &nbsp; Uma Pido t-s\u00e4rgi tellimine &nbsp; Peole registreerunud koorid &nbsp; VI Uma Pido koondproovid &nbsp; VI Uma Pido dirigentide n\u00f5uanded 22.01.2024 &nbsp; Info kooridele (Liigijuhid ja noodiparandused) &nbsp; Uma Pido kutsub naisi nurm\u00f5st ja miihi m\u00f5tsast laulma. &nbsp; Registreerumine VI Uma Pidole. &nbsp; VI Uma Pido laulude seletavad t\u00f5lked [&hellip;]","og_url":"https:\/\/umapido.ee\/et\/esinejate-info-2024\/","og_site_name":"Uma Pido","article_publisher":"https:\/\/www.facebook.com\/UmaPido-278039651663\/","article_modified_time":"2024-05-28T15:31:59+00:00","twitter_card":"summary_large_image","twitter_misc":{"Est. reading time":"1 minut"},"schema":{"@context":"https:\/\/schema.org","@graph":[{"@type":"WebPage","@id":"https:\/\/umapido.ee\/et\/esinejate-info-2024\/","url":"https:\/\/umapido.ee\/et\/esinejate-info-2024\/","name":"Esinejate info - Uma Pido","isPartOf":{"@id":"https:\/\/umapido.ee\/#website"},"datePublished":"2019-05-02T17:38:29+00:00","dateModified":"2024-05-28T15:31:59+00:00","breadcrumb":{"@id":"https:\/\/umapido.ee\/et\/esinejate-info-2024\/#breadcrumb"},"inLanguage":"et","potentialAction":[{"@type":"ReadAction","target":["https:\/\/umapido.ee\/et\/esinejate-info-2024\/"]}]},{"@type":"BreadcrumbList","@id":"https:\/\/umapido.ee\/et\/esinejate-info-2024\/#breadcrumb","itemListElement":[{"@type":"ListItem","position":1,"name":"Home","item":"https:\/\/umapido.ee\/et\/"},{"@type":"ListItem","position":2,"name":"Esinejate info"}]},{"@type":"WebSite","@id":"https:\/\/umapido.ee\/#website","url":"https:\/\/umapido.ee\/","name":"Uma Pido","description":"V\u00f5rokeeline laulu- ja rahvapido","potentialAction":[{"@type":"SearchAction","target":{"@type":"EntryPoint","urlTemplate":"https:\/\/umapido.ee\/?s={search_term_string}"},"query-input":{"@type":"PropertyValueSpecification","valueRequired":true,"valueName":"search_term_string"}}],"inLanguage":"et"}]}},"_links":{"self":[{"href":"https:\/\/umapido.ee\/et\/wp-json\/wp\/v2\/pages\/2247","targetHints":{"allow":["GET"]}}],"collection":[{"href":"https:\/\/umapido.ee\/et\/wp-json\/wp\/v2\/pages"}],"about":[{"href":"https:\/\/umapido.ee\/et\/wp-json\/wp\/v2\/types\/page"}],"author":[{"embeddable":true,"href":"https:\/\/umapido.ee\/et\/wp-json\/wp\/v2\/users\/3"}],"replies":[{"embeddable":true,"href":"https:\/\/umapido.ee\/et\/wp-json\/wp\/v2\/comments?post=2247"}],"version-history":[{"count":56,"href":"https:\/\/umapido.ee\/et\/wp-json\/wp\/v2\/pages\/2247\/revisions"}],"predecessor-version":[{"id":3593,"href":"https:\/\/umapido.ee\/et\/wp-json\/wp\/v2\/pages\/2247\/revisions\/3593"}],"up":[{"embeddable":true,"href":"https:\/\/umapido.ee\/et\/wp-json\/wp\/v2\/pages\/3668"}],"wp:attachment":[{"href":"https:\/\/umapido.ee\/et\/wp-json\/wp\/v2\/media?parent=2247"}],"curies":[{"name":"wp","href":"https:\/\/api.w.org\/{rel}","templated":true}]}}