{"id":2103,"date":"2018-11-16T11:55:37","date_gmt":"2018-11-16T09:55:37","guid":{"rendered":"https:\/\/umapido.ee\/?page_id=2103"},"modified":"2018-11-16T11:55:37","modified_gmt":"2018-11-16T09:55:37","slug":"kontakt","status":"publish","type":"page","link":"https:\/\/umapido.ee\/et\/pido-2018\/kontakt\/","title":{"rendered":"Kontakt"},"content":{"rendered":"<p>V Uma Pido korraldust veavad:<br \/>\n<strong>Merike Tigas<\/strong> (projektijuht) 56916280, merike.tigas (\u00e4t) wi.ee<br \/>\n<strong>Egle Vodi<\/strong> (projektijuhi abi) 5166684, egle.vodi (\u00e4t) gmail.com<br \/>\n<strong>Sander Silm<\/strong> (kommunikatsioonijuht) 56621285, sander.silm (\u00e4t) gmail.com<br \/>\n<strong>Anu Koop<\/strong> (vabatahtlike t\u00f6\u00f6 korraldaja) 5141323, anu.koop (\u00e4t) gmail.com<br \/>\n<strong>Helle Kivi<\/strong> (Uma Pido laada korraldaja) 58531062, voluvoru (\u00e4t) gmail.com<br \/>\n<strong>Triinu Laan<\/strong> (lapsepuhkusel), triinu.laan (\u00e4t) wi.ee<\/p>\n<p><strong>Uma Pido FB leht<\/strong> <a href=\"https:\/\/www.facebook.com\/umapido5\" target=\"_blank\" rel=\"noopener\">https:\/\/www.facebook.com\/umapido5<\/a><\/p>\n<p><strong>Helena Kesonen<\/strong> (lavastaja) helena.kesonen (\u00e4t) gmail.com<br \/>\n<strong>Kristjan Suits<\/strong> (kunstnik) suits111 (\u00e4t) gmail.com<br \/>\n<strong>Sylvia K\u00f6ster<\/strong> (liikumisjuht) sylvia.k8ster (\u00e4t) gmail.com<br \/>\n<strong>Karolin Poska<\/strong> (liikumisjuht) karolin.poska (\u00e4t) gmail.com<\/p>\n<p><strong>V Uma Pido dirigendid<\/strong><br \/>\n<strong>Laste-, mudilas- ja poistekoorid<\/strong><br \/>\nSigne R\u00f5\u00f5mus 56646042, siisikesekene (\u00e4t) gmail.com<br \/>\nTiit Raud 58057820, traud18 (\u00e4t) hot.ee<br \/>\n<strong>Naiskoorid<\/strong><br \/>\nSaidi Tammeorg 5097391, saidi.tammeorg (\u00e4t) mail.com<br \/>\nSigne R\u00f5\u00f5mus 56646042, siisikesekene (\u00e4t) gmail.com<br \/>\n<strong>Segakoorid<\/strong><br \/>\nTiina Kadarpik 5213309, varska.muusikakool (\u00e4t) setomaa.ee<br \/>\nTiit Raud 58057820, traud18 (\u00e4t) hot.ee<br \/>\n<strong>Meeskoorid ja projektkoor \u201eMehe\u2019 m\u00f5tsast\u201c<\/strong><br \/>\nKalev Lindal 5040526, kalev.lindal (\u00e4t) varbuse.ee<br \/>\nAndres M\u00e4\u00e4r 5284859, andres (\u00e4t) laheda.ee<br \/>\n<strong>\u00dchendkoorid<\/strong><br \/>\nSaidi Tammeorg 5097391, saidi.tammeorg (\u00e4t) gmail.com<br \/>\nSilja Otsar 5156900, silja.otsar (\u00e4t) gmail.com<br \/>\nKalev Lindal 5040526, kalev.lindal (\u00e4t) varbuse.ee<br \/>\n<strong>Konnakoorid<\/strong><br \/>\nSilja Otsar 5156900, silja.otsar (\u00e4t) gmail.com<br \/>\nTiina Kadarpik 5213309, varska.muusikakool (\u00e4t) setomaa.ee<br \/>\n<strong>Projektkoorid \u201eNaas\u00f5\u2019 nurm\u00f5lt\u201c<\/strong><br \/>\nHelga Ilves (V\u00f5rus) 5283549, helgailves1 (\u00e4t) gmail.com<br \/>\nSaidi Tammeorg (P\u00f5lvas) 5097391, saidi.tammeorg (\u00e4t) mail.com<br \/>\nJaanus Pr\u00fckk (R\u00e4pinas) 53887104, jaanus (\u00e4t) kauksi.edu.ee<\/p>\n<p>&nbsp;<\/p>\n","protected":false},"excerpt":{"rendered":"<p>V Uma Pido korraldust veavad: Merike Tigas (projektijuht) 56916280, merike.tigas (\u00e4t) wi.ee Egle Vodi (projektijuhi abi) 5166684, egle.vodi (\u00e4t) gmail.com Sander Silm (kommunikatsioonijuht) 56621285, sander.silm (\u00e4t) gmail.com Anu Koop (vabatahtlike t\u00f6\u00f6 korraldaja) 5141323, anu.koop (\u00e4t) gmail.com Helle Kivi (Uma Pido laada korraldaja) 58531062, voluvoru (\u00e4t) gmail.com Triinu Laan (lapsepuhkusel), triinu.laan (\u00e4t) wi.ee Uma Pido FB [&hellip;]<\/p>\n","protected":false},"author":1,"featured_media":0,"parent":2074,"menu_order":0,"comment_status":"closed","ping_status":"closed","template":"","meta":{"footnotes":""},"class_list":["post-2103","page","type-page","status-publish","hentry"],"yoast_head":"<!-- This site is optimized with the Yoast SEO plugin v27.4 - https:\/\/yoast.com\/product\/yoast-seo-wordpress\/ -->\n<title>Kontakt - Uma Pido<\/title>\n<meta name=\"robots\" content=\"index, follow, max-snippet:-1, max-image-preview:large, max-video-preview:-1\" \/>\n<link rel=\"canonical\" href=\"https:\/\/umapido.ee\/et\/pido-2018\/kontakt\/\" \/>\n<meta property=\"og:locale\" content=\"et_EE\" \/>\n<meta property=\"og:type\" content=\"article\" \/>\n<meta property=\"og:title\" content=\"Kontakt - Uma Pido\" \/>\n<meta property=\"og:description\" content=\"V Uma Pido korraldust veavad: Merike Tigas (projektijuht) 56916280, merike.tigas (\u00e4t) wi.ee Egle Vodi (projektijuhi abi) 5166684, egle.vodi (\u00e4t) gmail.com Sander Silm (kommunikatsioonijuht) 56621285, sander.silm (\u00e4t) gmail.com Anu Koop (vabatahtlike t\u00f6\u00f6 korraldaja) 5141323, anu.koop (\u00e4t) gmail.com Helle Kivi (Uma Pido laada korraldaja) 58531062, voluvoru (\u00e4t) gmail.com Triinu Laan (lapsepuhkusel), triinu.laan (\u00e4t) wi.ee Uma Pido FB [&hellip;]\" \/>\n<meta property=\"og:url\" content=\"https:\/\/umapido.ee\/et\/pido-2018\/kontakt\/\" \/>\n<meta property=\"og:site_name\" content=\"Uma Pido\" \/>\n<meta property=\"article:publisher\" content=\"https:\/\/www.facebook.com\/UmaPido-278039651663\/\" \/>\n<meta name=\"twitter:card\" content=\"summary_large_image\" \/>\n<meta name=\"twitter:label1\" content=\"Est. reading time\" \/>\n\t<meta name=\"twitter:data1\" content=\"1 minut\" \/>\n<script type=\"application\/ld+json\" class=\"yoast-schema-graph\">{\"@context\":\"https:\\\/\\\/schema.org\",\"@graph\":[{\"@type\":\"WebPage\",\"@id\":\"https:\\\/\\\/umapido.ee\\\/et\\\/pido-2018\\\/kontakt\\\/\",\"url\":\"https:\\\/\\\/umapido.ee\\\/et\\\/pido-2018\\\/kontakt\\\/\",\"name\":\"Kontakt - Uma Pido\",\"isPartOf\":{\"@id\":\"https:\\\/\\\/umapido.ee\\\/#website\"},\"datePublished\":\"2018-11-16T09:55:37+00:00\",\"breadcrumb\":{\"@id\":\"https:\\\/\\\/umapido.ee\\\/et\\\/pido-2018\\\/kontakt\\\/#breadcrumb\"},\"inLanguage\":\"et\",\"potentialAction\":[{\"@type\":\"ReadAction\",\"target\":[\"https:\\\/\\\/umapido.ee\\\/et\\\/pido-2018\\\/kontakt\\\/\"]}]},{\"@type\":\"BreadcrumbList\",\"@id\":\"https:\\\/\\\/umapido.ee\\\/et\\\/pido-2018\\\/kontakt\\\/#breadcrumb\",\"itemListElement\":[{\"@type\":\"ListItem\",\"position\":1,\"name\":\"Home\",\"item\":\"https:\\\/\\\/umapido.ee\\\/et\\\/\"},{\"@type\":\"ListItem\",\"position\":2,\"name\":\"Pido 2018\",\"item\":\"https:\\\/\\\/umapido.ee\\\/et\\\/pido-2018\\\/\"},{\"@type\":\"ListItem\",\"position\":3,\"name\":\"Kontakt\"}]},{\"@type\":\"WebSite\",\"@id\":\"https:\\\/\\\/umapido.ee\\\/#website\",\"url\":\"https:\\\/\\\/umapido.ee\\\/\",\"name\":\"Uma Pido\",\"description\":\"V\u00f5rokeeline laulu- ja rahvapido\",\"potentialAction\":[{\"@type\":\"SearchAction\",\"target\":{\"@type\":\"EntryPoint\",\"urlTemplate\":\"https:\\\/\\\/umapido.ee\\\/?s={search_term_string}\"},\"query-input\":{\"@type\":\"PropertyValueSpecification\",\"valueRequired\":true,\"valueName\":\"search_term_string\"}}],\"inLanguage\":\"et\"}]}<\/script>\n<!-- \/ Yoast SEO plugin. -->","yoast_head_json":{"title":"Kontakt - Uma Pido","robots":{"index":"index","follow":"follow","max-snippet":"max-snippet:-1","max-image-preview":"max-image-preview:large","max-video-preview":"max-video-preview:-1"},"canonical":"https:\/\/umapido.ee\/et\/pido-2018\/kontakt\/","og_locale":"et_EE","og_type":"article","og_title":"Kontakt - Uma Pido","og_description":"V Uma Pido korraldust veavad: Merike Tigas (projektijuht) 56916280, merike.tigas (\u00e4t) wi.ee Egle Vodi (projektijuhi abi) 5166684, egle.vodi (\u00e4t) gmail.com Sander Silm (kommunikatsioonijuht) 56621285, sander.silm (\u00e4t) gmail.com Anu Koop (vabatahtlike t\u00f6\u00f6 korraldaja) 5141323, anu.koop (\u00e4t) gmail.com Helle Kivi (Uma Pido laada korraldaja) 58531062, voluvoru (\u00e4t) gmail.com Triinu Laan (lapsepuhkusel), triinu.laan (\u00e4t) wi.ee Uma Pido FB [&hellip;]","og_url":"https:\/\/umapido.ee\/et\/pido-2018\/kontakt\/","og_site_name":"Uma Pido","article_publisher":"https:\/\/www.facebook.com\/UmaPido-278039651663\/","twitter_card":"summary_large_image","twitter_misc":{"Est. reading time":"1 minut"},"schema":{"@context":"https:\/\/schema.org","@graph":[{"@type":"WebPage","@id":"https:\/\/umapido.ee\/et\/pido-2018\/kontakt\/","url":"https:\/\/umapido.ee\/et\/pido-2018\/kontakt\/","name":"Kontakt - Uma Pido","isPartOf":{"@id":"https:\/\/umapido.ee\/#website"},"datePublished":"2018-11-16T09:55:37+00:00","breadcrumb":{"@id":"https:\/\/umapido.ee\/et\/pido-2018\/kontakt\/#breadcrumb"},"inLanguage":"et","potentialAction":[{"@type":"ReadAction","target":["https:\/\/umapido.ee\/et\/pido-2018\/kontakt\/"]}]},{"@type":"BreadcrumbList","@id":"https:\/\/umapido.ee\/et\/pido-2018\/kontakt\/#breadcrumb","itemListElement":[{"@type":"ListItem","position":1,"name":"Home","item":"https:\/\/umapido.ee\/et\/"},{"@type":"ListItem","position":2,"name":"Pido 2018","item":"https:\/\/umapido.ee\/et\/pido-2018\/"},{"@type":"ListItem","position":3,"name":"Kontakt"}]},{"@type":"WebSite","@id":"https:\/\/umapido.ee\/#website","url":"https:\/\/umapido.ee\/","name":"Uma Pido","description":"V\u00f5rokeeline laulu- ja rahvapido","potentialAction":[{"@type":"SearchAction","target":{"@type":"EntryPoint","urlTemplate":"https:\/\/umapido.ee\/?s={search_term_string}"},"query-input":{"@type":"PropertyValueSpecification","valueRequired":true,"valueName":"search_term_string"}}],"inLanguage":"et"}]}},"_links":{"self":[{"href":"https:\/\/umapido.ee\/et\/wp-json\/wp\/v2\/pages\/2103","targetHints":{"allow":["GET"]}}],"collection":[{"href":"https:\/\/umapido.ee\/et\/wp-json\/wp\/v2\/pages"}],"about":[{"href":"https:\/\/umapido.ee\/et\/wp-json\/wp\/v2\/types\/page"}],"author":[{"embeddable":true,"href":"https:\/\/umapido.ee\/et\/wp-json\/wp\/v2\/users\/1"}],"replies":[{"embeddable":true,"href":"https:\/\/umapido.ee\/et\/wp-json\/wp\/v2\/comments?post=2103"}],"version-history":[{"count":1,"href":"https:\/\/umapido.ee\/et\/wp-json\/wp\/v2\/pages\/2103\/revisions"}],"predecessor-version":[{"id":2104,"href":"https:\/\/umapido.ee\/et\/wp-json\/wp\/v2\/pages\/2103\/revisions\/2104"}],"up":[{"embeddable":true,"href":"https:\/\/umapido.ee\/et\/wp-json\/wp\/v2\/pages\/2074"}],"wp:attachment":[{"href":"https:\/\/umapido.ee\/et\/wp-json\/wp\/v2\/media?parent=2103"}],"curies":[{"name":"wp","href":"https:\/\/api.w.org\/{rel}","templated":true}]}}