{"id":2099,"date":"2018-11-16T11:54:24","date_gmt":"2018-11-16T09:54:24","guid":{"rendered":"https:\/\/umapido.ee\/?page_id=2099"},"modified":"2024-01-25T11:00:32","modified_gmt":"2024-01-25T09:00:32","slug":"korraldajad-ja-toetajad","status":"publish","type":"page","link":"https:\/\/umapido.ee\/et\/pido-2018\/korraldajad-ja-toetajad\/","title":{"rendered":"Korraldajad ja toetajad"},"content":{"rendered":"<p><strong>Korraldust veab<\/strong> <a href=\"http:\/\/www.voroselts.ee\/\" target=\"_blank\" rel=\"noopener noreferrer\">MT\u00dc V\u00f5ro Selts VKKF<\/a>.<\/p>\n<p><strong>Korraldavad:<\/strong> V\u00f5ru instituut, P\u00f5lva ja V\u00f5ru arenduskeskused, P\u00f5lvamaa omavalitsuste liit, Varbuse Muusikam\u00f5is ja paljud P\u00f5lva ja V\u00f5ru maakonna seltside ja asutuste inimesed.<\/p>\n<p><strong>Toetavad:<\/strong> Eesti Kultuurkapital (P\u00f5lvamaa, Tartumaa ja V\u00f5rumaa ekspertgrupid ja rahvakultuuri sihtkapital), V\u00f5ru Vallavalitsus, V\u00f5ru Instituut, V\u00f5ru Vallavalitsus, Kultuuriministeerium, Hasartm\u00e4ngumaksu n\u00f5ukogu, V\u00f5rumaa Partnerluskogu, V\u00f5ru linnavalitsus, Rahvakultuuri Keskuse Vana-V\u00f5romaa p\u00e4rimuskultuuri programm 2018-2021, SA V\u00f5rumaa arenduskeskus, SA P\u00f5lvamaa arenduskeskus, P\u00f5lvamaa Omavalitsuste Liit, Rahandusministeerium kohaliku omaalgatuse programmi vahenditest (V\u00f5ru ja P\u00f5lva mk), Taheva vallavalitsus, Karula vallavalitsus, AS L\u00f5una Pagarid, Nopri Talumeierei, Arke Lihat\u00f6\u00f6stus AS, Sihtasutus Eesti Rahvuskultuuri Fond, AS V\u00e4rska Vesi, SA R\u00e4pina Kultuurkapital, Kanepi Aiand, Savi turismitalu, Roosu talu, Ritico O\u00dc, Riigikogu Eesti Keskerakonna fraktsioon, Riigikogu Isamaa ja Res Publica Liidu fraktsioon, Riigikogu Sotsiaaldemokraatliku Erakonna fraktsioon, AS V\u00f5ru Vesi.<\/p>\n<p><strong>Meediapartnerid:<\/strong> Uma Leht, Maaleht, L\u00f5unaLeht.<\/p>\n<p><a href=\"http:\/\/www.kulka.ee\/\" target=\"_blank\" rel=\"noopener noreferrer\"><img loading=\"lazy\" decoding=\"async\" class=\"alignnone wp-image-81 \" src=\"https:\/\/umapido.ee\/wp-content\/uploads\/2017\/10\/kulka.jpg\" alt=\"Eesti Kultuurkapital\" width=\"187\" height=\"102\" \/><\/a><\/p>\n<p><a href=\"http:\/\/www.umaleht.ee\/\" target=\"_blank\" rel=\"noopener noreferrer\"><img loading=\"lazy\" decoding=\"async\" class=\"alignnone wp-image-92 \" src=\"https:\/\/umapido.ee\/wp-content\/uploads\/2017\/10\/umaleht1.jpg\" alt=\"Uma Leht\" width=\"242\" height=\"95\" \/><\/a><\/p>\n<p><a href=\"http:\/\/www.wi.ee\/\" target=\"_blank\" rel=\"noopener noreferrer\"><img loading=\"lazy\" decoding=\"async\" class=\"alignnone wp-image-143 size-full\" src=\"https:\/\/umapido.ee\/wp-content\/uploads\/2017\/10\/voruinst_logo.jpg\" alt=\"\" width=\"142\" height=\"112\" \/><\/a><\/p>\n<p><a href=\"http:\/\/www.kul.ee\/\" target=\"_blank\" rel=\"noopener noreferrer\"><img loading=\"lazy\" decoding=\"async\" class=\"alignnone wp-image-143 \" src=\"https:\/\/umapido.ee\/wp-content\/uploads\/2018\/03\/kultuurimini_logo.jpg\" alt=\"\" width=\"208\" height=\"88\" \/><\/a><\/p>\n<p><img loading=\"lazy\" decoding=\"async\" class=\"alignnone wp-image-143 \" src=\"https:\/\/umapido.ee\/wp-content\/uploads\/2018\/03\/hmn_logo.jpg\" alt=\"\" width=\"187\" height=\"68\" \/><\/p>\n<p><a href=\"http:\/\/www.rahvakultuur.ee\/\" target=\"_blank\" rel=\"noopener noreferrer\"><img loading=\"lazy\" decoding=\"async\" class=\"alignnone wp-image-144 \" src=\"https:\/\/umapido.ee\/wp-content\/uploads\/2017\/10\/rkk_logo.jpg\" alt=\"\" width=\"197\" height=\"56\" \/><\/a><\/p>\n<p><a href=\"https:\/\/voruleader.ee\/\" target=\"_blank\" rel=\"noopener noreferrer\"><img loading=\"lazy\" decoding=\"async\" class=\"alignnone size-full wp-image-1352\" src=\"https:\/\/umapido.ee\/wp-content\/uploads\/2018\/05\/pk.png\" alt=\"\" width=\"228\" height=\"41\" \/><\/a><\/p>\n<p><img loading=\"lazy\" decoding=\"async\" class=\"alignnone wp-image-1351\" src=\"https:\/\/umapido.ee\/wp-content\/uploads\/2018\/05\/ld-600x274.jpg\" alt=\"\" width=\"234\" height=\"106\" srcset=\"https:\/\/umapido.ee\/wp-content\/uploads\/2018\/05\/ld-600x274.jpg 600w, https:\/\/umapido.ee\/wp-content\/uploads\/2018\/05\/ld-768x350.jpg 768w, https:\/\/umapido.ee\/wp-content\/uploads\/2018\/05\/ld.jpg 796w\" sizes=\"auto, (max-width: 234px) 100vw, 234px\" \/><\/p>\n<p><img loading=\"lazy\" decoding=\"async\" class=\" wp-image-1353 alignnone\" src=\"https:\/\/umapido.ee\/wp-content\/uploads\/2018\/05\/EL_ld.jpg\" alt=\"\" width=\"147\" height=\"136\" \/><\/p>\n<p><a href=\"http:\/\/voruvald.kovtp.ee\/\" target=\"_blank\" rel=\"noopener noreferrer\"><img loading=\"lazy\" decoding=\"async\" class=\"alignnone wp-image-145 \" src=\"https:\/\/umapido.ee\/wp-content\/uploads\/2018\/05\/voru_vald.jpg\" alt=\"\" width=\"206\" height=\"93\" \/><\/a><\/p>\n<p><a href=\"http:\/\/www.vorumaa.ee\/\" target=\"_blank\" rel=\"noopener noreferrer\"><img loading=\"lazy\" decoding=\"async\" class=\"alignnone wp-image-146 \" src=\"https:\/\/umapido.ee\/wp-content\/uploads\/2018\/03\/vorumaa_arenduskeskus_logo.jpg\" alt=\"\" width=\"192\" height=\"90\" \/><\/a><\/p>\n<p><img loading=\"lazy\" decoding=\"async\" class=\"alignnone wp-image-147 size-full\" src=\"https:\/\/umapido.ee\/wp-content\/uploads\/2017\/10\/pol-logo_3.jpg\" alt=\"\" width=\"150\" height=\"95\" \/><\/p>\n<p><a href=\"https:\/\/kysk.ee\/\" target=\"_blank\" rel=\"noopener noreferrer\"><img loading=\"lazy\" decoding=\"async\" class=\"alignnone wp-image-852 \" src=\"https:\/\/umapido.ee\/wp-content\/uploads\/2017\/10\/kysk.jpg\" alt=\"\" width=\"200\" height=\"65\" \/><\/a><\/p>\n<p><img loading=\"lazy\" decoding=\"async\" class=\"alignnone wp-image-851 \" src=\"https:\/\/umapido.ee\/wp-content\/uploads\/2017\/10\/ev100.jpg\" alt=\"\" width=\"155\" height=\"174\" \/><\/p>\n<p><a href=\"http:\/\/vorumaaspordiliit.ee\/\" target=\"_blank\" rel=\"noopener noreferrer\"><img loading=\"lazy\" decoding=\"async\" class=\"alignnone wp-image-855 \" src=\"https:\/\/umapido.ee\/wp-content\/uploads\/2017\/10\/vorumaaspordiliit.jpg\" alt=\"\" width=\"204\" height=\"26\" \/><\/a><\/p>\n<p><a href=\"http:\/\/taheva.ee\/\" target=\"_blank\" rel=\"noopener noreferrer\"><img loading=\"lazy\" decoding=\"async\" class=\"alignnone wp-image-854 \" src=\"https:\/\/umapido.ee\/wp-content\/uploads\/2017\/10\/tahevavald.jpg\" alt=\"\" width=\"188\" height=\"48\" \/><\/a><\/p>\n<p><a href=\"http:\/\/karula.kovtp.ee\/\" target=\"_blank\" rel=\"noopener noreferrer\"><img loading=\"lazy\" decoding=\"async\" class=\"alignnone wp-image-853 \" src=\"https:\/\/umapido.ee\/wp-content\/uploads\/2017\/10\/karulavald.jpg\" alt=\"\" width=\"191\" height=\"53\" \/><\/a><\/p>\n<p><a href=\"http:\/\/lounapagarid.ee\/\" target=\"_blank\" rel=\"noopener noreferrer\"><img loading=\"lazy\" decoding=\"async\" class=\"alignnone wp-image-865 size-full\" src=\"https:\/\/umapido.ee\/wp-content\/uploads\/2017\/10\/lounapagar17.jpg\" alt=\"\" width=\"227\" height=\"187\" \/><\/a><\/p>\n<p><a href=\"http:\/\/nopri.ee\/\" target=\"_blank\" rel=\"noopener noreferrer\"><img loading=\"lazy\" decoding=\"async\" class=\"alignnone wp-image-865 size-full\" src=\"https:\/\/umapido.ee\/wp-content\/uploads\/2017\/11\/nopri_logo.jpg\" alt=\"\" width=\"227\" height=\"187\" \/><\/a><\/p>\n<p><a href=\"http:\/\/karni.ee\/\" target=\"_blank\" rel=\"noopener noreferrer\"><img loading=\"lazy\" decoding=\"async\" class=\"alignnone wp-image-865 size-full\" src=\"https:\/\/umapido.ee\/wp-content\/uploads\/2017\/11\/karni_logo.jpg\" alt=\"\" width=\"227\" height=\"187\" \/><\/a><\/p>\n<p><a href=\"http:\/\/www.erkf.ee\/\" target=\"_blank\" rel=\"noopener noreferrer\"><img loading=\"lazy\" decoding=\"async\" class=\"alignnone wp-image-865 size-full\" src=\"https:\/\/umapido.ee\/wp-content\/uploads\/2017\/12\/rahvuskultuurifond.jpg\" alt=\"\" width=\"227\" height=\"187\" \/><\/a><\/p>\n<p><a href=\"http:\/\/varskavesi.ee\/\" target=\"_blank\" rel=\"noopener noreferrer\"><img loading=\"lazy\" decoding=\"async\" class=\"alignnone wp-image-865 size-full\" src=\"https:\/\/umapido.ee\/wp-content\/uploads\/2017\/12\/varskalogo.jpg\" alt=\"\" width=\"227\" height=\"187\" \/><\/a><\/p>\n<p><a href=\"http:\/\/varbuse.ee\"><img loading=\"lazy\" decoding=\"async\" class=\"alignnone size-full wp-image-1038\" src=\"https:\/\/umapido.ee\/wp-content\/uploads\/2018\/01\/varbuse1.jpg\" alt=\"\" width=\"227\" height=\"236\" \/><\/a><\/p>\n<p><a href=\"http:\/\/www.rapinakultuurkapital.ee\"><img loading=\"lazy\" decoding=\"async\" class=\"alignnone size-full wp-image-1038\" src=\"https:\/\/umapido.ee\/wp-content\/uploads\/2018\/03\/rapina_kultuurkapital.jpg\" alt=\"\" width=\"227\" height=\"236\" \/><\/a><\/p>\n<p>&nbsp;<\/p>\n<p><a href=\"http:\/\/www.voru.ee\"><img loading=\"lazy\" decoding=\"async\" class=\"alignnone size-full wp-image-1038\" src=\"https:\/\/umapido.ee\/wp-content\/uploads\/2018\/03\/voru_linn_logo.jpg\" alt=\"\" width=\"227\" height=\"236\" \/><\/a><\/p>\n<p>&nbsp;<\/p>\n<p><a href=\"http:\/\/www.kanepiaiand.ee\"><img loading=\"lazy\" decoding=\"async\" class=\"alignnone size-full wp-image-1038\" src=\"https:\/\/umapido.ee\/wp-content\/uploads\/2018\/04\/kanepiaiand1.jpg\" alt=\"\" width=\"227\" height=\"236\" \/><\/a><\/p>\n<p>&nbsp;<\/p>\n<p><img loading=\"lazy\" decoding=\"async\" class=\"alignnone size-full wp-image-1038\" src=\"https:\/\/umapido.ee\/wp-content\/uploads\/2018\/04\/saviturismitalu.jpg\" alt=\"\" width=\"227\" height=\"236\" \/><\/p>\n<p>&nbsp;<\/p>\n<p><a href=\"http:\/\/maaleht.delfi.ee\/\"><img loading=\"lazy\" decoding=\"async\" class=\"alignnone size-full wp-image-1038\" src=\"https:\/\/umapido.ee\/wp-content\/uploads\/2018\/04\/maalehtlogo.jpg\" alt=\"\" width=\"227\" height=\"236\" \/><\/a><\/p>\n<p>&nbsp;<\/p>\n<p><a href=\"http:\/\/www.lounaleht.ee\/\"><img loading=\"lazy\" decoding=\"async\" class=\"alignnone size-full wp-image-1038\" src=\"https:\/\/umapido.ee\/wp-content\/uploads\/2017\/10\/ll.jpg\" alt=\"\" width=\"227\" height=\"236\" \/><\/a><\/p>\n<p>&nbsp;<\/p>\n<p><a href=\"https:\/\/omaking.ee\/\"><img loading=\"lazy\" decoding=\"async\" class=\"alignnone size-full wp-image-1038\" src=\"https:\/\/umapido.ee\/wp-content\/uploads\/2018\/05\/omaking.jpg\" alt=\"\" width=\"227\" height=\"236\" \/><\/a><\/p>\n<p>&nbsp;<\/p>\n<p><a href=\"http:\/\/voruvesi.ee\/\" target=\"_blank\" rel=\"noopener noreferrer\"><img loading=\"lazy\" decoding=\"async\" class=\"alignnone size-full wp-image-1038\" src=\"https:\/\/umapido.ee\/wp-content\/uploads\/2018\/05\/voruvesi.jpg\" alt=\"\" width=\"227\" height=\"236\" \/><\/a><\/p>\n","protected":false},"excerpt":{"rendered":"<p>Korraldust veab MT\u00dc V\u00f5ro Selts VKKF. Korraldavad: V\u00f5ru instituut, P\u00f5lva ja V\u00f5ru arenduskeskused, P\u00f5lvamaa omavalitsuste liit, Varbuse Muusikam\u00f5is ja paljud P\u00f5lva ja V\u00f5ru maakonna seltside ja asutuste inimesed. Toetavad: Eesti Kultuurkapital (P\u00f5lvamaa, Tartumaa ja V\u00f5rumaa ekspertgrupid ja rahvakultuuri sihtkapital), V\u00f5ru Vallavalitsus, V\u00f5ru Instituut, V\u00f5ru Vallavalitsus, Kultuuriministeerium, Hasartm\u00e4ngumaksu n\u00f5ukogu, V\u00f5rumaa Partnerluskogu, V\u00f5ru linnavalitsus, Rahvakultuuri Keskuse Vana-V\u00f5romaa [&hellip;]<\/p>\n","protected":false},"author":1,"featured_media":0,"parent":2074,"menu_order":0,"comment_status":"closed","ping_status":"closed","template":"","meta":{"footnotes":""},"class_list":["post-2099","page","type-page","status-publish","hentry"],"yoast_head":"<!-- This site is optimized with the Yoast SEO plugin v27.4 - https:\/\/yoast.com\/product\/yoast-seo-wordpress\/ -->\n<title>Korraldajad ja toetajad - Uma Pido<\/title>\n<meta name=\"robots\" content=\"index, follow, max-snippet:-1, max-image-preview:large, max-video-preview:-1\" \/>\n<link rel=\"canonical\" href=\"https:\/\/umapido.ee\/pido-2018\/korraldaja-ja-tugoja\/\" \/>\n<meta property=\"og:locale\" content=\"et_EE\" \/>\n<meta property=\"og:type\" content=\"article\" \/>\n<meta property=\"og:title\" content=\"Korraldajad ja toetajad - Uma Pido\" \/>\n<meta property=\"og:description\" content=\"Korraldust veab MT\u00dc V\u00f5ro Selts VKKF. Korraldavad: V\u00f5ru instituut, P\u00f5lva ja V\u00f5ru arenduskeskused, P\u00f5lvamaa omavalitsuste liit, Varbuse Muusikam\u00f5is ja paljud P\u00f5lva ja V\u00f5ru maakonna seltside ja asutuste inimesed. Toetavad: Eesti Kultuurkapital (P\u00f5lvamaa, Tartumaa ja V\u00f5rumaa ekspertgrupid ja rahvakultuuri sihtkapital), V\u00f5ru Vallavalitsus, V\u00f5ru Instituut, V\u00f5ru Vallavalitsus, Kultuuriministeerium, Hasartm\u00e4ngumaksu n\u00f5ukogu, V\u00f5rumaa Partnerluskogu, V\u00f5ru linnavalitsus, Rahvakultuuri Keskuse Vana-V\u00f5romaa [&hellip;]\" \/>\n<meta property=\"og:url\" content=\"https:\/\/umapido.ee\/pido-2018\/korraldaja-ja-tugoja\/\" \/>\n<meta property=\"og:site_name\" content=\"Uma Pido\" \/>\n<meta property=\"article:publisher\" content=\"https:\/\/www.facebook.com\/UmaPido-278039651663\/\" \/>\n<meta property=\"article:modified_time\" content=\"2024-01-25T09:00:32+00:00\" \/>\n<meta property=\"og:image\" content=\"https:\/\/umapido.ee\/wp-content\/uploads\/2017\/10\/kulka.jpg\" \/>\n<meta name=\"twitter:card\" content=\"summary_large_image\" \/>\n<meta name=\"twitter:label1\" content=\"Est. reading time\" \/>\n\t<meta name=\"twitter:data1\" content=\"1 minut\" \/>\n<script type=\"application\/ld+json\" class=\"yoast-schema-graph\">{\"@context\":\"https:\\\/\\\/schema.org\",\"@graph\":[{\"@type\":\"WebPage\",\"@id\":\"https:\\\/\\\/umapido.ee\\\/pido-2018\\\/korraldaja-ja-tugoja\\\/\",\"url\":\"https:\\\/\\\/umapido.ee\\\/pido-2018\\\/korraldaja-ja-tugoja\\\/\",\"name\":\"Korraldajad ja toetajad - Uma Pido\",\"isPartOf\":{\"@id\":\"https:\\\/\\\/umapido.ee\\\/#website\"},\"primaryImageOfPage\":{\"@id\":\"https:\\\/\\\/umapido.ee\\\/pido-2018\\\/korraldaja-ja-tugoja\\\/#primaryimage\"},\"image\":{\"@id\":\"https:\\\/\\\/umapido.ee\\\/pido-2018\\\/korraldaja-ja-tugoja\\\/#primaryimage\"},\"thumbnailUrl\":\"https:\\\/\\\/umapido.ee\\\/wp-content\\\/uploads\\\/2017\\\/10\\\/kulka.jpg\",\"datePublished\":\"2018-11-16T09:54:24+00:00\",\"dateModified\":\"2024-01-25T09:00:32+00:00\",\"breadcrumb\":{\"@id\":\"https:\\\/\\\/umapido.ee\\\/pido-2018\\\/korraldaja-ja-tugoja\\\/#breadcrumb\"},\"inLanguage\":\"et\",\"potentialAction\":[{\"@type\":\"ReadAction\",\"target\":[\"https:\\\/\\\/umapido.ee\\\/pido-2018\\\/korraldaja-ja-tugoja\\\/\"]}]},{\"@type\":\"ImageObject\",\"inLanguage\":\"et\",\"@id\":\"https:\\\/\\\/umapido.ee\\\/pido-2018\\\/korraldaja-ja-tugoja\\\/#primaryimage\",\"url\":\"https:\\\/\\\/umapido.ee\\\/wp-content\\\/uploads\\\/2017\\\/10\\\/kulka.jpg\",\"contentUrl\":\"https:\\\/\\\/umapido.ee\\\/wp-content\\\/uploads\\\/2017\\\/10\\\/kulka.jpg\"},{\"@type\":\"BreadcrumbList\",\"@id\":\"https:\\\/\\\/umapido.ee\\\/pido-2018\\\/korraldaja-ja-tugoja\\\/#breadcrumb\",\"itemListElement\":[{\"@type\":\"ListItem\",\"position\":1,\"name\":\"Home\",\"item\":\"https:\\\/\\\/umapido.ee\\\/et\\\/\"},{\"@type\":\"ListItem\",\"position\":2,\"name\":\"Pido 2018\",\"item\":\"https:\\\/\\\/umapido.ee\\\/et\\\/pido-2018\\\/\"},{\"@type\":\"ListItem\",\"position\":3,\"name\":\"Korraldajad ja toetajad\"}]},{\"@type\":\"WebSite\",\"@id\":\"https:\\\/\\\/umapido.ee\\\/#website\",\"url\":\"https:\\\/\\\/umapido.ee\\\/\",\"name\":\"Uma Pido\",\"description\":\"V\u00f5rokeeline laulu- ja rahvapido\",\"potentialAction\":[{\"@type\":\"SearchAction\",\"target\":{\"@type\":\"EntryPoint\",\"urlTemplate\":\"https:\\\/\\\/umapido.ee\\\/?s={search_term_string}\"},\"query-input\":{\"@type\":\"PropertyValueSpecification\",\"valueRequired\":true,\"valueName\":\"search_term_string\"}}],\"inLanguage\":\"et\"}]}<\/script>\n<!-- \/ Yoast SEO plugin. -->","yoast_head_json":{"title":"Korraldajad ja toetajad - Uma Pido","robots":{"index":"index","follow":"follow","max-snippet":"max-snippet:-1","max-image-preview":"max-image-preview:large","max-video-preview":"max-video-preview:-1"},"canonical":"https:\/\/umapido.ee\/pido-2018\/korraldaja-ja-tugoja\/","og_locale":"et_EE","og_type":"article","og_title":"Korraldajad ja toetajad - Uma Pido","og_description":"Korraldust veab MT\u00dc V\u00f5ro Selts VKKF. Korraldavad: V\u00f5ru instituut, P\u00f5lva ja V\u00f5ru arenduskeskused, P\u00f5lvamaa omavalitsuste liit, Varbuse Muusikam\u00f5is ja paljud P\u00f5lva ja V\u00f5ru maakonna seltside ja asutuste inimesed. Toetavad: Eesti Kultuurkapital (P\u00f5lvamaa, Tartumaa ja V\u00f5rumaa ekspertgrupid ja rahvakultuuri sihtkapital), V\u00f5ru Vallavalitsus, V\u00f5ru Instituut, V\u00f5ru Vallavalitsus, Kultuuriministeerium, Hasartm\u00e4ngumaksu n\u00f5ukogu, V\u00f5rumaa Partnerluskogu, V\u00f5ru linnavalitsus, Rahvakultuuri Keskuse Vana-V\u00f5romaa [&hellip;]","og_url":"https:\/\/umapido.ee\/pido-2018\/korraldaja-ja-tugoja\/","og_site_name":"Uma Pido","article_publisher":"https:\/\/www.facebook.com\/UmaPido-278039651663\/","article_modified_time":"2024-01-25T09:00:32+00:00","og_image":[{"url":"https:\/\/umapido.ee\/wp-content\/uploads\/2017\/10\/kulka.jpg","type":"","width":"","height":""}],"twitter_card":"summary_large_image","twitter_misc":{"Est. reading time":"1 minut"},"schema":{"@context":"https:\/\/schema.org","@graph":[{"@type":"WebPage","@id":"https:\/\/umapido.ee\/pido-2018\/korraldaja-ja-tugoja\/","url":"https:\/\/umapido.ee\/pido-2018\/korraldaja-ja-tugoja\/","name":"Korraldajad ja toetajad - Uma Pido","isPartOf":{"@id":"https:\/\/umapido.ee\/#website"},"primaryImageOfPage":{"@id":"https:\/\/umapido.ee\/pido-2018\/korraldaja-ja-tugoja\/#primaryimage"},"image":{"@id":"https:\/\/umapido.ee\/pido-2018\/korraldaja-ja-tugoja\/#primaryimage"},"thumbnailUrl":"https:\/\/umapido.ee\/wp-content\/uploads\/2017\/10\/kulka.jpg","datePublished":"2018-11-16T09:54:24+00:00","dateModified":"2024-01-25T09:00:32+00:00","breadcrumb":{"@id":"https:\/\/umapido.ee\/pido-2018\/korraldaja-ja-tugoja\/#breadcrumb"},"inLanguage":"et","potentialAction":[{"@type":"ReadAction","target":["https:\/\/umapido.ee\/pido-2018\/korraldaja-ja-tugoja\/"]}]},{"@type":"ImageObject","inLanguage":"et","@id":"https:\/\/umapido.ee\/pido-2018\/korraldaja-ja-tugoja\/#primaryimage","url":"https:\/\/umapido.ee\/wp-content\/uploads\/2017\/10\/kulka.jpg","contentUrl":"https:\/\/umapido.ee\/wp-content\/uploads\/2017\/10\/kulka.jpg"},{"@type":"BreadcrumbList","@id":"https:\/\/umapido.ee\/pido-2018\/korraldaja-ja-tugoja\/#breadcrumb","itemListElement":[{"@type":"ListItem","position":1,"name":"Home","item":"https:\/\/umapido.ee\/et\/"},{"@type":"ListItem","position":2,"name":"Pido 2018","item":"https:\/\/umapido.ee\/et\/pido-2018\/"},{"@type":"ListItem","position":3,"name":"Korraldajad ja toetajad"}]},{"@type":"WebSite","@id":"https:\/\/umapido.ee\/#website","url":"https:\/\/umapido.ee\/","name":"Uma Pido","description":"V\u00f5rokeeline laulu- ja rahvapido","potentialAction":[{"@type":"SearchAction","target":{"@type":"EntryPoint","urlTemplate":"https:\/\/umapido.ee\/?s={search_term_string}"},"query-input":{"@type":"PropertyValueSpecification","valueRequired":true,"valueName":"search_term_string"}}],"inLanguage":"et"}]}},"_links":{"self":[{"href":"https:\/\/umapido.ee\/et\/wp-json\/wp\/v2\/pages\/2099","targetHints":{"allow":["GET"]}}],"collection":[{"href":"https:\/\/umapido.ee\/et\/wp-json\/wp\/v2\/pages"}],"about":[{"href":"https:\/\/umapido.ee\/et\/wp-json\/wp\/v2\/types\/page"}],"author":[{"embeddable":true,"href":"https:\/\/umapido.ee\/et\/wp-json\/wp\/v2\/users\/1"}],"replies":[{"embeddable":true,"href":"https:\/\/umapido.ee\/et\/wp-json\/wp\/v2\/comments?post=2099"}],"version-history":[{"count":6,"href":"https:\/\/umapido.ee\/et\/wp-json\/wp\/v2\/pages\/2099\/revisions"}],"predecessor-version":[{"id":3380,"href":"https:\/\/umapido.ee\/et\/wp-json\/wp\/v2\/pages\/2099\/revisions\/3380"}],"up":[{"embeddable":true,"href":"https:\/\/umapido.ee\/et\/wp-json\/wp\/v2\/pages\/2074"}],"wp:attachment":[{"href":"https:\/\/umapido.ee\/et\/wp-json\/wp\/v2\/media?parent=2099"}],"curies":[{"name":"wp","href":"https:\/\/api.w.org\/{rel}","templated":true}]}}