{"id":2074,"date":"2018-11-16T11:34:38","date_gmt":"2018-11-16T09:34:38","guid":{"rendered":"https:\/\/umapido.ee\/?page_id=2074"},"modified":"2018-11-16T11:34:38","modified_gmt":"2018-11-16T09:34:38","slug":"pido-2018","status":"publish","type":"page","link":"https:\/\/umapido.ee\/et\/pido-2018\/","title":{"rendered":"Pido 2018"},"content":{"rendered":"<p><a href=\"https:\/\/umapido.ee\/wp-content\/uploads\/2018\/04\/up_ava.png\" data-rel=\"lightbox-image-0\" data-rl_title=\"\" data-rl_caption=\"\" title=\"\"><img loading=\"lazy\" decoding=\"async\" class=\"alignnone wp-image-1027 size-full\" src=\"https:\/\/umapido.ee\/wp-content\/uploads\/2018\/04\/up_ava.png\" alt=\"\" width=\"1678\" height=\"1191\" \/><\/a><\/p>\n<h3>Uma Pido juubelipidu t\u00f5i laulukaare alla rekordarvu esinejaid<\/h3>\n<p>V\u00f5rokeelne laulu- ja rahvapidu Uma Pido t\u00f5i laup\u00e4eval, 2. juunil 2018 Kubija laulukaare alla 3800 lauljat. Tegemist oli suurejoonelise juubelipeoga, millega t\u00e4histati nii k\u00fcmneaastast\u00a0Uma Peo traditsiooni kui Eesti vabariigi 100 aasta juubelit. <a href=\"https:\/\/umapido.ee\/wp-content\/uploads\/2018\/06\/2018_8_e.pdf\" target=\"_blank\" rel=\"noopener\">Vaata edasi<\/a><\/p>\n<p>&nbsp;<\/p>\n<p>Uma Pido Facebookis:\u00a0<a href=\"https:\/\/www.facebook.com\/umapido5\/\">https:\/\/www.facebook.com\/umapido5\/<\/a><\/p>\n","protected":false},"excerpt":{"rendered":"<p>Uma Pido juubelipidu t\u00f5i laulukaare alla rekordarvu esinejaid V\u00f5rokeelne laulu- ja rahvapidu Uma Pido t\u00f5i laup\u00e4eval, 2. juunil 2018 Kubija laulukaare alla 3800 lauljat. Tegemist oli suurejoonelise juubelipeoga, millega t\u00e4histati nii k\u00fcmneaastast\u00a0Uma Peo traditsiooni kui Eesti vabariigi 100 aasta juubelit. Vaata edasi &nbsp; Uma Pido Facebookis:\u00a0https:\/\/www.facebook.com\/umapido5\/<\/p>\n","protected":false},"author":1,"featured_media":0,"parent":0,"menu_order":0,"comment_status":"closed","ping_status":"closed","template":"","meta":{"footnotes":""},"class_list":["post-2074","page","type-page","status-publish","hentry"],"yoast_head":"<!-- This site is optimized with the Yoast SEO plugin v27.5 - https:\/\/yoast.com\/product\/yoast-seo-wordpress\/ -->\n<title>Pido 2018 - Uma Pido<\/title>\n<meta name=\"robots\" content=\"index, follow, max-snippet:-1, max-image-preview:large, max-video-preview:-1\" \/>\n<link rel=\"canonical\" href=\"https:\/\/umapido.ee\/et\/pido-2018\/\" \/>\n<meta property=\"og:locale\" content=\"et_EE\" \/>\n<meta property=\"og:type\" content=\"article\" \/>\n<meta property=\"og:title\" content=\"Pido 2018 - Uma Pido\" \/>\n<meta property=\"og:description\" content=\"Uma Pido juubelipidu t\u00f5i laulukaare alla rekordarvu esinejaid V\u00f5rokeelne laulu- ja rahvapidu Uma Pido t\u00f5i laup\u00e4eval, 2. juunil 2018 Kubija laulukaare alla 3800 lauljat. Tegemist oli suurejoonelise juubelipeoga, millega t\u00e4histati nii k\u00fcmneaastast\u00a0Uma Peo traditsiooni kui Eesti vabariigi 100 aasta juubelit. Vaata edasi &nbsp; Uma Pido Facebookis:\u00a0https:\/\/www.facebook.com\/umapido5\/\" \/>\n<meta property=\"og:url\" content=\"https:\/\/umapido.ee\/et\/pido-2018\/\" \/>\n<meta property=\"og:site_name\" content=\"Uma Pido\" \/>\n<meta property=\"article:publisher\" content=\"https:\/\/www.facebook.com\/UmaPido-278039651663\/\" \/>\n<meta property=\"og:image\" content=\"https:\/\/umapido.ee\/wp-content\/uploads\/2018\/04\/up_ava.png\" \/>\n<meta name=\"twitter:card\" content=\"summary_large_image\" \/>\n<script type=\"application\/ld+json\" class=\"yoast-schema-graph\">{\"@context\":\"https:\\\/\\\/schema.org\",\"@graph\":[{\"@type\":\"WebPage\",\"@id\":\"https:\\\/\\\/umapido.ee\\\/et\\\/pido-2018\\\/\",\"url\":\"https:\\\/\\\/umapido.ee\\\/et\\\/pido-2018\\\/\",\"name\":\"Pido 2018 - Uma Pido\",\"isPartOf\":{\"@id\":\"https:\\\/\\\/umapido.ee\\\/#website\"},\"primaryImageOfPage\":{\"@id\":\"https:\\\/\\\/umapido.ee\\\/et\\\/pido-2018\\\/#primaryimage\"},\"image\":{\"@id\":\"https:\\\/\\\/umapido.ee\\\/et\\\/pido-2018\\\/#primaryimage\"},\"thumbnailUrl\":\"https:\\\/\\\/umapido.ee\\\/wp-content\\\/uploads\\\/2018\\\/04\\\/up_ava.png\",\"datePublished\":\"2018-11-16T09:34:38+00:00\",\"breadcrumb\":{\"@id\":\"https:\\\/\\\/umapido.ee\\\/et\\\/pido-2018\\\/#breadcrumb\"},\"inLanguage\":\"et\",\"potentialAction\":[{\"@type\":\"ReadAction\",\"target\":[\"https:\\\/\\\/umapido.ee\\\/et\\\/pido-2018\\\/\"]}]},{\"@type\":\"ImageObject\",\"inLanguage\":\"et\",\"@id\":\"https:\\\/\\\/umapido.ee\\\/et\\\/pido-2018\\\/#primaryimage\",\"url\":\"https:\\\/\\\/umapido.ee\\\/wp-content\\\/uploads\\\/2018\\\/04\\\/up_ava.png\",\"contentUrl\":\"https:\\\/\\\/umapido.ee\\\/wp-content\\\/uploads\\\/2018\\\/04\\\/up_ava.png\"},{\"@type\":\"BreadcrumbList\",\"@id\":\"https:\\\/\\\/umapido.ee\\\/et\\\/pido-2018\\\/#breadcrumb\",\"itemListElement\":[{\"@type\":\"ListItem\",\"position\":1,\"name\":\"Home\",\"item\":\"https:\\\/\\\/umapido.ee\\\/et\\\/\"},{\"@type\":\"ListItem\",\"position\":2,\"name\":\"Pido 2018\"}]},{\"@type\":\"WebSite\",\"@id\":\"https:\\\/\\\/umapido.ee\\\/#website\",\"url\":\"https:\\\/\\\/umapido.ee\\\/\",\"name\":\"Uma Pido\",\"description\":\"V\u00f5rokeeline laulu- ja rahvapido\",\"potentialAction\":[{\"@type\":\"SearchAction\",\"target\":{\"@type\":\"EntryPoint\",\"urlTemplate\":\"https:\\\/\\\/umapido.ee\\\/?s={search_term_string}\"},\"query-input\":{\"@type\":\"PropertyValueSpecification\",\"valueRequired\":true,\"valueName\":\"search_term_string\"}}],\"inLanguage\":\"et\"}]}<\/script>\n<!-- \/ Yoast SEO plugin. -->","yoast_head_json":{"title":"Pido 2018 - Uma Pido","robots":{"index":"index","follow":"follow","max-snippet":"max-snippet:-1","max-image-preview":"max-image-preview:large","max-video-preview":"max-video-preview:-1"},"canonical":"https:\/\/umapido.ee\/et\/pido-2018\/","og_locale":"et_EE","og_type":"article","og_title":"Pido 2018 - Uma Pido","og_description":"Uma Pido juubelipidu t\u00f5i laulukaare alla rekordarvu esinejaid V\u00f5rokeelne laulu- ja rahvapidu Uma Pido t\u00f5i laup\u00e4eval, 2. juunil 2018 Kubija laulukaare alla 3800 lauljat. Tegemist oli suurejoonelise juubelipeoga, millega t\u00e4histati nii k\u00fcmneaastast\u00a0Uma Peo traditsiooni kui Eesti vabariigi 100 aasta juubelit. Vaata edasi &nbsp; Uma Pido Facebookis:\u00a0https:\/\/www.facebook.com\/umapido5\/","og_url":"https:\/\/umapido.ee\/et\/pido-2018\/","og_site_name":"Uma Pido","article_publisher":"https:\/\/www.facebook.com\/UmaPido-278039651663\/","og_image":[{"url":"https:\/\/umapido.ee\/wp-content\/uploads\/2018\/04\/up_ava.png","type":"","width":"","height":""}],"twitter_card":"summary_large_image","schema":{"@context":"https:\/\/schema.org","@graph":[{"@type":"WebPage","@id":"https:\/\/umapido.ee\/et\/pido-2018\/","url":"https:\/\/umapido.ee\/et\/pido-2018\/","name":"Pido 2018 - Uma Pido","isPartOf":{"@id":"https:\/\/umapido.ee\/#website"},"primaryImageOfPage":{"@id":"https:\/\/umapido.ee\/et\/pido-2018\/#primaryimage"},"image":{"@id":"https:\/\/umapido.ee\/et\/pido-2018\/#primaryimage"},"thumbnailUrl":"https:\/\/umapido.ee\/wp-content\/uploads\/2018\/04\/up_ava.png","datePublished":"2018-11-16T09:34:38+00:00","breadcrumb":{"@id":"https:\/\/umapido.ee\/et\/pido-2018\/#breadcrumb"},"inLanguage":"et","potentialAction":[{"@type":"ReadAction","target":["https:\/\/umapido.ee\/et\/pido-2018\/"]}]},{"@type":"ImageObject","inLanguage":"et","@id":"https:\/\/umapido.ee\/et\/pido-2018\/#primaryimage","url":"https:\/\/umapido.ee\/wp-content\/uploads\/2018\/04\/up_ava.png","contentUrl":"https:\/\/umapido.ee\/wp-content\/uploads\/2018\/04\/up_ava.png"},{"@type":"BreadcrumbList","@id":"https:\/\/umapido.ee\/et\/pido-2018\/#breadcrumb","itemListElement":[{"@type":"ListItem","position":1,"name":"Home","item":"https:\/\/umapido.ee\/et\/"},{"@type":"ListItem","position":2,"name":"Pido 2018"}]},{"@type":"WebSite","@id":"https:\/\/umapido.ee\/#website","url":"https:\/\/umapido.ee\/","name":"Uma Pido","description":"V\u00f5rokeeline laulu- ja rahvapido","potentialAction":[{"@type":"SearchAction","target":{"@type":"EntryPoint","urlTemplate":"https:\/\/umapido.ee\/?s={search_term_string}"},"query-input":{"@type":"PropertyValueSpecification","valueRequired":true,"valueName":"search_term_string"}}],"inLanguage":"et"}]}},"_links":{"self":[{"href":"https:\/\/umapido.ee\/et\/wp-json\/wp\/v2\/pages\/2074","targetHints":{"allow":["GET"]}}],"collection":[{"href":"https:\/\/umapido.ee\/et\/wp-json\/wp\/v2\/pages"}],"about":[{"href":"https:\/\/umapido.ee\/et\/wp-json\/wp\/v2\/types\/page"}],"author":[{"embeddable":true,"href":"https:\/\/umapido.ee\/et\/wp-json\/wp\/v2\/users\/1"}],"replies":[{"embeddable":true,"href":"https:\/\/umapido.ee\/et\/wp-json\/wp\/v2\/comments?post=2074"}],"version-history":[{"count":1,"href":"https:\/\/umapido.ee\/et\/wp-json\/wp\/v2\/pages\/2074\/revisions"}],"predecessor-version":[{"id":2075,"href":"https:\/\/umapido.ee\/et\/wp-json\/wp\/v2\/pages\/2074\/revisions\/2075"}],"wp:attachment":[{"href":"https:\/\/umapido.ee\/et\/wp-json\/wp\/v2\/media?parent=2074"}],"curies":[{"name":"wp","href":"https:\/\/api.w.org\/{rel}","templated":true}]}}