{"id":14,"date":"2017-10-05T13:55:28","date_gmt":"2017-10-05T10:55:28","guid":{"rendered":"https:\/\/umapido.ee\/?page_id=14"},"modified":"2018-11-20T14:08:58","modified_gmt":"2018-11-20T12:08:58","slug":"uma-pido","status":"publish","type":"page","link":"https:\/\/umapido.ee\/et\/uma-pido\/","title":{"rendered":"Uma Pido"},"content":{"rendered":"<p><strong>Mis on Uma Pido?<\/strong><\/p>\n<p align=\"justify\">Uma Pido on v\u00f5rukeelne laulu- ja rahvapidu, mis toimus esimest korda 31. mail 2008 V\u00f5ru linnas ja Kubija laululaval, teist korda 29. mail 2010 P\u00f5lva linnas ja Intsikurmu laululaval, kolmandat korda 1. juunil 2013 V\u00f5rus ja Kubijal ning neljandat korda 28. mail 2016 P\u00f5lvas Intsikurmus ja viiendat korda 2. juunil 2018 V\u00f5rus Kubijal. Uma Pido v\u00f5ib nimetada ka v\u00f5rukeste \u00fclemaailmseks kokkutulekuks. Pidu tugevdab paikkondlikku \u00fchtekuuluvustunnet ja identiteeti v\u00f5ru kultuuri- ja keeleruumis, elavdab kultuurielu, toob siiakanti k\u00fclalisi ning \u00e4rgitab tagasi koju p\u00f6\u00f6rduma mujale t\u00f6\u00f6le ja elama l\u00e4inud v\u00f5rukesi.<\/p>\n<p>Varasemate pidude kohta saab rohkem teada Uma Pido kodulehelt linkide &#8220;<a href=\"https:\/\/umapido.ee\/arhiiv-2008\/\">Pido\u00a02008<\/a>&#8220;, &#8220;<a href=\"https:\/\/umapido.ee\/arhiiv-2010\/\">Pido 2010<\/a>&#8220;,\u00a0&#8220;<a href=\"https:\/\/umapido.ee\/arhiiv-2013-sp-985340999\/\">Pido 2013<\/a>&#8220;,\u00a0&#8220;<a href=\"https:\/\/umapido.ee\/pido-2016\/\">Pido 2016<\/a>&#8221; ja &#8220;<a href=\"https:\/\/umapido.ee\/pido-2018\/\">Pido 2018<\/a>&#8221; alt. On tekkinud omakeelsete pidude traditsioon, kus pidu liigub kahe maakonna vahel.<\/p>\n<p><strong>Kust peom\u00f5te tuli?<\/strong><\/p>\n<p align=\"justify\">Peo m\u00f5te sai alguse v\u00f5rukeste iga-aastasel suvisel suur\u00fcritusel Kaika suve\u00fclikoolis Valgj\u00e4rvel 2006. aastal, kus\u00a0P\u00f5lva ja V\u00f5ru maavanemad k\u00f5nelesid kultuurilisest koost\u00f6\u00f6st v\u00f5ru kultuuriruumis. Otsustati korraldada kohalikku p\u00e4randit ja keelt r\u00f5hutav ning v\u00f5ru kultuuriruumi \u00fchendav laulu- ja rahvapidu Uma Pido.<br \/>\nV\u00f5ru kultuuriruumi all m\u00f5istetakse ajaloolist V\u00f5rumaad oma kaheksa kihelkonnaga, need on Karula, Hargla, Kanepi, Urvaste, Vastseliina, R\u00f5uge, P\u00f5lva ja R\u00e4pina, mis t\u00e4nap\u00e4eval on P\u00f5lva ja V\u00f5ru maakonna ja v\u00e4iksemates osades ka Tartu ja Valga maakonna territooriumil. Esimene pidu oli niisiis kahes ajaloolises V\u00f5rumaa kihelkonnas, sest V\u00f5ru linn asub endises P\u00f5lva kihelkonnas ja Kubija laululava R\u00f5uge kihelkonnas. Aga teine pidu toimus t\u00e4ielikult P\u00f5lva kihelkonnas.<\/p>\n<p align=\"justify\"><strong>Keda Umale Peole oodatakse?<\/strong><\/p>\n<p align=\"justify\">Umal Peol kaasa l\u00f6\u00f6ma oodatakse k\u00f5iki v\u00f5rokesi, nende vendi ja s\u00f5saraid setosid ning s\u00f5pru mujalt Eestist ja v\u00e4lismaaltki. Tulija\u00a0saab peost osa\u00a0nii laadalise, t\u00f6\u00f6toas kaasal\u00f6\u00f6ja kui t\u00e4navakontserdi kuulajana. Ja muidugi saab ta olla \u00f5htuse peakontserdi\u00a0rahva hulgas \u2013 ka seal saab iga\u00fcks kaasa laulda, sest kavas on t\u00e4htsal kohal k\u00f5igile teada laulud ja laulude s\u00f5nad tr\u00fckitakse \u00e4ra peo kavavihikus.<\/p>\n<p><strong>Kes Umal Peol laulda saavad?<\/strong><\/p>\n<p align=\"justify\">Peol saab iga\u00fcks laulda. Enda jaoks sobiva v\u00f5imaluse leiab iga osaleja. Peakontserdile oodatakse koore ennek\u00f5ike V\u00f5ru ja P\u00f5lva maakonnast, aga nagu juba esimesed peod n\u00e4itasid, tahetakse laulma tulla \u00fcle terve Eesti ja v\u00e4lismaaltki. Kokku oli esimesel peol lauljaid ligi 2400, teisel 3400, kolmandal 3600, neljandal 3400 ja viiendal 3800 lauljat. Kuna mees- ja naiskoore on v\u00f5rreldes teiste kooriliikidega v\u00e4hem, on neile rahvast juurde tulnud projektkooridega &#8220;Mehe&#8217; m\u00f5tsast&#8221; ja &#8220;Naas\u00f5&#8217; nurm\u00f5lt&#8221;, kuhu tulevad need, kes igap\u00e4evaselt kuskil kooris ei k\u00e4i, aga ka ansamblite ja segakooride mehed ja naised. Teisest peost sai alguse konnakooride peolk\u00e4imise traditsioon. Konnakoorid moodustatakse pere-, kogu-, s\u00f5prus- jne -kondadest ja nad saavad peol kaasa laulda \u00fchendkoorilaule. Lisaks koorilauljatele osaleb peol hulgaliselt esinejaid t\u00f6\u00f6tubades ja v\u00e4iksematel lavadel ning pidu p\u00fc\u00fctakse korraldada ikka niimoodi, et k\u00f5ik saaksid kaasa l\u00fc\u00fca ja laulda.<\/p>\n<p><strong>Mis laule lauldakse?<\/strong><\/p>\n<p align=\"justify\">Peol lauldakse omas keeles. V\u00f5rukeelsed on \u00fclesastumised nii p\u00e4evaprogrammis kui \u00f5htusel peakontserdil. \u00d5htuse kontserdi kava koosneb v\u00f5rukeelsetest rahvalauludest, rahvalikest lauludest, klassikalistest koorilauludest ja uuematest kooridele seatud lauludest. On laule, mida teavad k\u00f5ik, aga ka selliseid, mida enamus publikust kuuleb esmakordselt.<\/p>\n<p><strong>Uma Pido s\u00fcmboolikast<\/strong><\/p>\n<p align=\"justify\">Esimese Uma Pido kunstnik oli Maarja Meeru. Ta sai Uma Pido s\u00fcmboolikat kujundades inspiratsiooni V\u00f5rumaa k\u00fcnklikust loodusest ja rahvariietest. Nii said Uma Peo s\u00fcmboolikas kokku loodus ja inimene. Kasutatud mustrid p\u00e4rinevad R\u00e4pina s\u00e4\u00e4repaeltelt 19. sajandi keskpaigast ja l\u00f5pust; seelikumustrilt, mille p\u00e4ritolu ja vanus on teadmata ning v\u00e4rvid R\u00e4pina seelikult 1920. aastate l\u00f5pust.<\/p>\n","protected":false},"excerpt":{"rendered":"<p>Mis on Uma Pido? Uma Pido on v\u00f5rukeelne laulu- ja rahvapidu, mis toimus esimest korda 31. mail 2008 V\u00f5ru linnas ja Kubija laululaval, teist korda 29. mail 2010 P\u00f5lva linnas ja Intsikurmu laululaval, kolmandat korda 1. juunil 2013 V\u00f5rus ja Kubijal ning neljandat korda 28. mail 2016 P\u00f5lvas Intsikurmus ja viiendat korda 2. juunil 2018 [&hellip;]<\/p>\n","protected":false},"author":1,"featured_media":0,"parent":0,"menu_order":0,"comment_status":"closed","ping_status":"closed","template":"","meta":{"footnotes":""},"class_list":["post-14","page","type-page","status-publish","hentry"],"yoast_head":"<!-- This site is optimized with the Yoast SEO plugin v27.4 - https:\/\/yoast.com\/product\/yoast-seo-wordpress\/ -->\n<title>Uma Pido - Uma Pido<\/title>\n<meta name=\"robots\" content=\"index, follow, max-snippet:-1, max-image-preview:large, max-video-preview:-1\" \/>\n<link rel=\"canonical\" href=\"https:\/\/umapido.ee\/et\/uma-pido\/\" \/>\n<meta property=\"og:locale\" content=\"et_EE\" \/>\n<meta property=\"og:type\" content=\"article\" \/>\n<meta property=\"og:title\" content=\"Uma Pido - Uma Pido\" \/>\n<meta property=\"og:description\" content=\"Mis on Uma Pido? Uma Pido on v\u00f5rukeelne laulu- ja rahvapidu, mis toimus esimest korda 31. mail 2008 V\u00f5ru linnas ja Kubija laululaval, teist korda 29. mail 2010 P\u00f5lva linnas ja Intsikurmu laululaval, kolmandat korda 1. juunil 2013 V\u00f5rus ja Kubijal ning neljandat korda 28. mail 2016 P\u00f5lvas Intsikurmus ja viiendat korda 2. juunil 2018 [&hellip;]\" \/>\n<meta property=\"og:url\" content=\"https:\/\/umapido.ee\/et\/uma-pido\/\" \/>\n<meta property=\"og:site_name\" content=\"Uma Pido\" \/>\n<meta property=\"article:publisher\" content=\"https:\/\/www.facebook.com\/UmaPido-278039651663\/\" \/>\n<meta property=\"article:modified_time\" content=\"2018-11-20T12:08:58+00:00\" \/>\n<meta name=\"twitter:card\" content=\"summary_large_image\" \/>\n<meta name=\"twitter:label1\" content=\"Est. reading time\" \/>\n\t<meta name=\"twitter:data1\" content=\"3 minutit\" \/>\n<script type=\"application\/ld+json\" class=\"yoast-schema-graph\">{\"@context\":\"https:\\\/\\\/schema.org\",\"@graph\":[{\"@type\":\"WebPage\",\"@id\":\"https:\\\/\\\/umapido.ee\\\/et\\\/uma-pido\\\/\",\"url\":\"https:\\\/\\\/umapido.ee\\\/et\\\/uma-pido\\\/\",\"name\":\"Uma Pido - Uma Pido\",\"isPartOf\":{\"@id\":\"https:\\\/\\\/umapido.ee\\\/#website\"},\"datePublished\":\"2017-10-05T10:55:28+00:00\",\"dateModified\":\"2018-11-20T12:08:58+00:00\",\"breadcrumb\":{\"@id\":\"https:\\\/\\\/umapido.ee\\\/et\\\/uma-pido\\\/#breadcrumb\"},\"inLanguage\":\"et\",\"potentialAction\":[{\"@type\":\"ReadAction\",\"target\":[\"https:\\\/\\\/umapido.ee\\\/et\\\/uma-pido\\\/\"]}]},{\"@type\":\"BreadcrumbList\",\"@id\":\"https:\\\/\\\/umapido.ee\\\/et\\\/uma-pido\\\/#breadcrumb\",\"itemListElement\":[{\"@type\":\"ListItem\",\"position\":1,\"name\":\"Home\",\"item\":\"https:\\\/\\\/umapido.ee\\\/et\\\/\"},{\"@type\":\"ListItem\",\"position\":2,\"name\":\"Uma Pido\"}]},{\"@type\":\"WebSite\",\"@id\":\"https:\\\/\\\/umapido.ee\\\/#website\",\"url\":\"https:\\\/\\\/umapido.ee\\\/\",\"name\":\"Uma Pido\",\"description\":\"V\u00f5rokeeline laulu- ja rahvapido\",\"potentialAction\":[{\"@type\":\"SearchAction\",\"target\":{\"@type\":\"EntryPoint\",\"urlTemplate\":\"https:\\\/\\\/umapido.ee\\\/?s={search_term_string}\"},\"query-input\":{\"@type\":\"PropertyValueSpecification\",\"valueRequired\":true,\"valueName\":\"search_term_string\"}}],\"inLanguage\":\"et\"}]}<\/script>\n<!-- \/ Yoast SEO plugin. -->","yoast_head_json":{"title":"Uma Pido - Uma Pido","robots":{"index":"index","follow":"follow","max-snippet":"max-snippet:-1","max-image-preview":"max-image-preview:large","max-video-preview":"max-video-preview:-1"},"canonical":"https:\/\/umapido.ee\/et\/uma-pido\/","og_locale":"et_EE","og_type":"article","og_title":"Uma Pido - Uma Pido","og_description":"Mis on Uma Pido? Uma Pido on v\u00f5rukeelne laulu- ja rahvapidu, mis toimus esimest korda 31. mail 2008 V\u00f5ru linnas ja Kubija laululaval, teist korda 29. mail 2010 P\u00f5lva linnas ja Intsikurmu laululaval, kolmandat korda 1. juunil 2013 V\u00f5rus ja Kubijal ning neljandat korda 28. mail 2016 P\u00f5lvas Intsikurmus ja viiendat korda 2. juunil 2018 [&hellip;]","og_url":"https:\/\/umapido.ee\/et\/uma-pido\/","og_site_name":"Uma Pido","article_publisher":"https:\/\/www.facebook.com\/UmaPido-278039651663\/","article_modified_time":"2018-11-20T12:08:58+00:00","twitter_card":"summary_large_image","twitter_misc":{"Est. reading time":"3 minutit"},"schema":{"@context":"https:\/\/schema.org","@graph":[{"@type":"WebPage","@id":"https:\/\/umapido.ee\/et\/uma-pido\/","url":"https:\/\/umapido.ee\/et\/uma-pido\/","name":"Uma Pido - Uma Pido","isPartOf":{"@id":"https:\/\/umapido.ee\/#website"},"datePublished":"2017-10-05T10:55:28+00:00","dateModified":"2018-11-20T12:08:58+00:00","breadcrumb":{"@id":"https:\/\/umapido.ee\/et\/uma-pido\/#breadcrumb"},"inLanguage":"et","potentialAction":[{"@type":"ReadAction","target":["https:\/\/umapido.ee\/et\/uma-pido\/"]}]},{"@type":"BreadcrumbList","@id":"https:\/\/umapido.ee\/et\/uma-pido\/#breadcrumb","itemListElement":[{"@type":"ListItem","position":1,"name":"Home","item":"https:\/\/umapido.ee\/et\/"},{"@type":"ListItem","position":2,"name":"Uma Pido"}]},{"@type":"WebSite","@id":"https:\/\/umapido.ee\/#website","url":"https:\/\/umapido.ee\/","name":"Uma Pido","description":"V\u00f5rokeeline laulu- ja rahvapido","potentialAction":[{"@type":"SearchAction","target":{"@type":"EntryPoint","urlTemplate":"https:\/\/umapido.ee\/?s={search_term_string}"},"query-input":{"@type":"PropertyValueSpecification","valueRequired":true,"valueName":"search_term_string"}}],"inLanguage":"et"}]}},"_links":{"self":[{"href":"https:\/\/umapido.ee\/et\/wp-json\/wp\/v2\/pages\/14","targetHints":{"allow":["GET"]}}],"collection":[{"href":"https:\/\/umapido.ee\/et\/wp-json\/wp\/v2\/pages"}],"about":[{"href":"https:\/\/umapido.ee\/et\/wp-json\/wp\/v2\/types\/page"}],"author":[{"embeddable":true,"href":"https:\/\/umapido.ee\/et\/wp-json\/wp\/v2\/users\/1"}],"replies":[{"embeddable":true,"href":"https:\/\/umapido.ee\/et\/wp-json\/wp\/v2\/comments?post=14"}],"version-history":[{"count":7,"href":"https:\/\/umapido.ee\/et\/wp-json\/wp\/v2\/pages\/14\/revisions"}],"predecessor-version":[{"id":2127,"href":"https:\/\/umapido.ee\/et\/wp-json\/wp\/v2\/pages\/14\/revisions\/2127"}],"wp:attachment":[{"href":"https:\/\/umapido.ee\/et\/wp-json\/wp\/v2\/media?parent=14"}],"curies":[{"name":"wp","href":"https:\/\/api.w.org\/{rel}","templated":true}]}}