{"id":1311,"date":"2018-05-03T09:39:06","date_gmt":"2018-05-03T06:39:06","guid":{"rendered":"https:\/\/umapido.ee\/?page_id=1311"},"modified":"2018-11-16T11:38:42","modified_gmt":"2018-11-16T09:38:42","slug":"laat","status":"publish","type":"page","link":"https:\/\/umapido.ee\/et\/pido-2018\/laat\/","title":{"rendered":"Laat"},"content":{"rendered":"<p>Uma Pido p\u00e4eval<strong> 2. juunil<\/strong> on V\u00f5ru Kesklinna pargis<strong> kell 9-14<\/strong> UMA PIDO laat kohaliku kraami, laadalava ja t\u00f6\u00f6tubadega.<\/p>\n<p><strong>Laadalava programm<\/strong><br \/>\n\u2022 kell 9 P\u00f5lva maakonna l\u00f5\u00f5tsam\u00e4ngijad<br \/>\n\u2022 kell 10 V\u00e4rska muusikakooli Pilliklubi<br \/>\n\u2022 kell 10.30 Vastseliina muusikakooli pillilapsed<br \/>\n\u2022 kell 11 Folklooriansambel K\u00e4okir\u00e4s<br \/>\n\u2022 kell 11.30 Mooste Rahvamuusikakooli pillilapsed<br \/>\n\u2022 kell 12 Mooste Rahvamuusikakooli pilliklubi<br \/>\n\u2022 kell 12.30 V\u00f5ru muusikakooli l\u00f5\u00f5tsalapsed<br \/>\n\u2022 kell 13 R\u00f5uge Unistuste Kitarri Orkester<br \/>\n\u2022 kell 13.30 Nedsaja K\u00fcla B\u00e4nd<\/p>\n<p>&nbsp;<\/p>\n<p><strong>T\u00f6\u00f6toad Uma Pido laadal<\/strong><\/p>\n<p>Uma Pido laada t\u00f6\u00f6tubades tutvustatakse v\u00f5ro v\u00e4rki: v\u00f5ru keelt, suitsusaunakombeid, Vana-V\u00f5romaa k\u00e4sit\u00f6\u00f6d ja -s\u00f6\u00f6ki.<br \/>\nT\u00f6\u00f6toad on avatud ja ootavad uudistajaid-osav\u00f5tjaid laada-alal V\u00f5ru Kesklinna pargis kell 10-14.<\/p>\n<p><strong><a href=\"https:\/\/umapido.ee\/wp-content\/uploads\/2018\/05\/2018ltt_e.pdf\" target=\"_blank\" rel=\"noopener\">L\u00e4hemalt t\u00f6\u00f6tubadest<\/a><\/strong><\/p>\n<p>&nbsp;<\/p>\n<p>Laata korraldavad MT\u00dc V\u00f5luv\u00f5ru koost\u00f6\u00f6s V\u00f5ro Seltsi ja V\u00f5ru Instituudiga.<\/p>\n<p>&nbsp;<\/p>\n<p><a href=\"https:\/\/umapido.ee\/wp-content\/uploads\/2018\/03\/2018_3_1_e.pdf\" target=\"_blank\" rel=\"noopener\">Avatud on registreerumine Uma Pido laada m\u00fc\u00fcjatele.<\/a><\/p>\n","protected":false},"excerpt":{"rendered":"<p>Uma Pido p\u00e4eval 2. juunil on V\u00f5ru Kesklinna pargis kell 9-14 UMA PIDO laat kohaliku kraami, laadalava ja t\u00f6\u00f6tubadega. Laadalava programm \u2022 kell 9 P\u00f5lva maakonna l\u00f5\u00f5tsam\u00e4ngijad \u2022 kell 10 V\u00e4rska muusikakooli Pilliklubi \u2022 kell 10.30 Vastseliina muusikakooli pillilapsed \u2022 kell 11 Folklooriansambel K\u00e4okir\u00e4s \u2022 kell 11.30 Mooste Rahvamuusikakooli pillilapsed \u2022 kell 12 Mooste Rahvamuusikakooli [&hellip;]<\/p>\n","protected":false},"author":3,"featured_media":0,"parent":2074,"menu_order":0,"comment_status":"closed","ping_status":"closed","template":"","meta":{"footnotes":""},"class_list":["post-1311","page","type-page","status-publish","hentry"],"yoast_head":"<!-- This site is optimized with the Yoast SEO plugin v27.4 - https:\/\/yoast.com\/product\/yoast-seo-wordpress\/ -->\n<title>Laat - Uma Pido<\/title>\n<meta name=\"robots\" content=\"index, follow, max-snippet:-1, max-image-preview:large, max-video-preview:-1\" \/>\n<link rel=\"canonical\" href=\"https:\/\/umapido.ee\/et\/pido-2018\/laat\/\" \/>\n<meta property=\"og:locale\" content=\"et_EE\" \/>\n<meta property=\"og:type\" content=\"article\" \/>\n<meta property=\"og:title\" content=\"Laat - Uma Pido\" \/>\n<meta property=\"og:description\" content=\"Uma Pido p\u00e4eval 2. juunil on V\u00f5ru Kesklinna pargis kell 9-14 UMA PIDO laat kohaliku kraami, laadalava ja t\u00f6\u00f6tubadega. Laadalava programm \u2022 kell 9 P\u00f5lva maakonna l\u00f5\u00f5tsam\u00e4ngijad \u2022 kell 10 V\u00e4rska muusikakooli Pilliklubi \u2022 kell 10.30 Vastseliina muusikakooli pillilapsed \u2022 kell 11 Folklooriansambel K\u00e4okir\u00e4s \u2022 kell 11.30 Mooste Rahvamuusikakooli pillilapsed \u2022 kell 12 Mooste Rahvamuusikakooli [&hellip;]\" \/>\n<meta property=\"og:url\" content=\"https:\/\/umapido.ee\/et\/pido-2018\/laat\/\" \/>\n<meta property=\"og:site_name\" content=\"Uma Pido\" \/>\n<meta property=\"article:publisher\" content=\"https:\/\/www.facebook.com\/UmaPido-278039651663\/\" \/>\n<meta property=\"article:modified_time\" content=\"2018-11-16T09:38:42+00:00\" \/>\n<meta name=\"twitter:card\" content=\"summary_large_image\" \/>\n<meta name=\"twitter:label1\" content=\"Est. reading time\" \/>\n\t<meta name=\"twitter:data1\" content=\"1 minut\" \/>\n<script type=\"application\/ld+json\" class=\"yoast-schema-graph\">{\"@context\":\"https:\\\/\\\/schema.org\",\"@graph\":[{\"@type\":\"WebPage\",\"@id\":\"https:\\\/\\\/umapido.ee\\\/et\\\/pido-2018\\\/laat\\\/\",\"url\":\"https:\\\/\\\/umapido.ee\\\/et\\\/pido-2018\\\/laat\\\/\",\"name\":\"Laat - Uma Pido\",\"isPartOf\":{\"@id\":\"https:\\\/\\\/umapido.ee\\\/#website\"},\"datePublished\":\"2018-05-03T06:39:06+00:00\",\"dateModified\":\"2018-11-16T09:38:42+00:00\",\"breadcrumb\":{\"@id\":\"https:\\\/\\\/umapido.ee\\\/et\\\/pido-2018\\\/laat\\\/#breadcrumb\"},\"inLanguage\":\"et\",\"potentialAction\":[{\"@type\":\"ReadAction\",\"target\":[\"https:\\\/\\\/umapido.ee\\\/et\\\/pido-2018\\\/laat\\\/\"]}]},{\"@type\":\"BreadcrumbList\",\"@id\":\"https:\\\/\\\/umapido.ee\\\/et\\\/pido-2018\\\/laat\\\/#breadcrumb\",\"itemListElement\":[{\"@type\":\"ListItem\",\"position\":1,\"name\":\"Home\",\"item\":\"https:\\\/\\\/umapido.ee\\\/et\\\/\"},{\"@type\":\"ListItem\",\"position\":2,\"name\":\"Pido 2018\",\"item\":\"https:\\\/\\\/umapido.ee\\\/et\\\/pido-2018\\\/\"},{\"@type\":\"ListItem\",\"position\":3,\"name\":\"Laat\"}]},{\"@type\":\"WebSite\",\"@id\":\"https:\\\/\\\/umapido.ee\\\/#website\",\"url\":\"https:\\\/\\\/umapido.ee\\\/\",\"name\":\"Uma Pido\",\"description\":\"V\u00f5rokeeline laulu- ja rahvapido\",\"potentialAction\":[{\"@type\":\"SearchAction\",\"target\":{\"@type\":\"EntryPoint\",\"urlTemplate\":\"https:\\\/\\\/umapido.ee\\\/?s={search_term_string}\"},\"query-input\":{\"@type\":\"PropertyValueSpecification\",\"valueRequired\":true,\"valueName\":\"search_term_string\"}}],\"inLanguage\":\"et\"}]}<\/script>\n<!-- \/ Yoast SEO plugin. -->","yoast_head_json":{"title":"Laat - Uma Pido","robots":{"index":"index","follow":"follow","max-snippet":"max-snippet:-1","max-image-preview":"max-image-preview:large","max-video-preview":"max-video-preview:-1"},"canonical":"https:\/\/umapido.ee\/et\/pido-2018\/laat\/","og_locale":"et_EE","og_type":"article","og_title":"Laat - Uma Pido","og_description":"Uma Pido p\u00e4eval 2. juunil on V\u00f5ru Kesklinna pargis kell 9-14 UMA PIDO laat kohaliku kraami, laadalava ja t\u00f6\u00f6tubadega. Laadalava programm \u2022 kell 9 P\u00f5lva maakonna l\u00f5\u00f5tsam\u00e4ngijad \u2022 kell 10 V\u00e4rska muusikakooli Pilliklubi \u2022 kell 10.30 Vastseliina muusikakooli pillilapsed \u2022 kell 11 Folklooriansambel K\u00e4okir\u00e4s \u2022 kell 11.30 Mooste Rahvamuusikakooli pillilapsed \u2022 kell 12 Mooste Rahvamuusikakooli [&hellip;]","og_url":"https:\/\/umapido.ee\/et\/pido-2018\/laat\/","og_site_name":"Uma Pido","article_publisher":"https:\/\/www.facebook.com\/UmaPido-278039651663\/","article_modified_time":"2018-11-16T09:38:42+00:00","twitter_card":"summary_large_image","twitter_misc":{"Est. reading time":"1 minut"},"schema":{"@context":"https:\/\/schema.org","@graph":[{"@type":"WebPage","@id":"https:\/\/umapido.ee\/et\/pido-2018\/laat\/","url":"https:\/\/umapido.ee\/et\/pido-2018\/laat\/","name":"Laat - Uma Pido","isPartOf":{"@id":"https:\/\/umapido.ee\/#website"},"datePublished":"2018-05-03T06:39:06+00:00","dateModified":"2018-11-16T09:38:42+00:00","breadcrumb":{"@id":"https:\/\/umapido.ee\/et\/pido-2018\/laat\/#breadcrumb"},"inLanguage":"et","potentialAction":[{"@type":"ReadAction","target":["https:\/\/umapido.ee\/et\/pido-2018\/laat\/"]}]},{"@type":"BreadcrumbList","@id":"https:\/\/umapido.ee\/et\/pido-2018\/laat\/#breadcrumb","itemListElement":[{"@type":"ListItem","position":1,"name":"Home","item":"https:\/\/umapido.ee\/et\/"},{"@type":"ListItem","position":2,"name":"Pido 2018","item":"https:\/\/umapido.ee\/et\/pido-2018\/"},{"@type":"ListItem","position":3,"name":"Laat"}]},{"@type":"WebSite","@id":"https:\/\/umapido.ee\/#website","url":"https:\/\/umapido.ee\/","name":"Uma Pido","description":"V\u00f5rokeeline laulu- ja rahvapido","potentialAction":[{"@type":"SearchAction","target":{"@type":"EntryPoint","urlTemplate":"https:\/\/umapido.ee\/?s={search_term_string}"},"query-input":{"@type":"PropertyValueSpecification","valueRequired":true,"valueName":"search_term_string"}}],"inLanguage":"et"}]}},"_links":{"self":[{"href":"https:\/\/umapido.ee\/et\/wp-json\/wp\/v2\/pages\/1311","targetHints":{"allow":["GET"]}}],"collection":[{"href":"https:\/\/umapido.ee\/et\/wp-json\/wp\/v2\/pages"}],"about":[{"href":"https:\/\/umapido.ee\/et\/wp-json\/wp\/v2\/types\/page"}],"author":[{"embeddable":true,"href":"https:\/\/umapido.ee\/et\/wp-json\/wp\/v2\/users\/3"}],"replies":[{"embeddable":true,"href":"https:\/\/umapido.ee\/et\/wp-json\/wp\/v2\/comments?post=1311"}],"version-history":[{"count":12,"href":"https:\/\/umapido.ee\/et\/wp-json\/wp\/v2\/pages\/1311\/revisions"}],"predecessor-version":[{"id":1395,"href":"https:\/\/umapido.ee\/et\/wp-json\/wp\/v2\/pages\/1311\/revisions\/1395"}],"up":[{"embeddable":true,"href":"https:\/\/umapido.ee\/et\/wp-json\/wp\/v2\/pages\/2074"}],"wp:attachment":[{"href":"https:\/\/umapido.ee\/et\/wp-json\/wp\/v2\/media?parent=1311"}],"curies":[{"name":"wp","href":"https:\/\/api.w.org\/{rel}","templated":true}]}}