{"id":1238,"date":"2018-04-11T11:01:06","date_gmt":"2018-04-11T08:01:06","guid":{"rendered":"https:\/\/umapido.ee\/?page_id=1238"},"modified":"2018-05-17T10:06:38","modified_gmt":"2018-05-17T07:06:38","slug":"peo-kava","status":"publish","type":"page","link":"https:\/\/umapido.ee\/et\/pido-2018\/peo-kava\/","title":{"rendered":"Peo kava"},"content":{"rendered":"<p><strong>V v\u00f5rukeelne laulu- ja rahvapidu Uma Pido<\/strong><\/p>\n<p><strong>2. juunil 2018 V\u00f5ru Kubija laululaval<\/strong><br \/>\nPidu on p\u00fchendatud Eesti Vabariigi suurele ja Uma Pido v\u00e4ikesele juubelile.<\/p>\n<p>&nbsp;<\/p>\n<p><strong>Eelmisel p\u00e4eval<\/strong><\/p>\n<p><strong>1. juunil 2018<\/strong><\/p>\n<p>Kell 18 Dr. Fr. R. Kretzwaldi muuseumis kontsert &#8211; <a href=\"https:\/\/umapido.ee\/wp-content\/uploads\/2018\/05\/utsiotso.pdf\" target=\"_blank\" rel=\"noopener\">ansambel \u00dcTSIOTS\u00d5<\/a>.<\/p>\n<p><strong>Peo p\u00e4eval<\/strong><\/p>\n<p><strong>2. juunil 2018\u00a0<\/strong><\/p>\n<p><strong>9-14 UMA PIDO LAAT V\u00f5ru kesklinna pargis<\/strong><br \/>\nKauplemine kohaliku kraamiga, k\u00e4sit\u00f6\u00f6toad, laadalava. <a href=\"https:\/\/umapido.ee\/laat\/\" target=\"_blank\" rel=\"noopener\">Vaata l\u00e4hemalt.<\/a><\/p>\n<p><span style=\"color: #800000;\"><strong>18 UMA PIDO peakontsert Kubija laululaval<\/strong><\/span><br \/>\nPublikule on Kubija avatud kell 17!<br \/>\n<strong>Kaasa l\u00f6\u00f6vad<\/strong><br \/>\n3800 suurt ja v\u00e4ikest lauljat<br \/>\nTantsur\u00fchmad Hopser, V\u00f5ru pension\u00e4ride p\u00e4evakeskuse segarahvatantsur\u00fchm Meelespea, Osula seltskonnatantsur\u00fchm Ummamuudu ja Lasva ja S\u00f5merpalu keelepes\u00e4r\u00fchmade lapsed.<br \/>\nSolistid Mari Kalkun, Vootele Ruusmaa, Tauri-Viljar Vahesaar.<br \/>\nFolklooripunt \u00dctsiots\u00f5.<br \/>\nV\u00f5ru Muusikakooli orkester Jaan Randvere eestv\u00f5tmisel.<br \/>\nJa k\u00f5ik rahvas, kes Kubijale kokku tuleb.<\/p>\n<p><strong>Pidu j\u00e4tkub SIMMANIGA!<\/strong><br \/>\n<strong>M\u00e4ngib ansambel <span style=\"color: #008000;\">UMMAMUUDU<\/span><\/strong><\/p>\n<p><strong>Piletiinfo<\/strong><br \/>\nPilet Piletilevist ostes 6 ja 4* eurot, perepilet 15.<br \/>\nKohapeal V\u00f5ru Kubijal 8 ja 6* eurot, perepilet 20.<br \/>\nPerepiletiga saavad sisse kaks t\u00e4iskasvanut ja kari lapsi (kuni 18a).<br \/>\nAlla 7a lapsed tasuta.<br \/>\n*Sooduspilet lastele (7-18a), tudengitele, pension\u00e4ridele.<\/p>\n<p>&nbsp;<\/p>\n<p><a href=\"https:\/\/www.piletilevi.ee\/est\/piletid\/kogupere\/mitmesugust\/uma-pido-paakontsort-vorokeeline-laulu-ja-rahvapido-249198\/\"><img loading=\"lazy\" decoding=\"async\" class=\"alignnone size-full wp-image-1189\" src=\"https:\/\/umapido.ee\/wp-content\/uploads\/2018\/03\/Piletilevi_logo.jpg\" alt=\"\" width=\"227\" height=\"75\" \/><\/a><\/p>\n","protected":false},"excerpt":{"rendered":"<p>V v\u00f5rukeelne laulu- ja rahvapidu Uma Pido 2. juunil 2018 V\u00f5ru Kubija laululaval Pidu on p\u00fchendatud Eesti Vabariigi suurele ja Uma Pido v\u00e4ikesele juubelile. &nbsp; Eelmisel p\u00e4eval 1. juunil 2018 Kell 18 Dr. Fr. R. Kretzwaldi muuseumis kontsert &#8211; ansambel \u00dcTSIOTS\u00d5. Peo p\u00e4eval 2. juunil 2018\u00a0 9-14 UMA PIDO LAAT V\u00f5ru kesklinna pargis Kauplemine kohaliku [&hellip;]<\/p>\n","protected":false},"author":3,"featured_media":0,"parent":2074,"menu_order":0,"comment_status":"closed","ping_status":"closed","template":"","meta":{"footnotes":""},"class_list":["post-1238","page","type-page","status-publish","hentry"],"yoast_head":"<!-- This site is optimized with the Yoast SEO plugin v27.4 - https:\/\/yoast.com\/product\/yoast-seo-wordpress\/ -->\n<title>Peo kava - Uma Pido<\/title>\n<meta name=\"robots\" content=\"index, follow, max-snippet:-1, max-image-preview:large, max-video-preview:-1\" \/>\n<link rel=\"canonical\" href=\"https:\/\/umapido.ee\/et\/pido-2018\/peo-kava\/\" \/>\n<meta property=\"og:locale\" content=\"et_EE\" \/>\n<meta property=\"og:type\" content=\"article\" \/>\n<meta property=\"og:title\" content=\"Peo kava - Uma Pido\" \/>\n<meta property=\"og:description\" content=\"V v\u00f5rukeelne laulu- ja rahvapidu Uma Pido 2. juunil 2018 V\u00f5ru Kubija laululaval Pidu on p\u00fchendatud Eesti Vabariigi suurele ja Uma Pido v\u00e4ikesele juubelile. &nbsp; Eelmisel p\u00e4eval 1. juunil 2018 Kell 18 Dr. Fr. R. Kretzwaldi muuseumis kontsert &#8211; ansambel \u00dcTSIOTS\u00d5. Peo p\u00e4eval 2. juunil 2018\u00a0 9-14 UMA PIDO LAAT V\u00f5ru kesklinna pargis Kauplemine kohaliku [&hellip;]\" \/>\n<meta property=\"og:url\" content=\"https:\/\/umapido.ee\/et\/pido-2018\/peo-kava\/\" \/>\n<meta property=\"og:site_name\" content=\"Uma Pido\" \/>\n<meta property=\"article:publisher\" content=\"https:\/\/www.facebook.com\/UmaPido-278039651663\/\" \/>\n<meta property=\"article:modified_time\" content=\"2018-05-17T07:06:38+00:00\" \/>\n<meta property=\"og:image\" content=\"https:\/\/umapido.ee\/wp-content\/uploads\/2018\/03\/Piletilevi_logo.jpg\" \/>\n<meta name=\"twitter:card\" content=\"summary_large_image\" \/>\n<meta name=\"twitter:label1\" content=\"Est. reading time\" \/>\n\t<meta name=\"twitter:data1\" content=\"1 minut\" \/>\n<script type=\"application\/ld+json\" class=\"yoast-schema-graph\">{\"@context\":\"https:\\\/\\\/schema.org\",\"@graph\":[{\"@type\":\"WebPage\",\"@id\":\"https:\\\/\\\/umapido.ee\\\/et\\\/pido-2018\\\/peo-kava\\\/\",\"url\":\"https:\\\/\\\/umapido.ee\\\/et\\\/pido-2018\\\/peo-kava\\\/\",\"name\":\"Peo kava - Uma Pido\",\"isPartOf\":{\"@id\":\"https:\\\/\\\/umapido.ee\\\/#website\"},\"primaryImageOfPage\":{\"@id\":\"https:\\\/\\\/umapido.ee\\\/et\\\/pido-2018\\\/peo-kava\\\/#primaryimage\"},\"image\":{\"@id\":\"https:\\\/\\\/umapido.ee\\\/et\\\/pido-2018\\\/peo-kava\\\/#primaryimage\"},\"thumbnailUrl\":\"https:\\\/\\\/umapido.ee\\\/wp-content\\\/uploads\\\/2018\\\/03\\\/Piletilevi_logo.jpg\",\"datePublished\":\"2018-04-11T08:01:06+00:00\",\"dateModified\":\"2018-05-17T07:06:38+00:00\",\"breadcrumb\":{\"@id\":\"https:\\\/\\\/umapido.ee\\\/et\\\/pido-2018\\\/peo-kava\\\/#breadcrumb\"},\"inLanguage\":\"et\",\"potentialAction\":[{\"@type\":\"ReadAction\",\"target\":[\"https:\\\/\\\/umapido.ee\\\/et\\\/pido-2018\\\/peo-kava\\\/\"]}]},{\"@type\":\"ImageObject\",\"inLanguage\":\"et\",\"@id\":\"https:\\\/\\\/umapido.ee\\\/et\\\/pido-2018\\\/peo-kava\\\/#primaryimage\",\"url\":\"https:\\\/\\\/umapido.ee\\\/wp-content\\\/uploads\\\/2018\\\/03\\\/Piletilevi_logo.jpg\",\"contentUrl\":\"https:\\\/\\\/umapido.ee\\\/wp-content\\\/uploads\\\/2018\\\/03\\\/Piletilevi_logo.jpg\"},{\"@type\":\"BreadcrumbList\",\"@id\":\"https:\\\/\\\/umapido.ee\\\/et\\\/pido-2018\\\/peo-kava\\\/#breadcrumb\",\"itemListElement\":[{\"@type\":\"ListItem\",\"position\":1,\"name\":\"Home\",\"item\":\"https:\\\/\\\/umapido.ee\\\/et\\\/\"},{\"@type\":\"ListItem\",\"position\":2,\"name\":\"Pido 2018\",\"item\":\"https:\\\/\\\/umapido.ee\\\/et\\\/pido-2018\\\/\"},{\"@type\":\"ListItem\",\"position\":3,\"name\":\"Peo kava\"}]},{\"@type\":\"WebSite\",\"@id\":\"https:\\\/\\\/umapido.ee\\\/#website\",\"url\":\"https:\\\/\\\/umapido.ee\\\/\",\"name\":\"Uma Pido\",\"description\":\"V\u00f5rokeeline laulu- ja rahvapido\",\"potentialAction\":[{\"@type\":\"SearchAction\",\"target\":{\"@type\":\"EntryPoint\",\"urlTemplate\":\"https:\\\/\\\/umapido.ee\\\/?s={search_term_string}\"},\"query-input\":{\"@type\":\"PropertyValueSpecification\",\"valueRequired\":true,\"valueName\":\"search_term_string\"}}],\"inLanguage\":\"et\"}]}<\/script>\n<!-- \/ Yoast SEO plugin. -->","yoast_head_json":{"title":"Peo kava - Uma Pido","robots":{"index":"index","follow":"follow","max-snippet":"max-snippet:-1","max-image-preview":"max-image-preview:large","max-video-preview":"max-video-preview:-1"},"canonical":"https:\/\/umapido.ee\/et\/pido-2018\/peo-kava\/","og_locale":"et_EE","og_type":"article","og_title":"Peo kava - Uma Pido","og_description":"V v\u00f5rukeelne laulu- ja rahvapidu Uma Pido 2. juunil 2018 V\u00f5ru Kubija laululaval Pidu on p\u00fchendatud Eesti Vabariigi suurele ja Uma Pido v\u00e4ikesele juubelile. &nbsp; Eelmisel p\u00e4eval 1. juunil 2018 Kell 18 Dr. Fr. R. Kretzwaldi muuseumis kontsert &#8211; ansambel \u00dcTSIOTS\u00d5. Peo p\u00e4eval 2. juunil 2018\u00a0 9-14 UMA PIDO LAAT V\u00f5ru kesklinna pargis Kauplemine kohaliku [&hellip;]","og_url":"https:\/\/umapido.ee\/et\/pido-2018\/peo-kava\/","og_site_name":"Uma Pido","article_publisher":"https:\/\/www.facebook.com\/UmaPido-278039651663\/","article_modified_time":"2018-05-17T07:06:38+00:00","og_image":[{"url":"https:\/\/umapido.ee\/wp-content\/uploads\/2018\/03\/Piletilevi_logo.jpg","type":"","width":"","height":""}],"twitter_card":"summary_large_image","twitter_misc":{"Est. reading time":"1 minut"},"schema":{"@context":"https:\/\/schema.org","@graph":[{"@type":"WebPage","@id":"https:\/\/umapido.ee\/et\/pido-2018\/peo-kava\/","url":"https:\/\/umapido.ee\/et\/pido-2018\/peo-kava\/","name":"Peo kava - Uma Pido","isPartOf":{"@id":"https:\/\/umapido.ee\/#website"},"primaryImageOfPage":{"@id":"https:\/\/umapido.ee\/et\/pido-2018\/peo-kava\/#primaryimage"},"image":{"@id":"https:\/\/umapido.ee\/et\/pido-2018\/peo-kava\/#primaryimage"},"thumbnailUrl":"https:\/\/umapido.ee\/wp-content\/uploads\/2018\/03\/Piletilevi_logo.jpg","datePublished":"2018-04-11T08:01:06+00:00","dateModified":"2018-05-17T07:06:38+00:00","breadcrumb":{"@id":"https:\/\/umapido.ee\/et\/pido-2018\/peo-kava\/#breadcrumb"},"inLanguage":"et","potentialAction":[{"@type":"ReadAction","target":["https:\/\/umapido.ee\/et\/pido-2018\/peo-kava\/"]}]},{"@type":"ImageObject","inLanguage":"et","@id":"https:\/\/umapido.ee\/et\/pido-2018\/peo-kava\/#primaryimage","url":"https:\/\/umapido.ee\/wp-content\/uploads\/2018\/03\/Piletilevi_logo.jpg","contentUrl":"https:\/\/umapido.ee\/wp-content\/uploads\/2018\/03\/Piletilevi_logo.jpg"},{"@type":"BreadcrumbList","@id":"https:\/\/umapido.ee\/et\/pido-2018\/peo-kava\/#breadcrumb","itemListElement":[{"@type":"ListItem","position":1,"name":"Home","item":"https:\/\/umapido.ee\/et\/"},{"@type":"ListItem","position":2,"name":"Pido 2018","item":"https:\/\/umapido.ee\/et\/pido-2018\/"},{"@type":"ListItem","position":3,"name":"Peo kava"}]},{"@type":"WebSite","@id":"https:\/\/umapido.ee\/#website","url":"https:\/\/umapido.ee\/","name":"Uma Pido","description":"V\u00f5rokeeline laulu- ja rahvapido","potentialAction":[{"@type":"SearchAction","target":{"@type":"EntryPoint","urlTemplate":"https:\/\/umapido.ee\/?s={search_term_string}"},"query-input":{"@type":"PropertyValueSpecification","valueRequired":true,"valueName":"search_term_string"}}],"inLanguage":"et"}]}},"_links":{"self":[{"href":"https:\/\/umapido.ee\/et\/wp-json\/wp\/v2\/pages\/1238","targetHints":{"allow":["GET"]}}],"collection":[{"href":"https:\/\/umapido.ee\/et\/wp-json\/wp\/v2\/pages"}],"about":[{"href":"https:\/\/umapido.ee\/et\/wp-json\/wp\/v2\/types\/page"}],"author":[{"embeddable":true,"href":"https:\/\/umapido.ee\/et\/wp-json\/wp\/v2\/users\/3"}],"replies":[{"embeddable":true,"href":"https:\/\/umapido.ee\/et\/wp-json\/wp\/v2\/comments?post=1238"}],"version-history":[{"count":9,"href":"https:\/\/umapido.ee\/et\/wp-json\/wp\/v2\/pages\/1238\/revisions"}],"predecessor-version":[{"id":1381,"href":"https:\/\/umapido.ee\/et\/wp-json\/wp\/v2\/pages\/1238\/revisions\/1381"}],"up":[{"embeddable":true,"href":"https:\/\/umapido.ee\/et\/wp-json\/wp\/v2\/pages\/2074"}],"wp:attachment":[{"href":"https:\/\/umapido.ee\/et\/wp-json\/wp\/v2\/media?parent=1238"}],"curies":[{"name":"wp","href":"https:\/\/api.w.org\/{rel}","templated":true}]}}