{"id":1087,"date":"2018-02-15T13:49:14","date_gmt":"2018-02-15T11:49:14","guid":{"rendered":"https:\/\/umapido.ee\/?page_id=1087"},"modified":"2018-05-28T16:02:10","modified_gmt":"2018-05-28T13:02:10","slug":"videokonkurss","status":"publish","type":"page","link":"https:\/\/umapido.ee\/et\/pido-2018\/videokonkurss\/","title":{"rendered":"Videokonkurss"},"content":{"rendered":"<p>Uma Pido kuulutab v\u00e4lja VIDEOKONKURSI, mille eesm\u00e4rk on leida peole kutsuv reklaamvideo.<br \/>\nKlippide esitamise t\u00e4htaeg on 19. m\u00e4rts 2018. Tulemused selguvad 21. mail. 2018.<\/p>\n<p><a href=\"https:\/\/umapido.ee\/wp-content\/uploads\/2018\/02\/video_e.pdf\">Vaata l\u00e4hemalt<\/a><\/p>\n<p>&nbsp;<\/p>\n<h2>Konkursi tulemused<\/h2>\n<p>Konkursile laekus neli t\u00f6\u00f6d, millest k\u00f5ik leidsid ka tunnustamist.<br \/>\nI kohta videokonkursil v\u00e4lja ei antud, kuid kaks II kohta l\u00e4ksid jagamisele Johannes Peetsalu ja Laura Tillo vahel.<br \/>\nLaura Tillo video oli ka vaatajate lemmik, p\u00e4lvides Facebookis k\u00f5ige enam vaatamisi ja jagamisi.<\/p>\n<p>Eripreemiad:<br \/>\n&#8220;Varahads\u00f5 pidolis\u00f5 er\u00e4preemi\u00e4&#8221; &#8211; V\u00f5rumaa Noortekogu noored.<br \/>\n&#8220;Er\u00e4preemi\u00e4 sportlig\u00f5 eluviise \u00fcleskitmise iist&#8221; &#8211; Kuldar Vakker.<\/p>\n<p>Konkursi v\u00f5itjad kuulutas 25. mail V\u00f5ru Instituudis v\u00e4lja V\u00f5ru linnapea Anti Allas.<\/p>\n","protected":false},"excerpt":{"rendered":"<p>Uma Pido kuulutab v\u00e4lja VIDEOKONKURSI, mille eesm\u00e4rk on leida peole kutsuv reklaamvideo. Klippide esitamise t\u00e4htaeg on 19. m\u00e4rts 2018. Tulemused selguvad 21. mail. 2018. Vaata l\u00e4hemalt &nbsp; Konkursi tulemused Konkursile laekus neli t\u00f6\u00f6d, millest k\u00f5ik leidsid ka tunnustamist. I kohta videokonkursil v\u00e4lja ei antud, kuid kaks II kohta l\u00e4ksid jagamisele Johannes Peetsalu ja Laura Tillo [&hellip;]<\/p>\n","protected":false},"author":3,"featured_media":0,"parent":2074,"menu_order":0,"comment_status":"closed","ping_status":"closed","template":"","meta":{"footnotes":""},"class_list":["post-1087","page","type-page","status-publish","hentry"],"yoast_head":"<!-- This site is optimized with the Yoast SEO plugin v27.5 - https:\/\/yoast.com\/product\/yoast-seo-wordpress\/ -->\n<title>Videokonkurss - Uma Pido<\/title>\n<meta name=\"robots\" content=\"index, follow, max-snippet:-1, max-image-preview:large, max-video-preview:-1\" \/>\n<link rel=\"canonical\" href=\"https:\/\/umapido.ee\/et\/pido-2018\/videokonkurss\/\" \/>\n<meta property=\"og:locale\" content=\"et_EE\" \/>\n<meta property=\"og:type\" content=\"article\" \/>\n<meta property=\"og:title\" content=\"Videokonkurss - Uma Pido\" \/>\n<meta property=\"og:description\" content=\"Uma Pido kuulutab v\u00e4lja VIDEOKONKURSI, mille eesm\u00e4rk on leida peole kutsuv reklaamvideo. Klippide esitamise t\u00e4htaeg on 19. m\u00e4rts 2018. Tulemused selguvad 21. mail. 2018. Vaata l\u00e4hemalt &nbsp; Konkursi tulemused Konkursile laekus neli t\u00f6\u00f6d, millest k\u00f5ik leidsid ka tunnustamist. I kohta videokonkursil v\u00e4lja ei antud, kuid kaks II kohta l\u00e4ksid jagamisele Johannes Peetsalu ja Laura Tillo [&hellip;]\" \/>\n<meta property=\"og:url\" content=\"https:\/\/umapido.ee\/et\/pido-2018\/videokonkurss\/\" \/>\n<meta property=\"og:site_name\" content=\"Uma Pido\" \/>\n<meta property=\"article:publisher\" content=\"https:\/\/www.facebook.com\/UmaPido-278039651663\/\" \/>\n<meta property=\"article:modified_time\" content=\"2018-05-28T13:02:10+00:00\" \/>\n<meta name=\"twitter:card\" content=\"summary_large_image\" \/>\n<meta name=\"twitter:label1\" content=\"Est. reading time\" \/>\n\t<meta name=\"twitter:data1\" content=\"1 minut\" \/>\n<script type=\"application\/ld+json\" class=\"yoast-schema-graph\">{\"@context\":\"https:\\\/\\\/schema.org\",\"@graph\":[{\"@type\":\"WebPage\",\"@id\":\"https:\\\/\\\/umapido.ee\\\/et\\\/pido-2018\\\/videokonkurss\\\/\",\"url\":\"https:\\\/\\\/umapido.ee\\\/et\\\/pido-2018\\\/videokonkurss\\\/\",\"name\":\"Videokonkurss - Uma Pido\",\"isPartOf\":{\"@id\":\"https:\\\/\\\/umapido.ee\\\/#website\"},\"datePublished\":\"2018-02-15T11:49:14+00:00\",\"dateModified\":\"2018-05-28T13:02:10+00:00\",\"breadcrumb\":{\"@id\":\"https:\\\/\\\/umapido.ee\\\/et\\\/pido-2018\\\/videokonkurss\\\/#breadcrumb\"},\"inLanguage\":\"et\",\"potentialAction\":[{\"@type\":\"ReadAction\",\"target\":[\"https:\\\/\\\/umapido.ee\\\/et\\\/pido-2018\\\/videokonkurss\\\/\"]}]},{\"@type\":\"BreadcrumbList\",\"@id\":\"https:\\\/\\\/umapido.ee\\\/et\\\/pido-2018\\\/videokonkurss\\\/#breadcrumb\",\"itemListElement\":[{\"@type\":\"ListItem\",\"position\":1,\"name\":\"Home\",\"item\":\"https:\\\/\\\/umapido.ee\\\/et\\\/\"},{\"@type\":\"ListItem\",\"position\":2,\"name\":\"Pido 2018\",\"item\":\"https:\\\/\\\/umapido.ee\\\/et\\\/pido-2018\\\/\"},{\"@type\":\"ListItem\",\"position\":3,\"name\":\"Videokonkurss\"}]},{\"@type\":\"WebSite\",\"@id\":\"https:\\\/\\\/umapido.ee\\\/#website\",\"url\":\"https:\\\/\\\/umapido.ee\\\/\",\"name\":\"Uma Pido\",\"description\":\"V\u00f5rokeeline laulu- ja rahvapido\",\"potentialAction\":[{\"@type\":\"SearchAction\",\"target\":{\"@type\":\"EntryPoint\",\"urlTemplate\":\"https:\\\/\\\/umapido.ee\\\/?s={search_term_string}\"},\"query-input\":{\"@type\":\"PropertyValueSpecification\",\"valueRequired\":true,\"valueName\":\"search_term_string\"}}],\"inLanguage\":\"et\"}]}<\/script>\n<!-- \/ Yoast SEO plugin. -->","yoast_head_json":{"title":"Videokonkurss - Uma Pido","robots":{"index":"index","follow":"follow","max-snippet":"max-snippet:-1","max-image-preview":"max-image-preview:large","max-video-preview":"max-video-preview:-1"},"canonical":"https:\/\/umapido.ee\/et\/pido-2018\/videokonkurss\/","og_locale":"et_EE","og_type":"article","og_title":"Videokonkurss - Uma Pido","og_description":"Uma Pido kuulutab v\u00e4lja VIDEOKONKURSI, mille eesm\u00e4rk on leida peole kutsuv reklaamvideo. Klippide esitamise t\u00e4htaeg on 19. m\u00e4rts 2018. Tulemused selguvad 21. mail. 2018. Vaata l\u00e4hemalt &nbsp; Konkursi tulemused Konkursile laekus neli t\u00f6\u00f6d, millest k\u00f5ik leidsid ka tunnustamist. I kohta videokonkursil v\u00e4lja ei antud, kuid kaks II kohta l\u00e4ksid jagamisele Johannes Peetsalu ja Laura Tillo [&hellip;]","og_url":"https:\/\/umapido.ee\/et\/pido-2018\/videokonkurss\/","og_site_name":"Uma Pido","article_publisher":"https:\/\/www.facebook.com\/UmaPido-278039651663\/","article_modified_time":"2018-05-28T13:02:10+00:00","twitter_card":"summary_large_image","twitter_misc":{"Est. reading time":"1 minut"},"schema":{"@context":"https:\/\/schema.org","@graph":[{"@type":"WebPage","@id":"https:\/\/umapido.ee\/et\/pido-2018\/videokonkurss\/","url":"https:\/\/umapido.ee\/et\/pido-2018\/videokonkurss\/","name":"Videokonkurss - Uma Pido","isPartOf":{"@id":"https:\/\/umapido.ee\/#website"},"datePublished":"2018-02-15T11:49:14+00:00","dateModified":"2018-05-28T13:02:10+00:00","breadcrumb":{"@id":"https:\/\/umapido.ee\/et\/pido-2018\/videokonkurss\/#breadcrumb"},"inLanguage":"et","potentialAction":[{"@type":"ReadAction","target":["https:\/\/umapido.ee\/et\/pido-2018\/videokonkurss\/"]}]},{"@type":"BreadcrumbList","@id":"https:\/\/umapido.ee\/et\/pido-2018\/videokonkurss\/#breadcrumb","itemListElement":[{"@type":"ListItem","position":1,"name":"Home","item":"https:\/\/umapido.ee\/et\/"},{"@type":"ListItem","position":2,"name":"Pido 2018","item":"https:\/\/umapido.ee\/et\/pido-2018\/"},{"@type":"ListItem","position":3,"name":"Videokonkurss"}]},{"@type":"WebSite","@id":"https:\/\/umapido.ee\/#website","url":"https:\/\/umapido.ee\/","name":"Uma Pido","description":"V\u00f5rokeeline laulu- ja rahvapido","potentialAction":[{"@type":"SearchAction","target":{"@type":"EntryPoint","urlTemplate":"https:\/\/umapido.ee\/?s={search_term_string}"},"query-input":{"@type":"PropertyValueSpecification","valueRequired":true,"valueName":"search_term_string"}}],"inLanguage":"et"}]}},"_links":{"self":[{"href":"https:\/\/umapido.ee\/et\/wp-json\/wp\/v2\/pages\/1087","targetHints":{"allow":["GET"]}}],"collection":[{"href":"https:\/\/umapido.ee\/et\/wp-json\/wp\/v2\/pages"}],"about":[{"href":"https:\/\/umapido.ee\/et\/wp-json\/wp\/v2\/types\/page"}],"author":[{"embeddable":true,"href":"https:\/\/umapido.ee\/et\/wp-json\/wp\/v2\/users\/3"}],"replies":[{"embeddable":true,"href":"https:\/\/umapido.ee\/et\/wp-json\/wp\/v2\/comments?post=1087"}],"version-history":[{"count":2,"href":"https:\/\/umapido.ee\/et\/wp-json\/wp\/v2\/pages\/1087\/revisions"}],"predecessor-version":[{"id":1409,"href":"https:\/\/umapido.ee\/et\/wp-json\/wp\/v2\/pages\/1087\/revisions\/1409"}],"up":[{"embeddable":true,"href":"https:\/\/umapido.ee\/et\/wp-json\/wp\/v2\/pages\/2074"}],"wp:attachment":[{"href":"https:\/\/umapido.ee\/et\/wp-json\/wp\/v2\/media?parent=1087"}],"curies":[{"name":"wp","href":"https:\/\/api.w.org\/{rel}","templated":true}]}}